{"id":113,"date":"2018-11-19T17:02:38","date_gmt":"2018-11-19T16:02:38","guid":{"rendered":"https:\/\/nettsteder.regjeringen.no\/standarddesign\/?page_id=113"},"modified":"2024-11-06T15:26:25","modified_gmt":"2024-11-06T14:26:25","slug":"kultur-og-likestillingsdepartementet-kud","status":"publish","type":"page","link":"https:\/\/teststeder.regjeringen.no\/standarddesign\/profiler\/kultur-og-likestillingsdepartementet-kud\/","title":{"rendered":"Kultur- og likestillingsdepartementet (KUD)"},"content":{"rendered":"<div id=\"module-0\" class=\"hogan-module hogan-module-banner hogan-module-0 hogan-banner-content-left hogan-banner-theme-dark-transparent hogan-banner-layout-full hogan-banner-text-left hogan-module-width-grid container-full-width\"><div class=\"hogan-module-inner banner-height-30 tagline-fontsize-16 heading-fontsize-32 content-fontsize-16\"><div class=\"hogan-banner\">\n\t<div class=\"hogan-banner-column hogan-banner-image hogan-banner-dim-image\">\n\t\t<img loading=\"lazy\" decoding=\"async\" width=\"2100\" height=\"1575\" src=\"https:\/\/files.teststeder.regjeringen.no\/wpuploads01\/blogs.dir\/337\/files\/2019\/09\/file000122115270-copy-2100x1575.jpg\" class=\"attachment-browser-full-width size-browser-full-width\" alt=\"\" srcset=\"https:\/\/files.teststeder.regjeringen.no\/wpuploads01\/blogs.dir\/337\/files\/2019\/09\/file000122115270-copy-2100x1575.jpg 2100w, https:\/\/files.teststeder.regjeringen.no\/wpuploads01\/blogs.dir\/337\/files\/2019\/09\/file000122115270-copy-300x225.jpg 300w, https:\/\/files.teststeder.regjeringen.no\/wpuploads01\/blogs.dir\/337\/files\/2019\/09\/file000122115270-copy-768x576.jpg 768w, https:\/\/files.teststeder.regjeringen.no\/wpuploads01\/blogs.dir\/337\/files\/2019\/09\/file000122115270-copy-1024x768.jpg 1024w, https:\/\/files.teststeder.regjeringen.no\/wpuploads01\/blogs.dir\/337\/files\/2019\/09\/file000122115270-copy-1130x848.jpg 1130w, https:\/\/files.teststeder.regjeringen.no\/wpuploads01\/blogs.dir\/337\/files\/2019\/09\/file000122115270-copy-400x300.jpg 400w, https:\/\/files.teststeder.regjeringen.no\/wpuploads01\/blogs.dir\/337\/files\/2019\/09\/file000122115270-copy-800x600.jpg 800w\" sizes=\"auto, (max-width: 2100px) 100vw, 2100px\" \/>\t<\/div>\n\t\t\t<div class=\"hogan-banner-column hogan-banner-content\">\n\t\t\t<div class=\"hogan-banner-content-inner\">\n\t\t\t\t<h2 class=\"hogan-heading\">Kultur- og likestillingsdepartementet (KUD)<\/h2>\t\t\t<\/div>\n\t\t<\/div>\n\t<\/div>\n<\/div><\/div><div id=\"module-1\" class=\"hogan-module hogan-module-text hogan-module-1 text-wrap\"><div class=\"hogan-module-inner clearfix\"><p><a href=\"https:\/\/files.teststeder.regjeringen.no\/wpuploads01\/sites\/337\/2021\/12\/KUD2KB.svg\"><img loading=\"lazy\" decoding=\"async\" class=\"noOutline no-image-border alignnone wp-image-25655 \" src=\"https:\/\/files.teststeder.regjeringen.no\/wpuploads01\/sites\/337\/2021\/12\/KUD2KB.svg\" alt=\"\" width=\"407\" height=\"92\" \/><\/a><\/p>\n<p>&nbsp;<\/p>\n<p>Sp\u00f8rsm\u00e5l om retningslinjer eller bruk kan rettes til <a href=\"mailto:kudinfo@kud.dep.no\">kudinfo@kud.dep.no<\/a>. Publikasjonsnummer tildeles av AD v\/ <a href=\"mailto:Runar.Tjernslien@kud.dep.no\">Runar Tjernslien<\/a>.<\/p>\n<p><a class=\"button\" href=\"mailto:40000@dss.dep.no\">Kontakt DSS for profilelementer<\/a><\/p><\/div><\/div><div id=\"module-2\" class=\"hogan-module hogan-module-expandable_list hogan-module-2\"><div class=\"hogan-module-inner text-wrap list-items\">\t<div class=\"hogan-expandable-list-item list-item\">\n\t\t<div class=\"anchor\" id=\"panel-2-0\">&nbsp;<\/div>\n\t\t<a href=\"#panel-2-0\">\n\t\t\t<div class=\"hogan-expandable-list-item-title\">Formell logo<\/div>\t\t\t<span><\/span>\n\t\t<\/a>\n\t\t<div aria-expanded=\"false\">\n\t\t\t<p><a href=\"https:\/\/files.teststeder.regjeringen.no\/wpuploads01\/sites\/337\/2021\/12\/KUD_Bokmal_Farge.svg\"><img loading=\"lazy\" decoding=\"async\" class=\"wp-image-25656 size-full alignleft no-image-border\" src=\"https:\/\/files.teststeder.regjeringen.no\/wpuploads01\/sites\/337\/2021\/12\/KUD_Bokmal_Farge.svg\" alt=\"\" width=\"300\" height=\"83\" \/><\/a><\/p>\n<p><img loading=\"lazy\" decoding=\"async\" class=\"wp-image-25659 size-full alignleft no-image-border\" src=\"https:\/\/files.teststeder.regjeringen.no\/wpuploads01\/sites\/337\/2021\/12\/KUD_Nynorsk_Farge.svg\" alt=\"\" width=\"300\" height=\"83\" \/><\/p>\n<p>&nbsp;<\/p>\n<p><img loading=\"lazy\" decoding=\"async\" class=\"alignnone wp-image-25657 size-full no-image-border\" src=\"https:\/\/files.teststeder.regjeringen.no\/wpuploads01\/sites\/337\/2021\/12\/KUD_Bokmal_SH.svg\" alt=\"\" width=\"300\" height=\"83\" \/><\/p>\n<h3><\/h3>\n<h3>Formell logo brukes p\u00e5:<\/h3>\n<ul>\n<li>Strategier, stortingsmeldinger og stortingsproposisjoner<\/li>\n<li>Formelle skriv og invitasjoner<\/li>\n<\/ul>\n<p>Logoen kan brukes i fargene:<\/p>\n<ul>\n<li>Bl\u00e5, R\u00f8d, gul og hvit (se fargekoder p\u00e5 denne siden)<\/li>\n<li>Sort\/hvitt<\/li>\n<\/ul>\n<p>\u00abDet kongelige\u00bb\/\u00abDet kongelege\u00bbbrukes f\u00f8rst i teksten med departementets navn.<\/p>\n<p><em>Se ogs\u00e5<br \/>\n<\/em><strong><a href=\"https:\/\/teststeder.regjeringen.no\/standarddesign\/designprogrammet\/\">Designprogrammets f\u00f8ringer for formell logo<\/a><br \/>\n<\/strong><a href=\"https:\/\/teststeder.regjeringen.no\/standarddesign\/maler\/omslag\/\">Oversikt over publikasjoner med formell logo<\/a><\/p>\n\t\t<\/div>\n\t<\/div>\n\t<div class=\"hogan-expandable-list-item list-item\">\n\t\t<div class=\"anchor\" id=\"panel-2-1\">&nbsp;<\/div>\n\t\t<a href=\"#panel-2-1\">\n\t\t\t<div class=\"hogan-expandable-list-item-title\">Standardlogo<\/div>\t\t\t<span><\/span>\n\t\t<\/a>\n\t\t<div aria-expanded=\"false\">\n\t\t\t<p class=\"tmce-column\"><img decoding=\"async\" class=\"noOutline alignnone wp-image-25655 size-full no-image-border\" src=\"https:\/\/files.teststeder.regjeringen.no\/wpuploads01\/sites\/337\/2021\/12\/KUD2KB.svg\" alt=\"\" \/><\/p>\n<h3>Standardlogo skal brukes p\u00e5:<\/h3>\n<ul>\n<li>Strategier, handlingsplaner, veiledere, rapporter<\/li>\n<li>Uformelle publikasjoner: (Publikasjoner av mindre formell karakter) prosjektrapporter, rammeplaner, erfaringer, statistikksamlinger, kampanjetrykksaker, temaserier, populariserte forskrifter, informasjonsbrosjyrer<\/li>\n<li>Annonser, skilt, presentasjonsmateriell<\/li>\n<li>PowerPoint<\/li>\n<li>Rollups<\/li>\n<li>Nettsider<\/li>\n<\/ul>\n<p>Logoen skal kun brukes i sort eller hvitt (negativ versjon).<\/p>\n<p><em>Se ogs\u00e5<\/em><a href=\"https:\/\/teststeder.regjeringen.no\/standarddesign\/designprogrammet\/\"><strong><em><br \/>\n<\/em><\/strong><\/a><strong><a href=\"https:\/\/teststeder.regjeringen.no\/standarddesign\/designprogrammet\/\">Designprogrammets f\u00f8ringer for standardlogo<\/a><br \/>\n<a href=\"https:\/\/teststeder.regjeringen.no\/standarddesign\/maler\/omslag\/\">Oversikt over publikasjoner med standardlogo<\/a><\/strong><\/p>\n<p><a href=\"https:\/\/teststeder.regjeringen.no\/standarddesign\/maler\/\">Maler for plassering av standardlogo<\/a><\/p>\n\t\t<\/div>\n\t<\/div>\n\t<div class=\"hogan-expandable-list-item list-item\">\n\t\t<div class=\"anchor\" id=\"panel-2-2\">&nbsp;<\/div>\n\t\t<a href=\"#panel-2-2\">\n\t\t\t<div class=\"hogan-expandable-list-item-title\">Logo til sosiale medier<\/div>\t\t\t<span><\/span>\n\t\t<\/a>\n\t\t<div aria-expanded=\"false\">\n\t\t\t<p><strong><a href=\"https:\/\/files.teststeder.regjeringen.no\/wpuploads01\/blogs.dir\/337\/files\/2018\/11\/sosmedier_logo-e1437562128430.jpg\"><img loading=\"lazy\" decoding=\"async\" class=\"noOutline alignnone wp-image-519 no-image-border\" style=\"clear: left;\" src=\"https:\/\/files.teststeder.regjeringen.no\/wpuploads01\/blogs.dir\/337\/files\/2018\/11\/sosmedier_logo-e1437562128430.jpg\" alt=\"\" width=\"101\" height=\"100\" \/><\/a>Kun l\u00f8ven<\/strong> brukes som logo p\u00e5 sosiale medier (Facebook, Flickr, Linkedin, Instagram,Twitter og andre). Departementsnavnet skrives for seg.<\/p>\n<p><a href=\"https:\/\/teststeder.regjeringen.no\/standarddesign\/maler\/sosiale-medier\/\">F\u00f8ringer for logo i sosiale media<\/a><\/p>\n<p>&nbsp;<\/p>\n\t\t<\/div>\n\t<\/div>\n\t<div class=\"hogan-expandable-list-item list-item\">\n\t\t<div class=\"anchor\" id=\"panel-2-3\">&nbsp;<\/div>\n\t\t<a href=\"#panel-2-3\">\n\t\t\t<div class=\"hogan-expandable-list-item-title\">Farger<\/div>\t\t\t<span><\/span>\n\t\t<\/a>\n\t\t<div aria-expanded=\"false\">\n\t\t\t<p>KUD har ikke egen fargepalett, men bruker samme palett som regjeringen.no<\/p>\n<p><a href=\"https:\/\/files.teststeder.regjeringen.no\/wpuploads01\/sites\/337\/2024\/11\/KUD-Fargepalett-dep.png\"><img loading=\"lazy\" decoding=\"async\" class=\"alignnone wp-image-27896 size-full\" src=\"https:\/\/files.teststeder.regjeringen.no\/wpuploads01\/sites\/337\/2024\/11\/KUD-Fargepalett-dep.png\" alt=\"\" width=\"543\" height=\"798\" srcset=\"https:\/\/files.teststeder.regjeringen.no\/wpuploads01\/sites\/337\/2024\/11\/KUD-Fargepalett-dep.png 543w, https:\/\/files.teststeder.regjeringen.no\/wpuploads01\/sites\/337\/2024\/11\/KUD-Fargepalett-dep-204x300.png 204w, https:\/\/files.teststeder.regjeringen.no\/wpuploads01\/sites\/337\/2024\/11\/KUD-Fargepalett-dep-300x441.png 300w, https:\/\/files.teststeder.regjeringen.no\/wpuploads01\/sites\/337\/2024\/11\/KUD-Fargepalett-dep-400x588.png 400w\" sizes=\"auto, (max-width: 543px) 100vw, 543px\" \/><\/a><\/p>\n\t\t<\/div>\n\t<\/div>\n\t<div class=\"hogan-expandable-list-item list-item\">\n\t\t<div class=\"anchor\" id=\"panel-2-4\">&nbsp;<\/div>\n\t\t<a href=\"#panel-2-4\">\n\t\t\t<div class=\"hogan-expandable-list-item-title\">Digital bakgrunn for Teams<\/div>\t\t\t<span><\/span>\n\t\t<\/a>\n\t\t<div aria-expanded=\"false\">\n\t\t\t<p>Bruk digital bakgrunn n\u00e5r du representerer departementet i formelle m\u00f8ter og for \u00e5 skjerme privatlivet p\u00e5 hjemmekontor.<\/p>\n<figure id=\"attachment_24943\" style=\"max-width: 1000px;\" class=\"wp-caption alignnone size-full\"><img loading=\"lazy\" decoding=\"async\" class=\"wp-image-24943 \" src=\"https:\/\/files.teststeder.regjeringen.no\/wpuploads01\/blogs.dir\/337\/files\/2021\/05\/16_9_teams_dep-ILLustrasjonsbilde.jpg\" alt=\"\" width=\"1000\" height=\"563\" srcset=\"https:\/\/files.teststeder.regjeringen.no\/wpuploads01\/blogs.dir\/337\/files\/2021\/05\/16_9_teams_dep-ILLustrasjonsbilde.jpg 1000w, https:\/\/files.teststeder.regjeringen.no\/wpuploads01\/blogs.dir\/337\/files\/2021\/05\/16_9_teams_dep-ILLustrasjonsbilde-300x169.jpg 300w, https:\/\/files.teststeder.regjeringen.no\/wpuploads01\/blogs.dir\/337\/files\/2021\/05\/16_9_teams_dep-ILLustrasjonsbilde-768x432.jpg 768w, https:\/\/files.teststeder.regjeringen.no\/wpuploads01\/blogs.dir\/337\/files\/2021\/05\/16_9_teams_dep-ILLustrasjonsbilde-400x225.jpg 400w, https:\/\/files.teststeder.regjeringen.no\/wpuploads01\/blogs.dir\/337\/files\/2021\/05\/16_9_teams_dep-ILLustrasjonsbilde-800x450.jpg 800w\" sizes=\"auto, (max-width: 1000px) 100vw, 1000px\" \/><figcaption class=\"wp-caption-text\">Illustrasjonsbilde<\/figcaption><\/figure>\n<p>For \u00e5 bruke bakgrunnsbildet i Teams m\u00e5 du f\u00f8rst laste ned filen.<\/p>\n<ul>\n<li><a href=\"https:\/\/teststeder.regjeringen.no\/standarddesign\/digital-bakgrunn\/\">Last ned bakgrunnsbildet<\/a> fra passordbeskyttet side.\u00a0 Kontakt DSS for passord.<\/li>\n<\/ul>\n\t\t<\/div>\n\t<\/div>\n<\/div><\/div>","protected":false},"excerpt":{"rendered":"<p>Kultur- og likestillingsdepartementet (KUD) &nbsp; Sp\u00f8rsm\u00e5l om retningslinjer eller bruk kan rettes til kudinfo@kud.dep.no. Publikasjonsnummer tildeles av AD v\/ Runar &#8230;<\/p>\n","protected":false},"author":533,"featured_media":12655,"parent":17,"menu_order":0,"comment_status":"closed","ping_status":"closed","template":"","meta":{"_acf_changed":false,"footnotes":""},"class_list":["post-113","page","type-page","status-publish","has-post-thumbnail","hentry"],"language":"nb-NO","acf":[],"_links":{"self":[{"href":"https:\/\/teststeder.regjeringen.no\/standarddesign\/wp-json\/wp\/v2\/pages\/113","targetHints":{"allow":["GET"]}}],"collection":[{"href":"https:\/\/teststeder.regjeringen.no\/standarddesign\/wp-json\/wp\/v2\/pages"}],"about":[{"href":"https:\/\/teststeder.regjeringen.no\/standarddesign\/wp-json\/wp\/v2\/types\/page"}],"author":[{"embeddable":true,"href":"https:\/\/teststeder.regjeringen.no\/standarddesign\/wp-json\/wp\/v2\/users\/533"}],"replies":[{"embeddable":true,"href":"https:\/\/teststeder.regjeringen.no\/standarddesign\/wp-json\/wp\/v2\/comments?post=113"}],"version-history":[{"count":4,"href":"https:\/\/teststeder.regjeringen.no\/standarddesign\/wp-json\/wp\/v2\/pages\/113\/revisions"}],"predecessor-version":[{"id":27898,"href":"https:\/\/teststeder.regjeringen.no\/standarddesign\/wp-json\/wp\/v2\/pages\/113\/revisions\/27898"}],"up":[{"embeddable":true,"href":"https:\/\/teststeder.regjeringen.no\/standarddesign\/wp-json\/wp\/v2\/pages\/17"}],"wp:featuredmedia":[{"embeddable":true,"href":"https:\/\/teststeder.regjeringen.no\/standarddesign\/wp-json\/wp\/v2\/media\/12655"}],"wp:attachment":[{"href":"https:\/\/teststeder.regjeringen.no\/standarddesign\/wp-json\/wp\/v2\/media?parent=113"}],"curies":[{"name":"wp","href":"https:\/\/api.w.org\/{rel}","templated":true}]}}