{"id":11581,"date":"2019-08-26T12:09:14","date_gmt":"2019-08-26T10:09:14","guid":{"rendered":"https:\/\/nettsteder.regjeringen.no\/standarddesign\/?page_id=11581"},"modified":"2025-02-04T13:50:12","modified_gmt":"2025-02-04T12:50:12","slug":"profileringsprodukter","status":"publish","type":"page","link":"https:\/\/teststeder.regjeringen.no\/standarddesign\/maler\/profileringsprodukter\/","title":{"rendered":"Profileringsprodukter"},"content":{"rendered":"<div id=\"module-0\" class=\"hogan-module hogan-module-text hogan-module-0 text-wrap\"><div class=\"hogan-module-inner clearfix\"><p><!-- wp:paragraph {\"style\":{\"typography\":{\"fontSize\":\"20px\"}}} --><\/p>\n<p>N\u00e5r departementet bestiller profileringsprodukter er det viktig \u00e5 tenke over m\u00e5lgruppe og bruk.<\/p>\n<p><!-- \/wp:paragraph --> <!-- wp:paragraph --><\/p>\n<p><a href=\"mailto:Brukerservice@dio.dep.no\">Kontakt Brukerservice for veiledning<\/a><\/p>\n<h4>EKSTERN MERCHANDISE<\/h4>\n<p>Av sikkerhetshensyn, frar\u00e5der Designprogrammet \u00e5 vise departementslogo p\u00e5 kl\u00e6r og profileringsprodukter. Det anbefales \u00e5 heller bruke departementets supplerende designprofil.<!-- \/wp:paragraph --><\/p>\n<h4>INTERN MERCHANDISE<\/h4>\n<p>For intern merchandise kan standardlogo benyttes. <em>Formell logo eller riksv\u00e5pen skal ikke brukes.<\/em> Logo m\u00e5 tilpasses hvert enkelt produkt og plasseres hensiktsmessig med god kontrast til underlag og bakgrunnsfarge.<\/p>\n<figure id=\"attachment_11583\" style=\"max-width: 360px;\" class=\"wp-caption alignnone\"><a href=\"https:\/\/files.teststeder.regjeringen.no\/wpuploads01\/blogs.dir\/337\/files\/2019\/08\/kopp.jpg\"><img loading=\"lazy\" decoding=\"async\" class=\"wp-image-11583 \" src=\"https:\/\/files.teststeder.regjeringen.no\/wpuploads01\/blogs.dir\/337\/files\/2019\/08\/kopp-800x369.jpg\" alt=\"Eksempel p\u00e5 bruk av logo p\u00e5 kopper\" width=\"360\" height=\"166\" srcset=\"https:\/\/files.teststeder.regjeringen.no\/wpuploads01\/blogs.dir\/337\/files\/2019\/08\/kopp-800x369.jpg 800w, https:\/\/files.teststeder.regjeringen.no\/wpuploads01\/blogs.dir\/337\/files\/2019\/08\/kopp-300x138.jpg 300w, https:\/\/files.teststeder.regjeringen.no\/wpuploads01\/blogs.dir\/337\/files\/2019\/08\/kopp-768x354.jpg 768w, https:\/\/files.teststeder.regjeringen.no\/wpuploads01\/blogs.dir\/337\/files\/2019\/08\/kopp-1024x473.jpg 1024w, https:\/\/files.teststeder.regjeringen.no\/wpuploads01\/blogs.dir\/337\/files\/2019\/08\/kopp-1130x522.jpg 1130w, https:\/\/files.teststeder.regjeringen.no\/wpuploads01\/blogs.dir\/337\/files\/2019\/08\/kopp-400x185.jpg 400w, https:\/\/files.teststeder.regjeringen.no\/wpuploads01\/blogs.dir\/337\/files\/2019\/08\/kopp.jpg 1679w\" sizes=\"auto, (max-width: 360px) 100vw, 360px\" \/><\/a><figcaption class=\"wp-caption-text\">Eksempel p\u00e5 bruk av logo p\u00e5 kopper.<\/figcaption><\/figure>\n<p>&nbsp;<\/p>\n<div class=\"mceTemp\">\n<h2><\/h2>\n<div class=\"mceTemp\">\n<div class=\"mceTemp\"><\/div>\n<p>&nbsp;<\/p><\/div><\/div>\n<div class=\"module module-was-this-helpful\">\n\t<div class=\"text-wrap\">\n\t\t<h2>Var dette nyttig?<\/h2>\n\t\t<form id=\"dekode-wth-form\">\n\t\t\t<button id=\"dekode-wth-yes\" class=\"button\" name=\"dekode-wth-feedback\" type=\"submit\"\n\t\t\t\t\tvalue=\"1\">Ja<\/button>\n\t\t\t<button id=\"dekode-wth-no\" class=\"button\" name=\"dekode-wth-feedback\" type=\"submit\"\n\t\t\t\t\tvalue=\"0\">Nei<\/button>\n\t\t\t<input type=\"hidden\" name=\"post_id\" value=\"11581\"\/>\n\t\t<\/form>\n\t<\/div>\n<\/div>\n","protected":false},"excerpt":{"rendered":"<p>N\u00e5r departementet bestiller profileringsprodukter er det viktig \u00e5 tenke over m\u00e5lgruppe og bruk. Kontakt Brukerservice for veiledning EKSTERN MERCHANDISE Av &#8230;<\/p>\n","protected":false},"author":357,"featured_media":0,"parent":21,"menu_order":0,"comment_status":"closed","ping_status":"closed","template":"","meta":{"_acf_changed":false,"footnotes":""},"class_list":["post-11581","page","type-page","status-publish","hentry"],"language":"nb-NO","acf":[],"_links":{"self":[{"href":"https:\/\/teststeder.regjeringen.no\/standarddesign\/wp-json\/wp\/v2\/pages\/11581","targetHints":{"allow":["GET"]}}],"collection":[{"href":"https:\/\/teststeder.regjeringen.no\/standarddesign\/wp-json\/wp\/v2\/pages"}],"about":[{"href":"https:\/\/teststeder.regjeringen.no\/standarddesign\/wp-json\/wp\/v2\/types\/page"}],"author":[{"embeddable":true,"href":"https:\/\/teststeder.regjeringen.no\/standarddesign\/wp-json\/wp\/v2\/users\/357"}],"replies":[{"embeddable":true,"href":"https:\/\/teststeder.regjeringen.no\/standarddesign\/wp-json\/wp\/v2\/comments?post=11581"}],"version-history":[{"count":4,"href":"https:\/\/teststeder.regjeringen.no\/standarddesign\/wp-json\/wp\/v2\/pages\/11581\/revisions"}],"predecessor-version":[{"id":27940,"href":"https:\/\/teststeder.regjeringen.no\/standarddesign\/wp-json\/wp\/v2\/pages\/11581\/revisions\/27940"}],"up":[{"embeddable":true,"href":"https:\/\/teststeder.regjeringen.no\/standarddesign\/wp-json\/wp\/v2\/pages\/21"}],"wp:attachment":[{"href":"https:\/\/teststeder.regjeringen.no\/standarddesign\/wp-json\/wp\/v2\/media?parent=11581"}],"curies":[{"name":"wp","href":"https:\/\/api.w.org\/{rel}","templated":true}]}}