{"id":121,"date":"2018-11-19T17:03:22","date_gmt":"2018-11-19T16:03:22","guid":{"rendered":"https:\/\/nettsteder.regjeringen.no\/standarddesign\/?page_id=121"},"modified":"2023-10-11T09:35:53","modified_gmt":"2023-10-11T07:35:53","slug":"landbruks-og-matdepartementet-lmd","status":"publish","type":"page","link":"https:\/\/teststeder.regjeringen.no\/standarddesign\/profiler\/landbruks-og-matdepartementet-lmd\/","title":{"rendered":"Landbruks- og matdepartementet (LMD)"},"content":{"rendered":"<div id=\"module-0\" class=\"hogan-module hogan-module-banner hogan-module-0 hogan-banner-content-left hogan-module-width-full hogan-banner-theme-dark hogan-banner-layout-columns hogan-banner-text-left container-full-width\"><div class=\"hogan-module-inner banner-height-30 tagline-fontsize-16 heading-fontsize-32 content-fontsize-16\"><div class=\"hogan-banner\">\n\t<div class=\"hogan-banner-column hogan-banner-image\">\n\t\t<img loading=\"lazy\" decoding=\"async\" width=\"800\" height=\"527\" src=\"https:\/\/files.teststeder.regjeringen.no\/wpuploads01\/blogs.dir\/337\/files\/2019\/08\/brandon-morgan-15367-800x527.jpg\" class=\"attachment-medium-full size-medium-full\" alt=\"\" srcset=\"https:\/\/files.teststeder.regjeringen.no\/wpuploads01\/blogs.dir\/337\/files\/2019\/08\/brandon-morgan-15367-800x527.jpg 800w, https:\/\/files.teststeder.regjeringen.no\/wpuploads01\/blogs.dir\/337\/files\/2019\/08\/brandon-morgan-15367-300x198.jpg 300w, https:\/\/files.teststeder.regjeringen.no\/wpuploads01\/blogs.dir\/337\/files\/2019\/08\/brandon-morgan-15367-768x506.jpg 768w, https:\/\/files.teststeder.regjeringen.no\/wpuploads01\/blogs.dir\/337\/files\/2019\/08\/brandon-morgan-15367-1024x675.jpg 1024w, https:\/\/files.teststeder.regjeringen.no\/wpuploads01\/blogs.dir\/337\/files\/2019\/08\/brandon-morgan-15367-1130x745.jpg 1130w, https:\/\/files.teststeder.regjeringen.no\/wpuploads01\/blogs.dir\/337\/files\/2019\/08\/brandon-morgan-15367-400x264.jpg 400w\" sizes=\"auto, (max-width: 800px) 100vw, 800px\" \/>\t<\/div>\n\t\t\t<div class=\"hogan-banner-column hogan-banner-content\">\n\t\t\t<div class=\"hogan-banner-content-inner\">\n\t\t\t\t<div class=\"hogan-tagline\">Supplererende designprofil<\/div><h2 class=\"hogan-heading\">Landbruks- og matdepartementet<\/h2><p>LMDs designprofil skal brukes p\u00e5 alle kommunikasjonsflater. <\/p>\n\t\t\t<\/div>\n\t\t<\/div>\n\t<\/div>\n<\/div><\/div><div id=\"module-1\" class=\"hogan-module hogan-module-text hogan-module-1 text-wrap\"><div class=\"hogan-module-inner clearfix\"><p><a href=\"https:\/\/files.teststeder.regjeringen.no\/wpuploads01\/blogs.dir\/337\/files\/2019\/06\/LMD2Cbm_sort.png\"><img loading=\"lazy\" decoding=\"async\" class=\"noOutline wp-image-7199\" src=\"https:\/\/files.teststeder.regjeringen.no\/wpuploads01\/blogs.dir\/337\/files\/2019\/06\/LMD2Cbm_sort.png\" alt=\"\" width=\"358\" height=\"100\" srcset=\"https:\/\/files.teststeder.regjeringen.no\/wpuploads01\/blogs.dir\/337\/files\/2019\/06\/LMD2Cbm_sort.png 644w, https:\/\/files.teststeder.regjeringen.no\/wpuploads01\/blogs.dir\/337\/files\/2019\/06\/LMD2Cbm_sort-300x84.png 300w, https:\/\/files.teststeder.regjeringen.no\/wpuploads01\/blogs.dir\/337\/files\/2019\/06\/LMD2Cbm_sort-400x112.png 400w\" sizes=\"auto, (max-width: 358px) 100vw, 358px\" \/><\/a><\/p>\n<p>Kommunikasjonsenheten har ansvar for Landbruks- og matdepartementet sin informasjons- og kommunikasjonsvirksomhet. Enheten har ansvar for pressekontakt og analysevirksomhet. Kommunikasjonsenheten arbeider \u00f2g med publisering p\u00e5 Regjeringen.no og r\u00e5dgiving for den politiske og administrative ledelsen av departementet.<\/p>\n<p><a class=\"button\" href=\"mailto:40000@dss.dep.no\">Kontakt DSS for profilelementer<\/a><\/p><\/div><\/div><div id=\"module-2\" class=\"hogan-module hogan-module-expandable_list hogan-module-2\"><div class=\"hogan-module-inner text-wrap list-items\"><h2 class=\"hogan-heading\">Profilelementer<\/h2>\t<div class=\"hogan-expandable-list-item list-item\">\n\t\t<div class=\"anchor\" id=\"panel-2-0\">&nbsp;<\/div>\n\t\t<a href=\"#panel-2-0\">\n\t\t\t<div class=\"hogan-expandable-list-item-title\">Formell logo<\/div>\t\t\t<span><\/span>\n\t\t<\/a>\n\t\t<div aria-expanded=\"false\">\n\t\t\t<div class=\"tmce-column\"><img loading=\"lazy\" decoding=\"async\" class=\"noOutline alignleft wp-image-9633 size-medium-half\" src=\"https:\/\/files.teststeder.regjeringen.no\/wpuploads01\/blogs.dir\/337\/files\/2019\/07\/LMD1RB00-400x131.jpg\" alt=\"LMD formell logo bokm\u00e5l\" width=\"400\" height=\"131\" srcset=\"https:\/\/files.teststeder.regjeringen.no\/wpuploads01\/blogs.dir\/337\/files\/2019\/07\/LMD1RB00-400x131.jpg 400w, https:\/\/files.teststeder.regjeringen.no\/wpuploads01\/blogs.dir\/337\/files\/2019\/07\/LMD1RB00-300x98.jpg 300w, https:\/\/files.teststeder.regjeringen.no\/wpuploads01\/blogs.dir\/337\/files\/2019\/07\/LMD1RB00-768x251.jpg 768w, https:\/\/files.teststeder.regjeringen.no\/wpuploads01\/blogs.dir\/337\/files\/2019\/07\/LMD1RB00-1024x335.jpg 1024w, https:\/\/files.teststeder.regjeringen.no\/wpuploads01\/blogs.dir\/337\/files\/2019\/07\/LMD1RB00-1130x369.jpg 1130w, https:\/\/files.teststeder.regjeringen.no\/wpuploads01\/blogs.dir\/337\/files\/2019\/07\/LMD1RB00-800x261.jpg 800w, https:\/\/files.teststeder.regjeringen.no\/wpuploads01\/blogs.dir\/337\/files\/2019\/07\/LMD1RB00.jpg 1961w\" sizes=\"auto, (max-width: 400px) 100vw, 400px\" \/><\/div>\n<div class=\"tmce-column\"><img loading=\"lazy\" decoding=\"async\" class=\"noOutline alignleft wp-image-9635 size-medium-half\" src=\"https:\/\/files.teststeder.regjeringen.no\/wpuploads01\/blogs.dir\/337\/files\/2019\/07\/LMD1RN00-400x131.jpg\" alt=\"LMD formell logo nynorsk\" width=\"400\" height=\"131\" srcset=\"https:\/\/files.teststeder.regjeringen.no\/wpuploads01\/blogs.dir\/337\/files\/2019\/07\/LMD1RN00-400x131.jpg 400w, https:\/\/files.teststeder.regjeringen.no\/wpuploads01\/blogs.dir\/337\/files\/2019\/07\/LMD1RN00-300x98.jpg 300w, https:\/\/files.teststeder.regjeringen.no\/wpuploads01\/blogs.dir\/337\/files\/2019\/07\/LMD1RN00-768x251.jpg 768w, https:\/\/files.teststeder.regjeringen.no\/wpuploads01\/blogs.dir\/337\/files\/2019\/07\/LMD1RN00-1024x335.jpg 1024w, https:\/\/files.teststeder.regjeringen.no\/wpuploads01\/blogs.dir\/337\/files\/2019\/07\/LMD1RN00-1130x369.jpg 1130w, https:\/\/files.teststeder.regjeringen.no\/wpuploads01\/blogs.dir\/337\/files\/2019\/07\/LMD1RN00-800x261.jpg 800w, https:\/\/files.teststeder.regjeringen.no\/wpuploads01\/blogs.dir\/337\/files\/2019\/07\/LMD1RN00.jpg 1961w\" sizes=\"auto, (max-width: 400px) 100vw, 400px\" \/><img loading=\"lazy\" decoding=\"async\" class=\"noOutline alignleft wp-image-7205 size-medium-half\" src=\"https:\/\/files.teststeder.regjeringen.no\/wpuploads01\/blogs.dir\/337\/files\/2019\/06\/LMD1KB00-400x131.png\" alt=\"\" width=\"400\" height=\"131\" \/><\/div>\n<div class=\"tmce-column\"><img loading=\"lazy\" decoding=\"async\" class=\"noOutline alignleft wp-image-9639 size-medium-half\" src=\"https:\/\/files.teststeder.regjeringen.no\/wpuploads01\/blogs.dir\/337\/files\/2019\/07\/LMD1KN00-400x131.jpg\" alt=\"LMD formell logo nynorsksort\" width=\"400\" height=\"131\" srcset=\"https:\/\/files.teststeder.regjeringen.no\/wpuploads01\/blogs.dir\/337\/files\/2019\/07\/LMD1KN00-400x131.jpg 400w, https:\/\/files.teststeder.regjeringen.no\/wpuploads01\/blogs.dir\/337\/files\/2019\/07\/LMD1KN00-300x98.jpg 300w, https:\/\/files.teststeder.regjeringen.no\/wpuploads01\/blogs.dir\/337\/files\/2019\/07\/LMD1KN00-768x251.jpg 768w, https:\/\/files.teststeder.regjeringen.no\/wpuploads01\/blogs.dir\/337\/files\/2019\/07\/LMD1KN00-800x262.jpg 800w, https:\/\/files.teststeder.regjeringen.no\/wpuploads01\/blogs.dir\/337\/files\/2019\/07\/LMD1KN00.jpg 981w\" sizes=\"auto, (max-width: 400px) 100vw, 400px\" \/><\/div>\n<h3>Formell logo brukes p\u00e5:<\/h3>\n<ul>\n<li>Strategier, stortingsmeldinger og stortingsproposisjoner<\/li>\n<li>Formelle skriv og invitasjoner<\/li>\n<\/ul>\n<p>Logoen kan brukes i fargene:<\/p>\n<ul>\n<li>Bl\u00e5, R\u00f8d, gul og hvit (se fargekoder p\u00e5 denne siden)<\/li>\n<li>Sort\/hvitt<\/li>\n<\/ul>\n<p>\u00abDet kongelige\u00bb\/\u00abDet kongelege\u00bbbrukes f\u00f8rst i teksten med departementets navn.<\/p>\n<p><em>Se ogs\u00e5<br \/>\n<\/em><strong><a href=\"https:\/\/teststeder.regjeringen.no\/standarddesign\/designprogrammet\/\">Designprogrammets f\u00f8ringer for formell logo<\/a><br \/>\n<\/strong><a href=\"https:\/\/teststeder.regjeringen.no\/standarddesign\/maler\/omslag\/\">Oversikt over publikasjoner med formell logo<\/a><\/p>\n\t\t<\/div>\n\t<\/div>\n\t<div class=\"hogan-expandable-list-item list-item\">\n\t\t<div class=\"anchor\" id=\"panel-2-1\">&nbsp;<\/div>\n\t\t<a href=\"#panel-2-1\">\n\t\t\t<div class=\"hogan-expandable-list-item-title\">Standardlogo<\/div>\t\t\t<span><\/span>\n\t\t<\/a>\n\t\t<div aria-expanded=\"false\">\n\t\t\t<p><a href=\"https:\/\/files.teststeder.regjeringen.no\/wpuploads01\/blogs.dir\/337\/files\/2019\/06\/LMD2Cbm_sort.png\"><img loading=\"lazy\" decoding=\"async\" class=\"noOutline wp-image-7199\" src=\"https:\/\/files.teststeder.regjeringen.no\/wpuploads01\/blogs.dir\/337\/files\/2019\/06\/LMD2Cbm_sort.png\" alt=\"\" width=\"358\" height=\"100\" srcset=\"https:\/\/files.teststeder.regjeringen.no\/wpuploads01\/blogs.dir\/337\/files\/2019\/06\/LMD2Cbm_sort.png 644w, https:\/\/files.teststeder.regjeringen.no\/wpuploads01\/blogs.dir\/337\/files\/2019\/06\/LMD2Cbm_sort-300x84.png 300w, https:\/\/files.teststeder.regjeringen.no\/wpuploads01\/blogs.dir\/337\/files\/2019\/06\/LMD2Cbm_sort-400x112.png 400w\" sizes=\"auto, (max-width: 358px) 100vw, 358px\" \/><\/a><\/p>\n<h3>Standardlogo skal brukes p\u00e5:<\/h3>\n<ul>\n<li>Strategier, handlingsplaner, veiledere, rapporter<\/li>\n<li>Uformelle publikasjoner: (Publikasjoner av mindre formell karakter) prosjektrapporter, rammeplaner, erfaringer, statistikksamlinger, kampanjetrykksaker, temaserier, populariserte forskrifter, informasjonsbrosjyrer<\/li>\n<li>Annonser, skilt, presentasjonsmateriell<\/li>\n<li>PowerPoint<\/li>\n<li>Rollups<\/li>\n<li>Nettsider<\/li>\n<\/ul>\n<p>Logoen skal kun brukes i sort eller hvitt (negativ versjon).<\/p>\n<p><em>Se ogs\u00e5<\/em><a href=\"https:\/\/teststeder.regjeringen.no\/standarddesign\/designprogrammet\/\"><strong><em><br \/>\n<\/em><\/strong><\/a><strong><a href=\"https:\/\/teststeder.regjeringen.no\/standarddesign\/designprogrammet\/\">Designprogrammets f\u00f8ringer for standardlogo<\/a><br \/>\n<a href=\"https:\/\/teststeder.regjeringen.no\/standarddesign\/maler\/omslag\/\">Oversikt over publikasjoner med standardlogo<\/a><\/strong><\/p>\n<p><a href=\"https:\/\/teststeder.regjeringen.no\/standarddesign\/maler\/\">Maler for plassering av standardlogo<\/a><\/p>\n\t\t<\/div>\n\t<\/div>\n\t<div class=\"hogan-expandable-list-item list-item\">\n\t\t<div class=\"anchor\" id=\"panel-2-2\">&nbsp;<\/div>\n\t\t<a href=\"#panel-2-2\">\n\t\t\t<div class=\"hogan-expandable-list-item-title\">Logo til sosiale medier<\/div>\t\t\t<span><\/span>\n\t\t<\/a>\n\t\t<div aria-expanded=\"false\">\n\t\t\t<p><strong><a href=\"https:\/\/files.teststeder.regjeringen.no\/wpuploads01\/blogs.dir\/337\/files\/2018\/11\/sosmedier_logo-e1437562128430.jpg\"><img loading=\"lazy\" decoding=\"async\" class=\"noOutline alignnone wp-image-519\" style=\"clear: left;\" src=\"https:\/\/files.teststeder.regjeringen.no\/wpuploads01\/blogs.dir\/337\/files\/2018\/11\/sosmedier_logo-e1437562128430.jpg\" alt=\"\" width=\"101\" height=\"100\" \/><\/a>Kun l\u00f8ven<\/strong> brukes som logo p\u00e5 sosiale medier (Facebook, Flickr, Linkedin, Instagram,Twitter og andre). Departementsnavnet skrives for seg.<\/p>\n<p><a href=\"https:\/\/teststeder.regjeringen.no\/standarddesign\/maler\/sosiale-medier\/\">F\u00f8ringer for logo i sosiale media<\/a><\/p>\n\t\t<\/div>\n\t<\/div>\n\t<div class=\"hogan-expandable-list-item list-item\">\n\t\t<div class=\"anchor\" id=\"panel-2-3\">&nbsp;<\/div>\n\t\t<a href=\"#panel-2-3\">\n\t\t\t<div class=\"hogan-expandable-list-item-title\">Digital bakgrunn for Teams<\/div>\t\t\t<span><\/span>\n\t\t<\/a>\n\t\t<div aria-expanded=\"false\">\n\t\t\t<p>Bruk digital bakgrunn n\u00e5r du representerer departementet i formelle m\u00f8ter og for \u00e5 skjerme privatlivet p\u00e5 hjemmekontor.<\/p>\n<figure id=\"attachment_24943\" style=\"max-width: 1000px;\" class=\"wp-caption alignnone size-full\"><img loading=\"lazy\" decoding=\"async\" class=\"wp-image-24943 \" src=\"https:\/\/files.teststeder.regjeringen.no\/wpuploads01\/blogs.dir\/337\/files\/2021\/05\/16_9_teams_dep-ILLustrasjonsbilde.jpg\" alt=\"\" width=\"1000\" height=\"563\" srcset=\"https:\/\/files.teststeder.regjeringen.no\/wpuploads01\/blogs.dir\/337\/files\/2021\/05\/16_9_teams_dep-ILLustrasjonsbilde.jpg 1000w, https:\/\/files.teststeder.regjeringen.no\/wpuploads01\/blogs.dir\/337\/files\/2021\/05\/16_9_teams_dep-ILLustrasjonsbilde-300x169.jpg 300w, https:\/\/files.teststeder.regjeringen.no\/wpuploads01\/blogs.dir\/337\/files\/2021\/05\/16_9_teams_dep-ILLustrasjonsbilde-768x432.jpg 768w, https:\/\/files.teststeder.regjeringen.no\/wpuploads01\/blogs.dir\/337\/files\/2021\/05\/16_9_teams_dep-ILLustrasjonsbilde-400x225.jpg 400w, https:\/\/files.teststeder.regjeringen.no\/wpuploads01\/blogs.dir\/337\/files\/2021\/05\/16_9_teams_dep-ILLustrasjonsbilde-800x450.jpg 800w\" sizes=\"auto, (max-width: 1000px) 100vw, 1000px\" \/><figcaption class=\"wp-caption-text\">Illustrasjonsbilde<\/figcaption><\/figure>\n<p>For \u00e5 bruke bakgrunnsbildet i Teams m\u00e5 du f\u00f8rst laste ned filen.<\/p>\n<ul>\n<li><a href=\"https:\/\/teststeder.regjeringen.no\/standarddesign\/digital-bakgrunn\/\">Last ned bakgrunnsbildet<\/a> fra passordbeskyttet side.\u00a0 Kontakt DSS for passord.<\/li>\n<\/ul>\n\t\t<\/div>\n\t<\/div>\n<\/div><\/div>","protected":false},"excerpt":{"rendered":"<p>Supplererende designprofilLandbruks- og matdepartementetLMDs designprofil skal brukes p\u00e5 alle kommunikasjonsflater. Kommunikasjonsenheten har ansvar for Landbruks- og matdepartementet sin informasjons- og &#8230;<\/p>\n","protected":false},"author":533,"featured_media":11275,"parent":17,"menu_order":0,"comment_status":"closed","ping_status":"closed","template":"","meta":{"_acf_changed":false,"footnotes":""},"class_list":["post-121","page","type-page","status-publish","has-post-thumbnail","hentry"],"language":"nb-NO","acf":[],"_links":{"self":[{"href":"https:\/\/teststeder.regjeringen.no\/standarddesign\/wp-json\/wp\/v2\/pages\/121","targetHints":{"allow":["GET"]}}],"collection":[{"href":"https:\/\/teststeder.regjeringen.no\/standarddesign\/wp-json\/wp\/v2\/pages"}],"about":[{"href":"https:\/\/teststeder.regjeringen.no\/standarddesign\/wp-json\/wp\/v2\/types\/page"}],"author":[{"embeddable":true,"href":"https:\/\/teststeder.regjeringen.no\/standarddesign\/wp-json\/wp\/v2\/users\/533"}],"replies":[{"embeddable":true,"href":"https:\/\/teststeder.regjeringen.no\/standarddesign\/wp-json\/wp\/v2\/comments?post=121"}],"version-history":[{"count":4,"href":"https:\/\/teststeder.regjeringen.no\/standarddesign\/wp-json\/wp\/v2\/pages\/121\/revisions"}],"predecessor-version":[{"id":26790,"href":"https:\/\/teststeder.regjeringen.no\/standarddesign\/wp-json\/wp\/v2\/pages\/121\/revisions\/26790"}],"up":[{"embeddable":true,"href":"https:\/\/teststeder.regjeringen.no\/standarddesign\/wp-json\/wp\/v2\/pages\/17"}],"wp:featuredmedia":[{"embeddable":true,"href":"https:\/\/teststeder.regjeringen.no\/standarddesign\/wp-json\/wp\/v2\/media\/11275"}],"wp:attachment":[{"href":"https:\/\/teststeder.regjeringen.no\/standarddesign\/wp-json\/wp\/v2\/media?parent=121"}],"curies":[{"name":"wp","href":"https:\/\/api.w.org\/{rel}","templated":true}]}}