{"id":13327,"date":"2019-10-01T09:34:10","date_gmt":"2019-10-01T07:34:10","guid":{"rendered":"https:\/\/nettsteder.regjeringen.no\/standarddesign\/?page_id=13327"},"modified":"2025-02-24T10:37:36","modified_gmt":"2025-02-24T09:37:36","slug":"opplaering-publiser-r-no","status":"publish","type":"page","link":"https:\/\/teststeder.regjeringen.no\/standarddesign\/opplaering-publiser-r-no\/","title":{"rendered":"Hvordan publisere flerformatdokument p\u00e5 regjeringen.no"},"content":{"rendered":"<div id=\"module-0\" class=\"hogan-module hogan-module-text hogan-module-0 text-wrap\"><div class=\"hogan-module-inner clearfix\"><h2>Publisering av flerformatdokument p\u00e5 regjeringen.no<\/h2>\n<p>&nbsp;<\/p>\n<p>Dokumenter skrevet med publikasjonsmalene\/fellespubliseringsmal i Word, kan konverteres for publisering p\u00e5 regjeringen.no som et \u00abflerformatdokument\u00bb.<\/p>\n<p>Man mottar f\u00f8rst en kjerneformat-fil (.krnl). Denne filen inneholder HTML, EPUB, Word, og PDF-versjon av dokumentet. Denne brukes for \u00e5 lage det som i Optimizely heter \u00abflerformatdokument\u00bb.<\/p>\n<p>Man m\u00e5 ha redigeringstilgang i regjeringen.no for \u00e5 f\u00e5 lov til dette.<\/p><\/div><\/div><div id=\"module-1\" class=\"hogan-module hogan-module-text hogan-module-1 text-wrap\"><div class=\"hogan-module-inner clearfix\"><h3>For redakt\u00f8r<\/h3>\n<h4>Publisering av flerformatdokument p\u00e5 regjeringen.no<\/h4>\n<p><a href=\"https:\/\/files.teststeder.regjeringen.no\/wpuploads01\/sites\/337\/2025\/02\/Hvordan-publisere-flerformatdokument.pdf\">Last ned veiledning som PDF.<\/a><\/p>\n<p>&nbsp;<\/p>\n<p>&nbsp;<\/p>\n<h3>For DepMedia<\/h3>\n<h4>Generering av kjerneformat-fil fra fellespubliseringsmal<\/h4>\n<p>Dette utf\u00f8res normalt av DepMedia. Kjerneformat-filen sendes direkte til nettredakt\u00f8r som publiserer denne p\u00e5 regjeringen.no. Nettredakt\u00f8r beh\u00f8ver bare forholde seg til veiledningen over.<\/p>\n<p>[_playlist type=&raquo;video&raquo; autoplay=&raquo;false&raquo; ]<\/p>\n<p>[_track caption=&raquo;Start konvertering til kjerneformat for publisering p\u00e5 regjeringen.no&raquo; src=&raquo;https:\/\/video.regjeringen.no\/player23\/data\/video\/e05397de49259bfb437c8e1dfc38d562\/video_hd\/rno-18-konvertering-til-2-video.mp4&#8243;]<br \/>\n[_track caption=&raquo;Word til kjerneformat konvertering&raquo; src=&raquo;https:\/\/video.regjeringen.no\/player23\/data\/video\/b5335ed1d96c32f9ca06bdadbf1d5e4a\/video_hd\/rno-11-word2-kjerne-01-2-video.mp4&#8243;]<br \/>\n[_track caption=&raquo;Forh\u00e5ndsvisning i nettleser&raquo; src=&raquo;https:\/\/video.regjeringen.no\/player23\/data\/video\/3b85ce0b49812421014655aac058cfe8\/video_hd\/rno-12-forhandsvisning-2-video.mp4&#8243;]<br \/>\n[_track caption=&raquo;Dokumentparameter. Figurbredde og myke linjeskift&raquo; src=&raquo;https:\/\/video.regjeringen.no\/player23\/data\/video\/5e74116ebc5e05c5b201800945d13266\/video_hd\/rno-13-dokumenparameter-2-video.mp4&#8243;]<br \/>\n[_track caption=&raquo;Andre formater som skal med (PDF, EPUB og Word)&raquo; src=&raquo;https:\/\/video.regjeringen.no\/player23\/data\/video\/da8e64e2b73cc60f98b209396c8d32fc\/video_hd\/rno-14-andre-formater-2-video.mp4&#8243;]<br \/>\n[_track caption=&raquo;EPUB forsidebilde og lagre som separat epub fil&raquo; src=&raquo;https:\/\/video.regjeringen.no\/player23\/data\/video\/0e49dfcedc3b36452676544e468fd19e\/video_hd\/rno-15-epub-alternativer-2-video.mp4&#8243;]<\/p>\n<p>[\/_playlist]<\/p>\n<p>&nbsp;<\/p><\/div><\/div>\n<div class=\"module module-was-this-helpful\">\n\t<div class=\"text-wrap\">\n\t\t<h2>Var dette nyttig?<\/h2>\n\t\t<form id=\"dekode-wth-form\">\n\t\t\t<button id=\"dekode-wth-yes\" class=\"button\" name=\"dekode-wth-feedback\" type=\"submit\"\n\t\t\t\t\tvalue=\"1\">Ja<\/button>\n\t\t\t<button id=\"dekode-wth-no\" class=\"button\" name=\"dekode-wth-feedback\" type=\"submit\"\n\t\t\t\t\tvalue=\"0\">Nei<\/button>\n\t\t\t<input type=\"hidden\" name=\"post_id\" value=\"13327\"\/>\n\t\t<\/form>\n\t<\/div>\n<\/div>\n","protected":false},"excerpt":{"rendered":"<p>Dokumenter skrevet med publikasjonsmalene\/fellespubliseringsmal i Word, kan konverteres for publisering p\u00e5 regjeringen.no som et \u00abflerformatdokument\u00bb. Man mottar f\u00f8rst en kjerneformat-fil &#8230;<\/p>\n","protected":false},"author":398,"featured_media":0,"parent":0,"menu_order":0,"comment_status":"closed","ping_status":"closed","template":"","meta":{"_acf_changed":false,"footnotes":""},"class_list":["post-13327","page","type-page","status-publish","hentry"],"language":"nb-NO","acf":[],"_links":{"self":[{"href":"https:\/\/teststeder.regjeringen.no\/standarddesign\/wp-json\/wp\/v2\/pages\/13327","targetHints":{"allow":["GET"]}}],"collection":[{"href":"https:\/\/teststeder.regjeringen.no\/standarddesign\/wp-json\/wp\/v2\/pages"}],"about":[{"href":"https:\/\/teststeder.regjeringen.no\/standarddesign\/wp-json\/wp\/v2\/types\/page"}],"author":[{"embeddable":true,"href":"https:\/\/teststeder.regjeringen.no\/standarddesign\/wp-json\/wp\/v2\/users\/398"}],"replies":[{"embeddable":true,"href":"https:\/\/teststeder.regjeringen.no\/standarddesign\/wp-json\/wp\/v2\/comments?post=13327"}],"version-history":[{"count":5,"href":"https:\/\/teststeder.regjeringen.no\/standarddesign\/wp-json\/wp\/v2\/pages\/13327\/revisions"}],"predecessor-version":[{"id":27956,"href":"https:\/\/teststeder.regjeringen.no\/standarddesign\/wp-json\/wp\/v2\/pages\/13327\/revisions\/27956"}],"wp:attachment":[{"href":"https:\/\/teststeder.regjeringen.no\/standarddesign\/wp-json\/wp\/v2\/media?parent=13327"}],"curies":[{"name":"wp","href":"https:\/\/api.w.org\/{rel}","templated":true}]}}