{"id":14803,"date":"2020-01-08T09:57:10","date_gmt":"2020-01-08T08:57:10","guid":{"rendered":"https:\/\/nettsteder.regjeringen.no\/standarddesign\/?page_id=14803"},"modified":"2020-01-13T15:25:17","modified_gmt":"2020-01-13T14:25:17","slug":"installering-av-powerpoint-felles-plattform","status":"publish","type":"page","link":"https:\/\/teststeder.regjeringen.no\/standarddesign\/maler\/powerpoint\/installering-av-powerpoint-felles-plattform\/","title":{"rendered":"Installering av PowerPoint &#8211; felles plattform"},"content":{"rendered":"<div id=\"module-0\" class=\"hogan-module hogan-module-text hogan-module-0 text-wrap\"><div class=\"hogan-module-inner clearfix\"><h2>Forslag til tekst p\u00e5 departementets intranett<\/h2>\n<p>&nbsp;<\/p>\n<p><em>Tittel:<\/em><b> Dato\/<\/b><b>I dag<\/b>]<b>\u00a0<\/b><b>f\u00e5r\u00a0<\/b>[<b>dep<\/b>]<b>\u00a0<\/b><b>ny PowerPoint-mal!\u00a0<\/b><\/p>\n<p><em>Ingress: <\/em><b>DSS har i samarbeid med departementene utarbeidet ny mal for PowerPoint. <\/b>\u00a0<b>Du vil bruke programmet\u00a0 som f\u00f8r, men departementets designprofil og -farger er n\u00e5 standard i malen.<\/b><\/p>\n<p><em>Tekst\/Artikkel:\u00a0\u00a0<\/em><\/p>\n<ul>\n<li data-aria-posinset=\"1\" data-aria-level=\"2\">Malen \u00e5pner seg automatisk n\u00e5r du starter PowerPoint<\/li>\n<li data-aria-posinset=\"2\" data-aria-level=\"2\">Hvert departementet har tilpasset mal med supplerende designprofil og farger<\/li>\n<li data-aria-posinset=\"3\" data-aria-level=\"2\">16:9-format (Kompatibelt med nett-TV, digitale kanaler og regjeringen.no)<\/li>\n<li data-aria-posinset=\"4\" data-aria-level=\"2\">Norsk og engelsk mal (eventuelt nynorsk og samisk)<\/li>\n<li data-aria-posinset=\"5\" data-aria-level=\"2\">Egen fellesmal med Departementene-logo for bruk ved fellespresentasjoner<\/li>\n<li data-aria-posinset=\"6\" data-aria-level=\"2\">Enkelt \u00e5 velge mellom lys og m\u00f8rk bakgrunn<\/li>\n<li data-aria-posinset=\"7\" data-aria-level=\"2\">Tilrettelagt for bedre bruk av bilde, video og grafer<\/li>\n<li data-aria-posinset=\"8\" data-aria-level=\"2\">Kreditering for foto og statistikk<\/li>\n<\/ul>\n<h3><span class=\"TextRun SCXO206061328\" lang=\"NB-NO\" xml:lang=\"NB-NO\"><span class=\"NormalTextRun SCXO206061328\">Kom i gang!<\/span><\/span><\/h3>\n<p><b>Departementets mal (bokm\u00e5l) \u00e5pnes automatisk n\u00e5r du klikker p\u00e5 PowerPoint-ikonet:\u00a0<\/b><\/p>\n<figure id=\"attachment_14913\" style=\"max-width: 200px;\" class=\"wp-caption alignnone\"><img loading=\"lazy\" decoding=\"async\" class=\"noOutline wp-image-14913\" src=\"https:\/\/files.teststeder.regjeringen.no\/wpuploads01\/blogs.dir\/337\/files\/2020\/01\/PowerPoint2-ikon.png\" alt=\"PowerPoint logo\" width=\"200\" height=\"162\" srcset=\"https:\/\/files.teststeder.regjeringen.no\/wpuploads01\/blogs.dir\/337\/files\/2020\/01\/PowerPoint2-ikon.png 618w, https:\/\/files.teststeder.regjeringen.no\/wpuploads01\/blogs.dir\/337\/files\/2020\/01\/PowerPoint2-ikon-300x244.png 300w, https:\/\/files.teststeder.regjeringen.no\/wpuploads01\/blogs.dir\/337\/files\/2020\/01\/PowerPoint2-ikon-400x325.png 400w\" sizes=\"auto, (max-width: 200px) 100vw, 200px\" \/><figcaption class=\"wp-caption-text\">PS! Det er lurt \u00e5 feste Powerpoint til oppgavelinja fra Utforsker, s\u00e5 er programmet lett tilgjengelig!<\/figcaption><\/figure>\n<h4><b>Andre spr\u00e5k\/felles mal<\/b><\/h4>\n<p>Spr\u00e5kvarianten(e), samt felles mal med Departementene-logo, finner du ved \u00e5 klikke p\u00e5 fanen\u00a0<b>Utforming\u00a0<\/b>og klikke den nederste pilen p\u00e5 h\u00f8yre side:<\/p>\n<p>Spr\u00e5kvarianten(e), finner du ved \u00e5 klikke p\u00e5 fanen\u00a0<strong>Utforming <\/strong>og klikke den nederste pilen p\u00e5 h\u00f8yre side:<br \/>\n<a href=\"https:\/\/files.teststeder.regjeringen.no\/wpuploads01\/blogs.dir\/337\/files\/2019\/05\/start-utforming.png\"><img loading=\"lazy\" decoding=\"async\" class=\"alignnone size-medium-full wp-image-6343\" src=\"https:\/\/files.teststeder.regjeringen.no\/wpuploads01\/blogs.dir\/337\/files\/2019\/05\/start-utforming-800x94.png\" alt=\"\" width=\"800\" height=\"94\" srcset=\"https:\/\/files.teststeder.regjeringen.no\/wpuploads01\/blogs.dir\/337\/files\/2019\/05\/start-utforming-800x94.png 800w, https:\/\/files.teststeder.regjeringen.no\/wpuploads01\/blogs.dir\/337\/files\/2019\/05\/start-utforming-300x35.png 300w, https:\/\/files.teststeder.regjeringen.no\/wpuploads01\/blogs.dir\/337\/files\/2019\/05\/start-utforming-768x90.png 768w, https:\/\/files.teststeder.regjeringen.no\/wpuploads01\/blogs.dir\/337\/files\/2019\/05\/start-utforming-1024x121.png 1024w, https:\/\/files.teststeder.regjeringen.no\/wpuploads01\/blogs.dir\/337\/files\/2019\/05\/start-utforming-1130x133.png 1130w, https:\/\/files.teststeder.regjeringen.no\/wpuploads01\/blogs.dir\/337\/files\/2019\/05\/start-utforming-400x47.png 400w, https:\/\/files.teststeder.regjeringen.no\/wpuploads01\/blogs.dir\/337\/files\/2019\/05\/start-utforming.png 1903w\" sizes=\"auto, (max-width: 800px) 100vw, 800px\" \/><\/a><\/p>\n<p>Under (Utforming) <strong>Egendefinert<\/strong> finner du malene for engelsk, eventuelt nynorsk og samisk. Hold musen over ikonet for \u00e5 velge riktig mal:<\/p>\n<p><a href=\"https:\/\/files.teststeder.regjeringen.no\/wpuploads01\/blogs.dir\/337\/files\/2019\/05\/utforming-v3.png\"><img loading=\"lazy\" decoding=\"async\" class=\"alignnone size-medium-full wp-image-6345\" src=\"https:\/\/files.teststeder.regjeringen.no\/wpuploads01\/blogs.dir\/337\/files\/2019\/05\/utforming-v3-800x175.png\" alt=\"\" width=\"800\" height=\"175\" srcset=\"https:\/\/files.teststeder.regjeringen.no\/wpuploads01\/blogs.dir\/337\/files\/2019\/05\/utforming-v3-800x175.png 800w, https:\/\/files.teststeder.regjeringen.no\/wpuploads01\/blogs.dir\/337\/files\/2019\/05\/utforming-v3-300x66.png 300w, https:\/\/files.teststeder.regjeringen.no\/wpuploads01\/blogs.dir\/337\/files\/2019\/05\/utforming-v3-768x168.png 768w, https:\/\/files.teststeder.regjeringen.no\/wpuploads01\/blogs.dir\/337\/files\/2019\/05\/utforming-v3-1024x224.png 1024w, https:\/\/files.teststeder.regjeringen.no\/wpuploads01\/blogs.dir\/337\/files\/2019\/05\/utforming-v3-1130x247.png 1130w, https:\/\/files.teststeder.regjeringen.no\/wpuploads01\/blogs.dir\/337\/files\/2019\/05\/utforming-v3-400x87.png 400w, https:\/\/files.teststeder.regjeringen.no\/wpuploads01\/blogs.dir\/337\/files\/2019\/05\/utforming-v3.png 1418w\" sizes=\"auto, (max-width: 800px) 100vw, 800px\" \/><\/a><\/p>\n<p><b>&#8211; da er du i gang!<\/b><\/p>\n<h4><b>Vil du ha en kjapp innf\u00f8ring i den nye malen?<\/b><\/h4>\n<p><a href=\"http:\/\/nettv.regjeringen.no\/kom-igang-med-ny-powerpoint-mal\">Bli med p\u00e5 en guidet tur!<\/a> (1 min 40 sek)<\/p>\n<h4><strong><span class=\"TextRun SCXO21275581\" lang=\"NB-NO\" xml:lang=\"NB-NO\"><span class=\"NormalTextRun SCXO21275581\">Mer info, tips og triks:<\/span><\/span><\/strong><\/h4>\n<p>P\u00e5 design.dep.no finner du <a href=\"https:\/\/teststeder.regjeringen.no\/standarddesign\/maler\/powerpoint\/\">tips for PowerPointmalen<\/a>. Siden oppdateres jevnlig.<\/p>\n<h4><strong>Kontakt:<\/strong><\/h4>\n<p>DSS: <a href=\"mailto:designprogrammet@dss.dep.no\">Designprogrammet<\/a><\/p>\n<p>Kontaktperson i departementet: xxxxxxxxxxx<\/p><\/div><\/div>\n<div class=\"module module-was-this-helpful\">\n\t<div class=\"text-wrap\">\n\t\t<h2>Var dette nyttig?<\/h2>\n\t\t<form id=\"dekode-wth-form\">\n\t\t\t<button id=\"dekode-wth-yes\" class=\"button\" name=\"dekode-wth-feedback\" type=\"submit\"\n\t\t\t\t\tvalue=\"1\">Ja<\/button>\n\t\t\t<button id=\"dekode-wth-no\" class=\"button\" name=\"dekode-wth-feedback\" type=\"submit\"\n\t\t\t\t\tvalue=\"0\">Nei<\/button>\n\t\t\t<input type=\"hidden\" name=\"post_id\" value=\"14803\"\/>\n\t\t<\/form>\n\t<\/div>\n<\/div>\n","protected":false},"excerpt":{"rendered":"<p>Her finner du informasjon som kan legges ut p\u00e5 intranettet ved lansering av PowerPoint. (Denne siden er kun ment for &#8230;<\/p>\n","protected":false},"author":357,"featured_media":0,"parent":227,"menu_order":0,"comment_status":"closed","ping_status":"closed","template":"","meta":{"_acf_changed":false,"footnotes":""},"class_list":["post-14803","page","type-page","status-publish","hentry"],"language":"nb-NO","acf":[],"_links":{"self":[{"href":"https:\/\/teststeder.regjeringen.no\/standarddesign\/wp-json\/wp\/v2\/pages\/14803","targetHints":{"allow":["GET"]}}],"collection":[{"href":"https:\/\/teststeder.regjeringen.no\/standarddesign\/wp-json\/wp\/v2\/pages"}],"about":[{"href":"https:\/\/teststeder.regjeringen.no\/standarddesign\/wp-json\/wp\/v2\/types\/page"}],"author":[{"embeddable":true,"href":"https:\/\/teststeder.regjeringen.no\/standarddesign\/wp-json\/wp\/v2\/users\/357"}],"replies":[{"embeddable":true,"href":"https:\/\/teststeder.regjeringen.no\/standarddesign\/wp-json\/wp\/v2\/comments?post=14803"}],"version-history":[{"count":25,"href":"https:\/\/teststeder.regjeringen.no\/standarddesign\/wp-json\/wp\/v2\/pages\/14803\/revisions"}],"predecessor-version":[{"id":14927,"href":"https:\/\/teststeder.regjeringen.no\/standarddesign\/wp-json\/wp\/v2\/pages\/14803\/revisions\/14927"}],"up":[{"embeddable":true,"href":"https:\/\/teststeder.regjeringen.no\/standarddesign\/wp-json\/wp\/v2\/pages\/227"}],"wp:attachment":[{"href":"https:\/\/teststeder.regjeringen.no\/standarddesign\/wp-json\/wp\/v2\/media?parent=14803"}],"curies":[{"name":"wp","href":"https:\/\/api.w.org\/{rel}","templated":true}]}}