{"id":17,"date":"2018-11-19T16:34:42","date_gmt":"2018-11-19T15:34:42","guid":{"rendered":"https:\/\/nettsteder.regjeringen.no\/standarddesign\/?page_id=17"},"modified":"2024-01-11T11:34:32","modified_gmt":"2024-01-11T10:34:32","slug":"profiler","status":"publish","type":"page","link":"https:\/\/teststeder.regjeringen.no\/standarddesign\/profiler\/","title":{"rendered":"Departementenes designprofiler"},"content":{"rendered":"<div id=\"module-0\" class=\"hogan-module hogan-module-banner hogan-module-0 hogan-banner-content-left hogan-module-width-full hogan-banner-theme-none-transparent hogan-banner-layout-full hogan-banner-text-left container-full-width\"><div class=\"hogan-module-inner banner-height-40 tagline-fontsize-16 heading-fontsize-32 content-fontsize-16\"><div class=\"hogan-banner\">\n\t<div class=\"hogan-banner-column hogan-banner-image hogan-banner-dim-image\">\n\t\t<img loading=\"lazy\" decoding=\"async\" width=\"1920\" height=\"451\" src=\"https:\/\/files.teststeder.regjeringen.no\/wpuploads01\/blogs.dir\/337\/files\/2021\/02\/dep-profil-v2-banner-e1614255162525.jpg\" class=\"attachment-browser-full-width size-browser-full-width\" alt=\"\" srcset=\"https:\/\/files.teststeder.regjeringen.no\/wpuploads01\/blogs.dir\/337\/files\/2021\/02\/dep-profil-v2-banner-e1614255162525.jpg 1920w, https:\/\/files.teststeder.regjeringen.no\/wpuploads01\/blogs.dir\/337\/files\/2021\/02\/dep-profil-v2-banner-e1614255162525-300x70.jpg 300w, https:\/\/files.teststeder.regjeringen.no\/wpuploads01\/blogs.dir\/337\/files\/2021\/02\/dep-profil-v2-banner-e1614255162525-1024x241.jpg 1024w, https:\/\/files.teststeder.regjeringen.no\/wpuploads01\/blogs.dir\/337\/files\/2021\/02\/dep-profil-v2-banner-e1614255162525-768x180.jpg 768w, https:\/\/files.teststeder.regjeringen.no\/wpuploads01\/blogs.dir\/337\/files\/2021\/02\/dep-profil-v2-banner-e1614255162525-1536x361.jpg 1536w, https:\/\/files.teststeder.regjeringen.no\/wpuploads01\/blogs.dir\/337\/files\/2021\/02\/dep-profil-v2-banner-e1614255162525-1130x265.jpg 1130w, https:\/\/files.teststeder.regjeringen.no\/wpuploads01\/blogs.dir\/337\/files\/2021\/02\/dep-profil-v2-banner-e1614255162525-400x94.jpg 400w, https:\/\/files.teststeder.regjeringen.no\/wpuploads01\/blogs.dir\/337\/files\/2021\/02\/dep-profil-v2-banner-e1614255162525-800x188.jpg 800w, https:\/\/files.teststeder.regjeringen.no\/wpuploads01\/blogs.dir\/337\/files\/2021\/02\/dep-profil-v2-banner-e1614255162525-1320x310.jpg 1320w\" sizes=\"auto, (max-width: 1920px) 100vw, 1920px\" \/>\t<\/div>\n\t\t\t<div class=\"hogan-banner-column hogan-banner-content\">\n\t\t\t<div class=\"hogan-banner-content-inner\">\n\t\t\t\t<div class=\"hogan-tagline\">SUPPLERENDE DESIGNPROFILER<\/div><h2 class=\"hogan-heading\">Departementenes designprofiler<\/h2>\t\t\t<\/div>\n\t\t<\/div>\n\t<\/div>\n<\/div><\/div><div id=\"module-1\" class=\"hogan-module hogan-module-text hogan-module-1 text-wrap\"><div class=\"hogan-module-inner clearfix\"><p>Opplever du at designprofilen ikke har l\u00f8sning som dekker ditt publiseringsbehov, eller har sp\u00f8rsm\u00e5l eller kommentarer, ta kontakt med <a href=\"mailto:designprogrammet@dss.dep.no\">Designenheten i DSS.<\/a><\/p><\/div><\/div><div id=\"module-2\" class=\"hogan-module hogan-module-simple_posts hogan-module-2\"><div class=\"hogan-module-inner container\">\t<ul class=\"list-items card-type-large\">\n\t\t\t\t\t<li class=\"list-item\">\n\t\t\t\t<a href=\"https:\/\/teststeder.regjeringen.no\/standarddesign\/profiler\/statsministerens-kontor-smk\/\">\n\t\t\t\t\t\t\t\t\t\t\t<div class=\"column\">\n\t\t\t\t\t\t\t<div class=\"featured-image\">\n\t\t\t\t\t\t\t\t<img loading=\"lazy\" decoding=\"async\" width=\"432\" height=\"288\" src=\"https:\/\/files.teststeder.regjeringen.no\/wpuploads01\/blogs.dir\/337\/files\/2019\/06\/SMK_bakgrunn_gull_LOWRES-432x288.jpg\" class=\"attachment-medium-3-2 size-medium-3-2 wp-post-image\" alt=\"\" \/>\t\t\t\t\t\t\t<\/div>\n\t\t\t\t\t\t<\/div>\n\t\t\t\t\t\t\t\t\t\t<div class=\"column\">\n\t\t\t\t\t\t<h2 class=\"entry-title\">Statsministerens kontor (SMK)<\/h2>\t\t\t\t\t\t<div class=\"entry-summary\"><p><\/p><\/div>\t\t\t\t\t\t\t\t\t\t\t<\/div>\n\t\t\t\t<\/a>\n\t\t\t<\/li>\n\t\t\t\t\t<li class=\"list-item\">\n\t\t\t\t<a href=\"https:\/\/teststeder.regjeringen.no\/standarddesign\/profiler\/arbeids-og-inkluderingsdepartementet\/\">\n\t\t\t\t\t\t\t\t\t\t\t<div class=\"column\">\n\t\t\t\t\t\t\t<div class=\"featured-image\">\n\t\t\t\t\t\t\t\t<img loading=\"lazy\" decoding=\"async\" width=\"432\" height=\"288\" src=\"https:\/\/files.teststeder.regjeringen.no\/wpuploads01\/blogs.dir\/337\/files\/2019\/01\/ASDill1--e1560332856992-432x288.jpg\" class=\"attachment-medium-3-2 size-medium-3-2 wp-post-image\" alt=\"\" \/>\t\t\t\t\t\t\t<\/div>\n\t\t\t\t\t\t<\/div>\n\t\t\t\t\t\t\t\t\t\t<div class=\"column\">\n\t\t\t\t\t\t<h2 class=\"entry-title\">Arbeids- og inkluderingspartementet (AID)<\/h2>\t\t\t\t\t\t<div class=\"entry-summary\"><p><\/p><\/div>\t\t\t\t\t\t\t\t\t\t\t<\/div>\n\t\t\t\t<\/a>\n\t\t\t<\/li>\n\t\t\t\t\t<li class=\"list-item\">\n\t\t\t\t<a href=\"https:\/\/teststeder.regjeringen.no\/standarddesign\/profiler\/barne-og-familiedepartementet-bfd\/\">\n\t\t\t\t\t\t\t\t\t\t\t<div class=\"column\">\n\t\t\t\t\t\t\t<div class=\"featured-image\">\n\t\t\t\t\t\t\t\t<img loading=\"lazy\" decoding=\"async\" width=\"432\" height=\"288\" src=\"https:\/\/files.teststeder.regjeringen.no\/wpuploads01\/blogs.dir\/337\/files\/2019\/07\/Bilde3_web-432x288.jpg\" class=\"attachment-medium-3-2 size-medium-3-2 wp-post-image\" alt=\"\" \/>\t\t\t\t\t\t\t<\/div>\n\t\t\t\t\t\t<\/div>\n\t\t\t\t\t\t\t\t\t\t<div class=\"column\">\n\t\t\t\t\t\t<h2 class=\"entry-title\">Barne- og familiedepartementet (BFD)<\/h2>\t\t\t\t\t\t<div class=\"entry-summary\"><p><\/p><\/div>\t\t\t\t\t\t\t\t\t\t\t<\/div>\n\t\t\t\t<\/a>\n\t\t\t<\/li>\n\t\t\t\t\t<li class=\"list-item\">\n\t\t\t\t<a href=\"https:\/\/teststeder.regjeringen.no\/standarddesign\/profiler\/digitaliserings-og-forvaltningsdepartementet\/\">\n\t\t\t\t\t\t\t\t\t\t\t<div class=\"column\">\n\t\t\t\t\t\t\t<div class=\"featured-image\">\n\t\t\t\t\t\t\t\t<img loading=\"lazy\" decoding=\"async\" width=\"432\" height=\"288\" src=\"https:\/\/files.teststeder.regjeringen.no\/wpuploads01\/sites\/337\/2023\/12\/DFD-profilelement-432x288.jpg\" class=\"attachment-medium-3-2 size-medium-3-2 wp-post-image\" alt=\"\" \/>\t\t\t\t\t\t\t<\/div>\n\t\t\t\t\t\t<\/div>\n\t\t\t\t\t\t\t\t\t\t<div class=\"column\">\n\t\t\t\t\t\t<h2 class=\"entry-title\">Digitaliserings- og forvaltningsdepartementet  (DFD)<\/h2>\t\t\t\t\t\t<div class=\"entry-summary\"><p><\/p><\/div>\t\t\t\t\t\t\t\t\t\t\t<\/div>\n\t\t\t\t<\/a>\n\t\t\t<\/li>\n\t\t\t\t\t<li class=\"list-item\">\n\t\t\t\t<a href=\"https:\/\/teststeder.regjeringen.no\/standarddesign\/profiler\/energidepartementet\/\">\n\t\t\t\t\t\t\t\t\t\t\t<div class=\"column\">\n\t\t\t\t\t\t\t<div class=\"featured-image\">\n\t\t\t\t\t\t\t\t<img loading=\"lazy\" decoding=\"async\" width=\"432\" height=\"288\" src=\"https:\/\/files.teststeder.regjeringen.no\/wpuploads01\/blogs.dir\/337\/files\/2021\/04\/PPT-mal-432x288.png\" class=\"attachment-medium-3-2 size-medium-3-2 wp-post-image\" alt=\"\" \/>\t\t\t\t\t\t\t<\/div>\n\t\t\t\t\t\t<\/div>\n\t\t\t\t\t\t\t\t\t\t<div class=\"column\">\n\t\t\t\t\t\t<h2 class=\"entry-title\">Energidepartementet  (ED)<\/h2>\t\t\t\t\t\t<div class=\"entry-summary\"><p><\/p><\/div>\t\t\t\t\t\t\t\t\t\t\t<\/div>\n\t\t\t\t<\/a>\n\t\t\t<\/li>\n\t\t\t\t\t<li class=\"list-item\">\n\t\t\t\t<a href=\"https:\/\/teststeder.regjeringen.no\/standarddesign\/profiler\/finansdepartementet-fin\/\">\n\t\t\t\t\t\t\t\t\t\t\t<div class=\"column\">\n\t\t\t\t\t\t\t<div class=\"featured-image\">\n\t\t\t\t\t\t\t\t<img loading=\"lazy\" decoding=\"async\" width=\"432\" height=\"288\" src=\"https:\/\/files.teststeder.regjeringen.no\/wpuploads01\/blogs.dir\/337\/files\/2019\/05\/fin_banner-432x288.png\" class=\"attachment-medium-3-2 size-medium-3-2 wp-post-image\" alt=\"\" \/>\t\t\t\t\t\t\t<\/div>\n\t\t\t\t\t\t<\/div>\n\t\t\t\t\t\t\t\t\t\t<div class=\"column\">\n\t\t\t\t\t\t<h2 class=\"entry-title\">Finansdepartementet (FIN)<\/h2>\t\t\t\t\t\t<div class=\"entry-summary\"><p><\/p><\/div>\t\t\t\t\t\t\t\t\t\t\t<\/div>\n\t\t\t\t<\/a>\n\t\t\t<\/li>\n\t\t\t\t\t<li class=\"list-item\">\n\t\t\t\t<a href=\"https:\/\/teststeder.regjeringen.no\/standarddesign\/profiler\/forsvarsdepartementet-fd\/\">\n\t\t\t\t\t\t\t\t\t\t\t<div class=\"column\">\n\t\t\t\t\t\t\t<div class=\"featured-image\">\n\t\t\t\t\t\t\t\t<img loading=\"lazy\" decoding=\"async\" width=\"432\" height=\"288\" src=\"https:\/\/files.teststeder.regjeringen.no\/wpuploads01\/blogs.dir\/337\/files\/2019\/08\/FD_banner3-432x288.jpg\" class=\"attachment-medium-3-2 size-medium-3-2 wp-post-image\" alt=\"\" \/>\t\t\t\t\t\t\t<\/div>\n\t\t\t\t\t\t<\/div>\n\t\t\t\t\t\t\t\t\t\t<div class=\"column\">\n\t\t\t\t\t\t<h2 class=\"entry-title\">Forsvarsdepartementet (FD)<\/h2>\t\t\t\t\t\t<div class=\"entry-summary\"><p><\/p><\/div>\t\t\t\t\t\t\t\t\t\t\t<\/div>\n\t\t\t\t<\/a>\n\t\t\t<\/li>\n\t\t\t\t\t<li class=\"list-item\">\n\t\t\t\t<a href=\"https:\/\/teststeder.regjeringen.no\/standarddesign\/profiler\/helse-og-omsorgsdepartementet-hod\/\">\n\t\t\t\t\t\t\t\t\t\t\t<div class=\"column\">\n\t\t\t\t\t\t\t<div class=\"featured-image\">\n\t\t\t\t\t\t\t\t<img loading=\"lazy\" decoding=\"async\" width=\"432\" height=\"288\" src=\"https:\/\/files.teststeder.regjeringen.no\/wpuploads01\/blogs.dir\/337\/files\/2019\/08\/forsidebilde-432x288.jpg\" class=\"attachment-medium-3-2 size-medium-3-2 wp-post-image\" alt=\"\" \/>\t\t\t\t\t\t\t<\/div>\n\t\t\t\t\t\t<\/div>\n\t\t\t\t\t\t\t\t\t\t<div class=\"column\">\n\t\t\t\t\t\t<h2 class=\"entry-title\">Helse- og omsorgsdepartementet (HOD)<\/h2>\t\t\t\t\t\t<div class=\"entry-summary\"><p><\/p><\/div>\t\t\t\t\t\t\t\t\t\t\t<\/div>\n\t\t\t\t<\/a>\n\t\t\t<\/li>\n\t\t\t\t\t<li class=\"list-item\">\n\t\t\t\t<a href=\"https:\/\/teststeder.regjeringen.no\/standarddesign\/profiler\/justis-og-beredskapsdepartementet-jd\/\">\n\t\t\t\t\t\t\t\t\t\t\t<div class=\"column\">\n\t\t\t\t\t\t\t<div class=\"featured-image\">\n\t\t\t\t\t\t\t\t<img loading=\"lazy\" decoding=\"async\" width=\"392\" height=\"288\" src=\"https:\/\/files.teststeder.regjeringen.no\/wpuploads01\/blogs.dir\/337\/files\/2019\/08\/jd_bannerbilde4-392x288.jpg\" class=\"attachment-medium-3-2 size-medium-3-2 wp-post-image\" alt=\"\" \/>\t\t\t\t\t\t\t<\/div>\n\t\t\t\t\t\t<\/div>\n\t\t\t\t\t\t\t\t\t\t<div class=\"column\">\n\t\t\t\t\t\t<h2 class=\"entry-title\">Justis- og beredskapsdepartementet (JD)<\/h2>\t\t\t\t\t\t<div class=\"entry-summary\"><p><\/p><\/div>\t\t\t\t\t\t\t\t\t\t\t<\/div>\n\t\t\t\t<\/a>\n\t\t\t<\/li>\n\t\t\t\t\t<li class=\"list-item\">\n\t\t\t\t<a href=\"https:\/\/teststeder.regjeringen.no\/standarddesign\/profiler\/klima-og-miljodepartementet-kld\/\">\n\t\t\t\t\t\t\t\t\t\t\t<div class=\"column\">\n\t\t\t\t\t\t\t<div class=\"featured-image\">\n\t\t\t\t\t\t\t\t<img loading=\"lazy\" decoding=\"async\" width=\"432\" height=\"288\" src=\"https:\/\/files.teststeder.regjeringen.no\/wpuploads01\/blogs.dir\/337\/files\/2019\/06\/profilelement-4-KLD-432x288.jpg\" class=\"attachment-medium-3-2 size-medium-3-2 wp-post-image\" alt=\"\" \/>\t\t\t\t\t\t\t<\/div>\n\t\t\t\t\t\t<\/div>\n\t\t\t\t\t\t\t\t\t\t<div class=\"column\">\n\t\t\t\t\t\t<h2 class=\"entry-title\">Klima- og milj\u00f8departementet (KLD)<\/h2>\t\t\t\t\t\t<div class=\"entry-summary\"><p><\/p><\/div>\t\t\t\t\t\t\t\t\t\t\t<\/div>\n\t\t\t\t<\/a>\n\t\t\t<\/li>\n\t\t\t\t\t<li class=\"list-item\">\n\t\t\t\t<a href=\"https:\/\/teststeder.regjeringen.no\/standarddesign\/profiler\/kommunal-og-distriktsdepartementet-kdd-gammel\/\">\n\t\t\t\t\t\t\t\t\t\t\t<div class=\"column\">\n\t\t\t\t\t\t\t<div class=\"featured-image\">\n\t\t\t\t\t\t\t\t\t\t\t\t\t\t\t<\/div>\n\t\t\t\t\t\t<\/div>\n\t\t\t\t\t\t\t\t\t\t<div class=\"column\">\n\t\t\t\t\t\t<h2 class=\"entry-title\">Kommunal- og distriktsdepartementet (KDD) gammel<\/h2>\t\t\t\t\t\t<div class=\"entry-summary\"><p><\/p><\/div>\t\t\t\t\t\t\t\t\t\t\t<\/div>\n\t\t\t\t<\/a>\n\t\t\t<\/li>\n\t\t\t\t\t<li class=\"list-item\">\n\t\t\t\t<a href=\"https:\/\/teststeder.regjeringen.no\/standarddesign\/profiler\/kultur-og-likestillingsdepartementet-kud\/\">\n\t\t\t\t\t\t\t\t\t\t\t<div class=\"column\">\n\t\t\t\t\t\t\t<div class=\"featured-image\">\n\t\t\t\t\t\t\t\t<img loading=\"lazy\" decoding=\"async\" width=\"432\" height=\"288\" src=\"https:\/\/files.teststeder.regjeringen.no\/wpuploads01\/blogs.dir\/337\/files\/2019\/09\/file000122115270-copy-432x288.jpg\" class=\"attachment-medium-3-2 size-medium-3-2 wp-post-image\" alt=\"\" \/>\t\t\t\t\t\t\t<\/div>\n\t\t\t\t\t\t<\/div>\n\t\t\t\t\t\t\t\t\t\t<div class=\"column\">\n\t\t\t\t\t\t<h2 class=\"entry-title\">Kultur- og likestillingsdepartementet (KUD)<\/h2>\t\t\t\t\t\t<div class=\"entry-summary\"><p><\/p><\/div>\t\t\t\t\t\t\t\t\t\t\t<\/div>\n\t\t\t\t<\/a>\n\t\t\t<\/li>\n\t\t\t\t\t<li class=\"list-item\">\n\t\t\t\t<a href=\"https:\/\/teststeder.regjeringen.no\/standarddesign\/profiler\/kunnskapsdepartementet-kd\/\">\n\t\t\t\t\t\t\t\t\t\t\t<div class=\"column\">\n\t\t\t\t\t\t\t<div class=\"featured-image\">\n\t\t\t\t\t\t\t\t<img loading=\"lazy\" decoding=\"async\" width=\"432\" height=\"288\" src=\"https:\/\/files.teststeder.regjeringen.no\/wpuploads01\/blogs.dir\/337\/files\/2019\/08\/KD_fremhevet-bilde-2-432x288.jpg\" class=\"attachment-medium-3-2 size-medium-3-2 wp-post-image\" alt=\"\" \/>\t\t\t\t\t\t\t<\/div>\n\t\t\t\t\t\t<\/div>\n\t\t\t\t\t\t\t\t\t\t<div class=\"column\">\n\t\t\t\t\t\t<h2 class=\"entry-title\">Kunnskapsdepartementet (KD)<\/h2>\t\t\t\t\t\t<div class=\"entry-summary\"><p><\/p><\/div>\t\t\t\t\t\t\t\t\t\t\t<\/div>\n\t\t\t\t<\/a>\n\t\t\t<\/li>\n\t\t\t\t\t<li class=\"list-item\">\n\t\t\t\t<a href=\"https:\/\/teststeder.regjeringen.no\/standarddesign\/profiler\/landbruks-og-matdepartementet-lmd\/\">\n\t\t\t\t\t\t\t\t\t\t\t<div class=\"column\">\n\t\t\t\t\t\t\t<div class=\"featured-image\">\n\t\t\t\t\t\t\t\t<img loading=\"lazy\" decoding=\"async\" width=\"432\" height=\"288\" src=\"https:\/\/files.teststeder.regjeringen.no\/wpuploads01\/blogs.dir\/337\/files\/2019\/08\/brandon-morgan-15367-432x288.jpg\" class=\"attachment-medium-3-2 size-medium-3-2 wp-post-image\" alt=\"\" \/>\t\t\t\t\t\t\t<\/div>\n\t\t\t\t\t\t<\/div>\n\t\t\t\t\t\t\t\t\t\t<div class=\"column\">\n\t\t\t\t\t\t<h2 class=\"entry-title\">Landbruks- og matdepartementet (LMD)<\/h2>\t\t\t\t\t\t<div class=\"entry-summary\"><p><\/p><\/div>\t\t\t\t\t\t\t\t\t\t\t<\/div>\n\t\t\t\t<\/a>\n\t\t\t<\/li>\n\t\t\t\t\t<li class=\"list-item\">\n\t\t\t\t<a href=\"https:\/\/teststeder.regjeringen.no\/standarddesign\/profiler\/naerings-og-fiskeridepartementet-nfd\/\">\n\t\t\t\t\t\t\t\t\t\t\t<div class=\"column\">\n\t\t\t\t\t\t\t<div class=\"featured-image\">\n\t\t\t\t\t\t\t\t<img loading=\"lazy\" decoding=\"async\" width=\"432\" height=\"288\" src=\"https:\/\/files.teststeder.regjeringen.no\/wpuploads01\/blogs.dir\/337\/files\/2019\/08\/aaaaaa19620398_1358048184260444_3401811256474656575_o-432x288.jpg\" class=\"attachment-medium-3-2 size-medium-3-2 wp-post-image\" alt=\"\" \/>\t\t\t\t\t\t\t<\/div>\n\t\t\t\t\t\t<\/div>\n\t\t\t\t\t\t\t\t\t\t<div class=\"column\">\n\t\t\t\t\t\t<h2 class=\"entry-title\">N\u00e6rings- og fiskeridepartementet (NFD)<\/h2>\t\t\t\t\t\t<div class=\"entry-summary\"><p><\/p><\/div>\t\t\t\t\t\t\t\t\t\t\t<\/div>\n\t\t\t\t<\/a>\n\t\t\t<\/li>\n\t\t\t\t\t<li class=\"list-item\">\n\t\t\t\t<a href=\"https:\/\/teststeder.regjeringen.no\/standarddesign\/profiler\/samferdselsdepartementet-sd\/\">\n\t\t\t\t\t\t\t\t\t\t\t<div class=\"column\">\n\t\t\t\t\t\t\t<div class=\"featured-image\">\n\t\t\t\t\t\t\t\t<img loading=\"lazy\" decoding=\"async\" width=\"432\" height=\"288\" src=\"https:\/\/files.teststeder.regjeringen.no\/wpuploads01\/blogs.dir\/337\/files\/2019\/08\/SD-fremhevet-bilde-432x288.jpg\" class=\"attachment-medium-3-2 size-medium-3-2 wp-post-image\" alt=\"\" \/>\t\t\t\t\t\t\t<\/div>\n\t\t\t\t\t\t<\/div>\n\t\t\t\t\t\t\t\t\t\t<div class=\"column\">\n\t\t\t\t\t\t<h2 class=\"entry-title\">Samferdselsdepartementet (SD)<\/h2>\t\t\t\t\t\t<div class=\"entry-summary\"><p><\/p><\/div>\t\t\t\t\t\t\t\t\t\t\t<\/div>\n\t\t\t\t<\/a>\n\t\t\t<\/li>\n\t\t\t\t\t<li class=\"list-item\">\n\t\t\t\t<a href=\"https:\/\/teststeder.regjeringen.no\/standarddesign\/profiler\/mfa\/\">\n\t\t\t\t\t\t\t\t\t\t\t<div class=\"column\">\n\t\t\t\t\t\t\t<div class=\"featured-image\">\n\t\t\t\t\t\t\t\t<img loading=\"lazy\" decoding=\"async\" width=\"432\" height=\"288\" src=\"https:\/\/files.teststeder.regjeringen.no\/wpuploads01\/blogs.dir\/337\/files\/2019\/08\/Bakgrunn_UD_PPT_2019_v3-432x288.jpg\" class=\"attachment-medium-3-2 size-medium-3-2 wp-post-image\" alt=\"\" \/>\t\t\t\t\t\t\t<\/div>\n\t\t\t\t\t\t<\/div>\n\t\t\t\t\t\t\t\t\t\t<div class=\"column\">\n\t\t\t\t\t\t<h2 class=\"entry-title\">Norwegian Ministry of Foreign Affairs (MFA)<\/h2>\t\t\t\t\t\t<div class=\"entry-summary\"><p><\/p><\/div>\t\t\t\t\t\t\t\t\t\t\t<\/div>\n\t\t\t\t<\/a>\n\t\t\t<\/li>\n\t\t\t\t\t<li class=\"list-item\">\n\t\t\t\t<a href=\"https:\/\/teststeder.regjeringen.no\/standarddesign\/profiler\/141-2\/\">\n\t\t\t\t\t\t\t\t\t\t\t<div class=\"column\">\n\t\t\t\t\t\t\t<div class=\"featured-image\">\n\t\t\t\t\t\t\t\t<img loading=\"lazy\" decoding=\"async\" width=\"432\" height=\"288\" src=\"https:\/\/files.teststeder.regjeringen.no\/wpuploads01\/blogs.dir\/337\/files\/2019\/08\/DSS_fremhevet-bilde-432x288.jpg\" class=\"attachment-medium-3-2 size-medium-3-2 wp-post-image\" alt=\"\" \/>\t\t\t\t\t\t\t<\/div>\n\t\t\t\t\t\t<\/div>\n\t\t\t\t\t\t\t\t\t\t<div class=\"column\">\n\t\t\t\t\t\t<h2 class=\"entry-title\">Departementenes sikkerhets- og serviceorganisasjon (DSS)<\/h2>\t\t\t\t\t\t<div class=\"entry-summary\"><p><\/p><\/div>\t\t\t\t\t\t\t\t\t\t\t<\/div>\n\t\t\t\t<\/a>\n\t\t\t<\/li>\n\t\t\t\t\t<li class=\"list-item\">\n\t\t\t\t<a href=\"https:\/\/teststeder.regjeringen.no\/standarddesign\/profiler\/22-juli-senteret\/\">\n\t\t\t\t\t\t\t\t\t\t\t<div class=\"column\">\n\t\t\t\t\t\t\t<div class=\"featured-image\">\n\t\t\t\t\t\t\t\t<img loading=\"lazy\" decoding=\"async\" width=\"432\" height=\"288\" src=\"https:\/\/files.teststeder.regjeringen.no\/wpuploads01\/blogs.dir\/337\/files\/2019\/08\/22-juli_fremhevet-bilde-432x288.jpg\" class=\"attachment-medium-3-2 size-medium-3-2 wp-post-image\" alt=\"\" \/>\t\t\t\t\t\t\t<\/div>\n\t\t\t\t\t\t<\/div>\n\t\t\t\t\t\t\t\t\t\t<div class=\"column\">\n\t\t\t\t\t\t<h2 class=\"entry-title\">22. juli-senteret<\/h2>\t\t\t\t\t\t<div class=\"entry-summary\"><p><\/p><\/div>\t\t\t\t\t\t\t\t\t\t\t<\/div>\n\t\t\t\t<\/a>\n\t\t\t<\/li>\n\t\t\t<\/ul>\n<\/div><\/div>\n<div class=\"module module-was-this-helpful\">\n\t<div class=\"text-wrap\">\n\t\t<h2>Var dette nyttig?<\/h2>\n\t\t<form id=\"dekode-wth-form\">\n\t\t\t<button id=\"dekode-wth-yes\" class=\"button\" name=\"dekode-wth-feedback\" type=\"submit\"\n\t\t\t\t\tvalue=\"1\">Ja<\/button>\n\t\t\t<button id=\"dekode-wth-no\" class=\"button\" name=\"dekode-wth-feedback\" type=\"submit\"\n\t\t\t\t\tvalue=\"0\">Nei<\/button>\n\t\t\t<input type=\"hidden\" name=\"post_id\" value=\"145\"\/>\n\t\t<\/form>\n\t<\/div>\n<\/div>\n","protected":false},"excerpt":{"rendered":"<p>Supplerende designprofiler for departementene<\/p>\n","protected":false},"author":533,"featured_media":5573,"parent":0,"menu_order":0,"comment_status":"closed","ping_status":"closed","template":"","meta":{"_acf_changed":false,"footnotes":""},"class_list":["post-17","page","type-page","status-publish","has-post-thumbnail","hentry"],"language":"nb-NO","acf":[],"_links":{"self":[{"href":"https:\/\/teststeder.regjeringen.no\/standarddesign\/wp-json\/wp\/v2\/pages\/17","targetHints":{"allow":["GET"]}}],"collection":[{"href":"https:\/\/teststeder.regjeringen.no\/standarddesign\/wp-json\/wp\/v2\/pages"}],"about":[{"href":"https:\/\/teststeder.regjeringen.no\/standarddesign\/wp-json\/wp\/v2\/types\/page"}],"author":[{"embeddable":true,"href":"https:\/\/teststeder.regjeringen.no\/standarddesign\/wp-json\/wp\/v2\/users\/533"}],"replies":[{"embeddable":true,"href":"https:\/\/teststeder.regjeringen.no\/standarddesign\/wp-json\/wp\/v2\/comments?post=17"}],"version-history":[{"count":4,"href":"https:\/\/teststeder.regjeringen.no\/standarddesign\/wp-json\/wp\/v2\/pages\/17\/revisions"}],"predecessor-version":[{"id":27310,"href":"https:\/\/teststeder.regjeringen.no\/standarddesign\/wp-json\/wp\/v2\/pages\/17\/revisions\/27310"}],"wp:featuredmedia":[{"embeddable":true,"href":"https:\/\/teststeder.regjeringen.no\/standarddesign\/wp-json\/wp\/v2\/media\/5573"}],"wp:attachment":[{"href":"https:\/\/teststeder.regjeringen.no\/standarddesign\/wp-json\/wp\/v2\/media?parent=17"}],"curies":[{"name":"wp","href":"https:\/\/api.w.org\/{rel}","templated":true}]}}