{"id":22831,"date":"2021-01-12T10:07:29","date_gmt":"2021-01-12T09:07:29","guid":{"rendered":"https:\/\/nettsteder.regjeringen.no\/standarddesign\/?page_id=22831"},"modified":"2025-04-23T13:49:23","modified_gmt":"2025-04-23T11:49:23","slug":"publikasjoner","status":"publish","type":"page","link":"https:\/\/teststeder.regjeringen.no\/standarddesign\/maler\/publikasjoner\/","title":{"rendered":"Publikasjoner"},"content":{"rendered":"<div id=\"module-0\" class=\"hogan-module hogan-module-text hogan-module-0 text-wrap\"><div class=\"hogan-module-inner clearfix\"><div class=\"highlight\">\n<p>DSS tilbyr stilbaserte publiseringsmaler i Word som sikrer smidig konvertering til ulike formater som HTML, EPUB, PDF og Word p\u00e5 regjeringen.no.<\/p>\n<p>Malene gjelder for skrivebordsversjonen av Word (ikke Word i nettleser).<\/p>\n<p><img loading=\"lazy\" decoding=\"async\" class=\"alignnone wp-image-23823\" src=\"https:\/\/files.teststeder.regjeringen.no\/wpuploads01\/blogs.dir\/337\/files\/2021\/02\/DPM-departementenes-publiseringsmaler-profilering-2021-v5-800x316.png\" alt=\"\" width=\"450\" height=\"178\" srcset=\"https:\/\/files.teststeder.regjeringen.no\/wpuploads01\/blogs.dir\/337\/files\/2021\/02\/DPM-departementenes-publiseringsmaler-profilering-2021-v5-800x316.png 800w, https:\/\/files.teststeder.regjeringen.no\/wpuploads01\/blogs.dir\/337\/files\/2021\/02\/DPM-departementenes-publiseringsmaler-profilering-2021-v5-300x118.png 300w, https:\/\/files.teststeder.regjeringen.no\/wpuploads01\/blogs.dir\/337\/files\/2021\/02\/DPM-departementenes-publiseringsmaler-profilering-2021-v5-1024x404.png 1024w, https:\/\/files.teststeder.regjeringen.no\/wpuploads01\/blogs.dir\/337\/files\/2021\/02\/DPM-departementenes-publiseringsmaler-profilering-2021-v5-768x303.png 768w, https:\/\/files.teststeder.regjeringen.no\/wpuploads01\/blogs.dir\/337\/files\/2021\/02\/DPM-departementenes-publiseringsmaler-profilering-2021-v5-400x158.png 400w, https:\/\/files.teststeder.regjeringen.no\/wpuploads01\/blogs.dir\/337\/files\/2021\/02\/DPM-departementenes-publiseringsmaler-profilering-2021-v5.png 1114w\" sizes=\"auto, (max-width: 450px) 100vw, 450px\" \/><\/p>\n<p><span class=\"is-vishidden\">[dss-hidden]<\/span>Malene har forh\u00e5ndsdefinerte stiler, slik at du som forfatter kan strukturere dokumentet riktig. Riktig bruk av stiler ivaretar krav om universell utforming og gj\u00f8r samskriving enklere. F\u00f8lgende maler inng\u00e5r:<\/p>\n<ul>\n<li><strong>FELLESPUBLISERING<\/strong>: Mal for handlingsplaner, strategier, veiledere, rapporter, korte og lange tekster til regjeringen.no, andre digitale flater og\/eller trykksaker.<\/li>\n<li><strong>RPUB: <\/strong>Mal for regjeringsdokumenter; Proposisjon til Stortinget, Melding til Stortinget og NOU.<\/li>\n<\/ul>\n<p><a class=\"button\" style=\"font-weight: inherit;\" href=\"https:\/\/teststeder.regjeringen.no\/standarddesign\/ordbok\/\">Ordbok<\/a> <a class=\"button\" href=\"mailto:Designogpublisering@dss.dep.no\">Trenger du hjelp?<\/a><\/p>\n<\/div><\/div><\/div><div id=\"module-1\" class=\"hogan-module hogan-module-expandable_list hogan-module-1\"><div class=\"hogan-module-inner text-wrap list-items\"><h2 class=\"hogan-heading\">Kom igang<\/h2>\t<div class=\"hogan-expandable-list-item list-item\">\n\t\t<div class=\"anchor\" id=\"panel-1-0\">&nbsp;<\/div>\n\t\t<a href=\"#panel-1-0\">\n\t\t\t<img loading=\"lazy\" decoding=\"async\" width=\"150\" height=\"150\" src=\"https:\/\/files.teststeder.regjeringen.no\/wpuploads01\/blogs.dir\/337\/files\/2021\/02\/logo_service-center-u-tekst-_hvit-bakgr-150x150.png\" class=\"attachment-thumbnail size-thumbnail\" alt=\"\" srcset=\"https:\/\/files.teststeder.regjeringen.no\/wpuploads01\/blogs.dir\/337\/files\/2021\/02\/logo_service-center-u-tekst-_hvit-bakgr-150x150.png 150w, https:\/\/files.teststeder.regjeringen.no\/wpuploads01\/blogs.dir\/337\/files\/2021\/02\/logo_service-center-u-tekst-_hvit-bakgr-300x300.png 300w, https:\/\/files.teststeder.regjeringen.no\/wpuploads01\/blogs.dir\/337\/files\/2021\/02\/logo_service-center-u-tekst-_hvit-bakgr-400x400.png 400w, https:\/\/files.teststeder.regjeringen.no\/wpuploads01\/blogs.dir\/337\/files\/2021\/02\/logo_service-center-u-tekst-_hvit-bakgr.png 650w\" sizes=\"auto, (max-width: 150px) 100vw, 150px\" \/><div class=\"hogan-expandable-list-item-title\">Install\u00e9r Wordmal for Fellespublisering og Rdok<\/div>\t\t\t<span><\/span>\n\t\t<\/a>\n\t\t<div aria-expanded=\"false\">\n\t\t\t<p><em>Installering gj\u00f8res bare en gang og tar bare noen f\u00e5 minutter.<\/em><\/p>\n<h3>For ansatte \u2013 felles plattform<\/h3>\n<p><span style=\"vertical-align: inherit;\"><span style=\"vertical-align: inherit;\">Har du ikke fanen <strong>Publiseringsmaler <\/strong>i ditt Word-program, kan du laste ned malen fra Software Center (du finner dette p\u00e5 Start-menyen) ved \u00e5 velge \u00ab<a href=\"https:\/\/files.teststeder.regjeringen.no\/wpuploads01\/sites\/337\/2023\/01\/Publikasjonsmaler-i-Software-Center.png\">Publikasjonsmaler<\/a>\u00bb. <\/span><\/span><span style=\"vertical-align: inherit;\"><span style=\"vertical-align: inherit;\">Husk \u00e5 lukke Word f\u00f8r du installerer.\u00a0<\/span><\/span><\/p>\n<h3><span style=\"vertical-align: inherit;\"><span style=\"vertical-align: inherit;\">For ansatte utenfor felles DSS-plattform: SMK, UD, FD, JD<\/span><\/span><\/h3>\n<p>Kontakt egen IKT-avdeling for \u00e5 f\u00e5 installert malene<\/p>\n<h3>Utenfor departementsfellesskapet og <span style=\"vertical-align: inherit;\">felles DSS-plattform<\/span><\/h3>\n<p><span style=\"vertical-align: inherit;\"><span style=\"vertical-align: inherit;\">Det er kun administrator av egen PC som kan installere malen. F\u00e5 eventuelt hjelp av lokal IKT-avdeling.<br \/>\nEventuell gammel mal m\u00e5 avinstalleres f\u00f8r ny mal installeres.<br \/>\nLast ned Wordmalen her:\u00a0<\/span><\/span><\/p>\n<p><a href=\"https:\/\/files.teststeder.regjeringen.no\/wpuploads01\/sites\/561\/2025\/03\/2025-03-20-Publikasjonsmaler-V3.2.1.zip\">2025-03-20-Publikasjonsmaler-V3.2.1<\/a><\/p>\n<p>&nbsp;<\/p>\n\t\t<\/div>\n\t<\/div>\n\t<div class=\"hogan-expandable-list-item list-item\">\n\t\t<div class=\"anchor\" id=\"panel-1-1\">&nbsp;<\/div>\n\t\t<a href=\"#panel-1-1\">\n\t\t\t<img loading=\"lazy\" decoding=\"async\" width=\"150\" height=\"150\" src=\"https:\/\/files.teststeder.regjeringen.no\/wpuploads01\/blogs.dir\/337\/files\/2021\/02\/logo_service-center-u-tekst-_hvit-bakgr-150x150.png\" class=\"attachment-thumbnail size-thumbnail\" alt=\"\" srcset=\"https:\/\/files.teststeder.regjeringen.no\/wpuploads01\/blogs.dir\/337\/files\/2021\/02\/logo_service-center-u-tekst-_hvit-bakgr-150x150.png 150w, https:\/\/files.teststeder.regjeringen.no\/wpuploads01\/blogs.dir\/337\/files\/2021\/02\/logo_service-center-u-tekst-_hvit-bakgr-300x300.png 300w, https:\/\/files.teststeder.regjeringen.no\/wpuploads01\/blogs.dir\/337\/files\/2021\/02\/logo_service-center-u-tekst-_hvit-bakgr-400x400.png 400w, https:\/\/files.teststeder.regjeringen.no\/wpuploads01\/blogs.dir\/337\/files\/2021\/02\/logo_service-center-u-tekst-_hvit-bakgr.png 650w\" sizes=\"auto, (max-width: 150px) 100vw, 150px\" \/><div class=\"hogan-expandable-list-item-title\">Kom i gang med publikasjonsmalene<\/div>\t\t\t<span><\/span>\n\t\t<\/a>\n\t\t<div aria-expanded=\"false\">\n\t\t\t<div class=\"size-large-pull video\">\n<div class=\"img-flow \" style=\"padding-bottom: 56.194690265487%;\"><iframe title=\"Kom i gang med publikasjonsmalene\" allow=\"autoplay; fullscreen\" allowfullscreen referrerpolicy=\"no-referrer-when-downgrade\" src=\"https:\/\/qcnl.tv\/e\/Lk51RcQOUZSNI760_S75FQ?ratio=0.5619469026548672\" style=\"border:0;\"><\/iframe><script type=\"application\/ld+json\">{\"@context\": \"https:\/\/schema.org\", \"@type\": \"VideoObject\", \"description\": \"Kom i gang med publikasjonsmalene\", \"name\": \"Kom i gang med publikasjonsmalene\", \"thumbnailUrl\": [\"https:\/\/tv24.regjeringen.no\/img\/H\/0\/H0YH6yckS6aKzB_V9UYFLw_image\/thumb.jpg?v=0\", \"https:\/\/tv24.regjeringen.no\/img\/H\/0\/H0YH6yckS6aKzB_V9UYFLw_image\/144p.jpg?v=0\", \"https:\/\/tv24.regjeringen.no\/img\/H\/0\/H0YH6yckS6aKzB_V9UYFLw_image\/240p.jpg?v=0\", \"https:\/\/tv24.regjeringen.no\/img\/H\/0\/H0YH6yckS6aKzB_V9UYFLw_image\/360p.jpg?v=0\", \"https:\/\/tv24.regjeringen.no\/img\/H\/0\/H0YH6yckS6aKzB_V9UYFLw_image\/480p.jpg?v=0\", \"https:\/\/tv24.regjeringen.no\/img\/H\/0\/H0YH6yckS6aKzB_V9UYFLw_image\/720p.jpg?v=0\", \"https:\/\/tv24.regjeringen.no\/img\/H\/0\/H0YH6yckS6aKzB_V9UYFLw_image\/1080p.jpg?v=0\", \"https:\/\/tv24.regjeringen.no\/img\/H\/0\/H0YH6yckS6aKzB_V9UYFLw_image\/image.jpg?v=0\"], \"uploadDate\": \"2024-11-25T13:02:04Z\", \"duration\": \"PT5M47S\", \"interactionStatistic\": {\"@type\": \"InteractionCounter\", \"interactionType\": \"https:\/\/schema.org\/WatchAction\", \"userInteractionCount\": 116}, \"embedUrl\": \"https:\/\/qcnl.tv\/e\/Lk51RcQOUZSNI760_S75FQ?ratio=0.5619469026548672\"}<\/script><\/div>\n<\/div>\n\t\t<\/div>\n\t<\/div>\n<\/div><\/div><div id=\"module-2\" class=\"hogan-module hogan-module-text hogan-module-2 text-wrap\"><div class=\"hogan-module-inner clearfix\"><h2><img loading=\"lazy\" decoding=\"async\" class=\"no-image-border wp-image-23955 alignleft\" src=\"https:\/\/files.teststeder.regjeringen.no\/wpuploads01\/blogs.dir\/337\/files\/2021\/02\/FellesPubl-150x150.png\" alt=\"\" width=\"60\" height=\"60\" srcset=\"https:\/\/files.teststeder.regjeringen.no\/wpuploads01\/blogs.dir\/337\/files\/2021\/02\/FellesPubl-150x150.png 150w, https:\/\/files.teststeder.regjeringen.no\/wpuploads01\/blogs.dir\/337\/files\/2021\/02\/FellesPubl-300x300.png 300w, https:\/\/files.teststeder.regjeringen.no\/wpuploads01\/blogs.dir\/337\/files\/2021\/02\/FellesPubl-400x400.png 400w, https:\/\/files.teststeder.regjeringen.no\/wpuploads01\/blogs.dir\/337\/files\/2021\/02\/FellesPubl.png 494w\" sizes=\"auto, (max-width: 60px) 100vw, 60px\" \/>FELLESPUBLISERINGSMAL<br \/>\nHandlingsplan, strategi, veileder, rapporter, korte og lange tekster til regjeringen.no<\/h2>\n<p>&nbsp;<\/p>\n<div class=\"tmce-column\">\n<p><img loading=\"lazy\" decoding=\"async\" class=\"no-image-border alignnone wp-image-23321 size-thumbnail\" src=\"https:\/\/files.teststeder.regjeringen.no\/wpuploads01\/blogs.dir\/337\/files\/2021\/01\/red-150x150.jpg\" alt=\"\" width=\"150\" height=\"150\" \/><\/p>\n<h3>FOR FORFATTER OG REDAKT\u00d8R<\/h3>\n<p>Her kan manusforfatter og redakt\u00f8r se korte videosnutter som forklarer hvordan man bruker publikasjonsmalen for Fellespublisering.<\/p>\n<p><a href=\"https:\/\/teststeder.regjeringen.no\/standarddesign\/opplaeringsvideoer-for-fellespublisering\/\">Oppl\u00e6ringsvideoer for Word-mal<\/a><\/p>\n<p><a href=\"https:\/\/files.teststeder.regjeringen.no\/wpuploads01\/sites\/337\/2022\/10\/Brukerveiledning-wordmal-Fellespublisering-V2.0.pdf\">Brukerveiledning (PDF)<\/a><\/p>\n<p>&nbsp;<\/p>\n<p><strong>For nettredakt\u00f8r:<\/strong><br \/>\n<a href=\"https:\/\/teststeder.regjeringen.no\/standarddesign\/opplaering-publiser-r-no\/\">Oppl\u00e6ringsvideoer for import til regjeringen.no<\/a><\/p>\n<\/div>\n<div class=\"tmce-column\">\n<p><img loading=\"lazy\" decoding=\"async\" class=\"alignnone wp-image-23323 size-thumbnail no-image-border\" src=\"https:\/\/files.teststeder.regjeringen.no\/wpuploads01\/blogs.dir\/337\/files\/2021\/01\/designer-150x150.jpg\" alt=\"\" width=\"150\" height=\"150\" \/><\/p>\n<h3>FOR DESIGNER<\/h3>\n<p>Her kan designer f\u00f8lge en produksjonsprosess som konverterer fra Word til InDesign og tilbake til Word for \u00e5 produsere publikasjoner i ulike formater.<\/p>\n<p><a href=\"https:\/\/teststeder.regjeringen.no\/standarddesign\/opplaeringsvideoer-for-fellespublisering\/\">Oppl\u00e6ringsvideoer for Word-mal<\/a><\/p>\n<p><a href=\"https:\/\/teststeder.regjeringen.no\/standarddesign\/kun-for-designer-brukerveiledning-for-konvertering-til-ulike-formater-via-indesign\/\">InDesign-arbeidsflyt<\/a><\/p>\n<p><a href=\"https:\/\/teststeder.regjeringen.no\/standarddesign\/maler\/omslag\/\">Omslagsmaler<\/a><\/p>\n<\/div>\n<hr \/>\n<p>_____________________________________________________________________________________________<\/p>\n<h2><img loading=\"lazy\" decoding=\"async\" class=\"alignleft wp-image-24005 no-image-border\" src=\"https:\/\/files.teststeder.regjeringen.no\/wpuploads01\/blogs.dir\/337\/files\/2021\/02\/meld-prop-nou-400x126.png\" alt=\"\" width=\"190\" height=\"60\" srcset=\"https:\/\/files.teststeder.regjeringen.no\/wpuploads01\/blogs.dir\/337\/files\/2021\/02\/meld-prop-nou-400x126.png 400w, https:\/\/files.teststeder.regjeringen.no\/wpuploads01\/blogs.dir\/337\/files\/2021\/02\/meld-prop-nou-300x95.png 300w, https:\/\/files.teststeder.regjeringen.no\/wpuploads01\/blogs.dir\/337\/files\/2021\/02\/meld-prop-nou-1024x323.png 1024w, https:\/\/files.teststeder.regjeringen.no\/wpuploads01\/blogs.dir\/337\/files\/2021\/02\/meld-prop-nou-768x243.png 768w, https:\/\/files.teststeder.regjeringen.no\/wpuploads01\/blogs.dir\/337\/files\/2021\/02\/meld-prop-nou-1536x485.png 1536w, https:\/\/files.teststeder.regjeringen.no\/wpuploads01\/blogs.dir\/337\/files\/2021\/02\/meld-prop-nou-1130x357.png 1130w, https:\/\/files.teststeder.regjeringen.no\/wpuploads01\/blogs.dir\/337\/files\/2021\/02\/meld-prop-nou-800x253.png 800w, https:\/\/files.teststeder.regjeringen.no\/wpuploads01\/blogs.dir\/337\/files\/2021\/02\/meld-prop-nou-1320x417.png 1320w, https:\/\/files.teststeder.regjeringen.no\/wpuploads01\/blogs.dir\/337\/files\/2021\/02\/meld-prop-nou.png 1669w\" sizes=\"auto, (max-width: 190px) 100vw, 190px\" \/>RPUB<br \/>\nMelding\u00a0til Stortinget, Proposisjon til Stortinget og NOU<\/h2>\n<p>&nbsp;<\/p>\n<div class=\"tmce-column\">\n<p><img loading=\"lazy\" decoding=\"async\" class=\"alignnone wp-image-23321 size-thumbnail no-image-border\" src=\"https:\/\/files.teststeder.regjeringen.no\/wpuploads01\/blogs.dir\/337\/files\/2021\/01\/red-150x150.jpg\" alt=\"\" width=\"150\" height=\"150\" \/><\/p>\n<h3>FOR FORFATTERE<\/h3>\n<p>Her kan manusforfatter og redakt\u00f8r se korte videosnutter som forklarer hvordan man bruker publikasjonsmalen for regjeringens dokumenter til stortinget.<\/p>\n<p><a href=\"https:\/\/files.teststeder.regjeringen.no\/wpuploads01\/sites\/337\/2024\/12\/Brukerveiledning-wordmal-RDOK-PMP-V8-2-des24.pdf\">Brukerveiledning (PDF)<\/a><\/p>\n<p><a href=\"https:\/\/teststeder.regjeringen.no\/standarddesign\/opplaeringsvider-rdok\/\" target=\"_blank\" rel=\"noopener\">Oppl\u00e6ringsvideoer<\/a><\/p>\n<p>L\u00f8sning p\u00e5 utfordring for samskriving for eksterne samhandlingsbrukere. (<a href=\"https:\/\/files.teststeder.regjeringen.no\/wpuploads01\/sites\/337\/2024\/09\/Wordmal-V3.0-for-rdok-og-NOU-er-installert.docx\">Last ned wordfil<\/a>)<\/p>\n<\/div>\n<div class=\"tmce-column\">\n<p><img loading=\"lazy\" decoding=\"async\" class=\"no-image-border alignnone wp-image-23349 size-thumbnail\" src=\"https:\/\/files.teststeder.regjeringen.no\/wpuploads01\/blogs.dir\/337\/files\/2021\/01\/trykkeri-150x150.jpg\" alt=\"\" width=\"150\" height=\"150\" \/><\/p>\n<h3>FOR TRYKKERIER<\/h3>\n<p>For trykkerier som har rammeavtale med DSS.<\/p>\n<p><a href=\"https:\/\/teststeder.regjeringen.no\/standarddesign\/maler\/omslag\/\">Omslagsmaler<\/a><\/p>\n<\/div>\n<p>&nbsp;<\/p>\n<h3><\/h3><\/div><\/div>\n<div class=\"module module-was-this-helpful\">\n\t<div class=\"text-wrap\">\n\t\t<h2>Var dette nyttig?<\/h2>\n\t\t<form id=\"dekode-wth-form\">\n\t\t\t<button id=\"dekode-wth-yes\" class=\"button\" name=\"dekode-wth-feedback\" type=\"submit\"\n\t\t\t\t\tvalue=\"1\">Ja<\/button>\n\t\t\t<button id=\"dekode-wth-no\" class=\"button\" name=\"dekode-wth-feedback\" type=\"submit\"\n\t\t\t\t\tvalue=\"0\">Nei<\/button>\n\t\t\t<input type=\"hidden\" name=\"post_id\" value=\"22831\"\/>\n\t\t<\/form>\n\t<\/div>\n<\/div>\n","protected":false},"excerpt":{"rendered":"","protected":false},"author":357,"featured_media":0,"parent":21,"menu_order":0,"comment_status":"closed","ping_status":"closed","template":"","meta":{"_acf_changed":false,"footnotes":""},"class_list":["post-22831","page","type-page","status-publish","hentry"],"language":"nb-NO","acf":[],"_links":{"self":[{"href":"https:\/\/teststeder.regjeringen.no\/standarddesign\/wp-json\/wp\/v2\/pages\/22831","targetHints":{"allow":["GET"]}}],"collection":[{"href":"https:\/\/teststeder.regjeringen.no\/standarddesign\/wp-json\/wp\/v2\/pages"}],"about":[{"href":"https:\/\/teststeder.regjeringen.no\/standarddesign\/wp-json\/wp\/v2\/types\/page"}],"author":[{"embeddable":true,"href":"https:\/\/teststeder.regjeringen.no\/standarddesign\/wp-json\/wp\/v2\/users\/357"}],"replies":[{"embeddable":true,"href":"https:\/\/teststeder.regjeringen.no\/standarddesign\/wp-json\/wp\/v2\/comments?post=22831"}],"version-history":[{"count":5,"href":"https:\/\/teststeder.regjeringen.no\/standarddesign\/wp-json\/wp\/v2\/pages\/22831\/revisions"}],"predecessor-version":[{"id":28001,"href":"https:\/\/teststeder.regjeringen.no\/standarddesign\/wp-json\/wp\/v2\/pages\/22831\/revisions\/28001"}],"up":[{"embeddable":true,"href":"https:\/\/teststeder.regjeringen.no\/standarddesign\/wp-json\/wp\/v2\/pages\/21"}],"wp:attachment":[{"href":"https:\/\/teststeder.regjeringen.no\/standarddesign\/wp-json\/wp\/v2\/media?parent=22831"}],"curies":[{"name":"wp","href":"https:\/\/api.w.org\/{rel}","templated":true}]}}