{"id":231,"date":"2018-11-20T10:06:19","date_gmt":"2018-11-20T09:06:19","guid":{"rendered":"https:\/\/nettsteder.regjeringen.no\/standarddesign\/?page_id=231"},"modified":"2024-01-16T09:44:59","modified_gmt":"2024-01-16T08:44:59","slug":"kontordokumenter","status":"publish","type":"page","link":"https:\/\/teststeder.regjeringen.no\/standarddesign\/maler\/kontordokumenter\/","title":{"rendered":"Kontordokumenter"},"content":{"rendered":"<div id=\"module-0\" class=\"hogan-module hogan-module-expandable_list hogan-module-0\"><div class=\"hogan-module-inner text-wrap list-items\">\t<div class=\"hogan-expandable-list-item list-item\">\n\t\t<div class=\"anchor\" id=\"panel-0-0\">&nbsp;<\/div>\n\t\t<a href=\"#panel-0-0\">\n\t\t\t<div class=\"hogan-expandable-list-item-title\">Wordmaler<\/div>\t\t\t<span><\/span>\n\t\t<\/a>\n\t\t<div aria-expanded=\"false\">\n\t\t\t<p>Maler for kontordokumenter velges fra fanen Dynamic Templates i Word eller direkte i Websak. \u00a0For departementer utenfor plattform, velges malene direkte fra Word eller Websak. Tekst, unntatt logo, settes i Arial.<\/p>\n<ul>\n<li>Brev p\u00e5 bokm\u00e5l, nynorsk og engelsk<\/li>\n<li>Notat<\/li>\n<li>Referat<\/li>\n<li>Pressemelding<\/li>\n<li>Rundskriv<\/li>\n<\/ul>\n<p>Eksempel p\u00e5 standard brevmal.<\/p>\n<p><img loading=\"lazy\" decoding=\"async\" class=\"alignnone wp-image-22359 size-full\" src=\"https:\/\/files.teststeder.regjeringen.no\/wpuploads01\/blogs.dir\/337\/files\/2020\/10\/dept_brev.jpg\" alt=\"brevmal\" width=\"831\" height=\"632\" srcset=\"https:\/\/files.teststeder.regjeringen.no\/wpuploads01\/blogs.dir\/337\/files\/2020\/10\/dept_brev.jpg 831w, https:\/\/files.teststeder.regjeringen.no\/wpuploads01\/blogs.dir\/337\/files\/2020\/10\/dept_brev-300x228.jpg 300w, https:\/\/files.teststeder.regjeringen.no\/wpuploads01\/blogs.dir\/337\/files\/2020\/10\/dept_brev-768x584.jpg 768w, https:\/\/files.teststeder.regjeringen.no\/wpuploads01\/blogs.dir\/337\/files\/2020\/10\/dept_brev-400x304.jpg 400w, https:\/\/files.teststeder.regjeringen.no\/wpuploads01\/blogs.dir\/337\/files\/2020\/10\/dept_brev-800x608.jpg 800w\" sizes=\"auto, (max-width: 831px) 100vw, 831px\" \/><\/p>\n<p>&nbsp;<\/p>\n<p>Eksempel p\u00e5 notatmal: L\u00f8ven er 1cm h\u00f8y. Plassering og st\u00f8rrelse gjelder for alle kontordokumenter. Standardlogoens avstand fra venstre side kan variere fra andre maler. All tekst, unntatt logo, settes i Arial.<\/p>\n<figure id=\"attachment_25834\" style=\"max-width: 1360px;\" class=\"wp-caption alignnone size-full\"><img loading=\"lazy\" decoding=\"async\" class=\"wp-image-25834 \" src=\"https:\/\/files.teststeder.regjeringen.no\/wpuploads01\/sites\/337\/2022\/02\/notat_mal_2022.jpg\" alt=\"Notat illustasjon\" width=\"1360\" height=\"910\" srcset=\"https:\/\/files.teststeder.regjeringen.no\/wpuploads01\/sites\/337\/2022\/02\/notat_mal_2022.jpg 1360w, https:\/\/files.teststeder.regjeringen.no\/wpuploads01\/sites\/337\/2022\/02\/notat_mal_2022-300x201.jpg 300w, https:\/\/files.teststeder.regjeringen.no\/wpuploads01\/sites\/337\/2022\/02\/notat_mal_2022-1024x685.jpg 1024w, https:\/\/files.teststeder.regjeringen.no\/wpuploads01\/sites\/337\/2022\/02\/notat_mal_2022-768x514.jpg 768w, https:\/\/files.teststeder.regjeringen.no\/wpuploads01\/sites\/337\/2022\/02\/notat_mal_2022-432x288.jpg 432w, https:\/\/files.teststeder.regjeringen.no\/wpuploads01\/sites\/337\/2022\/02\/notat_mal_2022-1130x756.jpg 1130w, https:\/\/files.teststeder.regjeringen.no\/wpuploads01\/sites\/337\/2022\/02\/notat_mal_2022-400x268.jpg 400w, https:\/\/files.teststeder.regjeringen.no\/wpuploads01\/sites\/337\/2022\/02\/notat_mal_2022-800x535.jpg 800w, https:\/\/files.teststeder.regjeringen.no\/wpuploads01\/sites\/337\/2022\/02\/notat_mal_2022-1320x883.jpg 1320w\" sizes=\"auto, (max-width: 1360px) 100vw, 1360px\" \/><\/figure>\n\t\t<\/div>\n\t<\/div>\n\t<div class=\"hogan-expandable-list-item list-item\">\n\t\t<div class=\"anchor\" id=\"panel-0-1\">&nbsp;<\/div>\n\t\t<a href=\"#panel-0-1\">\n\t\t\t<div class=\"hogan-expandable-list-item-title\">Fellesbrev<\/div>\t\t\t<span><\/span>\n\t\t<\/a>\n\t\t<div aria-expanded=\"false\">\n\t\t\t<p>Der hvor to eller flere departementer \u00f8nsker \u00e5 skriv et fellesbrev finnes det en l\u00f8sning for dette hvor utformingen av formell logoen er noe annerledes. DSS har Wordmaler for denne l\u00f8sningen og disse kan sendes ut. Navnene til de departementer som er avsendere skrives inn under logoen i toppteksten av Wordmalen og korrekt avsenderinformasjonen skrives i bunnteksten.<\/p>\n<figure id=\"attachment_22361\" style=\"max-width: 831px;\" class=\"wp-caption alignnone size-full\"><img loading=\"lazy\" decoding=\"async\" class=\"alignnone  wp-image-22361\" src=\"https:\/\/files.teststeder.regjeringen.no\/wpuploads01\/blogs.dir\/337\/files\/2020\/10\/dept_fellesbrev.jpg\" alt=\"Eksempel p\u00e5 felles brevmal\" width=\"831\" height=\"632\" srcset=\"https:\/\/files.teststeder.regjeringen.no\/wpuploads01\/blogs.dir\/337\/files\/2020\/10\/dept_fellesbrev.jpg 831w, https:\/\/files.teststeder.regjeringen.no\/wpuploads01\/blogs.dir\/337\/files\/2020\/10\/dept_fellesbrev-300x228.jpg 300w, https:\/\/files.teststeder.regjeringen.no\/wpuploads01\/blogs.dir\/337\/files\/2020\/10\/dept_fellesbrev-768x584.jpg 768w, https:\/\/files.teststeder.regjeringen.no\/wpuploads01\/blogs.dir\/337\/files\/2020\/10\/dept_fellesbrev-400x304.jpg 400w, https:\/\/files.teststeder.regjeringen.no\/wpuploads01\/blogs.dir\/337\/files\/2020\/10\/dept_fellesbrev-800x608.jpg 800w\" sizes=\"auto, (max-width: 831px) 100vw, 831px\" \/><\/figure>\n\t\t<\/div>\n\t<\/div>\n\t<div class=\"hogan-expandable-list-item list-item\">\n\t\t<div class=\"anchor\" id=\"panel-0-2\">&nbsp;<\/div>\n\t\t<a href=\"#panel-0-2\">\n\t\t\t<div class=\"hogan-expandable-list-item-title\">Konvolutter<\/div>\t\t\t<span><\/span>\n\t\t<\/a>\n\t\t<div aria-expanded=\"false\">\n\t\t\t<p>Konvolutter trykkes i sort, p\u00e5 hvitt ubeskr\u00f8ket, svanemerket papir. \u00a0Adressen settes i Open Sans Regular, 8 pt. Konvolutter i alle st\u00f8rrelse bestiller du gjennom<a href=\"https:\/\/intra.dep.no\/depweb\/tjenester\/kontor-og-anskaffelser\/kontor-og-drift\/fellesavtale-for-kontorrekvisita\/id69518\/\"> Depweb.<\/a><\/p>\n<p><a href=\"https:\/\/files.teststeder.regjeringen.no\/wpuploads01\/sites\/337\/2024\/01\/Konvolutt-C5.png\"><img loading=\"lazy\" decoding=\"async\" class=\"alignnone wp-image-27365 size-medium-full\" src=\"https:\/\/files.teststeder.regjeringen.no\/wpuploads01\/sites\/337\/2024\/01\/Konvolutt-C5-800x566.png\" alt=\"\" width=\"800\" height=\"566\" srcset=\"https:\/\/files.teststeder.regjeringen.no\/wpuploads01\/sites\/337\/2024\/01\/Konvolutt-C5-800x566.png 800w, https:\/\/files.teststeder.regjeringen.no\/wpuploads01\/sites\/337\/2024\/01\/Konvolutt-C5-300x212.png 300w, https:\/\/files.teststeder.regjeringen.no\/wpuploads01\/sites\/337\/2024\/01\/Konvolutt-C5-1024x725.png 1024w, https:\/\/files.teststeder.regjeringen.no\/wpuploads01\/sites\/337\/2024\/01\/Konvolutt-C5-768x543.png 768w, https:\/\/files.teststeder.regjeringen.no\/wpuploads01\/sites\/337\/2024\/01\/Konvolutt-C5-1130x800.png 1130w, https:\/\/files.teststeder.regjeringen.no\/wpuploads01\/sites\/337\/2024\/01\/Konvolutt-C5-400x283.png 400w, https:\/\/files.teststeder.regjeringen.no\/wpuploads01\/sites\/337\/2024\/01\/Konvolutt-C5-1320x934.png 1320w, https:\/\/files.teststeder.regjeringen.no\/wpuploads01\/sites\/337\/2024\/01\/Konvolutt-C5.png 1399w\" sizes=\"auto, (max-width: 800px) 100vw, 800px\" \/><\/a><\/p>\n<p>&nbsp;<\/p>\n\t\t<\/div>\n\t<\/div>\n\t<div class=\"hogan-expandable-list-item list-item\">\n\t\t<div class=\"anchor\" id=\"panel-0-3\">&nbsp;<\/div>\n\t\t<a href=\"#panel-0-3\">\n\t\t\t<div class=\"hogan-expandable-list-item-title\">Visittkort<\/div>\t\t\t<span><\/span>\n\t\t<\/a>\n\t\t<div aria-expanded=\"false\">\n\t\t\t<p>Eksempel p\u00e5 to-sidig visittkort, med engelsk og norsk tekst p\u00e5 hver sin side. Visittkortene skal trykkes i sort, p\u00e5 hvitt ubeskr\u00f8ket, svanemerket papir.<\/p>\n<p><a class=\"button\" href=\"http:\/\/dep2print.u.dep.no\/login.aspx?ReturnUrl=%2f\">Bestill visittkort fra Dep2print<\/a><\/p>\n<figure id=\"attachment_6057\" style=\"max-width: 400px;\" class=\"wp-caption alignnone size-medium-half\"><a href=\"https:\/\/files.teststeder.regjeringen.no\/wpuploads01\/blogs.dir\/337\/files\/2019\/05\/visittkort.png\"><img loading=\"lazy\" decoding=\"async\" class=\"wp-image-6057 \" src=\"https:\/\/files.teststeder.regjeringen.no\/wpuploads01\/blogs.dir\/337\/files\/2019\/05\/visittkort-400x259.png\" alt=\"Visittkort med korrekt plassering av departementslogo og tekst. \" width=\"400\" height=\"259\" srcset=\"https:\/\/files.teststeder.regjeringen.no\/wpuploads01\/blogs.dir\/337\/files\/2019\/05\/visittkort-400x259.png 400w, https:\/\/files.teststeder.regjeringen.no\/wpuploads01\/blogs.dir\/337\/files\/2019\/05\/visittkort-300x194.png 300w, https:\/\/files.teststeder.regjeringen.no\/wpuploads01\/blogs.dir\/337\/files\/2019\/05\/visittkort-768x497.png 768w, https:\/\/files.teststeder.regjeringen.no\/wpuploads01\/blogs.dir\/337\/files\/2019\/05\/visittkort.png 800w\" sizes=\"auto, (max-width: 400px) 100vw, 400px\" \/><\/a><figcaption class=\"wp-caption-text\">Korrekt plassering av departementslogo og tekst.<\/figcaption><\/figure>\n<p>&nbsp;<\/p>\n\t\t<\/div>\n\t<\/div>\n<\/div><\/div>\n<div class=\"module module-was-this-helpful\">\n\t<div class=\"text-wrap\">\n\t\t<h2>Var dette nyttig?<\/h2>\n\t\t<form id=\"dekode-wth-form\">\n\t\t\t<button id=\"dekode-wth-yes\" class=\"button\" name=\"dekode-wth-feedback\" type=\"submit\"\n\t\t\t\t\tvalue=\"1\">Ja<\/button>\n\t\t\t<button id=\"dekode-wth-no\" class=\"button\" name=\"dekode-wth-feedback\" type=\"submit\"\n\t\t\t\t\tvalue=\"0\">Nei<\/button>\n\t\t\t<input type=\"hidden\" name=\"post_id\" value=\"231\"\/>\n\t\t<\/form>\n\t<\/div>\n<\/div>\n","protected":false},"excerpt":{"rendered":"<p>&nbsp; Wordmaler Maler for kontordokumenter velges fra fanen Dynamic Templates i Word eller direkte i Websak. \u00a0For departementer utenfor plattform, &#8230;<\/p>\n","protected":false},"author":533,"featured_media":10233,"parent":21,"menu_order":0,"comment_status":"closed","ping_status":"closed","template":"","meta":{"_acf_changed":false,"footnotes":""},"class_list":["post-231","page","type-page","status-publish","has-post-thumbnail","hentry"],"language":"nb-NO","acf":[],"_links":{"self":[{"href":"https:\/\/teststeder.regjeringen.no\/standarddesign\/wp-json\/wp\/v2\/pages\/231","targetHints":{"allow":["GET"]}}],"collection":[{"href":"https:\/\/teststeder.regjeringen.no\/standarddesign\/wp-json\/wp\/v2\/pages"}],"about":[{"href":"https:\/\/teststeder.regjeringen.no\/standarddesign\/wp-json\/wp\/v2\/types\/page"}],"author":[{"embeddable":true,"href":"https:\/\/teststeder.regjeringen.no\/standarddesign\/wp-json\/wp\/v2\/users\/533"}],"replies":[{"embeddable":true,"href":"https:\/\/teststeder.regjeringen.no\/standarddesign\/wp-json\/wp\/v2\/comments?post=231"}],"version-history":[{"count":3,"href":"https:\/\/teststeder.regjeringen.no\/standarddesign\/wp-json\/wp\/v2\/pages\/231\/revisions"}],"predecessor-version":[{"id":27367,"href":"https:\/\/teststeder.regjeringen.no\/standarddesign\/wp-json\/wp\/v2\/pages\/231\/revisions\/27367"}],"up":[{"embeddable":true,"href":"https:\/\/teststeder.regjeringen.no\/standarddesign\/wp-json\/wp\/v2\/pages\/21"}],"wp:featuredmedia":[{"embeddable":true,"href":"https:\/\/teststeder.regjeringen.no\/standarddesign\/wp-json\/wp\/v2\/media\/10233"}],"wp:attachment":[{"href":"https:\/\/teststeder.regjeringen.no\/standarddesign\/wp-json\/wp\/v2\/media?parent=231"}],"curies":[{"name":"wp","href":"https:\/\/api.w.org\/{rel}","templated":true}]}}