{"id":25,"date":"2018-11-19T16:37:11","date_gmt":"2018-11-19T15:37:11","guid":{"rendered":"https:\/\/nettsteder.regjeringen.no\/standarddesign\/?page_id=25"},"modified":"2023-01-10T12:43:19","modified_gmt":"2023-01-10T11:43:19","slug":"riksvapenet","status":"publish","type":"page","link":"https:\/\/teststeder.regjeringen.no\/standarddesign\/riksvapenet\/","title":{"rendered":"Riksv\u00e5penet"},"content":{"rendered":"<div id=\"module-0\" class=\"hogan-module hogan-module-banner hogan-module-0 hogan-banner-content-left hogan-module-width-full hogan-banner-theme-none-transparent hogan-banner-layout-full hogan-banner-text-left container-full-width\"><div class=\"hogan-module-inner banner-height-40 tagline-fontsize-16 heading-fontsize-48 content-fontsize-20\"><div class=\"hogan-banner\">\n\t<div class=\"hogan-banner-column hogan-banner-image hogan-banner-dim-image\">\n\t\t<img loading=\"lazy\" decoding=\"async\" width=\"1920\" height=\"436\" src=\"https:\/\/files.teststeder.regjeringen.no\/wpuploads01\/blogs.dir\/337\/files\/2021\/03\/5-riksv\u00e5pen-e1614602842207.jpg\" class=\"attachment-browser-full-width size-browser-full-width\" alt=\"\" srcset=\"https:\/\/files.teststeder.regjeringen.no\/wpuploads01\/blogs.dir\/337\/files\/2021\/03\/5-riksv\u00e5pen-e1614602842207.jpg 1920w, https:\/\/files.teststeder.regjeringen.no\/wpuploads01\/blogs.dir\/337\/files\/2021\/03\/5-riksv\u00e5pen-e1614602842207-300x68.jpg 300w, https:\/\/files.teststeder.regjeringen.no\/wpuploads01\/blogs.dir\/337\/files\/2021\/03\/5-riksv\u00e5pen-e1614602842207-1024x233.jpg 1024w, https:\/\/files.teststeder.regjeringen.no\/wpuploads01\/blogs.dir\/337\/files\/2021\/03\/5-riksv\u00e5pen-e1614602842207-768x174.jpg 768w, https:\/\/files.teststeder.regjeringen.no\/wpuploads01\/blogs.dir\/337\/files\/2021\/03\/5-riksv\u00e5pen-e1614602842207-1536x349.jpg 1536w, https:\/\/files.teststeder.regjeringen.no\/wpuploads01\/blogs.dir\/337\/files\/2021\/03\/5-riksv\u00e5pen-e1614602842207-1130x257.jpg 1130w, https:\/\/files.teststeder.regjeringen.no\/wpuploads01\/blogs.dir\/337\/files\/2021\/03\/5-riksv\u00e5pen-e1614602842207-400x91.jpg 400w, https:\/\/files.teststeder.regjeringen.no\/wpuploads01\/blogs.dir\/337\/files\/2021\/03\/5-riksv\u00e5pen-e1614602842207-800x182.jpg 800w, https:\/\/files.teststeder.regjeringen.no\/wpuploads01\/blogs.dir\/337\/files\/2021\/03\/5-riksv\u00e5pen-e1614602842207-1320x300.jpg 1320w\" sizes=\"auto, (max-width: 1920px) 100vw, 1920px\" \/>\t<\/div>\n\t\t\t<div class=\"hogan-banner-column hogan-banner-content\">\n\t\t\t<div class=\"hogan-banner-content-inner\">\n\t\t\t\t<div class=\"hogan-tagline\">Retningslinjer<\/div><h2 class=\"hogan-heading\">Riksv\u00e5penet<\/h2><p>Godkjente versjoner og korrekt bruk<\/p>\n\t\t\t<\/div>\n\t\t<\/div>\n\t<\/div>\n<\/div><\/div><div id=\"module-1\" class=\"hogan-module hogan-module-text hogan-module-1 text-wrap\"><div class=\"hogan-module-inner clearfix\"><p>Det norske riksv\u00e5penet er blant de eldste i Europa. Som de fleste slike v\u00e5pen var ogs\u00e5 det norske opprinnelig et personlig kongev\u00e5pen. V\u00e5penmerker ble f\u00f8rst tatt i bruk p\u00e5 1100-tallet p\u00e5 ridderrustninger for \u00e5 kunne skjelne venn fra fiende.<\/p>\n<p><a class=\"button\" href=\"mailto:40000@dss.dep.no\">Kontakt DSS for veiledning<\/a> <a class=\"button\" href=\"https:\/\/www.regjeringen.no\/contentassets\/ee8002d5442b41a2b38538e5467cb106\/166029-riksvapenet-2014-2_korrigert.pdf\">Utfyllende informasjon om riksv\u00e5penet (PDF)<\/a><\/p><\/div><\/div><div id=\"module-2\" class=\"hogan-module hogan-module-expandable_list hogan-module-2\"><div class=\"hogan-module-inner text-wrap list-items\">\t<div class=\"hogan-expandable-list-item list-item\">\n\t\t<div class=\"anchor\" id=\"panel-2-0\">&nbsp;<\/div>\n\t\t<a href=\"#panel-2-0\">\n\t\t\t<div class=\"hogan-expandable-list-item-title\">Godkjente versjoner av riksv\u00e5penet<\/div>\t\t\t<span><\/span>\n\t\t<\/a>\n\t\t<div aria-expanded=\"false\">\n\t\t\t<p><img loading=\"lazy\" decoding=\"async\" class=\"noOutline alignleft wp-image-5561 size-medium-full\" src=\"https:\/\/files.teststeder.regjeringen.no\/wpuploads01\/blogs.dir\/337\/files\/2019\/05\/5-versjoner800-800x492.jpg\" alt=\"\" width=\"800\" height=\"492\" srcset=\"https:\/\/files.teststeder.regjeringen.no\/wpuploads01\/blogs.dir\/337\/files\/2019\/05\/5-versjoner800.jpg 800w, https:\/\/files.teststeder.regjeringen.no\/wpuploads01\/blogs.dir\/337\/files\/2019\/05\/5-versjoner800-300x185.jpg 300w, https:\/\/files.teststeder.regjeringen.no\/wpuploads01\/blogs.dir\/337\/files\/2019\/05\/5-versjoner800-768x472.jpg 768w, https:\/\/files.teststeder.regjeringen.no\/wpuploads01\/blogs.dir\/337\/files\/2019\/05\/5-versjoner800-400x246.jpg 400w\" sizes=\"auto, (max-width: 800px) 100vw, 800px\" \/><\/p>\n\t\t<\/div>\n\t<\/div>\n\t<div class=\"hogan-expandable-list-item list-item\">\n\t\t<div class=\"anchor\" id=\"panel-2-1\">&nbsp;<\/div>\n\t\t<a href=\"#panel-2-1\">\n\t\t\t<div class=\"hogan-expandable-list-item-title\">Korrekt bruk av riksv\u00e5penet<\/div>\t\t\t<span><\/span>\n\t\t<\/a>\n\t\t<div aria-expanded=\"false\">\n\t\t\t<h3>Hvem kan bruke riksv\u00e5penet?<\/h3>\n<p><em>\u00abRiksv\u00e5benet m\u00e5 <strong>kun<\/strong> benyttes av Statens\u00a0myndigheter i ut\u00f8velsen av deres offentlige\u00a0virksomhet.\u00bb<\/em><\/p>\n<ul>\n<li>Hoffet<\/li>\n<li>Stortinget<\/li>\n<li>Regjeringen<\/li>\n<li>Departementene (herunder forsvaret og utenrikstjenesten)<\/li>\n<li>Domstolene<\/li>\n<li>Riksrevisjonen<\/li>\n<li>Statsforvalter<\/li>\n<\/ul>\n<p>Riksv\u00e5penet\u00a0kan stilles\u00a0sammen med fylkeskommunale og kommunale\u00a0v\u00e5pen dersom riksv\u00e5penet gis tydelig forrang.<\/p>\n<h2><\/h2>\n<h3><strong>Riksv\u00e5penet skal <em>ikke<\/em> brukes<\/strong><\/h3>\n<ul>\n<li>I\u00a0kommersiell sammenheng, i eller p\u00e5 suvenir eller\u00a0lignende<\/li>\n<li>Plassert sammen\u00a0med private eller kommersielle merker eller logo\u00a0p\u00e5 skilt, publikasjoner o.l.<\/li>\n<li>Som jakkemerke\u00a0eller lignende, unntatt som del av offentlig\u00a0tjenesteuniform.<\/li>\n<li>P\u00e5\u00a0visittkort<\/li>\n<li>P\u00e5\u00a0innbydelseskort med mindre en av f\u00f8lgende\u00a0personer er den som inviterer til et offisielt\u00a0arrangement:\n<ul>\n<li>Statsministeren eller regjeringens\u00a0\u00f8vrige medlemmer<\/li>\n<li>Stasjonssjef p\u00e5 norsk\u00a0utenriksstasjon<\/li>\n<li>Statsforvalter<\/li>\n<li>Stortingspresidenten<\/li>\n<li>H\u00f8yesterettsjustitiarius<\/li>\n<\/ul>\n<\/li>\n<li>I negativ versjon<\/li>\n<li>Riksv\u00e5penet skal normalt plasseres p\u00e5 hvit bakgrunn.<\/li>\n<\/ul>\n<h3>Bruk p\u00e5 bygningsfasader<\/h3>\n<p>Ved bruk av riksv\u00e5penet p\u00e5 bygningsfasader o.l. m\u00e5 plasseringen v\u00e6re respektfull og slik at riksv\u00e5penet gis forrang framfor andre eiermerker. I bygg hvor mer enn en statlig myndighet har virksomhet, skal riksv\u00e5penet kun brukes en gang \u2013 felles for de ulike statlige virksomhetene i bygget. P\u00e5 skilttavler over ulike virksomheter i kontorbygg skal riksv\u00e5penet st\u00e5 f\u00f8rst med en listing over statsinstitusjonene i bygget f\u00f8r eventuelle kommunale eller private merker.<\/p>\n<h3>Bruk p\u00e5 kj\u00f8ret\u00f8y i offentlig tjeneste<\/h3>\n<p>Statens motorvogner skal v\u00e6re merket p\u00e5 begge sider med Det Norske Riksv\u00e5pen, slik at det g\u00e5r tydelig fram at motorvognen eies av staten. I tilknytning til denne merkingen b\u00f8r ogs\u00e5 vedkommende etats (institusjons) navn v\u00e6re p\u00e5f\u00f8rt.\u00a0Riksv\u00e5penet monteres p\u00e5 begge sider, og slik at l\u00f8ven alltid vender forover. Merk ogs\u00e5 regler om riksv\u00e5penets plassering ifht annen tekst.\u00a0Gjelder ogs\u00e5 andre fremkomstmidler slik som el-sykkel, sykkel og b\u00e5t.<\/p>\n\t\t<\/div>\n\t<\/div>\n\t<div class=\"hogan-expandable-list-item list-item\">\n\t\t<div class=\"anchor\" id=\"panel-2-2\">&nbsp;<\/div>\n\t\t<a href=\"#panel-2-2\">\n\t\t\t<div class=\"hogan-expandable-list-item-title\">Korrekt plassering av riksv\u00e5penet og tilh\u00f8rende tekst<\/div>\t\t\t<span><\/span>\n\t\t<\/a>\n\t\t<div aria-expanded=\"false\">\n\t\t\t<h3>P\u00e5 brevark og andre trykte flater<\/h3>\n<p>Riksv\u00e5penet plasseres venstrestilt eller midtstilt; normalt skal ingen tekst eller andre elementer st\u00e5 h\u00f8yere enn kronens underkant. Samme prinsippet gjelder for plassering p\u00e5 alle andre trykkflater. Det er ogs\u00e5 mulig \u00e5 velge en sort-hvit versjon av riksv\u00e5penet.<\/p>\n<p><a href=\"https:\/\/files.teststeder.regjeringen.no\/wpuploads01\/blogs.dir\/337\/files\/2019\/05\/riks-plassering_brevark2.jpg\"><img loading=\"lazy\" decoding=\"async\" class=\"alignleft wp-image-5521 size-full\" src=\"https:\/\/files.teststeder.regjeringen.no\/wpuploads01\/blogs.dir\/337\/files\/2019\/05\/riks-plassering_brevark2.jpg\" alt=\"\" width=\"650\" height=\"271\" srcset=\"https:\/\/files.teststeder.regjeringen.no\/wpuploads01\/blogs.dir\/337\/files\/2019\/05\/riks-plassering_brevark2.jpg 650w, https:\/\/files.teststeder.regjeringen.no\/wpuploads01\/blogs.dir\/337\/files\/2019\/05\/riks-plassering_brevark2-300x125.jpg 300w, https:\/\/files.teststeder.regjeringen.no\/wpuploads01\/blogs.dir\/337\/files\/2019\/05\/riks-plassering_brevark2-400x167.jpg 400w\" sizes=\"auto, (max-width: 650px) 100vw, 650px\" \/><\/a><\/p>\n<p>&nbsp;<\/p>\n<h3><img loading=\"lazy\" decoding=\"async\" class=\"alignleft wp-image-5519 size-full\" src=\"https:\/\/files.teststeder.regjeringen.no\/wpuploads01\/blogs.dir\/337\/files\/2019\/05\/riks-plassering_brevark.jpg\" alt=\"\" width=\"650\" height=\"271\" srcset=\"https:\/\/files.teststeder.regjeringen.no\/wpuploads01\/blogs.dir\/337\/files\/2019\/05\/riks-plassering_brevark.jpg 650w, https:\/\/files.teststeder.regjeringen.no\/wpuploads01\/blogs.dir\/337\/files\/2019\/05\/riks-plassering_brevark-300x125.jpg 300w, https:\/\/files.teststeder.regjeringen.no\/wpuploads01\/blogs.dir\/337\/files\/2019\/05\/riks-plassering_brevark-400x167.jpg 400w\" sizes=\"auto, (max-width: 650px) 100vw, 650px\" \/><\/h3>\n<h3><\/h3>\n<h3><\/h3>\n<p>&nbsp;<\/p>\n<h3>P\u00e5 digitale flater<\/h3>\n<p>Samme prinsippet for plassering av riksv\u00e5penet gjelder ogs\u00e5 p\u00e5 digitale flater.<\/p>\n<p><img loading=\"lazy\" decoding=\"async\" class=\"noOutline alignnone wp-image-9813 size-full\" src=\"https:\/\/files.teststeder.regjeringen.no\/wpuploads01\/blogs.dir\/337\/files\/2019\/07\/digitale_flater.jpg\" alt=\"riksv\u00e5pen p\u00e5digital flater\" width=\"650\" height=\"271\" srcset=\"https:\/\/files.teststeder.regjeringen.no\/wpuploads01\/blogs.dir\/337\/files\/2019\/07\/digitale_flater.jpg 650w, https:\/\/files.teststeder.regjeringen.no\/wpuploads01\/blogs.dir\/337\/files\/2019\/07\/digitale_flater-300x125.jpg 300w, https:\/\/files.teststeder.regjeringen.no\/wpuploads01\/blogs.dir\/337\/files\/2019\/07\/digitale_flater-400x167.jpg 400w\" sizes=\"auto, (max-width: 650px) 100vw, 650px\" \/><\/p>\n<p>Riksv\u00e5penet skal normalt plasseres p\u00e5 hvit\u00a0bakgrunn og gjengis i en st\u00f8rrelse og filformat\u00a0som ivaretar kvaliteten til de grafiske detaljene.\u00a0Lyd med mouse-over eller klikk p\u00e5 riksv\u00e5penet\u00a0er ikke tillatt. Animering av riksv\u00e5penet er ikke\u00a0tillatt.<\/p>\n\t\t<\/div>\n\t<\/div>\n\t<div class=\"hogan-expandable-list-item list-item\">\n\t\t<div class=\"anchor\" id=\"panel-2-3\">&nbsp;<\/div>\n\t\t<a href=\"#panel-2-3\">\n\t\t\t<div class=\"hogan-expandable-list-item-title\">Stempel<\/div>\t\t\t<span><\/span>\n\t\t<\/a>\n\t\t<div aria-expanded=\"false\">\n\t\t\t<h2>Utforming som stempel<\/h2>\n<p>Ved bruk\u00a0av riksv\u00e5penet p\u00e5 runde embetsstempler, segl o.l., er den korrekte form enklest\u00a0\u00e5 beskrive ved \u00e5 sammenligne sirkelen med en\u00a0urskive: Teksten skal ikke begynne h\u00f8yere enn\u00a0ved kl. 13 og fortsette med urviseren til ikke\u00a0h\u00f8yere enn kl. 23.\u00a0 Heraldisk korrekt utforming inneb\u00e6rer ogs\u00e5\u00a0at foten p\u00e5 samtlige bokstaver skal vendes\u00a0inn mot sentrum av v\u00e5penet.<\/p>\n<p><img loading=\"lazy\" decoding=\"async\" class=\"noOutline alignleft wp-image-4855 size-full\" src=\"https:\/\/files.teststeder.regjeringen.no\/wpuploads01\/blogs.dir\/337\/files\/2019\/05\/stempel.jpg\" alt=\"stempel\" width=\"200\" height=\"200\" srcset=\"https:\/\/files.teststeder.regjeringen.no\/wpuploads01\/blogs.dir\/337\/files\/2019\/05\/stempel.jpg 200w, https:\/\/files.teststeder.regjeringen.no\/wpuploads01\/blogs.dir\/337\/files\/2019\/05\/stempel-150x150.jpg 150w\" sizes=\"auto, (max-width: 200px) 100vw, 200px\" \/><\/p>\n<p>&nbsp;<\/p>\n<p>&nbsp;<\/p>\n\t\t<\/div>\n\t<\/div>\n\t<div class=\"hogan-expandable-list-item list-item\">\n\t\t<div class=\"anchor\" id=\"panel-2-4\">&nbsp;<\/div>\n\t\t<a href=\"#panel-2-4\">\n\t\t\t<div class=\"hogan-expandable-list-item-title\">Farger<\/div>\t\t\t<span><\/span>\n\t\t<\/a>\n\t\t<div aria-expanded=\"false\">\n\t\t\t<h2><\/h2>\n<p>Riksv\u00e5penet i farger skal normalt trykkes p\u00e5 hvitt underlag. I trykksaker kan det bli n\u00f8dvendig \u00e5\u00a0justere fargeverdiene avhengig av underlaget\u00a0f.eks. ved bruk av bestr\u00f8ket\/ubestr\u00f8ket papir).<\/p>\n<p>I utgangspunktet er PMS verdiene slik:<br \/>\nR\u00f8d: 185C<br \/>\nGul: 115C<br \/>\nGull: 874C<\/p>\n<p>Ved gjengivelse av riksv\u00e5penet p\u00e5 trykk\u00a0kan det i tillegg\u00a0til r\u00f8dt brukes enten metalltinktur (gull og s\u00f8lv)\u00a0eller farger (gult og hvitt). Gull og s\u00f8lv b\u00f8r forbeholdes trykksaker av h\u00f8y teknisk kvalitet<\/p>\n<p>I store formater vil gull- og s\u00f8lvfolie kunne v\u00e6re\u00a0best egnet, men som erstatning kan anvendes\u00a0PMS 871C for gull og PMS 877 C for s\u00f8lv.\u00a0Ved trykking m\u00e5 det ikke brukes lavere\u00a0punktoppl\u00f8sning enn 300 dpi. Riksv\u00e5penet som\u00a0er brukt p\u00e5 A4 papir, for eksempel til brevark b\u00f8r\u00a0normalt ikke overstige 25,5 millimeter i h\u00f8yde.<\/p>\n<p>Dersom riksv\u00e5penet skal gjengis p\u00e5 glassflater skal variant III brukes i gr\u00e5tone som kan justeres i hvert tilfelle.<\/p>\n<p><a class=\"button\" href=\"mailto:40000@dss.dep.no\">Kontakt DSS for veiledning<\/a><\/p>\n<p>Fargeverdiene gir et utgangspunkt, men trykkresultatet m\u00e5 sammenlignes med fargene som er gjengitt i fargeviften, fordi flate, tekstur og andre faktorer kan p\u00e5virke fargegjengivelsen.<\/p>\n<p>&nbsp;<\/p>\n\t\t<\/div>\n\t<\/div>\n<\/div><\/div>\n<div class=\"module module-was-this-helpful\">\n\t<div class=\"text-wrap\">\n\t\t<h2>Var dette nyttig?<\/h2>\n\t\t<form id=\"dekode-wth-form\">\n\t\t\t<button id=\"dekode-wth-yes\" class=\"button\" name=\"dekode-wth-feedback\" type=\"submit\"\n\t\t\t\t\tvalue=\"1\">Ja<\/button>\n\t\t\t<button id=\"dekode-wth-no\" class=\"button\" name=\"dekode-wth-feedback\" type=\"submit\"\n\t\t\t\t\tvalue=\"0\">Nei<\/button>\n\t\t\t<input type=\"hidden\" name=\"post_id\" value=\"25\"\/>\n\t\t<\/form>\n\t<\/div>\n<\/div>\n","protected":false},"excerpt":{"rendered":"<p>RetningslinjerRiksv\u00e5penetGodkjente versjoner og korrekt bruk Det norske riksv\u00e5penet er blant de eldste i Europa. Som de fleste slike v\u00e5pen var &#8230;<\/p>\n","protected":false},"author":533,"featured_media":0,"parent":0,"menu_order":0,"comment_status":"closed","ping_status":"closed","template":"","meta":{"_acf_changed":false,"footnotes":""},"class_list":["post-25","page","type-page","status-publish","hentry"],"language":"nb-NO","acf":[],"_links":{"self":[{"href":"https:\/\/teststeder.regjeringen.no\/standarddesign\/wp-json\/wp\/v2\/pages\/25","targetHints":{"allow":["GET"]}}],"collection":[{"href":"https:\/\/teststeder.regjeringen.no\/standarddesign\/wp-json\/wp\/v2\/pages"}],"about":[{"href":"https:\/\/teststeder.regjeringen.no\/standarddesign\/wp-json\/wp\/v2\/types\/page"}],"author":[{"embeddable":true,"href":"https:\/\/teststeder.regjeringen.no\/standarddesign\/wp-json\/wp\/v2\/users\/533"}],"replies":[{"embeddable":true,"href":"https:\/\/teststeder.regjeringen.no\/standarddesign\/wp-json\/wp\/v2\/comments?post=25"}],"version-history":[{"count":3,"href":"https:\/\/teststeder.regjeringen.no\/standarddesign\/wp-json\/wp\/v2\/pages\/25\/revisions"}],"predecessor-version":[{"id":26543,"href":"https:\/\/teststeder.regjeringen.no\/standarddesign\/wp-json\/wp\/v2\/pages\/25\/revisions\/26543"}],"wp:attachment":[{"href":"https:\/\/teststeder.regjeringen.no\/standarddesign\/wp-json\/wp\/v2\/media?parent=25"}],"curies":[{"name":"wp","href":"https:\/\/api.w.org\/{rel}","templated":true}]}}