{"id":255,"date":"2018-11-20T10:09:50","date_gmt":"2018-11-20T09:09:50","guid":{"rendered":"https:\/\/nettsteder.regjeringen.no\/standarddesign\/?page_id=255"},"modified":"2024-09-03T13:22:40","modified_gmt":"2024-09-03T11:22:40","slug":"annonser","status":"publish","type":"page","link":"https:\/\/teststeder.regjeringen.no\/standarddesign\/maler\/annonser\/","title":{"rendered":"Annonser"},"content":{"rendered":"<div id=\"module-0\" class=\"hogan-module hogan-module-text hogan-module-0 text-wrap\"><div class=\"hogan-module-inner clearfix\"><h2>Digitale annonser<\/h2>\n<p>I digitale annonser p\u00e5 jobbnorge.no brukes kun l\u00f8ven i listevisning og standardlogo p\u00e5 annonsesiden.<\/p>\n<h3>Jobbnorge<\/h3>\n<p>DSS har p\u00e5 vegne av departementsfellesskapet inng\u00e5tt avtale med <a href=\"http:\/\/www.jobbnorge.no\">Jobbnorge<\/a> AS for rekrutteringssystem og mediebyr\u00e5tjenester for publisering og utforming av:<\/p>\n<ul>\n<li>kunngj\u00f8ringer<\/li>\n<li>s\u00e6rannonser<\/li>\n<li>fellesannonser<\/li>\n<\/ul>\n<h3 class=\"margin\">Finn.no<\/h3>\n<p>Det er inng\u00e5tt en avtale med Finn.no om annonsering m.v. <a href=\"https:\/\/intra.dep.no\/contentassets\/985ecf0f70de407286c02cf4e618ac56\/avtale-om-annonsering-og-andre-produkter---schibsted-2019-l338970.pdf\">Les avtalen her<\/a> (pdf)<\/p>\n<h3 class=\"margin\">DSS tjeneste Jobbport<\/h3>\n<p><a href=\"https:\/\/intra.dep.no\/depweb\/tjenester\/kontorstotte\/jobbport\/id15440\/\">DSS tjeneste Jobbport<\/a> ivaretar avtaleforvaltning innen rekrutterings- og stillingsutlysningsomr\u00e5det,\u00a0 samt ivaretar f\u00f8rstelinjetjeneste p\u00e5 rekrutteringssystemet som er valgt for departementsfellesskapet.<\/p>\n<h4 class=\"margin\">DSS avtaler og forvaltning av Jobbport<\/h4>\n<p>P\u00e5 vegne av departementsfellesskapet inng\u00e5r, reviderer og forvalter DSS <a href=\"https:\/\/intra.dep.no\/depweb\/tjenester\/kontorstotte\/jobbport\/forvaltning-jobbporttjenesten\/id243847\/\">avtale for elektronisk rekrutteringssystem.<\/a> DSS ivaretar ogs\u00e5 avtale med mediebyr\u00e5 for stillingsannonser og andre publiseringer.<\/p>\n<h3>1881<\/h3>\n<p>1881 tilbyr betalt profilering med logo. Kun l\u00f8ve skal benyttes.<\/p>\n<figure id=\"attachment_22845\" style=\"max-width: 1019px;\" class=\"wp-caption alignleft size-full\"><a href=\"https:\/\/files.teststeder.regjeringen.no\/wpuploads01\/blogs.dir\/337\/files\/2021\/01\/Skjermbilde.png\"><img loading=\"lazy\" decoding=\"async\" class=\"alignleft  wp-image-22845\" src=\"https:\/\/files.teststeder.regjeringen.no\/wpuploads01\/blogs.dir\/337\/files\/2021\/01\/Skjermbilde.png\" alt=\"\" width=\"1019\" height=\"828\" srcset=\"https:\/\/files.teststeder.regjeringen.no\/wpuploads01\/blogs.dir\/337\/files\/2021\/01\/Skjermbilde.png 1019w, https:\/\/files.teststeder.regjeringen.no\/wpuploads01\/blogs.dir\/337\/files\/2021\/01\/Skjermbilde-300x244.png 300w, https:\/\/files.teststeder.regjeringen.no\/wpuploads01\/blogs.dir\/337\/files\/2021\/01\/Skjermbilde-768x624.png 768w, https:\/\/files.teststeder.regjeringen.no\/wpuploads01\/blogs.dir\/337\/files\/2021\/01\/Skjermbilde-400x325.png 400w, https:\/\/files.teststeder.regjeringen.no\/wpuploads01\/blogs.dir\/337\/files\/2021\/01\/Skjermbilde-800x650.png 800w\" sizes=\"auto, (max-width: 1019px) 100vw, 1019px\" \/><\/a><\/figure>\n<h2><\/h2>\n<p>&nbsp;<\/p>\n<h2>Linkedin<\/h2>\n<p>DSS har laget annonsemal for bilder man kan poste p\u00e5 departementets Linkedin-side:<\/p>\n<p><a href=\"https:\/\/files.teststeder.regjeringen.no\/wpuploads01\/blogs.dir\/337\/files\/2019\/05\/LinkedinaASD.jpg\"><img loading=\"lazy\" decoding=\"async\" class=\"size-medium-full wp-image-5453\" src=\"https:\/\/files.teststeder.regjeringen.no\/wpuploads01\/blogs.dir\/337\/files\/2019\/05\/LinkedinaASD-800x643.jpg\" alt=\"\" width=\"800\" height=\"643\" srcset=\"https:\/\/files.teststeder.regjeringen.no\/wpuploads01\/blogs.dir\/337\/files\/2019\/05\/LinkedinaASD-800x643.jpg 800w, https:\/\/files.teststeder.regjeringen.no\/wpuploads01\/blogs.dir\/337\/files\/2019\/05\/LinkedinaASD-300x241.jpg 300w, https:\/\/files.teststeder.regjeringen.no\/wpuploads01\/blogs.dir\/337\/files\/2019\/05\/LinkedinaASD-768x617.jpg 768w, https:\/\/files.teststeder.regjeringen.no\/wpuploads01\/blogs.dir\/337\/files\/2019\/05\/LinkedinaASD-1024x823.jpg 1024w, https:\/\/files.teststeder.regjeringen.no\/wpuploads01\/blogs.dir\/337\/files\/2019\/05\/LinkedinaASD-1130x908.jpg 1130w, https:\/\/files.teststeder.regjeringen.no\/wpuploads01\/blogs.dir\/337\/files\/2019\/05\/LinkedinaASD-400x321.jpg 400w, https:\/\/files.teststeder.regjeringen.no\/wpuploads01\/blogs.dir\/337\/files\/2019\/05\/LinkedinaASD.jpg 1243w\" sizes=\"auto, (max-width: 800px) 100vw, 800px\" \/><\/a><\/p>\n<p><a class=\"button\" href=\"mailto:designprogrammet@dss.dep.no\">Kontakt DSS for Linkedin annonsemal<\/a><\/p>\n<p>&nbsp;<\/p>\n<h2 align=\"LEFT\">Avis- og trykte annonser<\/h2>\n<p>Modul velges etter tekstmengde og \u00f8nsket utseende.<\/p>\n<p><a class=\"button\" href=\"http:\/\/www.nada.no\/support\/lagenadaann\/modulkart6.php\">Modulkart\u00a0<\/a> <a class=\"button\" href=\"https:\/\/intra.dep.no\/depweb\/tjenester\/kontorstotte\/jobbport\/id15440\/\">Jobbporttjenesten<\/a><\/p>\n<figure id=\"attachment_3277\" style=\"max-width: 307px;\" class=\"wp-caption alignnone size-full\"><img loading=\"lazy\" decoding=\"async\" class=\"wp-image-3277 \" src=\"https:\/\/files.teststeder.regjeringen.no\/wpuploads01\/blogs.dir\/337\/files\/2019\/03\/annonsebredde-80.png\" alt=\"Eksempel oppsett avisannonse, bredde 80 mm\" width=\"307\" height=\"699\" srcset=\"https:\/\/files.teststeder.regjeringen.no\/wpuploads01\/blogs.dir\/337\/files\/2019\/03\/annonsebredde-80.png 307w, https:\/\/files.teststeder.regjeringen.no\/wpuploads01\/blogs.dir\/337\/files\/2019\/03\/annonsebredde-80-132x300.png 132w, https:\/\/files.teststeder.regjeringen.no\/wpuploads01\/blogs.dir\/337\/files\/2019\/03\/annonsebredde-80-300x683.png 300w\" sizes=\"auto, (max-width: 307px) 100vw, 307px\" \/><figcaption class=\"wp-caption-text\">Eksempel oppsett avisannonse, bredde 80 mm<\/figcaption><\/figure>\n<figure id=\"attachment_3279\" style=\"max-width: 555px;\" class=\"wp-caption alignnone size-full\"><img loading=\"lazy\" decoding=\"async\" class=\"wp-image-3279 \" src=\"https:\/\/files.teststeder.regjeringen.no\/wpuploads01\/blogs.dir\/337\/files\/2019\/03\/annonsebredde-148.png\" alt=\"Eksempel oppsett avisannonse, bredde 148 mm\" width=\"555\" height=\"732\" srcset=\"https:\/\/files.teststeder.regjeringen.no\/wpuploads01\/blogs.dir\/337\/files\/2019\/03\/annonsebredde-148.png 555w, https:\/\/files.teststeder.regjeringen.no\/wpuploads01\/blogs.dir\/337\/files\/2019\/03\/annonsebredde-148-227x300.png 227w, https:\/\/files.teststeder.regjeringen.no\/wpuploads01\/blogs.dir\/337\/files\/2019\/03\/annonsebredde-148-300x396.png 300w, https:\/\/files.teststeder.regjeringen.no\/wpuploads01\/blogs.dir\/337\/files\/2019\/03\/annonsebredde-148-400x528.png 400w\" sizes=\"auto, (max-width: 555px) 100vw, 555px\" \/><figcaption class=\"wp-caption-text\">Eksempel oppsett avisannonse, bredde 148 mm<\/figcaption><\/figure>\n<p>&nbsp;<\/p>\n<p>&nbsp;<\/p>\n<p>&nbsp;<\/p>\n<p class=\"tmce-column\"><\/div><\/div>\n<div class=\"module module-was-this-helpful\">\n\t<div class=\"text-wrap\">\n\t\t<h2>Var dette nyttig?<\/h2>\n\t\t<form id=\"dekode-wth-form\">\n\t\t\t<button id=\"dekode-wth-yes\" class=\"button\" name=\"dekode-wth-feedback\" type=\"submit\"\n\t\t\t\t\tvalue=\"1\">Ja<\/button>\n\t\t\t<button id=\"dekode-wth-no\" class=\"button\" name=\"dekode-wth-feedback\" type=\"submit\"\n\t\t\t\t\tvalue=\"0\">Nei<\/button>\n\t\t\t<input type=\"hidden\" name=\"post_id\" value=\"255\"\/>\n\t\t<\/form>\n\t<\/div>\n<\/div>\n","protected":false},"excerpt":{"rendered":"","protected":false},"author":533,"featured_media":5453,"parent":21,"menu_order":0,"comment_status":"closed","ping_status":"closed","template":"","meta":{"_acf_changed":false,"footnotes":""},"class_list":["post-255","page","type-page","status-publish","has-post-thumbnail","hentry"],"language":"nb-NO","acf":[],"_links":{"self":[{"href":"https:\/\/teststeder.regjeringen.no\/standarddesign\/wp-json\/wp\/v2\/pages\/255","targetHints":{"allow":["GET"]}}],"collection":[{"href":"https:\/\/teststeder.regjeringen.no\/standarddesign\/wp-json\/wp\/v2\/pages"}],"about":[{"href":"https:\/\/teststeder.regjeringen.no\/standarddesign\/wp-json\/wp\/v2\/types\/page"}],"author":[{"embeddable":true,"href":"https:\/\/teststeder.regjeringen.no\/standarddesign\/wp-json\/wp\/v2\/users\/533"}],"replies":[{"embeddable":true,"href":"https:\/\/teststeder.regjeringen.no\/standarddesign\/wp-json\/wp\/v2\/comments?post=255"}],"version-history":[{"count":25,"href":"https:\/\/teststeder.regjeringen.no\/standarddesign\/wp-json\/wp\/v2\/pages\/255\/revisions"}],"predecessor-version":[{"id":22857,"href":"https:\/\/teststeder.regjeringen.no\/standarddesign\/wp-json\/wp\/v2\/pages\/255\/revisions\/22857"}],"up":[{"embeddable":true,"href":"https:\/\/teststeder.regjeringen.no\/standarddesign\/wp-json\/wp\/v2\/pages\/21"}],"wp:featuredmedia":[{"embeddable":true,"href":"https:\/\/teststeder.regjeringen.no\/standarddesign\/wp-json\/wp\/v2\/media\/5453"}],"wp:attachment":[{"href":"https:\/\/teststeder.regjeringen.no\/standarddesign\/wp-json\/wp\/v2\/media?parent=255"}],"curies":[{"name":"wp","href":"https:\/\/api.w.org\/{rel}","templated":true}]}}