{"id":415,"date":"2018-11-21T12:26:45","date_gmt":"2018-11-21T11:26:45","guid":{"rendered":"https:\/\/nettsteder.regjeringen.no\/standarddesign\/?page_id=415"},"modified":"2023-01-12T09:01:10","modified_gmt":"2023-01-12T08:01:10","slug":"universell-utforming","status":"publish","type":"page","link":"https:\/\/teststeder.regjeringen.no\/standarddesign\/universell-utforming\/","title":{"rendered":"Universell utforming"},"content":{"rendered":"<div id=\"module-0\" class=\"hogan-module hogan-module-banner hogan-module-0 hogan-banner-content-left hogan-module-width-full hogan-banner-theme-none-transparent hogan-banner-layout-full hogan-banner-text-left container-full-width\"><div class=\"hogan-module-inner banner-height-40 tagline-fontsize-16 heading-fontsize-48 content-fontsize-22\"><div class=\"hogan-banner\">\n\t<div class=\"hogan-banner-column hogan-banner-image hogan-banner-dim-image\">\n\t\t<img loading=\"lazy\" decoding=\"async\" width=\"1920\" height=\"680\" src=\"https:\/\/files.teststeder.regjeringen.no\/wpuploads01\/blogs.dir\/337\/files\/2021\/03\/uu-banner.jpg\" class=\"attachment-browser-full-width size-browser-full-width\" alt=\"\" srcset=\"https:\/\/files.teststeder.regjeringen.no\/wpuploads01\/blogs.dir\/337\/files\/2021\/03\/uu-banner.jpg 1920w, https:\/\/files.teststeder.regjeringen.no\/wpuploads01\/blogs.dir\/337\/files\/2021\/03\/uu-banner-300x106.jpg 300w, https:\/\/files.teststeder.regjeringen.no\/wpuploads01\/blogs.dir\/337\/files\/2021\/03\/uu-banner-1024x363.jpg 1024w, https:\/\/files.teststeder.regjeringen.no\/wpuploads01\/blogs.dir\/337\/files\/2021\/03\/uu-banner-768x272.jpg 768w, https:\/\/files.teststeder.regjeringen.no\/wpuploads01\/blogs.dir\/337\/files\/2021\/03\/uu-banner-1536x544.jpg 1536w, https:\/\/files.teststeder.regjeringen.no\/wpuploads01\/blogs.dir\/337\/files\/2021\/03\/uu-banner-1130x400.jpg 1130w, https:\/\/files.teststeder.regjeringen.no\/wpuploads01\/blogs.dir\/337\/files\/2021\/03\/uu-banner-400x142.jpg 400w, https:\/\/files.teststeder.regjeringen.no\/wpuploads01\/blogs.dir\/337\/files\/2021\/03\/uu-banner-800x283.jpg 800w, https:\/\/files.teststeder.regjeringen.no\/wpuploads01\/blogs.dir\/337\/files\/2021\/03\/uu-banner-1320x468.jpg 1320w\" sizes=\"auto, (max-width: 1920px) 100vw, 1920px\" \/>\t<\/div>\n\t\t\t<div class=\"hogan-banner-column hogan-banner-content\">\n\t\t\t<div class=\"hogan-banner-content-inner\">\n\t\t\t\t<h2 class=\"hogan-heading\">Universell utforming<\/h2><p>Universell utforming (uu) handler om \u00e5 gi alle mennesker mulighet til \u00e5 ta del i informasjon og tjenester. <\/p>\n\t\t\t<\/div>\n\t\t<\/div>\n\t<\/div>\n<\/div><\/div><div id=\"module-1\" class=\"hogan-module hogan-module-text hogan-module-1 text-wrap\"><div class=\"hogan-module-inner clearfix\"><h3>Krav til universell utforming<\/h3>\n<p><a href=\"https:\/\/www.regjeringen.no\/no\/dokumenter\/forskrift-om-universell-utforming-av-inf\/id731520\/\">Diskriminerings- og tilgjengelighetsloven \u00a7 11<\/a> stiller krav om universell utforming av Informasjons- og kommunikasjonstjenester (IKT) til offentlige og private virksomheter og baserer seg p\u00e5 <a href=\"https:\/\/www.w3.org\/TR\/WCAG20\/\">Web Content Accessibility Guideline<\/a> (WCAG) 2.1 niv\u00e5 A og AA med enkelte unntak.<\/p><\/div><\/div><div id=\"module-2\" class=\"hogan-module hogan-module-expandable_list hogan-module-2\"><div class=\"hogan-module-inner text-wrap list-items\">\t<div class=\"hogan-expandable-list-item list-item\">\n\t\t<div class=\"anchor\" id=\"panel-2-0\">&nbsp;<\/div>\n\t\t<a href=\"#panel-2-0\">\n\t\t\t<div class=\"hogan-expandable-list-item-title\">Nettsteder<\/div>\t\t\t<span><\/span>\n\t\t<\/a>\n\t\t<div aria-expanded=\"false\">\n\t\t\t<p>Etter krav fra\u00a0<a href=\"https:\/\/www.uutilsynet.no\/veiledning\/tilgjengelighetserklaering\/1127\">UU-tilsynet<\/a>\u00a0m\u00e5 alle offentlige virksomheters nettsteder ha en utfylt tilgjengelighetserkl\u00e6ring publisert innen 1. februar 2023. Har du bestilt nettsted hos DSS, kan du lese om testing, utfylling og ofte stilte sp\u00f8rsm\u00e5l her:<\/p>\n<p><a class=\"button\" href=\"https:\/\/teststeder.regjeringen.no\/krav-om-tilgjengelighetserklering\/\">Krav om tilgjengelighetserkl\u00e6ring \u2013 Nettsteder for regjeringen.no<\/a><\/p>\n<h3>Loven<\/h3>\n<p><a href=\"https:\/\/lovdata.no\/dokument\/SF\/forskrift\/2013-06-21-732?q=Forskrift%20om%20universell%20utforming%20av*\">Forskrift om universell utforming av IKT-l\u00f8sninger<\/a> gjelder alle nettjenester og apper som er rettet mot allmennheten, b\u00e5de i privat og offentlig sektor. Offentlig sektor skal totalt f\u00f8lge 47 av 78 suksesskriterier i <a href=\"https:\/\/www.uutilsynet.no\/fremtidig-regelverk\/wcag-21-standarden\/140\">WCAG 2.1-standarden.<\/a><\/p>\n<p>Etter krav fra UU-tilsynet m\u00e5 alle offentlige virksomheters nettsteder ha en utfylt <a href=\"https:\/\/www.uutilsynet.no\/veiledning\/tilgjengelighetserklaering\/1127\">tilgjengelighetserkl\u00e6ring<\/a> publisert innen 1. februar 2023. Denne erkl\u00e6ringen er basert p\u00e5 <a href=\"https:\/\/www.uutilsynet.no\/wcag-standarden\/wcag-20-standarden\/86\">kravene til universell utforming beskrevet i WCAG 2.0-standarden<\/a>.<\/p>\n<h3>E-l\u00e6ringskurs<\/h3>\n<p>P\u00e5 L\u00e6ringsplatformen kan du finne <a href=\"https:\/\/laeringsplattformen.difi.no\/kurs\/991825827\/universell-utforming-e-laeringskurs-nettredaktorer-og-skribenter\">E-l\u00e6ringskurs om universell utforming<\/a> for nettredakt\u00f8rer og skribenter. Kurset finnes i 2 versjoner en full versjon p\u00e5 ca. 45 minutter og en kortversjon p\u00e5 ca. 27 minutter. Kurset inneholder f\u00f8lgende:<\/p>\n<ul>\n<li>Del 1 gir en innf\u00f8ring i hvorfor vi m\u00e5 jobbe med uu, og du m\u00f8ter to eksperter p\u00e5 omr\u00e5det som gir r\u00e5d og tips (begge kurs).<\/li>\n<li>Del 2 forklarer hva du m\u00e5 tenke p\u00e5 og hvordan du gj\u00f8r det n\u00e5r du legger ut innhold p\u00e5 nettsidene dine (begge kurs).<\/li>\n<li>Del 3 viser enkle metoder for hvordan du kan sjekke uu-status p\u00e5 eget nettsted (kun fullversjon).<\/li>\n<li>Del 4 inneholder ressurser til mer l\u00e6restoff med lenker til blant annet uu.difi.no og verkt\u00f8y du kan bruke (kun fullversjon).<\/li>\n<\/ul>\n\t\t<\/div>\n\t<\/div>\n\t<div class=\"hogan-expandable-list-item list-item\">\n\t\t<div class=\"anchor\" id=\"panel-2-1\">&nbsp;<\/div>\n\t\t<a href=\"#panel-2-1\">\n\t\t\t<div class=\"hogan-expandable-list-item-title\">PDF<\/div>\t\t\t<span><\/span>\n\t\t<\/a>\n\t\t<div aria-expanded=\"false\">\n\t\t\t<h2>Krav til universell utforming av PDF-dokumenter<\/h2>\n<p>WCAG er teknikkuavhengig, og har egne l\u00f8sningsforslag for PDF-formatet for \u00e5 oppfylle kriteriene. I f\u00f8lge <a href=\"https:\/\/www.uutilsynet.no\/\">UU-tilsynet <\/a>omfattes PDF-dokumenter som publiseres via et nettsted ogs\u00e5 av forskrift om universell utforming, s\u00e5 fremt fullversjonen av dokumentet ikke er tilgjengelig i annet format.<\/p>\n<h3>Hva er en universelt utformet PDF-fil?<\/h3>\n<p>En universelt utformet PDF-fil er et dokument konstruert slik at flest mulig kan tilegne seg informasjonen i det. Dette inneb\u00e6rer:<\/p>\n<ul>\n<li>Utseendet m\u00e5 v\u00e6re universelt utformet, deriblant fargekombinasjoner med gode kontraster, god typografi og tiltalende utseende.<\/li>\n<li>Innholdet v\u00e6re universelt utformet.<\/li>\n<li>Tekstene m\u00e5 v\u00e6re skrevet slik at de er enkle \u00e5 forst\u00e5.<\/li>\n<li>Tekstene b\u00f8r suppleres med bilder, illustrasjoner og eksempler for \u00e5 gj\u00f8re det enklere for leserne.<\/li>\n<li>PDF-filen m\u00e5 v\u00e6re korrekt oppbygd. Det vil si at innholdet m\u00e5 v\u00e6re merket opp korrekt, strukturen m\u00e5 v\u00e6re god og de grafiske elementene m\u00e5 ha en beskrivelse.<\/li>\n<\/ul>\n<h3>Tilrettelegging for bruk av hjelpemidler<\/h3>\n<p>Personer med kraftige synsproblemer benytter forskjellige hjelpemidler som for eksempel talesyntese og\/eller en leselist som gj\u00f8r at brukeren kan lytte og lese nettstedets innhold.<\/p>\n<p>For at hjelpemidlene skal fungere, kreves at innholdet legges inn riktig med for eksempel overskrifter, alt-tekster og tabelloverskrifter. Strukturen i et PDF-dokument er oppbygd av s\u00e5kalte koder. Uten kodene vil mange hjelpemidler ikke kunne gjengi informasjon til brukeren og dokumentet blir helt ubrukelig.<\/p>\n<p>Et dokument som er strukturert og kodet gj\u00f8r det mulig for hjelpemiddelet \u00e5:<\/p>\n<ul>\n<li>Presentere innholdet i rett rekkef\u00f8lge<\/li>\n<li>Skille mellom overskrifter, mellomtitler og l\u00f8pende tekst<\/li>\n<li>Identifisere lister, tabeller og bildebeskrivelser<\/li>\n<li>S\u00f8ke etter og identifisere overskrifter, lenker, lister, tabeller, skjema og bilder<\/li>\n<li>Skape lenkelister og overskriftslister for \u00e5 f\u00e5 overblikk over dokumentet<\/li>\n<li>Navigere mellom lenker og skjemafelt med \u00abTAB\u00bb-tasten, det vil si uten mus<\/li>\n<li>Lese opp beskrivelser av bilder og andre grafiske objekt<\/li>\n<li>Lese opp beskrivelser av skjemafelt og avkrysningsbokser<\/li>\n<\/ul>\n<p>DSS tilbyr stilbaserte publiseringsmaler i Word som sikrer smidig konvertering til PDF (samt HTML og EPUB) p\u00e5 regjeringen.no. Malene har predefinerte stiler, slik at du som forfatter kan strukturere dokumentet riktig.<\/p>\n<p><a class=\"button\" href=\"https:\/\/teststeder.regjeringen.no\/standarddesign\/maler\/publikasjoner\/\">Les om fellespubliseringsmal<\/a><\/p>\n<h4>Kravunderlag for universell utforming av PDF-dokumenter til regjeringen.no<\/h4>\n<p>DSS tilbyr et kravunderlag med sjekkpunkter for universell utforming av PDF-dokumenter til regjeringen.no. Dokumentet er utarbeidet av Funka Nu AB. Kravunderlaget omfatter b\u00e5de krav og anbefalinger.<\/p>\n<p><a class=\"button\" href=\"https:\/\/files.teststeder.regjeringen.no\/wpuploads01\/blogs.dir\/337\/files\/2018\/11\/Kravunderlag-for-u_u-m-sjekkliste-2017.pdf\">Last ned sjekkpunkter for UU av PDF-dokumenter<\/a><\/p>\n<p>&nbsp;<\/p>\n<h2>Relevante lenker<\/h2>\n<p><a href=\"http:\/\/www.w3.org\/Translations\/WCAG20-no-20110926\/\">Norsk oversettelse av WCAG 2.0 (W3C)<\/a><br \/>\n<a href=\"https:\/\/lovdata.no\/dokument\/LTI\/lov\/2008-06-20-42\">Diskriminerings- og tilgjengelighetsloven (Lovdata)<\/a><br \/>\n<a href=\"https:\/\/lovdata.no\/dokument\/SF\/forskrift\/2013-06-21-732\">Forskriften for DTL paragraf 11, universell utforming av IKT (Lovdata)<\/a><\/p>\n<p><a href=\"https:\/\/files.teststeder.regjeringen.no\/wpuploads01\/blogs.dir\/337\/files\/2018\/11\/KMD_Hefte_om_fornying_UU.pdf\">Offentlig sektor fornyes, forenkles og forbedres (PDF 2MB)<\/a><\/p>\n\t\t<\/div>\n\t<\/div>\n<\/div><\/div>\n<div class=\"module module-was-this-helpful\">\n\t<div class=\"text-wrap\">\n\t\t<h2>Var dette nyttig?<\/h2>\n\t\t<form id=\"dekode-wth-form\">\n\t\t\t<button id=\"dekode-wth-yes\" class=\"button\" name=\"dekode-wth-feedback\" type=\"submit\"\n\t\t\t\t\tvalue=\"1\">Ja<\/button>\n\t\t\t<button id=\"dekode-wth-no\" class=\"button\" name=\"dekode-wth-feedback\" type=\"submit\"\n\t\t\t\t\tvalue=\"0\">Nei<\/button>\n\t\t\t<input type=\"hidden\" name=\"post_id\" value=\"415\"\/>\n\t\t<\/form>\n\t<\/div>\n<\/div>\n","protected":false},"excerpt":{"rendered":"<p>Universell utforming (uu) handler om \u00e5 gi alle mennesker mulighet til \u00e5 ta del i informasjon og tjenester.<\/p>\n","protected":false},"author":533,"featured_media":0,"parent":0,"menu_order":0,"comment_status":"closed","ping_status":"closed","template":"","meta":{"_acf_changed":false,"footnotes":""},"class_list":["post-415","page","type-page","status-publish","hentry"],"language":"nb-NO","acf":[],"_links":{"self":[{"href":"https:\/\/teststeder.regjeringen.no\/standarddesign\/wp-json\/wp\/v2\/pages\/415","targetHints":{"allow":["GET"]}}],"collection":[{"href":"https:\/\/teststeder.regjeringen.no\/standarddesign\/wp-json\/wp\/v2\/pages"}],"about":[{"href":"https:\/\/teststeder.regjeringen.no\/standarddesign\/wp-json\/wp\/v2\/types\/page"}],"author":[{"embeddable":true,"href":"https:\/\/teststeder.regjeringen.no\/standarddesign\/wp-json\/wp\/v2\/users\/533"}],"replies":[{"embeddable":true,"href":"https:\/\/teststeder.regjeringen.no\/standarddesign\/wp-json\/wp\/v2\/comments?post=415"}],"version-history":[{"count":4,"href":"https:\/\/teststeder.regjeringen.no\/standarddesign\/wp-json\/wp\/v2\/pages\/415\/revisions"}],"predecessor-version":[{"id":26589,"href":"https:\/\/teststeder.regjeringen.no\/standarddesign\/wp-json\/wp\/v2\/pages\/415\/revisions\/26589"}],"wp:attachment":[{"href":"https:\/\/teststeder.regjeringen.no\/standarddesign\/wp-json\/wp\/v2\/media?parent=415"}],"curies":[{"name":"wp","href":"https:\/\/api.w.org\/{rel}","templated":true}]}}