{"id":5955,"date":"2019-05-23T08:54:06","date_gmt":"2019-05-23T06:54:06","guid":{"rendered":"https:\/\/nettsteder.regjeringen.no\/standarddesign\/?page_id=5955"},"modified":"2025-02-03T16:17:08","modified_gmt":"2025-02-03T15:17:08","slug":"skilt","status":"publish","type":"page","link":"https:\/\/teststeder.regjeringen.no\/standarddesign\/maler\/skilt\/","title":{"rendered":"Skilt og foliering"},"content":{"rendered":"<div id=\"module-0\" class=\"hogan-module hogan-module-text hogan-module-0 text-wrap\"><div class=\"hogan-module-inner clearfix\"><p>All skilting skal v\u00e6re i tr\u00e5d med vedtatt grafisk design. Skiltingen kan bestilles via\u00a0DIO support.<\/p>\n<h3><strong>Ekstern fellesskilting<\/strong><\/h3>\n<p>Bygningene skiltes utvendig med riksv\u00e5penet ved hovedinnganger. Skiltet kan enten v\u00e6re veggmontert eller frittst\u00e5ende p\u00e5 bakken.<\/p>\n<h3><strong>Intern fellesskilting<\/strong><\/h3>\n<p>Interne skiltsystemer varierer noe fra bygg til bygg. I de fleste bygg er det brukt glassplater med foliert eller printet tekst. P\u00e5 d\u00f8rene til kontorer og m\u00f8terom er det som oftest papirskilt dekket av glass eller pleksiglass.<\/p>\n<p>Ved behov for spesielle skilt kan designprogrammet gi r\u00e5d om utforming.\u00a0I alle tilfeller kan DepMedia v\u00e6re behjelpelig med \u00e5 oppdatere skilt som allerede st\u00e5r. Ta kontakt med DIO support.<\/p>\n<h3><strong>Foliering<\/strong><\/h3>\n<p>Foliering av glassvegger kan enten v\u00e6re i form av enkel sikkerhetsfoliering eller mer avansert bruk av departementenes egne profilelementer. DSS v\/designprogrammet kan bist\u00e5 med utforming og bestilling. Ta kontakt med DIO support.<\/p>\n<h3><strong>D\u00f8rskilt<\/strong><\/h3>\n<p>D\u00f8rskilt ivaretas gjennom ombordskjemaet og kan bestilles p\u00e5 Depweb.<\/p>\n<p>&nbsp;<\/p><\/div><\/div>\n<div class=\"module module-was-this-helpful\">\n\t<div class=\"text-wrap\">\n\t\t<h2>Var dette nyttig?<\/h2>\n\t\t<form id=\"dekode-wth-form\">\n\t\t\t<button id=\"dekode-wth-yes\" class=\"button\" name=\"dekode-wth-feedback\" type=\"submit\"\n\t\t\t\t\tvalue=\"1\">Ja<\/button>\n\t\t\t<button id=\"dekode-wth-no\" class=\"button\" name=\"dekode-wth-feedback\" type=\"submit\"\n\t\t\t\t\tvalue=\"0\">Nei<\/button>\n\t\t\t<input type=\"hidden\" name=\"post_id\" value=\"5955\"\/>\n\t\t<\/form>\n\t<\/div>\n<\/div>\n","protected":false},"excerpt":{"rendered":"<p>All skilting skal v\u00e6re i tr\u00e5d med vedtatt grafisk design. Skiltingen kan bestilles via\u00a0DIO support. Ekstern fellesskilting Bygningene skiltes utvendig &#8230;<\/p>\n","protected":false},"author":357,"featured_media":0,"parent":21,"menu_order":0,"comment_status":"closed","ping_status":"closed","template":"","meta":{"_acf_changed":false,"footnotes":""},"class_list":["post-5955","page","type-page","status-publish","hentry"],"language":"nb-NO","acf":[],"_links":{"self":[{"href":"https:\/\/teststeder.regjeringen.no\/standarddesign\/wp-json\/wp\/v2\/pages\/5955","targetHints":{"allow":["GET"]}}],"collection":[{"href":"https:\/\/teststeder.regjeringen.no\/standarddesign\/wp-json\/wp\/v2\/pages"}],"about":[{"href":"https:\/\/teststeder.regjeringen.no\/standarddesign\/wp-json\/wp\/v2\/types\/page"}],"author":[{"embeddable":true,"href":"https:\/\/teststeder.regjeringen.no\/standarddesign\/wp-json\/wp\/v2\/users\/357"}],"replies":[{"embeddable":true,"href":"https:\/\/teststeder.regjeringen.no\/standarddesign\/wp-json\/wp\/v2\/comments?post=5955"}],"version-history":[{"count":4,"href":"https:\/\/teststeder.regjeringen.no\/standarddesign\/wp-json\/wp\/v2\/pages\/5955\/revisions"}],"predecessor-version":[{"id":27939,"href":"https:\/\/teststeder.regjeringen.no\/standarddesign\/wp-json\/wp\/v2\/pages\/5955\/revisions\/27939"}],"up":[{"embeddable":true,"href":"https:\/\/teststeder.regjeringen.no\/standarddesign\/wp-json\/wp\/v2\/pages\/21"}],"wp:attachment":[{"href":"https:\/\/teststeder.regjeringen.no\/standarddesign\/wp-json\/wp\/v2\/media?parent=5955"}],"curies":[{"name":"wp","href":"https:\/\/api.w.org\/{rel}","templated":true}]}}