{"id":6707,"date":"2019-06-18T10:27:03","date_gmt":"2019-06-18T08:27:03","guid":{"rendered":"https:\/\/nettsteder.regjeringen.no\/standarddesign\/?page_id=6707"},"modified":"2023-10-19T14:25:42","modified_gmt":"2023-10-19T12:25:42","slug":"om-designprogrammet","status":"publish","type":"page","link":"https:\/\/teststeder.regjeringen.no\/standarddesign\/om-designprogrammet\/","title":{"rendered":"Om designprogram for departementene"},"content":{"rendered":"<div id=\"module-0\" class=\"hogan-module hogan-module-text hogan-module-0 text-wrap\"><div class=\"hogan-module-inner clearfix\"><p>Designprogrammet er forankret i <a href=\"https:\/\/lovdata.no\/dokument\/DEL\/forskrift\/2015-06-12-649?q=2015%20hefte%206\">Kongelig resolusjon<\/a> og revidert av DSS i 2015 i samarbeid med designbyr\u00e5et Creuna p\u00e5 oppdrag for Kommunal- og moderniseringsdepartementet.<\/p>\n<p>Designprogrammet setter design i system med fokus p\u00e5 bruker. Designl\u00f8sningene er basert p\u00e5\u00a0 utvikling og testing, dagens og framtidens teknologiforst\u00e5else, og ikke minst form og funksjonalitet.\u00a0Designprogrammet skal sikre konsekvent bruk av departementenes maler, logoer og farger og im\u00f8tekommer krav til<a href=\"https:\/\/teststeder.regjeringen.no\/standarddesign\/universell-utforming\/\"> universell utforming:<\/a><\/p>\n<ul type=\"disc\">\n<li>helhetlig visuell profil med autoritet<\/li>\n<li>effektiv implementering og forvaltning<\/li>\n<\/ul>\n<p><a class=\"button\" href=\"mailto:40000@dss.dep.no\">Kontakt DSS for maler og logoer<\/a><\/p>\n<h3>Design.dep.no<\/h3>\n<p>Design.dep.no er et verkt\u00f8y for alle som jobber med kommunikasjon i og for departementene. Her finner du <a style=\"font-weight: inherit;\" href=\"https:\/\/teststeder.regjeringen.no\/standarddesign\/designprogrammet\/\">overordnet designprogram<\/a>, samt<a style=\"font-weight: inherit;\" href=\"https:\/\/teststeder.regjeringen.no\/standarddesign\/profiler\/\">\u00a0departementenes supplerende\u00a0designprofiler\u00a0<\/a>for bruk i digitale og trykte medier. Vi h\u00e5per nettstedet vil bli et nyttig verkt\u00f8y i ditt daglige arbeid. Har du innspill eller sp\u00f8rsm\u00e5l, ta kontakt med <a style=\"font-weight: inherit;\" href=\"mailto:hild.mowinckel@dss.dep.no\">DSS<\/a>.<\/p>\n<p><span style=\"color: #808080; font-size: 16pt;\">TIDL\u00d8S I TIDEN \u00a0\u2013 \u00a0HELHETLIG OG SAMORDNET<\/span><\/p><\/div><\/div>\n<div class=\"module module-was-this-helpful\">\n\t<div class=\"text-wrap\">\n\t\t<h2>Var dette nyttig?<\/h2>\n\t\t<form id=\"dekode-wth-form\">\n\t\t\t<button id=\"dekode-wth-yes\" class=\"button\" name=\"dekode-wth-feedback\" type=\"submit\"\n\t\t\t\t\tvalue=\"1\">Ja<\/button>\n\t\t\t<button id=\"dekode-wth-no\" class=\"button\" name=\"dekode-wth-feedback\" type=\"submit\"\n\t\t\t\t\tvalue=\"0\">Nei<\/button>\n\t\t\t<input type=\"hidden\" name=\"post_id\" value=\"6707\"\/>\n\t\t<\/form>\n\t<\/div>\n<\/div>\n","protected":false},"excerpt":{"rendered":"<p>Designprogrammet er forankret i Kongelig resolusjon og revidert av DSS i 2015 i samarbeid med designbyr\u00e5et Creuna p\u00e5 oppdrag for &#8230;<\/p>\n","protected":false},"author":357,"featured_media":0,"parent":0,"menu_order":0,"comment_status":"closed","ping_status":"closed","template":"","meta":{"_acf_changed":false,"footnotes":""},"class_list":["post-6707","page","type-page","status-publish","hentry"],"language":"nb-NO","acf":[],"_links":{"self":[{"href":"https:\/\/teststeder.regjeringen.no\/standarddesign\/wp-json\/wp\/v2\/pages\/6707","targetHints":{"allow":["GET"]}}],"collection":[{"href":"https:\/\/teststeder.regjeringen.no\/standarddesign\/wp-json\/wp\/v2\/pages"}],"about":[{"href":"https:\/\/teststeder.regjeringen.no\/standarddesign\/wp-json\/wp\/v2\/types\/page"}],"author":[{"embeddable":true,"href":"https:\/\/teststeder.regjeringen.no\/standarddesign\/wp-json\/wp\/v2\/users\/357"}],"replies":[{"embeddable":true,"href":"https:\/\/teststeder.regjeringen.no\/standarddesign\/wp-json\/wp\/v2\/comments?post=6707"}],"version-history":[{"count":4,"href":"https:\/\/teststeder.regjeringen.no\/standarddesign\/wp-json\/wp\/v2\/pages\/6707\/revisions"}],"predecessor-version":[{"id":26795,"href":"https:\/\/teststeder.regjeringen.no\/standarddesign\/wp-json\/wp\/v2\/pages\/6707\/revisions\/26795"}],"wp:attachment":[{"href":"https:\/\/teststeder.regjeringen.no\/standarddesign\/wp-json\/wp\/v2\/media?parent=6707"}],"curies":[{"name":"wp","href":"https:\/\/api.w.org\/{rel}","templated":true}]}}