{"id":7535,"date":"2019-06-26T12:23:38","date_gmt":"2019-06-26T10:23:38","guid":{"rendered":"https:\/\/nettsteder.regjeringen.no\/standarddesign\/?page_id=7535"},"modified":"2021-01-14T13:46:20","modified_gmt":"2021-01-14T12:46:20","slug":"ordbok","status":"publish","type":"page","link":"https:\/\/teststeder.regjeringen.no\/standarddesign\/ordbok\/","title":{"rendered":"Ordbok"},"content":{"rendered":"<div id=\"module-0\" class=\"hogan-module hogan-module-text hogan-module-0 text-wrap\"><div class=\"hogan-module-inner clearfix\"><p><em>Finner du ikke ordet du leter etter? Skriv i kommentarfeltet under.<\/em><\/p>\n<p>&nbsp;<\/p>\n<h3>Br\u00f8dtekst<\/h3>\n<p>Normal innholdstekst i et dokument, alts\u00e5 den teksten som ikke er titler, overskrifter, sitater, osv. Til br\u00f8dtekst benytter vi stilen \u00abNormal\u00bb i Word.<\/p>\n<h3>Doc<\/h3>\n<p>Filer med filendelsen .doc er lagret i Microsoft Words gamle filformat. Det er i dag erstattet med det nyere formatet docx, men benyttes i enkelte situasjoner fortsatt.<\/p>\n<h3>Docx<\/h3>\n<p>Filer med filendelsen .docx er vanlige Microsoft Word-filer.<\/p>\n<h3>Dotx<\/h3>\n<p>En fil med filendelsen .dotx er en\u00a0word<em>mal<\/em>. Forskjellen fra docx er at hvis man \u00e5pner en dotx-fil fra Utforsker s\u00e5 vil den \u00e5pne en ny\u00a0<em>kopi<\/em> av filen i stedet for \u00e5 arbeide direkte p\u00e5 originalen.<\/p>\n<h3>EPUB<\/h3>\n<p><strong>E<\/strong>lectronic <strong>Pub<\/strong>lication er en fri og \u00e5pen e-bok-standard. Tekst i EPUB-dokumenter er designet for flytende spaltebredde og justerbar skriftst\u00f8rrelse slik at e-b\u00f8ker skal tilpasse seg nettbrett, lesebrett og skjermer med forskjellig orientering, skjermst\u00f8rrelse og skjermoppl\u00f8sning. EPUB benyttes ofte for \u00e5 distribuere lange nedlastbare tekster som skal kunne v\u00e6re tilgjengelig uten internettilgang. EPUB-filer har filendelsen .epub<\/p>\n<h3>HTML<\/h3>\n<p><strong>H<\/strong>yper<strong>t<\/strong>ext <strong>m<\/strong>arkup <strong>l<\/strong>anguage\u00a0er et\u00a0markeringsspr\u00e5k for formatering av nettsider med hypertekst og annen informasjon som kan vises i en nettleser. Lettere forklart; det er spr\u00e5ket som brukes for \u00e5 kode innhold p\u00e5 nettsider.<\/p>\n<h3>Fellespublisering<\/h3>\n<p>Publiseringsl\u00f8sning som inneholder<\/p>\n<ul>\n<li>Word-mal med et forh\u00e5ndsdefinerte stiler<\/li>\n<li>Word-plugin for \u00e5 arbeide med malene, og konvertere dokumentet for bruk p\u00e5 regjeringen.no<\/li>\n<\/ul>\n<h3>InDesign<\/h3>\n<p>Er program for \u00e5 lage profesjonell design\/sidelayout og eksportere PDF-filer.<\/p>\n<h3>Kjerneformat<\/h3>\n<p>Et standardisert HTML-format for import til regjeringen.no. B\u00e5de regjeringsdokumenter, NOU og Fellespublisering konverteres til kjerneformat f\u00f8r\u00a0import til regjeringen.no.<\/p>\n<h3>Omslag<\/h3>\n<p>P\u00e5 en trykksak er omslaget det arket som ligger ytterst og omgir innholdet. Det blir da forsiden (side 1), innsiden av forsiden (side 2), baksiden og innsiden av baksiden.<\/p>\n<h3>PDF<\/h3>\n<p><strong>P<\/strong>ortable <strong>D<\/strong>ocument<strong> F<\/strong>ormat (PDF) er et filformat utviklet for \u00e5 distribuere\/presentere dokumenter p\u00e5 en m\u00e5te som er uavhengig av et bestemt program, fonter, operativsystem, e.l. Det opprinnelige bruksomr\u00e5det er filer som skal trykkes, men PDF-filer brukes i dag ogs\u00e5 ofte for \u00e5 lese dokumenter p\u00e5 skjerm. PDF-filer er normalt ikke ment for videre redigering.<\/p>\n<h3>PMP<\/h3>\n<p><strong>P<\/strong>roduksjonsl\u00f8sning for <strong>M<\/strong>edieuavhengig <strong>P<\/strong>ublisering\u00a0omfatter\u00a0hele l\u00f8sningen fra Wordmaler, trykkeri- og konverteringsverkt\u00f8y til\u00a0publisering p\u00e5 regeringen.no<\/p>\n<h3>PMP Word-grensesnitt.<\/h3>\n<p>Et felles rammeverk i Word for Word-maler (Fellespublisering og Rpub) som behandles i en videre prosess for \u00e5 produsere ulike sluttformater s\u00e5 automatisk som mulig.<\/p>\n<h3>RDOK\/Rpub<\/h3>\n<p>Forkortelse for \u00abRegjeringsokdumenter\u00bb. Det omfatter stortingsmeldinger og proposisjoner.<\/p>\n<h3>Stiler<\/h3>\n<p>\u00abMerkelapper\u00bb p\u00e5 tekst som definerer tekst p\u00e5 metaniv\u00e5. Med andre ord, stiler legges p\u00e5 tekst for \u00e5 si hva teksten <em>er <\/em>(for eksempel om det er en overskrift, et sitat, eller br\u00f8dtekst). Stilene brukes normalt ogs\u00e5 for \u00e5 styre utseendet til teksten. For eksempel kan man bruke stilen <em>Overskrift<\/em>\u00a0<em>1 <\/em>p\u00e5 all tekst som skal v\u00e6re kapitteltittel og ha autonummerering. All tekst angitt som <em>Overskrift 1<\/em> vil vises i\u00a0innholdsfortegnelsen og fungere som klikkbart kapittel p\u00e5 regjeringen.no<\/p>\n<h3>UU<\/h3>\n<p><strong>U<\/strong>niversell <strong>u<\/strong>tforming. En utforming som er tilpasset grupper med spesielle behov slik at disse kan tilegne seg teksten p\u00e5 lik linje med grupper uten spesielle behov. Et godt universelt utformet dokument m\u00e5 for eksempel kunne leses med en skjermleser.<\/p>\n<h3>W2K<\/h3>\n<p><strong>W<\/strong>ord <strong>til k<\/strong>jerneformat. Henvisning til verkt\u00f8yet som konverterer fra Word til kjerneformat. Dette er en del av PMP l\u00f8sningen.<\/p>\n<p>&nbsp;<\/p><\/div><\/div>\n<div class=\"module module-was-this-helpful\">\n\t<div class=\"text-wrap\">\n\t\t<h2>Var dette nyttig?<\/h2>\n\t\t<form id=\"dekode-wth-form\">\n\t\t\t<button id=\"dekode-wth-yes\" class=\"button\" name=\"dekode-wth-feedback\" type=\"submit\"\n\t\t\t\t\tvalue=\"1\">Ja<\/button>\n\t\t\t<button id=\"dekode-wth-no\" class=\"button\" name=\"dekode-wth-feedback\" type=\"submit\"\n\t\t\t\t\tvalue=\"0\">Nei<\/button>\n\t\t\t<input type=\"hidden\" name=\"post_id\" value=\"7535\"\/>\n\t\t<\/form>\n\t<\/div>\n<\/div>\n","protected":false},"excerpt":{"rendered":"<p>Her finner du forklaring p\u00e5 ofte brukte ord og begreper som brukes i Fellespublisering og R-pub.<\/p>\n","protected":false},"author":357,"featured_media":0,"parent":0,"menu_order":0,"comment_status":"open","ping_status":"closed","template":"","meta":{"_acf_changed":false,"footnotes":""},"class_list":["post-7535","page","type-page","status-publish","hentry"],"language":"nb-NO","acf":[],"_links":{"self":[{"href":"https:\/\/teststeder.regjeringen.no\/standarddesign\/wp-json\/wp\/v2\/pages\/7535","targetHints":{"allow":["GET"]}}],"collection":[{"href":"https:\/\/teststeder.regjeringen.no\/standarddesign\/wp-json\/wp\/v2\/pages"}],"about":[{"href":"https:\/\/teststeder.regjeringen.no\/standarddesign\/wp-json\/wp\/v2\/types\/page"}],"author":[{"embeddable":true,"href":"https:\/\/teststeder.regjeringen.no\/standarddesign\/wp-json\/wp\/v2\/users\/357"}],"replies":[{"embeddable":true,"href":"https:\/\/teststeder.regjeringen.no\/standarddesign\/wp-json\/wp\/v2\/comments?post=7535"}],"version-history":[{"count":10,"href":"https:\/\/teststeder.regjeringen.no\/standarddesign\/wp-json\/wp\/v2\/pages\/7535\/revisions"}],"predecessor-version":[{"id":23201,"href":"https:\/\/teststeder.regjeringen.no\/standarddesign\/wp-json\/wp\/v2\/pages\/7535\/revisions\/23201"}],"wp:attachment":[{"href":"https:\/\/teststeder.regjeringen.no\/standarddesign\/wp-json\/wp\/v2\/media?parent=7535"}],"curies":[{"name":"wp","href":"https:\/\/api.w.org\/{rel}","templated":true}]}}