{"id":85,"date":"2018-11-19T16:59:08","date_gmt":"2018-11-19T15:59:08","guid":{"rendered":"https:\/\/nettsteder.regjeringen.no\/standarddesign\/?page_id=85"},"modified":"2023-10-11T09:26:51","modified_gmt":"2023-10-11T07:26:51","slug":"barne-og-familiedepartementet-bfd","status":"publish","type":"page","link":"https:\/\/teststeder.regjeringen.no\/standarddesign\/profiler\/barne-og-familiedepartementet-bfd\/","title":{"rendered":"Barne- og familiedepartementet (BFD)"},"content":{"rendered":"<div id=\"module-0\" class=\"hogan-module hogan-module-banner hogan-module-0 hogan-banner-content-left hogan-module-width-full hogan-banner-theme-dark hogan-banner-layout-columns hogan-banner-text-left container-full-width\"><div class=\"hogan-module-inner banner-height-30 tagline-fontsize-16 heading-fontsize-32 content-fontsize-16\"><div class=\"hogan-banner\">\n\t<div class=\"hogan-banner-column hogan-banner-image\">\n\t\t<img loading=\"lazy\" decoding=\"async\" width=\"800\" height=\"447\" src=\"https:\/\/files.teststeder.regjeringen.no\/wpuploads01\/blogs.dir\/337\/files\/2019\/07\/Bilde3_web-800x447.jpg\" class=\"attachment-medium-full size-medium-full\" alt=\"\" srcset=\"https:\/\/files.teststeder.regjeringen.no\/wpuploads01\/blogs.dir\/337\/files\/2019\/07\/Bilde3_web-800x447.jpg 800w, https:\/\/files.teststeder.regjeringen.no\/wpuploads01\/blogs.dir\/337\/files\/2019\/07\/Bilde3_web-300x168.jpg 300w, https:\/\/files.teststeder.regjeringen.no\/wpuploads01\/blogs.dir\/337\/files\/2019\/07\/Bilde3_web-768x429.jpg 768w, https:\/\/files.teststeder.regjeringen.no\/wpuploads01\/blogs.dir\/337\/files\/2019\/07\/Bilde3_web-400x224.jpg 400w, https:\/\/files.teststeder.regjeringen.no\/wpuploads01\/blogs.dir\/337\/files\/2019\/07\/Bilde3_web-e1566894525815.jpg 411w\" sizes=\"auto, (max-width: 800px) 100vw, 800px\" \/>\t<\/div>\n\t\t\t<div class=\"hogan-banner-column hogan-banner-content\">\n\t\t\t<div class=\"hogan-banner-content-inner\">\n\t\t\t\t<div class=\"hogan-tagline\">Supplererende designprofil<\/div><h2 class=\"hogan-heading\">Barne- og familiedepartementet<\/h2><p>BFDs designprofil skal brukes p\u00e5 alle kommunikasjonsflater.<\/p>\n\t\t\t<\/div>\n\t\t<\/div>\n\t<\/div>\n<\/div><\/div><div id=\"module-1\" class=\"hogan-module hogan-module-text hogan-module-1 text-wrap\"><div class=\"hogan-module-inner clearfix\"><p><a href=\"https:\/\/files.teststeder.regjeringen.no\/wpuploads01\/blogs.dir\/337\/files\/2019\/07\/BFD2Cbm_sort.png\"><img loading=\"lazy\" decoding=\"async\" class=\"noOutline alignnone wp-image-7863 size-medium-half\" src=\"https:\/\/files.teststeder.regjeringen.no\/wpuploads01\/blogs.dir\/337\/files\/2019\/07\/BFD2Cbm_sort-400x104.png\" alt=\"\" width=\"400\" height=\"104\" srcset=\"https:\/\/files.teststeder.regjeringen.no\/wpuploads01\/blogs.dir\/337\/files\/2019\/07\/BFD2Cbm_sort-400x104.png 400w, https:\/\/files.teststeder.regjeringen.no\/wpuploads01\/blogs.dir\/337\/files\/2019\/07\/BFD2Cbm_sort-300x78.png 300w, https:\/\/files.teststeder.regjeringen.no\/wpuploads01\/blogs.dir\/337\/files\/2019\/07\/BFD2Cbm_sort.png 699w\" sizes=\"auto, (max-width: 400px) 100vw, 400px\" \/><\/a><\/p>\n<p>Kommunikasjonsenheten (KOM) har ansvar for utforming og bruk av BFDs visuelle profil. Ansvaret omfatter alle trykksaker, nettpubliseringer og andre kanalvalg. Endringer eller tilpasninger i den visuelle profilen kan ikke gj\u00f8res av andre enn KOM. Fagavdelingene har ansvar for innholdet i egne publikasjoner\/trykksaker, men skal alltid konsultere KOM om utforming. Publikasjonsnummer tildeles av KOM. KOM gir gjerne r\u00e5d om innhenting av tilbud, vurdering av designskisser eller spr\u00e5kvask.<\/p>\n<p><a class=\"button\" href=\"mailto:40000@dss.dep.no\">Kontakt DSS for profilelementer<\/a><\/p><\/div><\/div><div id=\"module-2\" class=\"hogan-module hogan-module-expandable_list hogan-module-2\"><div class=\"hogan-module-inner text-wrap list-items\"><h2 class=\"hogan-heading\">Profilelementer<\/h2>\t<div class=\"hogan-expandable-list-item list-item\">\n\t\t<div class=\"anchor\" id=\"panel-2-0\">&nbsp;<\/div>\n\t\t<a href=\"#panel-2-0\">\n\t\t\t<div class=\"hogan-expandable-list-item-title\">Formell logo<\/div>\t\t\t<span><\/span>\n\t\t<\/a>\n\t\t<div aria-expanded=\"false\">\n\t\t\t<div class=\"tmce-column\"><img loading=\"lazy\" decoding=\"async\" class=\"noOutline alignleft wp-image-9491 size-medium-half\" src=\"https:\/\/files.teststeder.regjeringen.no\/wpuploads01\/blogs.dir\/337\/files\/2019\/07\/BFD1RB00-400x178.jpg\" alt=\"BFD logo bokm\u00e5lfarge\" width=\"400\" height=\"178\" srcset=\"https:\/\/files.teststeder.regjeringen.no\/wpuploads01\/blogs.dir\/337\/files\/2019\/07\/BFD1RB00-400x178.jpg 400w, https:\/\/files.teststeder.regjeringen.no\/wpuploads01\/blogs.dir\/337\/files\/2019\/07\/BFD1RB00-300x133.jpg 300w, https:\/\/files.teststeder.regjeringen.no\/wpuploads01\/blogs.dir\/337\/files\/2019\/07\/BFD1RB00.jpg 722w\" sizes=\"auto, (max-width: 400px) 100vw, 400px\" \/><\/div>\n<div class=\"tmce-column\"><img loading=\"lazy\" decoding=\"async\" class=\"noOutline alignleft wp-image-9493 size-medium-half\" src=\"https:\/\/files.teststeder.regjeringen.no\/wpuploads01\/blogs.dir\/337\/files\/2019\/07\/BFD1CN00-400x178.jpg\" alt=\"BFD logo nynorsk farge\" width=\"400\" height=\"178\" srcset=\"https:\/\/files.teststeder.regjeringen.no\/wpuploads01\/blogs.dir\/337\/files\/2019\/07\/BFD1CN00-400x178.jpg 400w, https:\/\/files.teststeder.regjeringen.no\/wpuploads01\/blogs.dir\/337\/files\/2019\/07\/BFD1CN00-300x133.jpg 300w, https:\/\/files.teststeder.regjeringen.no\/wpuploads01\/blogs.dir\/337\/files\/2019\/07\/BFD1CN00.jpg 722w\" sizes=\"auto, (max-width: 400px) 100vw, 400px\" \/><\/div>\n<div class=\"tmce-column\"><img loading=\"lazy\" decoding=\"async\" class=\"noOutline alignleft wp-image-9495 size-medium-half\" src=\"https:\/\/files.teststeder.regjeringen.no\/wpuploads01\/blogs.dir\/337\/files\/2019\/07\/BFD1KB00-400x178.jpg\" alt=\"BFD logo sort\" width=\"400\" height=\"178\" srcset=\"https:\/\/files.teststeder.regjeringen.no\/wpuploads01\/blogs.dir\/337\/files\/2019\/07\/BFD1KB00-400x178.jpg 400w, https:\/\/files.teststeder.regjeringen.no\/wpuploads01\/blogs.dir\/337\/files\/2019\/07\/BFD1KB00-300x133.jpg 300w, https:\/\/files.teststeder.regjeringen.no\/wpuploads01\/blogs.dir\/337\/files\/2019\/07\/BFD1KB00.jpg 722w\" sizes=\"auto, (max-width: 400px) 100vw, 400px\" \/><\/div>\n<p>&nbsp;<\/p>\n<h3>Formell logo brukes p\u00e5:<\/h3>\n<ul>\n<li>Strategier, stortingsmeldinger og stortingsproposisjoner<\/li>\n<li>Formelle skriv og invitasjoner<\/li>\n<\/ul>\n<p>Logoen kan brukes i fargene:<\/p>\n<ul>\n<li>Bl\u00e5, R\u00f8d, gul og hvit (se fargekoder p\u00e5 denne siden)<\/li>\n<li>Sort\/hvitt<\/li>\n<\/ul>\n<p>\u00abDet kongelige\u00bb\/\u00abDet kongelege\u00bbbrukes f\u00f8rst i teksten med departementets navn.<\/p>\n<p><em>Se ogs\u00e5<br \/>\n<\/em><strong><a href=\"https:\/\/teststeder.regjeringen.no\/standarddesign\/designprogrammet\/\">Designprogrammets f\u00f8ringer for formell logo<\/a><br \/>\n<\/strong><a href=\"https:\/\/teststeder.regjeringen.no\/standarddesign\/maler\/omslag\/\">Oversikt over publikasjoner med formell logo<\/a><\/p>\n\t\t<\/div>\n\t<\/div>\n\t<div class=\"hogan-expandable-list-item list-item\">\n\t\t<div class=\"anchor\" id=\"panel-2-1\">&nbsp;<\/div>\n\t\t<a href=\"#panel-2-1\">\n\t\t\t<div class=\"hogan-expandable-list-item-title\">Standardlogo<\/div>\t\t\t<span><\/span>\n\t\t<\/a>\n\t\t<div aria-expanded=\"false\">\n\t\t\t<p><a href=\"https:\/\/files.teststeder.regjeringen.no\/wpuploads01\/blogs.dir\/337\/files\/2019\/07\/BFD2Cbm_sort-1.png\"><img loading=\"lazy\" decoding=\"async\" class=\"noOutline alignnone wp-image-7979 size-medium-half\" src=\"https:\/\/files.teststeder.regjeringen.no\/wpuploads01\/blogs.dir\/337\/files\/2019\/07\/BFD2Cbm_sort-1-400x104.png\" alt=\"\" width=\"400\" height=\"104\" srcset=\"https:\/\/files.teststeder.regjeringen.no\/wpuploads01\/blogs.dir\/337\/files\/2019\/07\/BFD2Cbm_sort-1-400x104.png 400w, https:\/\/files.teststeder.regjeringen.no\/wpuploads01\/blogs.dir\/337\/files\/2019\/07\/BFD2Cbm_sort-1-300x78.png 300w, https:\/\/files.teststeder.regjeringen.no\/wpuploads01\/blogs.dir\/337\/files\/2019\/07\/BFD2Cbm_sort-1.png 699w\" sizes=\"auto, (max-width: 400px) 100vw, 400px\" \/><\/a><\/p>\n<h3>Standardlogo skal brukes p\u00e5:<\/h3>\n<ul>\n<li>Strategier, handlingsplaner, veiledere, rapporter<\/li>\n<li>Uformelle publikasjoner: (Publikasjoner av mindre formell karakter) prosjektrapporter, rammeplaner, erfaringer, statistikksamlinger, kampanjetrykksaker, temaserier, populariserte forskrifter, informasjonsbrosjyrer<\/li>\n<li>Annonser, skilt, presentasjonsmateriell<\/li>\n<li>PowerPoint<\/li>\n<li>Rollups<\/li>\n<li>Nettsider<\/li>\n<\/ul>\n<p>Logoen skal kun brukes i sort eller hvitt (negativ versjon).<\/p>\n<p>&nbsp;<\/p>\n<p><a href=\"https:\/\/teststeder.regjeringen.no\/standarddesign\/designprogrammet\/\"><em>Se ogs\u00e5<\/em><strong><em><br \/>\n<\/em><\/strong><\/a><strong><a href=\"https:\/\/teststeder.regjeringen.no\/standarddesign\/designprogrammet\/\">Designprogrammets f\u00f8ringer for standardlogo<\/a><br \/>\n<a href=\"https:\/\/teststeder.regjeringen.no\/standarddesign\/maler\/omslag\/\">Oversikt over publikasjoner med standardlogo<\/a><\/strong><\/p>\n<p><a href=\"https:\/\/teststeder.regjeringen.no\/standarddesign\/maler\/\">Maler for plassering av standardlogo<\/a><\/p>\n\t\t<\/div>\n\t<\/div>\n\t<div class=\"hogan-expandable-list-item list-item\">\n\t\t<div class=\"anchor\" id=\"panel-2-2\">&nbsp;<\/div>\n\t\t<a href=\"#panel-2-2\">\n\t\t\t<div class=\"hogan-expandable-list-item-title\">Logo til sosiale medier<\/div>\t\t\t<span><\/span>\n\t\t<\/a>\n\t\t<div aria-expanded=\"false\">\n\t\t\t<p><strong><a href=\"https:\/\/files.teststeder.regjeringen.no\/wpuploads01\/blogs.dir\/337\/files\/2018\/11\/sosmedier_logo-e1437562128430.jpg\"><img loading=\"lazy\" decoding=\"async\" class=\"noOutline alignnone wp-image-519\" style=\"clear: left;\" src=\"https:\/\/files.teststeder.regjeringen.no\/wpuploads01\/blogs.dir\/337\/files\/2018\/11\/sosmedier_logo-e1437562128430.jpg\" alt=\"\" width=\"101\" height=\"100\" \/><\/a>Kun l\u00f8ven<\/strong> brukes som logo p\u00e5 sosiale medier (Facebook, Flickr, Linkedin, Instagram,Twitter og andre). Departementsnavnet skrives for seg.<\/p>\n<p><a href=\"https:\/\/teststeder.regjeringen.no\/standarddesign\/maler\/sosiale-medier\/\">F\u00f8ringer for logo i sosiale media<\/a><\/p>\n<p>&nbsp;<\/p>\n\t\t<\/div>\n\t<\/div>\n\t<div class=\"hogan-expandable-list-item list-item\">\n\t\t<div class=\"anchor\" id=\"panel-2-3\">&nbsp;<\/div>\n\t\t<a href=\"#panel-2-3\">\n\t\t\t<div class=\"hogan-expandable-list-item-title\">Farger<\/div>\t\t\t<span><\/span>\n\t\t<\/a>\n\t\t<div aria-expanded=\"false\">\n\t\t\t<figure id=\"attachment_5869\" style=\"max-width: 200px;\" class=\"wp-caption alignleft\"><img loading=\"lazy\" decoding=\"async\" class=\"wp-image-5869\" style=\"background-color: #e56a54;\" src=\"https:\/\/files.teststeder.regjeringen.no\/wpuploads01\/blogs.dir\/337\/files\/2019\/07\/transparent-background-200x200.png\" alt=\"\" width=\"200\" height=\"200\" \/><figcaption class=\"wp-caption-text\">PANTONE: 7416<br \/>CMYK 0\/72\/70\/0<br \/>HEX: E56A54<br \/>RGB: 229\/105\/83<\/figcaption><\/figure>\n<figure id=\"attachment_5869\" style=\"max-width: 200px;\" class=\"wp-caption alignleft\"><img loading=\"lazy\" decoding=\"async\" class=\"wp-image-5869\" style=\"background-color: #b1b3b3;\" src=\"https:\/\/files.teststeder.regjeringen.no\/wpuploads01\/blogs.dir\/337\/files\/2019\/07\/transparent-background-200x200.png\" alt=\"\" width=\"200\" height=\"200\" \/><figcaption class=\"wp-caption-text\">PANTONE: Cool grey 5<br \/>CMYK: 13\/9\/10\/27<br \/>HEX: B1B3B3<br \/>RGB 177\/179\/179<\/figcaption><\/figure>\n<figure id=\"attachment_5869\" style=\"max-width: 200px;\" class=\"wp-caption alignleft\"><img loading=\"lazy\" decoding=\"async\" class=\"wp-image-5869\" style=\"background-color: #a4d65e;\" src=\"https:\/\/files.teststeder.regjeringen.no\/wpuploads01\/blogs.dir\/337\/files\/2019\/07\/transparent-background-200x200.png\" alt=\"\" width=\"200\" height=\"200\" \/><figcaption class=\"wp-caption-text\">PANTONE: 367<br \/>CMYK: 14\/0\/68\/0<br \/>HEX: A4D65E<br \/>RGB: 164\/201\/97<\/figcaption><\/figure>\n<figure id=\"attachment_5869\" style=\"max-width: 200px;\" class=\"wp-caption alignleft\"><img loading=\"lazy\" decoding=\"async\" class=\"wp-image-5869\" style=\"background-color: #009ca6;\" src=\"https:\/\/files.teststeder.regjeringen.no\/wpuploads01\/blogs.dir\/337\/files\/2019\/07\/transparent-background-200x200.png\" alt=\"\" width=\"200\" height=\"200\" \/><figcaption class=\"wp-caption-text\">PANTONE: 320<br \/>CMYK: 96\/0\/31\/2<br \/>HEX: 009CA6<br \/>RGB: 0\/155\/165<\/figcaption><\/figure>\n<figure id=\"attachment_5869\" style=\"max-width: 200px;\" class=\"wp-caption alignleft\"><img loading=\"lazy\" decoding=\"async\" class=\"wp-image-5869\" style=\"background-color: #00a3e0;\" src=\"https:\/\/files.teststeder.regjeringen.no\/wpuploads01\/blogs.dir\/337\/files\/2019\/07\/transparent-background-200x200.png\" alt=\"\" width=\"200\" height=\"200\" \/><figcaption class=\"wp-caption-text\">PANTONE: 229<br \/>CMYK: 86\/8\/0\/0<br \/>HEX: 00A3E0<br \/>RGB: 18\/162\/221<\/figcaption><\/figure>\n<figure id=\"attachment_5869\" style=\"max-width: 200px;\" class=\"wp-caption alignleft\"><img loading=\"lazy\" decoding=\"async\" class=\"wp-image-5869\" style=\"background-color: #7a6855;\" src=\"https:\/\/files.teststeder.regjeringen.no\/wpuploads01\/blogs.dir\/337\/files\/2019\/07\/transparent-background-200x200.png\" alt=\"\" width=\"200\" height=\"200\" \/><figcaption class=\"wp-caption-text\">PANTONE: 7531<br \/>CMYK: 16\/29\/38\/53<br \/>HEX: 7A6855<br \/>RGB: 122\/104\/85<\/figcaption><\/figure>\n<figure id=\"attachment_5869\" style=\"max-width: 200px;\" class=\"wp-caption alignleft\"><img loading=\"lazy\" decoding=\"async\" class=\"wp-image-5869\" style=\"background-color: #ffda24;\" src=\"https:\/\/files.teststeder.regjeringen.no\/wpuploads01\/blogs.dir\/337\/files\/2019\/07\/transparent-background-200x200.png\" alt=\"\" width=\"200\" height=\"200\" \/><figcaption class=\"wp-caption-text\">PANTONE: 116<br \/>CMYK: 0\/14\/100\/0<br \/>HEX: FFDA24<br \/>RGB: 255\/218\/36<\/figcaption><\/figure>\n\t\t<\/div>\n\t<\/div>\n\t<div class=\"hogan-expandable-list-item list-item\">\n\t\t<div class=\"anchor\" id=\"panel-2-4\">&nbsp;<\/div>\n\t\t<a href=\"#panel-2-4\">\n\t\t\t<div class=\"hogan-expandable-list-item-title\">Livshjulet<\/div>\t\t\t<span><\/span>\n\t\t<\/a>\n\t\t<div aria-expanded=\"false\">\n\t\t\t<h2>Livshjulet<\/h2>\n<p>Livshjulet er selve grunnelementet i BLDs nye visuelle identitet. Et egenartet abstrakt element med store variasjonsmuligheter, b\u00e5de gjennom fargebruk, plassering, utsnitt og m\u00f8nsterkompleksitet (hele eller deler av m\u00f8nsteret, eller enkeltformer brukt alene. Hjulene f\u00e5r et levende og unikt uttrykk, og danner sammen en form som kan assosieres med organismer eller mekanismer (tannhjul) som p\u00e5virker hverandre, samtidig som hvert enkelt hjul er sterke som enkeltformer.<\/p>\n<p><a href=\"https:\/\/files.teststeder.regjeringen.no\/wpuploads01\/blogs.dir\/337\/files\/2018\/11\/BLDforsidedesignprofil.jpg\"><img loading=\"lazy\" decoding=\"async\" class=\"alignnone wp-image-583\" src=\"https:\/\/files.teststeder.regjeringen.no\/wpuploads01\/blogs.dir\/337\/files\/2018\/11\/BLDforsidedesignprofil-400x195.jpg\" alt=\"\" width=\"500\" height=\"244\" srcset=\"https:\/\/files.teststeder.regjeringen.no\/wpuploads01\/blogs.dir\/337\/files\/2018\/11\/BLDforsidedesignprofil-400x195.jpg 400w, https:\/\/files.teststeder.regjeringen.no\/wpuploads01\/blogs.dir\/337\/files\/2018\/11\/BLDforsidedesignprofil-300x146.jpg 300w, https:\/\/files.teststeder.regjeringen.no\/wpuploads01\/blogs.dir\/337\/files\/2018\/11\/BLDforsidedesignprofil.jpg 500w\" sizes=\"auto, (max-width: 500px) 100vw, 500px\" \/><\/a><\/p>\n<h2>En sterk tilleggsform<\/h2>\n<p>Som supplement til grunnformen har vi utviklet en fylt tilleggsform som tilf\u00f8rer en bakgrunn av kontrast og tyngde til designelementet. Denne formen reflekterer BLD som rammeverk, det ytre maskineriet, tilsyn\/lover og regler.<\/p>\n<p><a href=\"https:\/\/files.teststeder.regjeringen.no\/wpuploads01\/blogs.dir\/337\/files\/2018\/11\/BLD_form_graa.jpg\"><img loading=\"lazy\" decoding=\"async\" class=\"alignnone wp-image-585\" src=\"https:\/\/files.teststeder.regjeringen.no\/wpuploads01\/blogs.dir\/337\/files\/2018\/11\/BLD_form_graa-400x171.jpg\" alt=\"\" width=\"500\" height=\"214\" srcset=\"https:\/\/files.teststeder.regjeringen.no\/wpuploads01\/blogs.dir\/337\/files\/2018\/11\/BLD_form_graa-400x171.jpg 400w, https:\/\/files.teststeder.regjeringen.no\/wpuploads01\/blogs.dir\/337\/files\/2018\/11\/BLD_form_graa-300x128.jpg 300w, https:\/\/files.teststeder.regjeringen.no\/wpuploads01\/blogs.dir\/337\/files\/2018\/11\/BLD_form_graa.jpg 500w\" sizes=\"auto, (max-width: 500px) 100vw, 500px\" \/><\/a><\/p>\n<h2>Enkle livshjul<\/h2>\n<p>I tillegg til det sammensatte elementet er det utviklet 5 forskjellige enkeltvarianter av livshjulet.<\/p>\n<p><a href=\"https:\/\/files.teststeder.regjeringen.no\/wpuploads01\/blogs.dir\/337\/files\/2018\/11\/alle-livshjul.jpg\"><img loading=\"lazy\" decoding=\"async\" class=\"alignnone size-medium-full wp-image-587\" src=\"https:\/\/files.teststeder.regjeringen.no\/wpuploads01\/blogs.dir\/337\/files\/2018\/11\/alle-livshjul-800x473.jpg\" alt=\"\" width=\"800\" height=\"473\" srcset=\"https:\/\/files.teststeder.regjeringen.no\/wpuploads01\/blogs.dir\/337\/files\/2018\/11\/alle-livshjul-800x473.jpg 800w, https:\/\/files.teststeder.regjeringen.no\/wpuploads01\/blogs.dir\/337\/files\/2018\/11\/alle-livshjul-300x178.jpg 300w, https:\/\/files.teststeder.regjeringen.no\/wpuploads01\/blogs.dir\/337\/files\/2018\/11\/alle-livshjul-768x454.jpg 768w, https:\/\/files.teststeder.regjeringen.no\/wpuploads01\/blogs.dir\/337\/files\/2018\/11\/alle-livshjul-1024x606.jpg 1024w, https:\/\/files.teststeder.regjeringen.no\/wpuploads01\/blogs.dir\/337\/files\/2018\/11\/alle-livshjul-1130x669.jpg 1130w, https:\/\/files.teststeder.regjeringen.no\/wpuploads01\/blogs.dir\/337\/files\/2018\/11\/alle-livshjul-400x237.jpg 400w, https:\/\/files.teststeder.regjeringen.no\/wpuploads01\/blogs.dir\/337\/files\/2018\/11\/alle-livshjul.jpg 1210w\" sizes=\"auto, (max-width: 800px) 100vw, 800px\" \/><\/a><\/p>\n\t\t<\/div>\n\t<\/div>\n\t<div class=\"hogan-expandable-list-item list-item\">\n\t\t<div class=\"anchor\" id=\"panel-2-5\">&nbsp;<\/div>\n\t\t<a href=\"#panel-2-5\">\n\t\t\t<div class=\"hogan-expandable-list-item-title\">Fotostil<\/div>\t\t\t<span><\/span>\n\t\t<\/a>\n\t\t<div aria-expanded=\"false\">\n\t\t\t<p>Det er utviklet en bildestil som passer BLDs profil. Bildene er i b\u00e5de farger og svart\/hvit. Motivene er mennesker, alene eller i ulike forhold til hverandre og samfunnet. Uttrykket skal v\u00e6re sterkt og fokusert, vise en stemning eller antyde en historie, gjerne med en \u00abtwist\u00bb. Bildene skal vise mennesker p\u00e5 en m\u00e5te som ikke er oppstilt, men virker ekte, troverdig og \u00e6rlig.<\/p>\n<p><a href=\"https:\/\/files.teststeder.regjeringen.no\/wpuploads01\/blogs.dir\/337\/files\/2018\/11\/BLD-eksbilder3.jpg\"><img loading=\"lazy\" decoding=\"async\" class=\"wp-image-637 alignnone\" src=\"https:\/\/files.teststeder.regjeringen.no\/wpuploads01\/blogs.dir\/337\/files\/2018\/11\/BLD-eksbilder3-400x207.jpg\" alt=\"\" width=\"300\" height=\"154\" \/><\/a><br \/>\n<a href=\"https:\/\/files.teststeder.regjeringen.no\/wpuploads01\/blogs.dir\/337\/files\/2018\/11\/BLD-eksbilder1.jpg\"><img loading=\"lazy\" decoding=\"async\" class=\"wp-image-633 alignnone\" src=\"https:\/\/files.teststeder.regjeringen.no\/wpuploads01\/blogs.dir\/337\/files\/2018\/11\/BLD-eksbilder1-400x204.jpg\" alt=\"\" width=\"300\" height=\"154\" \/><br \/>\n<\/a><\/p>\n<p><a href=\"https:\/\/files.teststeder.regjeringen.no\/wpuploads01\/blogs.dir\/337\/files\/2018\/11\/BLD-eksbilder4.jpg\"><img loading=\"lazy\" decoding=\"async\" class=\"wp-image-637 alignnone\" src=\"https:\/\/files.teststeder.regjeringen.no\/wpuploads01\/blogs.dir\/337\/files\/2018\/11\/BLD-eksbilder4-400x205.jpg\" alt=\"\" width=\"300\" height=\"154\" srcset=\"https:\/\/files.teststeder.regjeringen.no\/wpuploads01\/blogs.dir\/337\/files\/2018\/11\/BLD-eksbilder4-400x205.jpg 400w, https:\/\/files.teststeder.regjeringen.no\/wpuploads01\/blogs.dir\/337\/files\/2018\/11\/BLD-eksbilder4-300x154.jpg 300w, https:\/\/files.teststeder.regjeringen.no\/wpuploads01\/blogs.dir\/337\/files\/2018\/11\/BLD-eksbilder4.jpg 649w\" sizes=\"auto, (max-width: 300px) 100vw, 300px\" \/><\/a><br \/>\n<a href=\"https:\/\/files.teststeder.regjeringen.no\/wpuploads01\/blogs.dir\/337\/files\/2018\/11\/BLD-eksbilder2.jpg\"><img loading=\"lazy\" decoding=\"async\" class=\"wp-image-633 alignnone\" src=\"https:\/\/files.teststeder.regjeringen.no\/wpuploads01\/blogs.dir\/337\/files\/2018\/11\/BLD-eksbilder2-400x205.jpg\" alt=\"\" width=\"300\" height=\"154\" srcset=\"https:\/\/files.teststeder.regjeringen.no\/wpuploads01\/blogs.dir\/337\/files\/2018\/11\/BLD-eksbilder2-400x205.jpg 400w, https:\/\/files.teststeder.regjeringen.no\/wpuploads01\/blogs.dir\/337\/files\/2018\/11\/BLD-eksbilder2-300x154.jpg 300w, https:\/\/files.teststeder.regjeringen.no\/wpuploads01\/blogs.dir\/337\/files\/2018\/11\/BLD-eksbilder2.jpg 656w\" sizes=\"auto, (max-width: 300px) 100vw, 300px\" \/><\/a><\/p>\n\t\t<\/div>\n\t<\/div>\n\t<div class=\"hogan-expandable-list-item list-item\">\n\t\t<div class=\"anchor\" id=\"panel-2-6\">&nbsp;<\/div>\n\t\t<a href=\"#panel-2-6\">\n\t\t\t<div class=\"hogan-expandable-list-item-title\">Digital bakgrunn for Teams<\/div>\t\t\t<span><\/span>\n\t\t<\/a>\n\t\t<div aria-expanded=\"false\">\n\t\t\t<p>Bruk digital bakgrunn n\u00e5r du representerer departementet i formelle m\u00f8ter og for \u00e5 skjerme privatlivet p\u00e5 hjemmekontor.<\/p>\n<figure id=\"attachment_24943\" style=\"max-width: 1000px;\" class=\"wp-caption alignnone size-full\"><img loading=\"lazy\" decoding=\"async\" class=\"wp-image-24943 \" src=\"https:\/\/files.teststeder.regjeringen.no\/wpuploads01\/blogs.dir\/337\/files\/2021\/05\/16_9_teams_dep-ILLustrasjonsbilde.jpg\" alt=\"\" width=\"1000\" height=\"563\" srcset=\"https:\/\/files.teststeder.regjeringen.no\/wpuploads01\/blogs.dir\/337\/files\/2021\/05\/16_9_teams_dep-ILLustrasjonsbilde.jpg 1000w, https:\/\/files.teststeder.regjeringen.no\/wpuploads01\/blogs.dir\/337\/files\/2021\/05\/16_9_teams_dep-ILLustrasjonsbilde-300x169.jpg 300w, https:\/\/files.teststeder.regjeringen.no\/wpuploads01\/blogs.dir\/337\/files\/2021\/05\/16_9_teams_dep-ILLustrasjonsbilde-768x432.jpg 768w, https:\/\/files.teststeder.regjeringen.no\/wpuploads01\/blogs.dir\/337\/files\/2021\/05\/16_9_teams_dep-ILLustrasjonsbilde-400x225.jpg 400w, https:\/\/files.teststeder.regjeringen.no\/wpuploads01\/blogs.dir\/337\/files\/2021\/05\/16_9_teams_dep-ILLustrasjonsbilde-800x450.jpg 800w\" sizes=\"auto, (max-width: 1000px) 100vw, 1000px\" \/><figcaption class=\"wp-caption-text\">Illustrasjonsbilde<\/figcaption><\/figure>\n<p>For \u00e5 bruke bakgrunnsbildet i Teams m\u00e5 du f\u00f8rst laste ned filen.<\/p>\n<ul>\n<li><a href=\"https:\/\/teststeder.regjeringen.no\/standarddesign\/digital-bakgrunn\/\">Last ned bakgrunnsbildet<\/a> fra passordbeskyttet side.\u00a0 Kontakt DSS for passord.<\/li>\n<\/ul>\n\t\t<\/div>\n\t<\/div>\n<\/div><\/div><div id=\"module-3\" class=\"hogan-module hogan-module-expandable_list hogan-module-3\"><div class=\"hogan-module-inner text-wrap list-items\"><h2 class=\"hogan-heading\">Om BFDs supplerende designprofil<\/h2>\t<div class=\"hogan-expandable-list-item list-item\">\n\t\t<div class=\"anchor\" id=\"panel-3-0\">&nbsp;<\/div>\n\t\t<a href=\"#panel-3-0\">\n\t\t\t<div class=\"hogan-expandable-list-item-title\">Prinsipper<\/div>\t\t\t<span><\/span>\n\t\t<\/a>\n\t\t<div aria-expanded=\"false\">\n\t\t\t<p>BFD har f\u00e5tt en visuell profil som reflekterer departementets rolle ovenfor individene i samfunnet, der alle er med p\u00e5 sin m\u00e5te og utgj\u00f8r et fellesskap hvor alle p\u00e5virker \u2013 og berikes av \u2013 hverandre.<\/p>\n<p>Id\u00e9grunnlaget er individers liv uttrykt abstrakt som livshjul \u2013 sirkler i forskjellige former \u2013 som danner nye m\u00f8nstre n\u00e5r de kobles sammen. Hjulene f\u00e5r et levende og unikt uttrykk, og danner sammen en form som kan assosieres med organismer eller mekanismer (tannhjul) som p\u00e5virker hverandre. Hvert enkelt hjul har en tydelig enkeltform.<\/p>\n<p>Uttrykket framst\u00e5r egenartet, tidl\u00f8st og vitalt, samtidig som det oppleves seri\u00f8st og med tyngde. Det sentrale profilelementet som er utviklet kan varieres med farger, forskjellige utsnitt og bildevalg, og gir stor fleksibilitet og et mangfoldig uttrykk. Elementet skal v\u00e6re gjenkjennelig for BFD.<\/p>\n\t\t<\/div>\n\t<\/div>\n<\/div><\/div>\n<div class=\"module module-was-this-helpful\">\n\t<div class=\"text-wrap\">\n\t\t<h2>Var dette nyttig?<\/h2>\n\t\t<form id=\"dekode-wth-form\">\n\t\t\t<button id=\"dekode-wth-yes\" class=\"button\" name=\"dekode-wth-feedback\" type=\"submit\"\n\t\t\t\t\tvalue=\"1\">Ja<\/button>\n\t\t\t<button id=\"dekode-wth-no\" class=\"button\" name=\"dekode-wth-feedback\" type=\"submit\"\n\t\t\t\t\tvalue=\"0\">Nei<\/button>\n\t\t\t<input type=\"hidden\" name=\"post_id\" value=\"85\"\/>\n\t\t<\/form>\n\t<\/div>\n<\/div>\n","protected":false},"excerpt":{"rendered":"","protected":false},"author":533,"featured_media":7839,"parent":17,"menu_order":0,"comment_status":"closed","ping_status":"closed","template":"","meta":{"_acf_changed":false,"footnotes":""},"class_list":["post-85","page","type-page","status-publish","has-post-thumbnail","hentry"],"language":"nb-NO","acf":[],"_links":{"self":[{"href":"https:\/\/teststeder.regjeringen.no\/standarddesign\/wp-json\/wp\/v2\/pages\/85","targetHints":{"allow":["GET"]}}],"collection":[{"href":"https:\/\/teststeder.regjeringen.no\/standarddesign\/wp-json\/wp\/v2\/pages"}],"about":[{"href":"https:\/\/teststeder.regjeringen.no\/standarddesign\/wp-json\/wp\/v2\/types\/page"}],"author":[{"embeddable":true,"href":"https:\/\/teststeder.regjeringen.no\/standarddesign\/wp-json\/wp\/v2\/users\/533"}],"replies":[{"embeddable":true,"href":"https:\/\/teststeder.regjeringen.no\/standarddesign\/wp-json\/wp\/v2\/comments?post=85"}],"version-history":[{"count":4,"href":"https:\/\/teststeder.regjeringen.no\/standarddesign\/wp-json\/wp\/v2\/pages\/85\/revisions"}],"predecessor-version":[{"id":26783,"href":"https:\/\/teststeder.regjeringen.no\/standarddesign\/wp-json\/wp\/v2\/pages\/85\/revisions\/26783"}],"up":[{"embeddable":true,"href":"https:\/\/teststeder.regjeringen.no\/standarddesign\/wp-json\/wp\/v2\/pages\/17"}],"wp:featuredmedia":[{"embeddable":true,"href":"https:\/\/teststeder.regjeringen.no\/standarddesign\/wp-json\/wp\/v2\/media\/7839"}],"wp:attachment":[{"href":"https:\/\/teststeder.regjeringen.no\/standarddesign\/wp-json\/wp\/v2\/media?parent=85"}],"curies":[{"name":"wp","href":"https:\/\/api.w.org\/{rel}","templated":true}]}}