{"id":9445,"date":"2019-07-19T10:23:30","date_gmt":"2019-07-19T08:23:30","guid":{"rendered":"https:\/\/nettsteder.regjeringen.no\/standarddesign\/?page_id=9445"},"modified":"2025-01-23T10:22:14","modified_gmt":"2025-01-23T09:22:14","slug":"e-post-maler","status":"publish","type":"page","link":"https:\/\/teststeder.regjeringen.no\/standarddesign\/maler\/e-post-maler\/","title":{"rendered":"E-post signatur"},"content":{"rendered":"<div id=\"module-0\" class=\"hogan-module hogan-module-expandable_list hogan-module-0\"><div class=\"hogan-module-inner text-wrap list-items\"><h2 class=\"hogan-heading\">Automatisk e-postsignatur<\/h2>\t<div class=\"hogan-expandable-list-item list-item\">\n\t\t<div class=\"anchor\" id=\"panel-0-0\">&nbsp;<\/div>\n\t\t<a href=\"#panel-0-0\">\n\t\t\t<div class=\"hogan-expandable-list-item-title\">AID og HOD<\/div>\t\t\t<span><\/span>\n\t\t<\/a>\n\t\t<div aria-expanded=\"false\">\n\t\t\t<p>AID og HOD benytter automatisk e-post signatur driftet av DIO.<br \/>\nE-Post signatur opprettes automatisk etter innlogging og start av Outlook p\u00e5 en Dep. Klient.<\/p>\n<p>Teksten i e-postsignaturen kan endres ved behov ved \u00e5 velge knappen\u00a0<strong>Endre signatur for e-post<\/strong>\u00a0i startmenyen p\u00e5 pc\u2019en.<\/p>\n<p>Etter at informasjonen er endret genereres det 6 versjoner av e-postsignaturen; bokm\u00e5l lang- og kortvariant, nynorsk lang- og kortvariant og engelsk lang- og kortvariant.<\/p>\n\t\t<\/div>\n\t<\/div>\n\t<div class=\"hogan-expandable-list-item list-item\">\n\t\t<div class=\"anchor\" id=\"panel-0-1\">&nbsp;<\/div>\n\t\t<a href=\"#panel-0-1\">\n\t\t\t<div class=\"hogan-expandable-list-item-title\">DSS og DIO<\/div>\t\t\t<span><\/span>\n\t\t<\/a>\n\t\t<div aria-expanded=\"false\">\n\t\t\t<p>DSS og DIO benytter egen tilpasset automatisk e-post signatur.<\/p>\n<p>E-Post signatur opprettes automatisk etter innlogging og start av Outlook p\u00e5 en DSS eller DIO klient settes e-post signatur automatisk.<\/p>\n<p>Teksten i e-postsignaturen kan endres ved behov ved \u00e5 velge knappen\u00a0<strong>Endre signatur for e-post<\/strong>\u00a0i startmenyen p\u00e5 pc\u2019en.<\/p>\n<p>Etter at informasjonen er endret genereres det 4 versjoner av e-postsignaturen; bokm\u00e5l lang- og kortvariant og engelsk lang- og kortvariant.<\/p>\n<p>&nbsp;<\/p>\n\t\t<\/div>\n\t<\/div>\n<\/div><\/div><div id=\"module-1\" class=\"hogan-module hogan-module-expandable_list hogan-module-1\"><div class=\"hogan-module-inner text-wrap list-items\"><h2 class=\"hogan-heading\">Mal for signatur som legges inn manuelt<\/h2>\t<div class=\"hogan-expandable-list-item list-item\">\n\t\t<div class=\"anchor\" id=\"panel-1-0\">&nbsp;<\/div>\n\t\t<a href=\"#panel-1-0\">\n\t\t\t<div class=\"hogan-expandable-list-item-title\">SMK og andre departement<\/div>\t\t\t<span><\/span>\n\t\t<\/a>\n\t\t<div aria-expanded=\"false\">\n\t\t\t<h2>E-postsignatur med l\u00f8ve<\/h2>\n<p>De fleste departementer har tatt i bruk et oppsett som vist under. Oppsettet er ikke automatisert for departementene, men kan legges inn manuelt. Det er viktig at departementsnavn er p\u00e5 linje med l\u00f8ven, at teksten er i korrekt st\u00f8rrelse og i samme rekkef\u00f8lge som eksempelet under. Skrivem\u00e5ten for telefonnummer skal\u00a0 v\u00e6re 2+2+2+2 b\u00e5de for fast- og mobiltelefonnummer. Se \u00a7 16 i <a href=\"https:\/\/lovdata.no\/forskrift\/2004-02-16-426\">forskriften<\/a> og NKOMs <a href=\"https:\/\/www.nkom.no\/aktuelt\/nyheter\/_attachment\/41600?_ts=169dd8d2625\">h\u00f8ringsbrev.<\/a><\/p>\n<p><em>Det er kun SMK som har anledning til \u00e5 bruke l\u00f8ve og vertikalstripe i gullfarge.<\/em><\/p>\n<div class=\"tmce-column\"><img loading=\"lazy\" decoding=\"async\" class=\"noOutline wp-image-14709 alignleft\" src=\"https:\/\/files.teststeder.regjeringen.no\/wpuploads01\/blogs.dir\/337\/files\/2019\/11\/epostsignatur_bokmaal2.png\" alt=\"\" width=\"349\" height=\"154\" srcset=\"https:\/\/files.teststeder.regjeringen.no\/wpuploads01\/blogs.dir\/337\/files\/2019\/11\/epostsignatur_bokmaal2.png 594w, https:\/\/files.teststeder.regjeringen.no\/wpuploads01\/blogs.dir\/337\/files\/2019\/11\/epostsignatur_bokmaal2-300x132.png 300w, https:\/\/files.teststeder.regjeringen.no\/wpuploads01\/blogs.dir\/337\/files\/2019\/11\/epostsignatur_bokmaal2-400x176.png 400w\" sizes=\"auto, (max-width: 349px) 100vw, 349px\" \/><\/div>\n<div class=\"tmce-column\"><img loading=\"lazy\" decoding=\"async\" class=\"noOutline wp-image-14711 size-full alignleft\" src=\"https:\/\/files.teststeder.regjeringen.no\/wpuploads01\/blogs.dir\/337\/files\/2019\/11\/epostsignatur_engelsk2.png\" alt=\"\" width=\"594\" height=\"262\" srcset=\"https:\/\/files.teststeder.regjeringen.no\/wpuploads01\/blogs.dir\/337\/files\/2019\/11\/epostsignatur_engelsk2.png 594w, https:\/\/files.teststeder.regjeringen.no\/wpuploads01\/blogs.dir\/337\/files\/2019\/11\/epostsignatur_engelsk2-300x132.png 300w, https:\/\/files.teststeder.regjeringen.no\/wpuploads01\/blogs.dir\/337\/files\/2019\/11\/epostsignatur_engelsk2-400x176.png 400w\" sizes=\"auto, (max-width: 594px) 100vw, 594px\" \/><\/div>\n<div class=\"highlight\">\n<div class=\"mceTemp\"><\/div>\n<h3>Mal og veiledning<\/h3>\n<p><a href=\"https:\/\/files.teststeder.regjeringen.no\/wpuploads01\/sites\/337\/2021\/11\/maloppsett_epostsignatur_bokmal.docx\"><strong>Last ned og \u00e5pne mal<\/strong>\u00a0<\/a>for norsk e-postsignatur (Word)<br \/>\n<a href=\"https:\/\/files.teststeder.regjeringen.no\/wpuploads01\/sites\/337\/2021\/11\/maloppsett_epostsignatur_engelsk.docx\"><strong>Last ned og \u00e5pne<\/strong> <strong>mal<\/strong> <\/a>for engelsk e-postsignatur (Word)<\/p>\n<ol>\n<li>\u00c5pne og lagre Word-dokumentet. Dette er malen som du skal benytte for \u00e5 bytte ut innholdet med din personlige informasjon<\/li>\n<li>I Outlook, Klikk p\u00e5 <strong>Fil<\/strong> &#8211;&gt;<strong> Alternativer<\/strong><\/li>\n<li>I vinduet som under, klikk p\u00e5 <strong>E-post<\/strong> &#8211;&gt; <strong>Signaturer<\/strong><\/li>\n<\/ol>\n<p><a style=\"font-weight: inherit;\" href=\"https:\/\/files.teststeder.regjeringen.no\/wpuploads01\/blogs.dir\/337\/files\/2019\/09\/Skjermbilde-epostalternativer.jpg\"><img loading=\"lazy\" decoding=\"async\" class=\"alignnone wp-image-12943 size-medium-full\" src=\"https:\/\/files.teststeder.regjeringen.no\/wpuploads01\/blogs.dir\/337\/files\/2019\/09\/Skjermbilde-epostalternativer-800x581.jpg\" alt=\"\" width=\"800\" height=\"581\" srcset=\"https:\/\/files.teststeder.regjeringen.no\/wpuploads01\/blogs.dir\/337\/files\/2019\/09\/Skjermbilde-epostalternativer-800x581.jpg 800w, https:\/\/files.teststeder.regjeringen.no\/wpuploads01\/blogs.dir\/337\/files\/2019\/09\/Skjermbilde-epostalternativer-300x218.jpg 300w, https:\/\/files.teststeder.regjeringen.no\/wpuploads01\/blogs.dir\/337\/files\/2019\/09\/Skjermbilde-epostalternativer-768x558.jpg 768w, https:\/\/files.teststeder.regjeringen.no\/wpuploads01\/blogs.dir\/337\/files\/2019\/09\/Skjermbilde-epostalternativer-1024x744.jpg 1024w, https:\/\/files.teststeder.regjeringen.no\/wpuploads01\/blogs.dir\/337\/files\/2019\/09\/Skjermbilde-epostalternativer-1130x821.jpg 1130w, https:\/\/files.teststeder.regjeringen.no\/wpuploads01\/blogs.dir\/337\/files\/2019\/09\/Skjermbilde-epostalternativer-400x291.jpg 400w\" sizes=\"auto, (max-width: 800px) 100vw, 800px\" \/><\/a><\/p>\n<p><span class=\"is-vishidden\">[dss-hidden]<\/span><a href=\"https:\/\/files.teststeder.regjeringen.no\/wpuploads01\/blogs.dir\/337\/files\/2019\/11\/epostsignatur_bokm\u00e5l.png\">2. I Word-dokumentet som du har lastet ned, klikk i krysset oppe i venstre hj\u00f8rne, <strong>kopier<\/strong> (ctrl+C) tabellen med signaturen<\/a><\/p>\n<p><a href=\"https:\/\/files.teststeder.regjeringen.no\/wpuploads01\/blogs.dir\/337\/files\/2019\/11\/epostsignatur_bokm\u00e5l.png\"><span class=\"is-vishidden\">[dss-hidden]<\/span><\/a>3. Lim inn i redigeringsvinduet:<\/p>\n<p><figure id=\"attachment_14669\" style=\"max-width: 800px;\" class=\"wp-caption alignnone size-medium-full\"><a href=\"https:\/\/files.teststeder.regjeringen.no\/wpuploads01\/blogs.dir\/337\/files\/2019\/11\/signaturinnstilling.jpg\"><img loading=\"lazy\" decoding=\"async\" class=\"wp-image-14669 \" src=\"https:\/\/files.teststeder.regjeringen.no\/wpuploads01\/blogs.dir\/337\/files\/2019\/11\/signaturinnstilling-800x523.jpg\" alt=\"\" width=\"800\" height=\"523\" srcset=\"https:\/\/files.teststeder.regjeringen.no\/wpuploads01\/blogs.dir\/337\/files\/2019\/11\/signaturinnstilling-800x523.jpg 800w, https:\/\/files.teststeder.regjeringen.no\/wpuploads01\/blogs.dir\/337\/files\/2019\/11\/signaturinnstilling-300x196.jpg 300w, https:\/\/files.teststeder.regjeringen.no\/wpuploads01\/blogs.dir\/337\/files\/2019\/11\/signaturinnstilling-768x502.jpg 768w, https:\/\/files.teststeder.regjeringen.no\/wpuploads01\/blogs.dir\/337\/files\/2019\/11\/signaturinnstilling-1024x670.jpg 1024w, https:\/\/files.teststeder.regjeringen.no\/wpuploads01\/blogs.dir\/337\/files\/2019\/11\/signaturinnstilling-1130x739.jpg 1130w, https:\/\/files.teststeder.regjeringen.no\/wpuploads01\/blogs.dir\/337\/files\/2019\/11\/signaturinnstilling-400x262.jpg 400w, https:\/\/files.teststeder.regjeringen.no\/wpuploads01\/blogs.dir\/337\/files\/2019\/11\/signaturinnstilling-1320x863.jpg 1320w\" sizes=\"auto, (max-width: 800px) 100vw, 800px\" \/><\/a><\/figure><br \/>\n<span class=\"is-vishidden\">[dss-hidden]<\/span><strong>a)<\/strong> klikk p\u00e5 <strong>Ny<\/strong> for \u00e5 navne signaturen din (her signatur med l\u00f8ve)<strong>b)<\/strong> klikk i redigeringsvinduet som n\u00e5 er tomt, og <strong>lim inn<\/strong> fra tabellen Word (ctrl+V). <strong>Rediger<\/strong> tekst: departementsnavn, eget navn, tittel, avdeling osv. Husk \u00e5 scrolle, slik at du f\u00e5r lenket opp nettadressene\/fjerne dem som ikke brukes.<br \/>\nSelv om malen som er lastet ned bruker skrifttypen Open Sans kan man justere skrifttype og st\u00f8rrelse i teksten etter departementsnavnet slik at disse tilsvarer default i Outlook. For mange betyr det at skrifttypen b\u00f8r forandres til Calibri 11 pkt.<strong>c)<\/strong> Her kan du stille inn standardvisning<\/div>\n<p>&nbsp;<\/p>\n<h2>E-postsignatur uten l\u00f8ve<\/h2>\n<p>E-post innhold og e-postsignatur skrives med svart tekst. Skriftst\u00f8rrelsen b\u00f8r v\u00e6re den samme som i e-posten ellers; 10 eller 11 punkt, slik vist under. If\u00f8lge Spr\u00e5kr\u00e5det skal tittel og avdelingsnavn skrives med sm\u00e5 forbokstaver. Kopier oppsettet under, lim inn og tilpass i Outlook under fanen <strong>Hjem <\/strong>&#8211;&gt;<strong> Signatur.<\/strong><\/p>\n<div class=\"highlight\">\n<h4><strong>Eksempel bokm\u00e5l<\/strong><\/h4>\n<p>Med hilsen<\/p>\n<p>Fredrik Forvalter<br \/>\nseniorr\u00e5dgiver<\/p>\n<p>X-departementet<br \/>\ninformasjonsavdelingen<\/p>\n<p>Telefon: xx xx xx xx<br \/>\nMobil: xx xx xx xx<br \/>\nE-post: Fredrik.Forvalter@departement.dep.no<\/p>\n<p>www.regjeringen.no\/departementsforkortelse<\/p>\n<p>twitter.com\/dep<\/p>\n<p>flickr.com\/dep<\/p>\n<\/div>\n<hr \/>\n<div class=\"highlight\">\n<p><strong>Eksempel nynorsk<br \/>\n<\/strong>Med helsing<\/p>\n<p>Fredrik Forvalter<br \/>\nseniorr\u00e5dgjevar<\/p>\n<p>X-departementet<br \/>\ninformasjonsavdelinga<\/p>\n<p>Telefon:\u00a0 xx xx xx xx<br \/>\nMobil:\u00a0 xx xx xx xx<br \/>\nE-post: Fredrik.Forvalter@departement.dep.no<\/p>\n<p>www.regjeringen.no\/departementsforkortelse<\/p>\n<p>twitter.com\/dep<\/p>\n<p>flickr.com\/dep<\/p>\n<\/div>\n<hr \/>\n<div class=\"highlight\">\n<p><strong>Eksempel engelsk<br \/>\n<\/strong>Kind regards<\/p>\n<p>Fredrik Forvalter<br \/>\nSenior Advisor<\/p>\n<p>Norwegian Ministry of X<br \/>\nDepartment of Information<\/p>\n<p>Telephone: <span class=\"baec5a81-e4d6-4674-97f3-e9220f0136c1\">+47 xx xx xx xx<\/span><br \/>\nMobile: + 47 xx xx xx xx<br \/>\nE-mail: Fredrik.Forvalter@departement.dep.no<\/p>\n<p>www.regjeringen.no\/departementsforkortelse<\/p>\n<p>twitter.com\/dep<\/p>\n<p>flickr.com\/dep<\/p>\n<\/div>\n\t\t<\/div>\n\t<\/div>\n<\/div><\/div>\n<div class=\"module module-was-this-helpful\">\n\t<div class=\"text-wrap\">\n\t\t<h2>Var dette nyttig?<\/h2>\n\t\t<form id=\"dekode-wth-form\">\n\t\t\t<button id=\"dekode-wth-yes\" class=\"button\" name=\"dekode-wth-feedback\" type=\"submit\"\n\t\t\t\t\tvalue=\"1\">Ja<\/button>\n\t\t\t<button id=\"dekode-wth-no\" class=\"button\" name=\"dekode-wth-feedback\" type=\"submit\"\n\t\t\t\t\tvalue=\"0\">Nei<\/button>\n\t\t\t<input type=\"hidden\" name=\"post_id\" value=\"9445\"\/>\n\t\t<\/form>\n\t<\/div>\n<\/div>\n","protected":false},"excerpt":{"rendered":"<p>Automatisk e-postsignatur &nbsp; AID og HOD AID og HOD benytter automatisk e-post signatur driftet av DIO. E-Post signatur opprettes automatisk &#8230;<\/p>\n","protected":false},"author":69,"featured_media":0,"parent":21,"menu_order":0,"comment_status":"closed","ping_status":"closed","template":"","meta":{"_acf_changed":false,"footnotes":""},"class_list":["post-9445","page","type-page","status-publish","hentry"],"language":"nb-NO","acf":[],"_links":{"self":[{"href":"https:\/\/teststeder.regjeringen.no\/standarddesign\/wp-json\/wp\/v2\/pages\/9445","targetHints":{"allow":["GET"]}}],"collection":[{"href":"https:\/\/teststeder.regjeringen.no\/standarddesign\/wp-json\/wp\/v2\/pages"}],"about":[{"href":"https:\/\/teststeder.regjeringen.no\/standarddesign\/wp-json\/wp\/v2\/types\/page"}],"author":[{"embeddable":true,"href":"https:\/\/teststeder.regjeringen.no\/standarddesign\/wp-json\/wp\/v2\/users\/69"}],"replies":[{"embeddable":true,"href":"https:\/\/teststeder.regjeringen.no\/standarddesign\/wp-json\/wp\/v2\/comments?post=9445"}],"version-history":[{"count":3,"href":"https:\/\/teststeder.regjeringen.no\/standarddesign\/wp-json\/wp\/v2\/pages\/9445\/revisions"}],"predecessor-version":[{"id":27931,"href":"https:\/\/teststeder.regjeringen.no\/standarddesign\/wp-json\/wp\/v2\/pages\/9445\/revisions\/27931"}],"up":[{"embeddable":true,"href":"https:\/\/teststeder.regjeringen.no\/standarddesign\/wp-json\/wp\/v2\/pages\/21"}],"wp:attachment":[{"href":"https:\/\/teststeder.regjeringen.no\/standarddesign\/wp-json\/wp\/v2\/media?parent=9445"}],"curies":[{"name":"wp","href":"https:\/\/api.w.org\/{rel}","templated":true}]}}