{"id":177,"date":"2023-02-09T11:41:55","date_gmt":"2023-02-09T10:41:55","guid":{"rendered":"https:\/\/nettsteder.regjeringen.no\/stylu\/?page_id=177"},"modified":"2024-04-17T15:49:44","modified_gmt":"2024-04-17T13:49:44","slug":"fase-2","status":"publish","type":"page","link":"https:\/\/teststeder.regjeringen.no\/stylu\/fase-2\/","title":{"rendered":"Fase 2 &#8211; Ekspertgruppe om styring av l\u00e6rerutdanningene (p\u00e5g\u00e5r)"},"content":{"rendered":"\n<p>Kunnskapsdepartementet nedsatte 26. september en ekspertgruppe om styring av l\u00e6rerutdanningene. Gruppen skal gi r\u00e5d til departementet om hvordan rammeplanstyringen av l\u00e6rerutdanningene kan gj\u00f8res mer overordnet. Ekspertgruppen leverer en delrapport om rammeplaner som styringsvirkemiddel i l\u00e6rerutdanningene, 1. desember 2023.  De skal levere en sluttrapport med anbefalinger til departementet 1. juni 2024.<\/p>\n\n\n<ul class=\"is-style-list wp-block-dss-simple-posts\"><li class=\"wp-block-dss-simple-post\"><a href=\"https:\/\/teststeder.regjeringen.no\/stylu\/2024\/06\/20\/en-felles-rammeplan-overordnet-styring-av-laererutdanningene\/\" class=\"wp-block-dss-simple-post__link\"><div class=\"wp-block-dss-simple-post__content\"><h2>Sluttrapport fase 2: \u00c9n felles rammeplan. Overordnet styring av l\u00e6rerutdanningene<\/h2><\/div><\/a><\/li><li class=\"wp-block-dss-simple-post\"><a href=\"https:\/\/teststeder.regjeringen.no\/stylu\/2023\/12\/14\/delrapport-fase-2-rammer-for-styring\/\" class=\"wp-block-dss-simple-post__link\"><div class=\"wp-block-dss-simple-post__content\"><h2>Delrapport fase 2: Rammer for styring<\/h2><\/div><\/a><\/li><li class=\"wp-block-dss-simple-post\"><a href=\"https:\/\/teststeder.regjeringen.no\/stylu\/2023\/10\/17\/medlemmene-i-ekspertgruppa\/\" class=\"wp-block-dss-simple-post__link\"><div class=\"wp-block-dss-simple-post__content\"><h2>Medlemmene i ekspertgruppa<\/h2><\/div><\/a><\/li><li class=\"wp-block-dss-simple-post\"><a href=\"https:\/\/teststeder.regjeringen.no\/stylu\/2023\/09\/29\/kunnskapsdepartementet-har-nedsatt-en-ekspertgruppe-om-styring-av-laererutdanningene\/\" class=\"wp-block-dss-simple-post__link\"><div class=\"wp-block-dss-simple-post__content\"><h2>Kunnskapsdepartementet har nedsatt en ekspertgruppe om styring av l\u00e6rerutdanningene<\/h2><\/div><\/a><\/li><li class=\"wp-block-dss-simple-post\"><a href=\"https:\/\/teststeder.regjeringen.no\/stylu\/2023\/09\/28\/mandat-for-ekspertgruppe-om-styring-av-laererutdanning-fase-2\/\" class=\"wp-block-dss-simple-post__link\"><div class=\"wp-block-dss-simple-post__content\"><h2>Mandat for ekspertgruppe om styring av l\u00e6rerutdanning \u2013 fase 2<\/h2><\/div><\/a><\/li><li class=\"wp-block-dss-simple-post\"><a href=\"https:\/\/teststeder.regjeringen.no\/stylu\/2023\/09\/28\/sammensetning-av-ekspertgruppen\/\" class=\"wp-block-dss-simple-post__link\"><div class=\"wp-block-dss-simple-post__content\"><h2>Sammensetning av ekspertgruppen<\/h2><\/div><\/a><\/li><\/ul>\n\n\n<p><\/p>\n\n\n\n<h3 class=\"wp-block-heading\"><strong>M\u00f8ter i ekspertgruppen<\/strong><\/h3>\n\n\n\n<p><a href=\"https:\/\/teststeder.regjeringen.no\/stylu\/2023\/09\/28\/28-29-september-2023-forste-mote-i-ekspertgruppen\/\">M\u00f8te 1: 28. september &#8211; 29. september 2023<\/a>  <\/p>\n\n\n\n<p><a href=\"https:\/\/teststeder.regjeringen.no\/stylu\/2023\/10\/23\/17-18-oktober-andre-mote-i-ekspertgruppen\/\">M\u00f8te 2: 17. oktober &#8211; 18. oktober 2023<\/a><\/p>\n\n\n\n<p><a href=\"https:\/\/teststeder.regjeringen.no\/stylu\/2023\/11\/22\/16-17-november-tredje-mote-i-ekspertgruppen\/\" data-type=\"link\" data-id=\"https:\/\/teststeder.regjeringen.no\/stylu\/2023\/11\/22\/16-17-november-tredje-mote-i-ekspertgruppen\/\">M\u00f8te 3: 16. november &#8211; 17. november 2023<\/a><\/p>\n\n\n\n<p><a href=\"https:\/\/teststeder.regjeringen.no\/stylu\/2024\/01\/16\/10-11-januar-fjerde-mote-i-ekspertgruppen\/\">M\u00f8te 4: 10. januar &#8211; 11. januar 2024<\/a><\/p>\n\n\n\n<p><a href=\"https:\/\/teststeder.regjeringen.no\/stylu\/2024\/02\/19\/14-15-februar-femte-mote-i-ekspertgruppen\/\" data-type=\"link\" data-id=\"https:\/\/teststeder.regjeringen.no\/stylu\/2024\/02\/19\/14-15-februar-femte-mote-i-ekspertgruppen\/\">M\u00f8te 5: 14. februar &#8211; 15. februar 2024<\/a><\/p>\n\n\n\n<p><a href=\"https:\/\/teststeder.regjeringen.no\/stylu\/2024\/04\/11\/19-20-mars-sjette-mote-i-ekspertgruppen\/\" data-type=\"link\" data-id=\"https:\/\/teststeder.regjeringen.no\/stylu\/2024\/04\/11\/19-20-mars-sjette-mote-i-ekspertgruppen\/\">M\u00f8te 6: 19. mars &#8211; 20. mars 2024<\/a><\/p>\n\n\n\n<p><a href=\"https:\/\/teststeder.regjeringen.no\/stylu\/2024\/04\/17\/15-16-april-sjuende-mote-i-ekspertgruppen\/\" data-type=\"link\" data-id=\"https:\/\/teststeder.regjeringen.no\/stylu\/2024\/04\/17\/15-16-april-sjuende-mote-i-ekspertgruppen\/\">M\u00f8te 7: 15. april &#8211; 16. april 2024<\/a><\/p>\n","protected":false},"excerpt":{"rendered":"<p>Kunnskapsdepartementet nedsatte 26. september en ekspertgruppe om styring av l\u00e6rerutdanningene. Gruppen skal gi r\u00e5d til departementet om hvordan rammeplanstyringen av l\u00e6rerutdanningene kan gj\u00f8res mer overordnet. Ekspertgruppen leverer en delrapport om rammeplaner som styringsvirkemiddel i l\u00e6rerutdanningene, 1. desember 2023. De skal levere en sluttrapport med anbefalinger til departementet 1. juni 2024. M\u00f8ter i ekspertgruppen M\u00f8te 1:\u2026<\/p>\n","protected":false},"author":2877,"featured_media":0,"parent":0,"menu_order":0,"comment_status":"closed","ping_status":"closed","template":"","meta":{"dss_simple_post_excerpt":"","dss_show_featured_image":true,"footnotes":""},"class_list":["post-177","page","type-page","status-publish","hentry"],"language":"nb-NO","_links":{"self":[{"href":"https:\/\/teststeder.regjeringen.no\/stylu\/wp-json\/wp\/v2\/pages\/177","targetHints":{"allow":["GET"]}}],"collection":[{"href":"https:\/\/teststeder.regjeringen.no\/stylu\/wp-json\/wp\/v2\/pages"}],"about":[{"href":"https:\/\/teststeder.regjeringen.no\/stylu\/wp-json\/wp\/v2\/types\/page"}],"author":[{"embeddable":true,"href":"https:\/\/teststeder.regjeringen.no\/stylu\/wp-json\/wp\/v2\/users\/2877"}],"replies":[{"embeddable":true,"href":"https:\/\/teststeder.regjeringen.no\/stylu\/wp-json\/wp\/v2\/comments?post=177"}],"version-history":[{"count":3,"href":"https:\/\/teststeder.regjeringen.no\/stylu\/wp-json\/wp\/v2\/pages\/177\/revisions"}],"predecessor-version":[{"id":611,"href":"https:\/\/teststeder.regjeringen.no\/stylu\/wp-json\/wp\/v2\/pages\/177\/revisions\/611"}],"wp:attachment":[{"href":"https:\/\/teststeder.regjeringen.no\/stylu\/wp-json\/wp\/v2\/media?parent=177"}],"curies":[{"name":"wp","href":"https:\/\/api.w.org\/{rel}","templated":true}]}}