{"id":35,"date":"2022-12-12T08:09:36","date_gmt":"2022-12-12T07:09:36","guid":{"rendered":"https:\/\/nettsteder.regjeringen.no\/stylu\/?page_id=35"},"modified":"2025-04-06T22:53:25","modified_gmt":"2025-04-06T20:53:25","slug":"aktuelt","status":"publish","type":"page","link":"https:\/\/teststeder.regjeringen.no\/stylu\/aktuelt\/","title":{"rendered":"Aktuelt"},"content":{"rendered":"<ul class=\"is-style-list-image wp-block-dss-simple-posts\">\n<li class=\"wp-block-dss-simple-post\"><a href=\"https:\/\/teststeder.regjeringen.no\/stylu\/2025\/04\/06\/fase-3-regjeringen-har-igangsatt-en-prosess-med-felles-rammeplan-for-laererutdanning\/\" class=\"wp-block-dss-simple-post__link\"><div class=\"wp-block-dss-simple-post__image-wrapper\"><div class=\"wp-block-dss-simple-post__image\"><img loading=\"lazy\" decoding=\"async\" width=\"300\" height=\"78\" src=\"https:\/\/files.teststeder.regjeringen.no\/wpuploads01\/sites\/530\/2022\/12\/kdbanner-300x78.jpg\" class=\"attachment-medium size-medium wp-post-image\" alt=\"\" srcset=\"https:\/\/files.teststeder.regjeringen.no\/wpuploads01\/sites\/530\/2022\/12\/kdbanner-300x78.jpg 300w, https:\/\/files.teststeder.regjeringen.no\/wpuploads01\/sites\/530\/2022\/12\/kdbanner-1024x267.jpg 1024w, https:\/\/files.teststeder.regjeringen.no\/wpuploads01\/sites\/530\/2022\/12\/kdbanner-768x200.jpg 768w, https:\/\/files.teststeder.regjeringen.no\/wpuploads01\/sites\/530\/2022\/12\/kdbanner-1536x400.jpg 1536w, https:\/\/files.teststeder.regjeringen.no\/wpuploads01\/sites\/530\/2022\/12\/kdbanner.jpg 1920w\" sizes=\"auto, (max-width: 300px) 100vw, 300px\" \/><\/div><\/div><div class=\"wp-block-dss-simple-post__content\"><h2>Fase 3: Regjeringen har igangsatt en prosess med felles rammeplan for l\u00e6rerutdanning<\/h2><\/div><\/a><\/li>\n\n<li class=\"wp-block-dss-simple-post\"><a href=\"https:\/\/teststeder.regjeringen.no\/stylu\/2025\/04\/06\/fase-3-oppdrag-til-faglig-rad-for-laererutdanning-2025-om-a-utarbeide-rammeplan-for-laererutdanning\/\" class=\"wp-block-dss-simple-post__link\"><div class=\"wp-block-dss-simple-post__image-wrapper\"><div class=\"wp-block-dss-simple-post__image\"><img loading=\"lazy\" decoding=\"async\" width=\"300\" height=\"78\" src=\"https:\/\/files.teststeder.regjeringen.no\/wpuploads01\/sites\/530\/2022\/12\/kdbanner-300x78.jpg\" class=\"attachment-medium size-medium wp-post-image\" alt=\"\" srcset=\"https:\/\/files.teststeder.regjeringen.no\/wpuploads01\/sites\/530\/2022\/12\/kdbanner-300x78.jpg 300w, https:\/\/files.teststeder.regjeringen.no\/wpuploads01\/sites\/530\/2022\/12\/kdbanner-1024x267.jpg 1024w, https:\/\/files.teststeder.regjeringen.no\/wpuploads01\/sites\/530\/2022\/12\/kdbanner-768x200.jpg 768w, https:\/\/files.teststeder.regjeringen.no\/wpuploads01\/sites\/530\/2022\/12\/kdbanner-1536x400.jpg 1536w, https:\/\/files.teststeder.regjeringen.no\/wpuploads01\/sites\/530\/2022\/12\/kdbanner.jpg 1920w\" sizes=\"auto, (max-width: 300px) 100vw, 300px\" \/><\/div><\/div><div class=\"wp-block-dss-simple-post__content\"><h2>Fase 3: Oppdrag til Faglig r\u00e5d for l\u00e6rerutdanning 2025 om \u00e5 utarbeide rammeplan for l\u00e6rerutdanning<\/h2><\/div><\/a><\/li>\n\n<li class=\"wp-block-dss-simple-post\"><a href=\"https:\/\/teststeder.regjeringen.no\/stylu\/2024\/06\/20\/en-felles-rammeplan-overordnet-styring-av-laererutdanningene\/\" class=\"wp-block-dss-simple-post__link\"><div class=\"wp-block-dss-simple-post__image-wrapper\"><div class=\"wp-block-dss-simple-post__image\"><img loading=\"lazy\" decoding=\"async\" width=\"300\" height=\"249\" src=\"https:\/\/files.teststeder.regjeringen.no\/wpuploads01\/sites\/530\/2024\/06\/sluttrapport-300x249.png\" class=\"attachment-medium size-medium wp-post-image\" alt=\"\" srcset=\"https:\/\/files.teststeder.regjeringen.no\/wpuploads01\/sites\/530\/2024\/06\/sluttrapport-300x249.png 300w, https:\/\/files.teststeder.regjeringen.no\/wpuploads01\/sites\/530\/2024\/06\/sluttrapport-768x638.png 768w, https:\/\/files.teststeder.regjeringen.no\/wpuploads01\/sites\/530\/2024\/06\/sluttrapport.png 989w\" sizes=\"auto, (max-width: 300px) 100vw, 300px\" \/><\/div><\/div><div class=\"wp-block-dss-simple-post__content\"><h2>Sluttrapport fase 2: \u00c9n felles rammeplan. Overordnet styring av l\u00e6rerutdanningene<\/h2><\/div><\/a><\/li>\n\n<li class=\"wp-block-dss-simple-post\"><a href=\"https:\/\/teststeder.regjeringen.no\/stylu\/2023\/12\/14\/delrapport-fase-2-rammer-for-styring\/\" class=\"wp-block-dss-simple-post__link\"><div class=\"wp-block-dss-simple-post__image-wrapper\"><div class=\"wp-block-dss-simple-post__image\"><img loading=\"lazy\" decoding=\"async\" width=\"300\" height=\"215\" src=\"https:\/\/files.teststeder.regjeringen.no\/wpuploads01\/sites\/530\/2023\/12\/delrapport-300x215.png\" class=\"attachment-medium size-medium wp-post-image\" alt=\"\" srcset=\"https:\/\/files.teststeder.regjeringen.no\/wpuploads01\/sites\/530\/2023\/12\/delrapport-300x215.png 300w, https:\/\/files.teststeder.regjeringen.no\/wpuploads01\/sites\/530\/2023\/12\/delrapport-768x551.png 768w, https:\/\/files.teststeder.regjeringen.no\/wpuploads01\/sites\/530\/2023\/12\/delrapport.png 988w\" sizes=\"auto, (max-width: 300px) 100vw, 300px\" \/><\/div><\/div><div class=\"wp-block-dss-simple-post__content\"><h2>Delrapport fase 2: Rammer for styring<\/h2><\/div><\/a><\/li>\n\n<li class=\"wp-block-dss-simple-post\"><a href=\"https:\/\/teststeder.regjeringen.no\/stylu\/2023\/10\/17\/medlemmene-i-ekspertgruppa\/\" class=\"wp-block-dss-simple-post__link\"><div class=\"wp-block-dss-simple-post__image-wrapper\"><div class=\"wp-block-dss-simple-post__image\"><img loading=\"lazy\" decoding=\"async\" width=\"300\" height=\"78\" src=\"https:\/\/files.teststeder.regjeringen.no\/wpuploads01\/sites\/530\/2022\/12\/cropped-banneripng-300x78.png\" class=\"attachment-medium size-medium wp-post-image\" alt=\"\" srcset=\"https:\/\/files.teststeder.regjeringen.no\/wpuploads01\/sites\/530\/2022\/12\/cropped-banneripng-300x78.png 300w, https:\/\/files.teststeder.regjeringen.no\/wpuploads01\/sites\/530\/2022\/12\/cropped-banneripng-1024x267.png 1024w, https:\/\/files.teststeder.regjeringen.no\/wpuploads01\/sites\/530\/2022\/12\/cropped-banneripng-768x200.png 768w, https:\/\/files.teststeder.regjeringen.no\/wpuploads01\/sites\/530\/2022\/12\/cropped-banneripng-1536x400.png 1536w, https:\/\/files.teststeder.regjeringen.no\/wpuploads01\/sites\/530\/2022\/12\/cropped-banneripng.png 1920w\" sizes=\"auto, (max-width: 300px) 100vw, 300px\" \/><\/div><\/div><div class=\"wp-block-dss-simple-post__content\"><h2>Medlemmene i ekspertgruppa<\/h2><\/div><\/a><\/li>\n\n<li class=\"wp-block-dss-simple-post\"><a href=\"https:\/\/teststeder.regjeringen.no\/stylu\/2023\/09\/29\/kunnskapsdepartementet-har-nedsatt-en-ekspertgruppe-om-styring-av-laererutdanningene\/\" class=\"wp-block-dss-simple-post__link\"><div class=\"wp-block-dss-simple-post__image-wrapper\"><div class=\"wp-block-dss-simple-post__image\"><img loading=\"lazy\" decoding=\"async\" width=\"300\" height=\"150\" src=\"https:\/\/files.teststeder.regjeringen.no\/wpuploads01\/sites\/530\/2023\/10\/Bilde_ekspertgruppe-2400-300x150.jpeg\" class=\"attachment-medium size-medium wp-post-image\" alt=\"\" srcset=\"https:\/\/files.teststeder.regjeringen.no\/wpuploads01\/sites\/530\/2023\/10\/Bilde_ekspertgruppe-2400-300x150.jpeg 300w, https:\/\/files.teststeder.regjeringen.no\/wpuploads01\/sites\/530\/2023\/10\/Bilde_ekspertgruppe-2400-1024x512.jpeg 1024w, https:\/\/files.teststeder.regjeringen.no\/wpuploads01\/sites\/530\/2023\/10\/Bilde_ekspertgruppe-2400-768x384.jpeg 768w, https:\/\/files.teststeder.regjeringen.no\/wpuploads01\/sites\/530\/2023\/10\/Bilde_ekspertgruppe-2400-1536x768.jpeg 1536w, https:\/\/files.teststeder.regjeringen.no\/wpuploads01\/sites\/530\/2023\/10\/Bilde_ekspertgruppe-2400-2048x1024.jpeg 2048w\" sizes=\"auto, (max-width: 300px) 100vw, 300px\" \/><\/div><\/div><div class=\"wp-block-dss-simple-post__content\"><h2>Kunnskapsdepartementet har nedsatt en ekspertgruppe om styring av l\u00e6rerutdanningene<\/h2><\/div><\/a><\/li>\n\n<li class=\"wp-block-dss-simple-post\"><a href=\"https:\/\/teststeder.regjeringen.no\/stylu\/2023\/09\/28\/mandat-for-ekspertgruppe-om-styring-av-laererutdanning-fase-2\/\" class=\"wp-block-dss-simple-post__link\"><div class=\"wp-block-dss-simple-post__image-wrapper\"><div class=\"wp-block-dss-simple-post__image\"><img loading=\"lazy\" decoding=\"async\" width=\"300\" height=\"78\" src=\"https:\/\/files.teststeder.regjeringen.no\/wpuploads01\/sites\/530\/2022\/12\/cropped-banneripng-300x78.png\" class=\"attachment-medium size-medium wp-post-image\" alt=\"\" srcset=\"https:\/\/files.teststeder.regjeringen.no\/wpuploads01\/sites\/530\/2022\/12\/cropped-banneripng-300x78.png 300w, https:\/\/files.teststeder.regjeringen.no\/wpuploads01\/sites\/530\/2022\/12\/cropped-banneripng-1024x267.png 1024w, https:\/\/files.teststeder.regjeringen.no\/wpuploads01\/sites\/530\/2022\/12\/cropped-banneripng-768x200.png 768w, https:\/\/files.teststeder.regjeringen.no\/wpuploads01\/sites\/530\/2022\/12\/cropped-banneripng-1536x400.png 1536w, https:\/\/files.teststeder.regjeringen.no\/wpuploads01\/sites\/530\/2022\/12\/cropped-banneripng.png 1920w\" sizes=\"auto, (max-width: 300px) 100vw, 300px\" \/><\/div><\/div><div class=\"wp-block-dss-simple-post__content\"><h2>Mandat for ekspertgruppe om styring av l\u00e6rerutdanning \u2013 fase 2<\/h2><\/div><\/a><\/li>\n\n<li class=\"wp-block-dss-simple-post\"><a href=\"https:\/\/teststeder.regjeringen.no\/stylu\/2023\/09\/28\/28-29-september-2023-forste-mote-i-ekspertgruppen\/\" class=\"wp-block-dss-simple-post__link\"><div class=\"wp-block-dss-simple-post__image-wrapper\"><div class=\"wp-block-dss-simple-post__image\"><img loading=\"lazy\" decoding=\"async\" width=\"300\" height=\"143\" src=\"https:\/\/files.teststeder.regjeringen.no\/wpuploads01\/sites\/530\/2023\/10\/D7B07274-D77F-4091-80B5-42F1EFDA0ACC_1_201_a-utsnitt-300x143.jpg\" class=\"attachment-medium size-medium wp-post-image\" alt=\"\" srcset=\"https:\/\/files.teststeder.regjeringen.no\/wpuploads01\/sites\/530\/2023\/10\/D7B07274-D77F-4091-80B5-42F1EFDA0ACC_1_201_a-utsnitt-300x143.jpg 300w, https:\/\/files.teststeder.regjeringen.no\/wpuploads01\/sites\/530\/2023\/10\/D7B07274-D77F-4091-80B5-42F1EFDA0ACC_1_201_a-utsnitt-1024x487.jpg 1024w, https:\/\/files.teststeder.regjeringen.no\/wpuploads01\/sites\/530\/2023\/10\/D7B07274-D77F-4091-80B5-42F1EFDA0ACC_1_201_a-utsnitt-768x365.jpg 768w, https:\/\/files.teststeder.regjeringen.no\/wpuploads01\/sites\/530\/2023\/10\/D7B07274-D77F-4091-80B5-42F1EFDA0ACC_1_201_a-utsnitt-1536x731.jpg 1536w, https:\/\/files.teststeder.regjeringen.no\/wpuploads01\/sites\/530\/2023\/10\/D7B07274-D77F-4091-80B5-42F1EFDA0ACC_1_201_a-utsnitt-2048x974.jpg 2048w\" sizes=\"auto, (max-width: 300px) 100vw, 300px\" \/><\/div><\/div><div class=\"wp-block-dss-simple-post__content\"><h2>28. &#8211; 29. september 2023: f\u00f8rste m\u00f8te i ekspertgruppen<\/h2><\/div><\/a><\/li>\n\n<li class=\"wp-block-dss-simple-post\"><a href=\"https:\/\/teststeder.regjeringen.no\/stylu\/2023\/07\/03\/kunnskapsdepartementet-har-fastsatt-endringer-i-forskrifter-om-rammeplaner-for-laererutdanningene\/\" class=\"wp-block-dss-simple-post__link\"><div class=\"wp-block-dss-simple-post__image-wrapper\"><div class=\"wp-block-dss-simple-post__image\"><img loading=\"lazy\" decoding=\"async\" width=\"300\" height=\"78\" src=\"https:\/\/files.teststeder.regjeringen.no\/wpuploads01\/sites\/530\/2022\/12\/cropped-banneripng-300x78.png\" class=\"attachment-medium size-medium wp-post-image\" alt=\"\" srcset=\"https:\/\/files.teststeder.regjeringen.no\/wpuploads01\/sites\/530\/2022\/12\/cropped-banneripng-300x78.png 300w, https:\/\/files.teststeder.regjeringen.no\/wpuploads01\/sites\/530\/2022\/12\/cropped-banneripng-1024x267.png 1024w, https:\/\/files.teststeder.regjeringen.no\/wpuploads01\/sites\/530\/2022\/12\/cropped-banneripng-768x200.png 768w, https:\/\/files.teststeder.regjeringen.no\/wpuploads01\/sites\/530\/2022\/12\/cropped-banneripng-1536x400.png 1536w, https:\/\/files.teststeder.regjeringen.no\/wpuploads01\/sites\/530\/2022\/12\/cropped-banneripng.png 1920w\" sizes=\"auto, (max-width: 300px) 100vw, 300px\" \/><\/div><\/div><div class=\"wp-block-dss-simple-post__content\"><h2>Kunnskapsdepartementet har fastsatt endringer i forskrifter om rammeplaner for l\u00e6rerutdanningene<\/h2><\/div><\/a><\/li>\n\n<li class=\"wp-block-dss-simple-post\"><a href=\"https:\/\/teststeder.regjeringen.no\/stylu\/2023\/04\/21\/horing-om-rammeplanutvalgets-forslag-til-forenklinger-i-rammeplanene\/\" class=\"wp-block-dss-simple-post__link\"><div class=\"wp-block-dss-simple-post__image-wrapper\"><div class=\"wp-block-dss-simple-post__image\"><img loading=\"lazy\" decoding=\"async\" width=\"300\" height=\"78\" src=\"https:\/\/files.teststeder.regjeringen.no\/wpuploads01\/sites\/530\/2022\/12\/kdbanner-300x78.jpg\" class=\"attachment-medium size-medium wp-post-image\" alt=\"\" srcset=\"https:\/\/files.teststeder.regjeringen.no\/wpuploads01\/sites\/530\/2022\/12\/kdbanner-300x78.jpg 300w, https:\/\/files.teststeder.regjeringen.no\/wpuploads01\/sites\/530\/2022\/12\/kdbanner-1024x267.jpg 1024w, https:\/\/files.teststeder.regjeringen.no\/wpuploads01\/sites\/530\/2022\/12\/kdbanner-768x200.jpg 768w, https:\/\/files.teststeder.regjeringen.no\/wpuploads01\/sites\/530\/2022\/12\/kdbanner-1536x400.jpg 1536w, https:\/\/files.teststeder.regjeringen.no\/wpuploads01\/sites\/530\/2022\/12\/kdbanner.jpg 1920w\" sizes=\"auto, (max-width: 300px) 100vw, 300px\" \/><\/div><\/div><div class=\"wp-block-dss-simple-post__content\"><h2>H\u00f8ring om rammeplanutvalgets forslag til forenklinger i rammeplanene<\/h2><\/div><\/a><\/li>\n\n<li class=\"wp-block-dss-simple-post\"><a href=\"https:\/\/teststeder.regjeringen.no\/stylu\/2023\/03\/24\/anbefalinger-fra-rammeplanutvalget\/\" class=\"wp-block-dss-simple-post__link\"><div class=\"wp-block-dss-simple-post__image-wrapper\"><div class=\"wp-block-dss-simple-post__image\"><img loading=\"lazy\" decoding=\"async\" width=\"300\" height=\"78\" src=\"https:\/\/files.teststeder.regjeringen.no\/wpuploads01\/sites\/530\/2022\/12\/cropped-banneripng-300x78.png\" class=\"attachment-medium size-medium wp-post-image\" alt=\"\" srcset=\"https:\/\/files.teststeder.regjeringen.no\/wpuploads01\/sites\/530\/2022\/12\/cropped-banneripng-300x78.png 300w, https:\/\/files.teststeder.regjeringen.no\/wpuploads01\/sites\/530\/2022\/12\/cropped-banneripng-1024x267.png 1024w, https:\/\/files.teststeder.regjeringen.no\/wpuploads01\/sites\/530\/2022\/12\/cropped-banneripng-768x200.png 768w, https:\/\/files.teststeder.regjeringen.no\/wpuploads01\/sites\/530\/2022\/12\/cropped-banneripng-1536x400.png 1536w, https:\/\/files.teststeder.regjeringen.no\/wpuploads01\/sites\/530\/2022\/12\/cropped-banneripng.png 1920w\" sizes=\"auto, (max-width: 300px) 100vw, 300px\" \/><\/div><\/div><div class=\"wp-block-dss-simple-post__content\"><h2>Anbefalinger fra rammeplanutvalget<\/h2><\/div><\/a><\/li>\n\n<li class=\"wp-block-dss-simple-post\"><a href=\"https:\/\/teststeder.regjeringen.no\/stylu\/2023\/02\/07\/forste-utvalgsmote\/\" class=\"wp-block-dss-simple-post__link\"><div class=\"wp-block-dss-simple-post__image-wrapper\"><div class=\"wp-block-dss-simple-post__image\"><img loading=\"lazy\" decoding=\"async\" width=\"300\" height=\"78\" src=\"https:\/\/files.teststeder.regjeringen.no\/wpuploads01\/sites\/530\/2022\/12\/kdbanner-300x78.jpg\" class=\"attachment-medium size-medium wp-post-image\" alt=\"\" srcset=\"https:\/\/files.teststeder.regjeringen.no\/wpuploads01\/sites\/530\/2022\/12\/kdbanner-300x78.jpg 300w, https:\/\/files.teststeder.regjeringen.no\/wpuploads01\/sites\/530\/2022\/12\/kdbanner-1024x267.jpg 1024w, https:\/\/files.teststeder.regjeringen.no\/wpuploads01\/sites\/530\/2022\/12\/kdbanner-768x200.jpg 768w, https:\/\/files.teststeder.regjeringen.no\/wpuploads01\/sites\/530\/2022\/12\/kdbanner-1536x400.jpg 1536w, https:\/\/files.teststeder.regjeringen.no\/wpuploads01\/sites\/530\/2022\/12\/kdbanner.jpg 1920w\" sizes=\"auto, (max-width: 300px) 100vw, 300px\" \/><\/div><\/div><div class=\"wp-block-dss-simple-post__content\"><h2>14. februar 2023: M\u00f8te i rammeplanutvalget<\/h2><\/div><\/a><\/li>\n\n<li class=\"wp-block-dss-simple-post\"><a href=\"https:\/\/teststeder.regjeringen.no\/stylu\/2023\/02\/08\/rammeplanutvalget-for-forste-fase-er-oppnevnt\/\" class=\"wp-block-dss-simple-post__link\"><div class=\"wp-block-dss-simple-post__image-wrapper\"><div class=\"wp-block-dss-simple-post__image\"><img loading=\"lazy\" decoding=\"async\" width=\"300\" height=\"169\" src=\"https:\/\/files.teststeder.regjeringen.no\/wpuploads01\/sites\/530\/2023\/02\/20230214_155139-300x169.jpg\" class=\"attachment-medium size-medium wp-post-image\" alt=\"Rammeplanutvalget\" srcset=\"https:\/\/files.teststeder.regjeringen.no\/wpuploads01\/sites\/530\/2023\/02\/20230214_155139-300x169.jpg 300w, https:\/\/files.teststeder.regjeringen.no\/wpuploads01\/sites\/530\/2023\/02\/20230214_155139-1024x577.jpg 1024w, https:\/\/files.teststeder.regjeringen.no\/wpuploads01\/sites\/530\/2023\/02\/20230214_155139-768x432.jpg 768w, https:\/\/files.teststeder.regjeringen.no\/wpuploads01\/sites\/530\/2023\/02\/20230214_155139-1536x865.jpg 1536w, https:\/\/files.teststeder.regjeringen.no\/wpuploads01\/sites\/530\/2023\/02\/20230214_155139-2048x1153.jpg 2048w, https:\/\/files.teststeder.regjeringen.no\/wpuploads01\/sites\/530\/2023\/02\/20230214_155139-1200x675.jpg 1200w\" sizes=\"auto, (max-width: 300px) 100vw, 300px\" \/><\/div><\/div><div class=\"wp-block-dss-simple-post__content\"><h2>7. februar 2023: Kunnskapsdepartementet har oppnevnt et hurtigarbeidende rammeplanutvalg (fase 1)<\/h2><\/div><\/a><\/li>\n<\/ul>","protected":false},"excerpt":{"rendered":"","protected":false},"author":2877,"featured_media":31,"parent":0,"menu_order":0,"comment_status":"closed","ping_status":"closed","template":"","meta":{"dss_simple_post_excerpt":"","dss_show_featured_image":false,"footnotes":""},"class_list":["post-35","page","type-page","status-publish","has-post-thumbnail","hentry"],"language":"nb-NO","_links":{"self":[{"href":"https:\/\/teststeder.regjeringen.no\/stylu\/wp-json\/wp\/v2\/pages\/35","targetHints":{"allow":["GET"]}}],"collection":[{"href":"https:\/\/teststeder.regjeringen.no\/stylu\/wp-json\/wp\/v2\/pages"}],"about":[{"href":"https:\/\/teststeder.regjeringen.no\/stylu\/wp-json\/wp\/v2\/types\/page"}],"author":[{"embeddable":true,"href":"https:\/\/teststeder.regjeringen.no\/stylu\/wp-json\/wp\/v2\/users\/2877"}],"replies":[{"embeddable":true,"href":"https:\/\/teststeder.regjeringen.no\/stylu\/wp-json\/wp\/v2\/comments?post=35"}],"version-history":[{"count":3,"href":"https:\/\/teststeder.regjeringen.no\/stylu\/wp-json\/wp\/v2\/pages\/35\/revisions"}],"predecessor-version":[{"id":677,"href":"https:\/\/teststeder.regjeringen.no\/stylu\/wp-json\/wp\/v2\/pages\/35\/revisions\/677"}],"wp:featuredmedia":[{"embeddable":true,"href":"https:\/\/teststeder.regjeringen.no\/stylu\/wp-json\/wp\/v2\/media\/31"}],"wp:attachment":[{"href":"https:\/\/teststeder.regjeringen.no\/stylu\/wp-json\/wp\/v2\/media?parent=35"}],"curies":[{"name":"wp","href":"https:\/\/api.w.org\/{rel}","templated":true}]}}