{"id":23,"date":"2022-09-30T09:57:44","date_gmt":"2022-09-30T07:57:44","guid":{"rendered":"https:\/\/nettsteder.regjeringen.no\/tannhelseutvalget\/?page_id=23"},"modified":"2022-10-14T14:11:53","modified_gmt":"2022-10-14T12:11:53","slug":"medlemmer","status":"publish","type":"page","link":"https:\/\/teststeder.regjeringen.no\/tannhelseutvalget\/medlemmer\/","title":{"rendered":"Medlemmer"},"content":{"rendered":"<ul class=\"wp-block-dss-people\">\n<li class=\"wp-block-dss-person\">\t<div class=\"dss-person-image\">\n\t\t<figure>\n\t\t\t<img loading=\"lazy\" decoding=\"async\" width=\"250\" height=\"250\" src=\"https:\/\/files.teststeder.regjeringen.no\/wpuploads01\/sites\/522\/2022\/10\/New-Project-300x300.png\" class=\"attachment-250x250 size-250x250\" alt=\"\" srcset=\"https:\/\/files.teststeder.regjeringen.no\/wpuploads01\/sites\/522\/2022\/10\/New-Project-300x300.png 300w, https:\/\/files.teststeder.regjeringen.no\/wpuploads01\/sites\/522\/2022\/10\/New-Project-150x150.png 150w, https:\/\/files.teststeder.regjeringen.no\/wpuploads01\/sites\/522\/2022\/10\/New-Project.png 500w\" sizes=\"auto, (max-width: 250px) 100vw, 250px\" \/>\t\t<\/figure>\n\t<\/div>\n\t<div class=\"dss-person-content\">\n\t\t<h3 class=\"dss-person-name\">Evy-Anni Evensen, Halden<\/h3><p class=\"dss-person-position\">Utvalgsleder<\/p><p class=\"dss-person-content\">Pensjonist. Tidligere fylkesr\u00e5dmann, r\u00e5dmann, helse- og sosialsjef, flere styreverv og har deltatt i flere offentlig utvalg m.m.<\/p>\t<\/div>\n\t<\/li>\n\n<li class=\"wp-block-dss-person\">\t<div class=\"dss-person-image\">\n\t\t<figure>\n\t\t\t<img loading=\"lazy\" decoding=\"async\" width=\"250\" height=\"250\" src=\"https:\/\/files.teststeder.regjeringen.no\/wpuploads01\/sites\/522\/2022\/10\/New-Project-300x300.png\" class=\"attachment-250x250 size-250x250\" alt=\"\" srcset=\"https:\/\/files.teststeder.regjeringen.no\/wpuploads01\/sites\/522\/2022\/10\/New-Project-300x300.png 300w, https:\/\/files.teststeder.regjeringen.no\/wpuploads01\/sites\/522\/2022\/10\/New-Project-150x150.png 150w, https:\/\/files.teststeder.regjeringen.no\/wpuploads01\/sites\/522\/2022\/10\/New-Project.png 500w\" sizes=\"auto, (max-width: 250px) 100vw, 250px\" \/>\t\t<\/figure>\n\t<\/div>\n\t<div class=\"dss-person-content\">\n\t\t<h3 class=\"dss-person-name\">Farshad Alamdari, Trysil<\/h3><p class=\"dss-person-content\">Overtannlege ved Innlandet fylkeskommune.<\/p>\t<\/div>\n\t<\/li>\n\n<li class=\"wp-block-dss-person\">\t<div class=\"dss-person-image\">\n\t\t<figure>\n\t\t\t<img loading=\"lazy\" decoding=\"async\" width=\"250\" height=\"250\" src=\"https:\/\/files.teststeder.regjeringen.no\/wpuploads01\/sites\/522\/2022\/10\/New-Project-300x300.png\" class=\"attachment-250x250 size-250x250\" alt=\"\" srcset=\"https:\/\/files.teststeder.regjeringen.no\/wpuploads01\/sites\/522\/2022\/10\/New-Project-300x300.png 300w, https:\/\/files.teststeder.regjeringen.no\/wpuploads01\/sites\/522\/2022\/10\/New-Project-150x150.png 150w, https:\/\/files.teststeder.regjeringen.no\/wpuploads01\/sites\/522\/2022\/10\/New-Project.png 500w\" sizes=\"auto, (max-width: 250px) 100vw, 250px\" \/>\t\t<\/figure>\n\t<\/div>\n\t<div class=\"dss-person-content\">\n\t\t<h3 class=\"dss-person-name\">Lena R.L. Bendiksen, Troms\u00f8<\/h3><p class=\"dss-person-content\">Professor i rettsvitenskap ved Det juridiske fakultet, UiT Norges arktiske universitet. Tidligere dekan og har deltatt i flere offentlig utvalg.<\/p>\t<\/div>\n\t<\/li>\n\n<li class=\"wp-block-dss-person\">\t<div class=\"dss-person-image\">\n\t\t<figure>\n\t\t\t<img loading=\"lazy\" decoding=\"async\" width=\"250\" height=\"250\" src=\"https:\/\/files.teststeder.regjeringen.no\/wpuploads01\/sites\/522\/2022\/10\/New-Project-300x300.png\" class=\"attachment-250x250 size-250x250\" alt=\"\" srcset=\"https:\/\/files.teststeder.regjeringen.no\/wpuploads01\/sites\/522\/2022\/10\/New-Project-300x300.png 300w, https:\/\/files.teststeder.regjeringen.no\/wpuploads01\/sites\/522\/2022\/10\/New-Project-150x150.png 150w, https:\/\/files.teststeder.regjeringen.no\/wpuploads01\/sites\/522\/2022\/10\/New-Project.png 500w\" sizes=\"auto, (max-width: 250px) 100vw, 250px\" \/>\t\t<\/figure>\n\t<\/div>\n\t<div class=\"dss-person-content\">\n\t\t<h3 class=\"dss-person-name\">Ellen Berggreen, Bergen<\/h3><p class=\"dss-person-content\">Professor ved Det medisinske fakultet, Universitetet i Bergen og forskningsleder ved Tannhelsetenesta kompetansesenter Vestland. Tannlegespesialist i endodonti og styremedlem i styret for NIOM AS.<\/p>\t<\/div>\n\t<\/li>\n\n<li class=\"wp-block-dss-person\">\t<div class=\"dss-person-image\">\n\t\t<figure>\n\t\t\t<img loading=\"lazy\" decoding=\"async\" width=\"250\" height=\"250\" src=\"https:\/\/files.teststeder.regjeringen.no\/wpuploads01\/sites\/522\/2022\/10\/New-Project-300x300.png\" class=\"attachment-250x250 size-250x250\" alt=\"\" srcset=\"https:\/\/files.teststeder.regjeringen.no\/wpuploads01\/sites\/522\/2022\/10\/New-Project-300x300.png 300w, https:\/\/files.teststeder.regjeringen.no\/wpuploads01\/sites\/522\/2022\/10\/New-Project-150x150.png 150w, https:\/\/files.teststeder.regjeringen.no\/wpuploads01\/sites\/522\/2022\/10\/New-Project.png 500w\" sizes=\"auto, (max-width: 250px) 100vw, 250px\" \/>\t\t<\/figure>\n\t<\/div>\n\t<div class=\"dss-person-content\">\n\t\t<h3 class=\"dss-person-name\">Kurt Richard Brekke, Bergen<\/h3><p class=\"dss-person-content\">Professor og instituttleder ved Institutt for samfunns\u00f8konomi ved Norges Handelsh\u00f8yskole (NHH). Tidligere sjef\u00f8konom i Konkurransetilsynet og erfaring fra offentlig utvalg.<\/p>\t<\/div>\n\t<\/li>\n\n<li class=\"wp-block-dss-person\">\t<div class=\"dss-person-image\">\n\t\t<figure>\n\t\t\t<img loading=\"lazy\" decoding=\"async\" width=\"250\" height=\"250\" src=\"https:\/\/files.teststeder.regjeringen.no\/wpuploads01\/sites\/522\/2022\/10\/New-Project-300x300.png\" class=\"attachment-250x250 size-250x250\" alt=\"\" srcset=\"https:\/\/files.teststeder.regjeringen.no\/wpuploads01\/sites\/522\/2022\/10\/New-Project-300x300.png 300w, https:\/\/files.teststeder.regjeringen.no\/wpuploads01\/sites\/522\/2022\/10\/New-Project-150x150.png 150w, https:\/\/files.teststeder.regjeringen.no\/wpuploads01\/sites\/522\/2022\/10\/New-Project.png 500w\" sizes=\"auto, (max-width: 250px) 100vw, 250px\" \/>\t\t<\/figure>\n\t<\/div>\n\t<div class=\"dss-person-content\">\n\t\t<h3 class=\"dss-person-name\">Eli Feiring, Oslo<\/h3><p class=\"dss-person-content\">Professor i helsepolitikk og medisinsk etikk ved Det medisinske fakultet, Universitetet i Oslo. Erfaring fra offentlige utvalg og ekspertgrupper.<\/p>\t<\/div>\n\t<\/li>\n\n<li class=\"wp-block-dss-person\">\t<div class=\"dss-person-image\">\n\t\t<figure>\n\t\t\t<img loading=\"lazy\" decoding=\"async\" width=\"250\" height=\"250\" src=\"https:\/\/files.teststeder.regjeringen.no\/wpuploads01\/sites\/522\/2022\/10\/New-Project-300x300.png\" class=\"attachment-250x250 size-250x250\" alt=\"\" srcset=\"https:\/\/files.teststeder.regjeringen.no\/wpuploads01\/sites\/522\/2022\/10\/New-Project-300x300.png 300w, https:\/\/files.teststeder.regjeringen.no\/wpuploads01\/sites\/522\/2022\/10\/New-Project-150x150.png 150w, https:\/\/files.teststeder.regjeringen.no\/wpuploads01\/sites\/522\/2022\/10\/New-Project.png 500w\" sizes=\"auto, (max-width: 250px) 100vw, 250px\" \/>\t\t<\/figure>\n\t<\/div>\n\t<div class=\"dss-person-content\">\n\t\t<h3 class=\"dss-person-name\">Gry Jakhelln, F\u00e6rder<\/h3><p class=\"dss-person-content\">Spesialtannpleier, fagansvarlig i Norsk Tannpleierforening.<\/p>\t<\/div>\n\t<\/li>\n\n<li class=\"wp-block-dss-person\">\t<div class=\"dss-person-image\">\n\t\t<figure>\n\t\t\t<img loading=\"lazy\" decoding=\"async\" width=\"250\" height=\"250\" src=\"https:\/\/files.teststeder.regjeringen.no\/wpuploads01\/sites\/522\/2022\/10\/New-Project-300x300.png\" class=\"attachment-250x250 size-250x250\" alt=\"\" srcset=\"https:\/\/files.teststeder.regjeringen.no\/wpuploads01\/sites\/522\/2022\/10\/New-Project-300x300.png 300w, https:\/\/files.teststeder.regjeringen.no\/wpuploads01\/sites\/522\/2022\/10\/New-Project-150x150.png 150w, https:\/\/files.teststeder.regjeringen.no\/wpuploads01\/sites\/522\/2022\/10\/New-Project.png 500w\" sizes=\"auto, (max-width: 250px) 100vw, 250px\" \/>\t\t<\/figure>\n\t<\/div>\n\t<div class=\"dss-person-content\">\n\t\t<h3 class=\"dss-person-name\">Kari Kjendalen, Oslo<\/h3><p class=\"dss-person-content\">Pensjonist. Tidligere blant annet h\u00f8yskoledirekt\u00f8r, generalsekret\u00e6r i Forskerforbundet, avdelingsdirekt\u00f8r\/ekspedisjonssjef i Kunnskapsdepartementet, flere offentlige styreverv og har deltatt i flere offentlig utvalg m.m.<\/p>\t<\/div>\n\t<\/li>\n\n<li class=\"wp-block-dss-person\">\t<div class=\"dss-person-image\">\n\t\t<figure>\n\t\t\t<img loading=\"lazy\" decoding=\"async\" width=\"250\" height=\"250\" src=\"https:\/\/files.teststeder.regjeringen.no\/wpuploads01\/sites\/522\/2022\/10\/New-Project-300x300.png\" class=\"attachment-250x250 size-250x250\" alt=\"\" srcset=\"https:\/\/files.teststeder.regjeringen.no\/wpuploads01\/sites\/522\/2022\/10\/New-Project-300x300.png 300w, https:\/\/files.teststeder.regjeringen.no\/wpuploads01\/sites\/522\/2022\/10\/New-Project-150x150.png 150w, https:\/\/files.teststeder.regjeringen.no\/wpuploads01\/sites\/522\/2022\/10\/New-Project.png 500w\" sizes=\"auto, (max-width: 250px) 100vw, 250px\" \/>\t\t<\/figure>\n\t<\/div>\n\t<div class=\"dss-person-content\">\n\t\t<h3 class=\"dss-person-name\">Pernille Lysaker, Haugesund<\/h3><p class=\"dss-person-content\">Fylkestannhelsesjef i Rogaland, sykepleier, tidligere styremedlem i Helse Vest RHF, ulike lederstillinger i spesialisthelsetjenesten og prim\u00e6rhelsetjenesten.<\/p>\t<\/div>\n\t<\/li>\n\n<li class=\"wp-block-dss-person\">\t<div class=\"dss-person-image\">\n\t\t<figure>\n\t\t\t<img loading=\"lazy\" decoding=\"async\" width=\"250\" height=\"250\" src=\"https:\/\/files.teststeder.regjeringen.no\/wpuploads01\/sites\/522\/2022\/10\/New-Project-300x300.png\" class=\"attachment-250x250 size-250x250\" alt=\"\" srcset=\"https:\/\/files.teststeder.regjeringen.no\/wpuploads01\/sites\/522\/2022\/10\/New-Project-300x300.png 300w, https:\/\/files.teststeder.regjeringen.no\/wpuploads01\/sites\/522\/2022\/10\/New-Project-150x150.png 150w, https:\/\/files.teststeder.regjeringen.no\/wpuploads01\/sites\/522\/2022\/10\/New-Project.png 500w\" sizes=\"auto, (max-width: 250px) 100vw, 250px\" \/>\t\t<\/figure>\n\t<\/div>\n\t<div class=\"dss-person-content\">\n\t\t<h3 class=\"dss-person-name\">Heming Olsen-Bergem, Asker<\/h3><p class=\"dss-person-content\">Tannlegespesialist i oral kirurgi og oral medisin, f\u00f8rsteamanuensis ved Det odontologiske fakultet, Universitetet i Oslo, Orlogskaptein i Forsvarets Sanitet og president i Den norske tannlegeforening.<\/p>\t<\/div>\n\t<\/li>\n\n<li class=\"wp-block-dss-person\">\t<div class=\"dss-person-image\">\n\t\t<figure>\n\t\t\t<img loading=\"lazy\" decoding=\"async\" width=\"250\" height=\"250\" src=\"https:\/\/files.teststeder.regjeringen.no\/wpuploads01\/sites\/522\/2022\/10\/New-Project-300x300.png\" class=\"attachment-250x250 size-250x250\" alt=\"\" srcset=\"https:\/\/files.teststeder.regjeringen.no\/wpuploads01\/sites\/522\/2022\/10\/New-Project-300x300.png 300w, https:\/\/files.teststeder.regjeringen.no\/wpuploads01\/sites\/522\/2022\/10\/New-Project-150x150.png 150w, https:\/\/files.teststeder.regjeringen.no\/wpuploads01\/sites\/522\/2022\/10\/New-Project.png 500w\" sizes=\"auto, (max-width: 250px) 100vw, 250px\" \/>\t\t<\/figure>\n\t<\/div>\n\t<div class=\"dss-person-content\">\n\t\t<h3 class=\"dss-person-name\">Kristian Onarheim, Trondheim<\/h3><p class=\"dss-person-content\">Ass. fagdirekt\u00f8r i Helse Midt-Norge.<\/p>\t<\/div>\n\t<\/li>\n\n<li class=\"wp-block-dss-person\">\t<div class=\"dss-person-image\">\n\t\t<figure>\n\t\t\t<img loading=\"lazy\" decoding=\"async\" width=\"250\" height=\"250\" src=\"https:\/\/files.teststeder.regjeringen.no\/wpuploads01\/sites\/522\/2022\/10\/New-Project-300x300.png\" class=\"attachment-250x250 size-250x250\" alt=\"\" srcset=\"https:\/\/files.teststeder.regjeringen.no\/wpuploads01\/sites\/522\/2022\/10\/New-Project-300x300.png 300w, https:\/\/files.teststeder.regjeringen.no\/wpuploads01\/sites\/522\/2022\/10\/New-Project-150x150.png 150w, https:\/\/files.teststeder.regjeringen.no\/wpuploads01\/sites\/522\/2022\/10\/New-Project.png 500w\" sizes=\"auto, (max-width: 250px) 100vw, 250px\" \/>\t\t<\/figure>\n\t<\/div>\n\t<div class=\"dss-person-content\">\n\t\t<h3 class=\"dss-person-name\">Kurt R\u00f8nning, Indre Fosen<\/h3><p class=\"dss-person-content\">Nestleder i yrkesseksjonen helse og sosial i Fagforbundet.<\/p>\t<\/div>\n\t<\/li>\n\n<li class=\"wp-block-dss-person\">\t<div class=\"dss-person-image\">\n\t\t<figure>\n\t\t\t<img loading=\"lazy\" decoding=\"async\" width=\"250\" height=\"250\" src=\"https:\/\/files.teststeder.regjeringen.no\/wpuploads01\/sites\/522\/2022\/10\/New-Project-300x300.png\" class=\"attachment-250x250 size-250x250\" alt=\"\" srcset=\"https:\/\/files.teststeder.regjeringen.no\/wpuploads01\/sites\/522\/2022\/10\/New-Project-300x300.png 300w, https:\/\/files.teststeder.regjeringen.no\/wpuploads01\/sites\/522\/2022\/10\/New-Project-150x150.png 150w, https:\/\/files.teststeder.regjeringen.no\/wpuploads01\/sites\/522\/2022\/10\/New-Project.png 500w\" sizes=\"auto, (max-width: 250px) 100vw, 250px\" \/>\t\t<\/figure>\n\t<\/div>\n\t<div class=\"dss-person-content\">\n\t\t<h3 class=\"dss-person-name\">Per Tovmo, Trondheim<\/h3><p class=\"dss-person-content\">Professor i samfunns\u00f8konomi ved NTNU Norges teknisk-naturvitenskapelige universitet.<\/p>\t<\/div>\n\t<\/li>\n<\/ul>\n\n\n<p><\/p>\n","protected":false},"excerpt":{"rendered":"","protected":false},"author":181,"featured_media":0,"parent":0,"menu_order":0,"comment_status":"closed","ping_status":"closed","template":"","meta":{"dss_simple_post_excerpt":"","dss_show_featured_image":true,"footnotes":""},"class_list":["post-23","page","type-page","status-publish","hentry"],"language":"nb-NO","_links":{"self":[{"href":"https:\/\/teststeder.regjeringen.no\/tannhelseutvalget\/wp-json\/wp\/v2\/pages\/23","targetHints":{"allow":["GET"]}}],"collection":[{"href":"https:\/\/teststeder.regjeringen.no\/tannhelseutvalget\/wp-json\/wp\/v2\/pages"}],"about":[{"href":"https:\/\/teststeder.regjeringen.no\/tannhelseutvalget\/wp-json\/wp\/v2\/types\/page"}],"author":[{"embeddable":true,"href":"https:\/\/teststeder.regjeringen.no\/tannhelseutvalget\/wp-json\/wp\/v2\/users\/181"}],"replies":[{"embeddable":true,"href":"https:\/\/teststeder.regjeringen.no\/tannhelseutvalget\/wp-json\/wp\/v2\/comments?post=23"}],"version-history":[{"count":3,"href":"https:\/\/teststeder.regjeringen.no\/tannhelseutvalget\/wp-json\/wp\/v2\/pages\/23\/revisions"}],"predecessor-version":[{"id":95,"href":"https:\/\/teststeder.regjeringen.no\/tannhelseutvalget\/wp-json\/wp\/v2\/pages\/23\/revisions\/95"}],"wp:attachment":[{"href":"https:\/\/teststeder.regjeringen.no\/tannhelseutvalget\/wp-json\/wp\/v2\/media?parent=23"}],"curies":[{"name":"wp","href":"https:\/\/api.w.org\/{rel}","templated":true}]}}