{"id":4,"date":"2022-09-30T09:31:48","date_gmt":"2022-09-30T07:31:48","guid":{"rendered":"https:\/\/nettsteder.regjeringen.no\/tannhelseutvalget\/?page_id=4"},"modified":"2024-09-24T14:11:03","modified_gmt":"2024-09-24T12:11:03","slug":"forside","status":"publish","type":"page","link":"https:\/\/teststeder.regjeringen.no\/tannhelseutvalget\/","title":{"rendered":"Tannhelseutvalget"},"content":{"rendered":"\n<p>Utvalget ble oppnevnt av Kongen i statsr\u00e5d den 12. august 2022. Utvalget best\u00e5r av 13 medlemmer og er ledet av Evy-Anni Evensen.<\/p>\n\n\n\n<p class=\"has-black-color has-text-color\">Utvalget skal foreta en helhetlig gjennomgang av tannhelsetjenesten, herunder organisering, finansiering og lovverket inkludert regulering og rettigheter. Form\u00e5let er \u00e5 legge frem ulike modeller for en tannhelsetjeneste som kan bidra til bedre tilgjengelighet i hele landet. Utvalget skal blant annet utarbeide og vurdere forslag som kan sikre at tannhelsetjenestene blir likestilt med andre helsetjenester, herunder modeller for egenandelstak. Dette inneb\u00e6rer \u00e5 vurdere en \u00f8kning av det offentlige ansvaret for tannhelsetjenester, for eksempel gjennom den fylkeskommunale tannhelsetjenesten, gjennom st\u00f8nad til tannbehandling over folketrygden og\/eller tannhelsetjenester integrert i spesialisthelsetjenesten.<\/p>\n\n\n\n<p><\/p>\n\n\n\n<p><\/p>\n\n\n\n<p><\/p>\n\n\n\n<p class=\"has-medium-font-size\"><strong>Aktuelt<\/strong><\/p>\n\n\n\n<p>Helse- og omsorgsminister Jan Christian Vestre tar torsdag 26. september kl 13.00 imot Tannhelseutvalget sin utredning. <\/p>\n\n\n\n<p>Arrangementet blir filmet og du kan se sendingen direkte p\u00e5 regjeringen.no. Der kan du ogs\u00e5 laste ned videofilen i etterkant.<\/p>\n","protected":false},"excerpt":{"rendered":"<p>Utvalget ble oppnevnt av Kongen i statsr\u00e5d den 12. august 2022. Utvalget best\u00e5r av 13 medlemmer og er ledet av Evy-Anni Evensen. Utvalget skal foreta en helhetlig gjennomgang av tannhelsetjenesten, herunder organisering, finansiering og lovverket inkludert regulering og rettigheter. Form\u00e5let er \u00e5 legge frem ulike modeller for en tannhelsetjeneste som kan bidra til bedre tilgjengelighet\u2026<\/p>\n","protected":false},"author":181,"featured_media":0,"parent":0,"menu_order":0,"comment_status":"closed","ping_status":"closed","template":"","meta":{"dss_simple_post_excerpt":"","dss_show_featured_image":true,"footnotes":""},"class_list":["post-4","page","type-page","status-publish","hentry"],"language":"nb-NO","_links":{"self":[{"href":"https:\/\/teststeder.regjeringen.no\/tannhelseutvalget\/wp-json\/wp\/v2\/pages\/4","targetHints":{"allow":["GET"]}}],"collection":[{"href":"https:\/\/teststeder.regjeringen.no\/tannhelseutvalget\/wp-json\/wp\/v2\/pages"}],"about":[{"href":"https:\/\/teststeder.regjeringen.no\/tannhelseutvalget\/wp-json\/wp\/v2\/types\/page"}],"author":[{"embeddable":true,"href":"https:\/\/teststeder.regjeringen.no\/tannhelseutvalget\/wp-json\/wp\/v2\/users\/181"}],"replies":[{"embeddable":true,"href":"https:\/\/teststeder.regjeringen.no\/tannhelseutvalget\/wp-json\/wp\/v2\/comments?post=4"}],"version-history":[{"count":3,"href":"https:\/\/teststeder.regjeringen.no\/tannhelseutvalget\/wp-json\/wp\/v2\/pages\/4\/revisions"}],"predecessor-version":[{"id":477,"href":"https:\/\/teststeder.regjeringen.no\/tannhelseutvalget\/wp-json\/wp\/v2\/pages\/4\/revisions\/477"}],"wp:attachment":[{"href":"https:\/\/teststeder.regjeringen.no\/tannhelseutvalget\/wp-json\/wp\/v2\/media?parent=4"}],"curies":[{"name":"wp","href":"https:\/\/api.w.org\/{rel}","templated":true}]}}