{"id":38,"date":"2025-02-04T14:18:03","date_gmt":"2025-02-04T13:18:03","guid":{"rendered":"https:\/\/nettsteder.regjeringen.no\/tbu\/?page_id=38"},"modified":"2025-03-31T11:31:57","modified_gmt":"2025-03-31T09:31:57","slug":"aktuelt","status":"publish","type":"page","link":"https:\/\/teststeder.regjeringen.no\/tbu\/","title":{"rendered":"Aktuelt"},"content":{"rendered":"\n<p><\/p>\n\n\n<ul class=\"is-style-list-image wp-block-dss-simple-posts\"><li class=\"wp-block-dss-simple-post\"><a href=\"https:\/\/teststeder.regjeringen.no\/tbu\/2025\/03\/06\/notater-fra-teknisk-beregningsutvalg-for-kommunal-og-fylkeskommunal-okonomi\/\" class=\"wp-block-dss-simple-post__link\"><div class=\"wp-block-dss-simple-post__image-wrapper\"><div class=\"wp-block-dss-simple-post__image\"><img loading=\"lazy\" decoding=\"async\" width=\"300\" height=\"169\" src=\"https:\/\/files.teststeder.regjeringen.no\/wpuploads01\/sites\/587\/2025\/03\/Forside-rapport-med-notater-mars-2025-300x169.png\" class=\"attachment-medium size-medium wp-post-image\" alt=\"Skjermdump av forsiden p\u00e5 rapporten.\" srcset=\"https:\/\/files.teststeder.regjeringen.no\/wpuploads01\/sites\/587\/2025\/03\/Forside-rapport-med-notater-mars-2025-300x169.png 300w, https:\/\/files.teststeder.regjeringen.no\/wpuploads01\/sites\/587\/2025\/03\/Forside-rapport-med-notater-mars-2025-1024x578.png 1024w, https:\/\/files.teststeder.regjeringen.no\/wpuploads01\/sites\/587\/2025\/03\/Forside-rapport-med-notater-mars-2025-768x434.png 768w, https:\/\/files.teststeder.regjeringen.no\/wpuploads01\/sites\/587\/2025\/03\/Forside-rapport-med-notater-mars-2025-1200x675.png 1200w, https:\/\/files.teststeder.regjeringen.no\/wpuploads01\/sites\/587\/2025\/03\/Forside-rapport-med-notater-mars-2025.png 1240w\" sizes=\"auto, (max-width: 300px) 100vw, 300px\" \/><\/div><\/div><div class=\"wp-block-dss-simple-post__content\"><h2>Rapport med notater fra Teknisk beregningsutvalg for kommunal og fylkeskommunal \u00f8konomi<\/h2><p class=\"wp-block-dss-simple-post__excerpt\">Notater til konsultasjonsm\u00f8te 7. mars 2025<\/p><\/div><\/a><\/li><li class=\"wp-block-dss-simple-post\"><a href=\"https:\/\/teststeder.regjeringen.no\/tbu\/2025\/02\/11\/opptak-av-tbu-seminaret-styring-av-kommunesektoren-i-en-turbulent-tid\/\" class=\"wp-block-dss-simple-post__link\"><div class=\"wp-block-dss-simple-post__image-wrapper\"><div class=\"wp-block-dss-simple-post__image\"><img loading=\"lazy\" decoding=\"async\" width=\"300\" height=\"162\" src=\"https:\/\/files.teststeder.regjeringen.no\/wpuploads01\/sites\/587\/2025\/02\/2-kopi-300x162.jpg\" class=\"attachment-medium size-medium wp-post-image\" alt=\"\" srcset=\"https:\/\/files.teststeder.regjeringen.no\/wpuploads01\/sites\/587\/2025\/02\/2-kopi-300x162.jpg 300w, https:\/\/files.teststeder.regjeringen.no\/wpuploads01\/sites\/587\/2025\/02\/2-kopi-1024x554.jpg 1024w, https:\/\/files.teststeder.regjeringen.no\/wpuploads01\/sites\/587\/2025\/02\/2-kopi-768x416.jpg 768w, https:\/\/files.teststeder.regjeringen.no\/wpuploads01\/sites\/587\/2025\/02\/2-kopi.jpg 1500w\" sizes=\"auto, (max-width: 300px) 100vw, 300px\" \/><\/div><\/div><div class=\"wp-block-dss-simple-post__content\"><h2>Opptak av seminaret: Styring av kommunesektoren i en turbulent tid<\/h2><p class=\"wp-block-dss-simple-post__excerpt\">Seminaret har f\u00e5tt mange gode tilbakemeldinger og er lagt ut for str\u00f8mming.<\/p><\/div><\/a><\/li><li class=\"wp-block-dss-simple-post\"><a href=\"https:\/\/teststeder.regjeringen.no\/tbu\/2025\/02\/07\/pressemelding-fra-teknisk-beregningsutvalg-for-kommunal-og-fylkeskommunal-okonomi-november-2024\/\" class=\"wp-block-dss-simple-post__link\"><div class=\"wp-block-dss-simple-post__image-wrapper\"><div class=\"wp-block-dss-simple-post__image\"><img loading=\"lazy\" decoding=\"async\" width=\"300\" height=\"231\" src=\"https:\/\/files.teststeder.regjeringen.no\/wpuploads01\/sites\/587\/2025\/02\/Pressemelding-TBU-300x231.png\" class=\"attachment-medium size-medium wp-post-image\" alt=\"\" srcset=\"https:\/\/files.teststeder.regjeringen.no\/wpuploads01\/sites\/587\/2025\/02\/Pressemelding-TBU-300x231.png 300w, https:\/\/files.teststeder.regjeringen.no\/wpuploads01\/sites\/587\/2025\/02\/Pressemelding-TBU-768x592.png 768w, https:\/\/files.teststeder.regjeringen.no\/wpuploads01\/sites\/587\/2025\/02\/Pressemelding-TBU.png 897w\" sizes=\"auto, (max-width: 300px) 100vw, 300px\" \/><\/div><span class=\"t2-image-credit\">\n\t\t\t\t<button type=\"button\" class=\"t2-image-credit-toggle\" aria-expanded=\"false\" aria-controls=\"image-credit\" aria-label=\"Toggle image credit\"><svg xmlns=\"http:\/\/www.w3.org\/2000\/svg\" viewBox=\"0 0 24 24\" height=\"24\" width=\"24\" class=\"t2-icon t2-icon-info\" aria-hidden=\"true\" focusable=\"false\"><path d=\"M12 17c.3 0 .5-.1.7-.3s.3-.4.3-.7v-4c0-.3-.1-.5-.3-.7-.2-.2-.4-.3-.7-.3s-.5.1-.7.3c-.2.2-.3.4-.3.7v4c0 .3.1.5.3.7s.4.3.7.3zm0-8c.3 0 .5-.1.7-.3.2-.2.3-.4.3-.7 0-.3-.1-.5-.3-.7-.2-.2-.4-.3-.7-.3s-.5.1-.7.3c-.2.2-.3.4-.3.7 0 .3.1.5.3.7.2.2.4.3.7.3zm0 13c-1.4 0-2.7-.3-3.9-.8-1.2-.5-2.3-1.2-3.2-2.1s-1.6-2-2.1-3.2S2 13.4 2 12s.3-2.7.8-3.9S4 5.8 4.9 4.9s2-1.6 3.2-2.1S10.6 2 12 2s2.7.3 3.9.8 2.3 1.2 3.2 2.1 1.6 2 2.1 3.2c.5 1.2.8 2.5.8 3.9s-.3 2.7-.8 3.9c-.5 1.2-1.2 2.3-2.1 3.2s-2 1.6-3.2 2.1c-1.2.5-2.5.8-3.9.8z\" fill=\"currentColor\" \/><\/svg><\/button>\n\t\t\t\t<span class=\"t2-image-credit-text wp-element-caption\" id=\"image-credit\" hidden>Foto: iStock<\/span>\n\t\t\t<\/span><\/div><div class=\"wp-block-dss-simple-post__content\"><h2>Pressemelding fra TBU &#8211; november 2024<\/h2><p class=\"wp-block-dss-simple-post__excerpt\">Pressemelding fra Teknisk beregningsutvalg for kommunal og fylkeskommunal \u00f8konomi.<\/p><\/div><\/a><\/li><li class=\"wp-block-dss-simple-post\"><a href=\"https:\/\/teststeder.regjeringen.no\/tbu\/2025\/02\/07\/rapport-for-hosten-2024-nou\/\" class=\"wp-block-dss-simple-post__link\"><div class=\"wp-block-dss-simple-post__image-wrapper\"><div class=\"wp-block-dss-simple-post__image\"><img loading=\"lazy\" decoding=\"async\" width=\"300\" height=\"176\" src=\"https:\/\/files.teststeder.regjeringen.no\/wpuploads01\/sites\/587\/2025\/02\/TBU-300x176.png\" class=\"attachment-medium size-medium wp-post-image\" alt=\"\" srcset=\"https:\/\/files.teststeder.regjeringen.no\/wpuploads01\/sites\/587\/2025\/02\/TBU-300x176.png 300w, https:\/\/files.teststeder.regjeringen.no\/wpuploads01\/sites\/587\/2025\/02\/TBU-1024x601.png 1024w, https:\/\/files.teststeder.regjeringen.no\/wpuploads01\/sites\/587\/2025\/02\/TBU-768x451.png 768w, https:\/\/files.teststeder.regjeringen.no\/wpuploads01\/sites\/587\/2025\/02\/TBU.png 1032w\" sizes=\"auto, (max-width: 300px) 100vw, 300px\" \/><\/div><\/div><div class=\"wp-block-dss-simple-post__content\"><h2>Rapport for h\u00f8sten 2024 &#8211; NOU 2024: 23<\/h2><p class=\"wp-block-dss-simple-post__excerpt\">Teknisk beregningsutvalg for kommunal og fylkeskommunal \u00f8konomi har lagt fram sin rapport for h\u00f8sten 2024.<\/p><\/div><\/a><\/li><\/ul>\n\n\n<h2 class=\"wp-block-heading\">Om utvalget<\/h2>\n\n\n\n<p>Teknisk beregningsutvalg for kommunal og fylkeskommunal \u00f8konomi er et partssammensatt utvalg for rapportering, statistisk bearbeidelse og faglig vurdering av data som gjelder \u00f8konomien i kommunene og fylkeskommunene.<\/p>\n\n\n\n<p>Utvalget er sammensatt av medlemmer blant annet fra kommunesektoren og KS, Kommunal- og distriktsdepartementet, Finansdepartementet og Statistisk sentralbyr\u00e5. Utvalget ledes av professor Jon Magnussen, NTNU.<\/p>\n\n\n\n<p>Utvalget har som oftest fem m\u00f8ter i \u00e5ret: ett m\u00f8te i forkant av marskonferansen og 1. konsultasjonsm\u00f8te mellom staten og kommunesektoren om Statsbudsjettet for kommende \u00e5r, ett m\u00f8te i juni om utvalgets v\u00e5rrapport, to m\u00f8ter i oktober\/november om utvalgets h\u00f8strapport samt et internt seminar der utvalget dr\u00f8fter aktuelle problemstillinger knyttet til utvalgets arbeid. Utvalget arrangerer ogs\u00e5 et \u00e5pent fagseminar i desember hvert \u00e5r.<\/p>\n","protected":false},"excerpt":{"rendered":"<p>Om utvalget Teknisk beregningsutvalg for kommunal og fylkeskommunal \u00f8konomi er et partssammensatt utvalg for rapportering, statistisk bearbeidelse og faglig vurdering av data som gjelder \u00f8konomien i kommunene og fylkeskommunene. Utvalget er sammensatt av medlemmer blant annet fra kommunesektoren og KS, Kommunal- og distriktsdepartementet, Finansdepartementet og Statistisk sentralbyr\u00e5. Utvalget ledes av professor Jon Magnussen, NTNU. Utvalget\u2026<\/p>\n","protected":false},"author":2877,"featured_media":0,"parent":0,"menu_order":0,"comment_status":"closed","ping_status":"closed","template":"","meta":{"dss_simple_post_excerpt":"","dss_show_featured_image":true,"footnotes":""},"class_list":["post-38","page","type-page","status-publish","hentry"],"language":"nb-NO","_links":{"self":[{"href":"https:\/\/teststeder.regjeringen.no\/tbu\/wp-json\/wp\/v2\/pages\/38","targetHints":{"allow":["GET"]}}],"collection":[{"href":"https:\/\/teststeder.regjeringen.no\/tbu\/wp-json\/wp\/v2\/pages"}],"about":[{"href":"https:\/\/teststeder.regjeringen.no\/tbu\/wp-json\/wp\/v2\/types\/page"}],"author":[{"embeddable":true,"href":"https:\/\/teststeder.regjeringen.no\/tbu\/wp-json\/wp\/v2\/users\/2877"}],"replies":[{"embeddable":true,"href":"https:\/\/teststeder.regjeringen.no\/tbu\/wp-json\/wp\/v2\/comments?post=38"}],"version-history":[{"count":3,"href":"https:\/\/teststeder.regjeringen.no\/tbu\/wp-json\/wp\/v2\/pages\/38\/revisions"}],"predecessor-version":[{"id":220,"href":"https:\/\/teststeder.regjeringen.no\/tbu\/wp-json\/wp\/v2\/pages\/38\/revisions\/220"}],"wp:attachment":[{"href":"https:\/\/teststeder.regjeringen.no\/tbu\/wp-json\/wp\/v2\/media?parent=38"}],"curies":[{"name":"wp","href":"https:\/\/api.w.org\/{rel}","templated":true}]}}