{"id":8,"date":"2025-02-04T13:38:34","date_gmt":"2025-02-04T12:38:34","guid":{"rendered":"https:\/\/nettsteder.regjeringen.no\/tbu\/?page_id=8"},"modified":"2025-02-11T13:25:04","modified_gmt":"2025-02-11T12:25:04","slug":"mandat","status":"publish","type":"page","link":"https:\/\/teststeder.regjeringen.no\/tbu\/mandat\/","title":{"rendered":"Mandat"},"content":{"rendered":"<p class=\"t2-ingress wp-block-t2-ingress\">Opprettet ved kongelig resolusjon nr. 182 av 2. mars 1979. Utvalget ble reorganisert februar 1981.<\/p>\n\n\n<p><\/p>\n\n\n\n<p><\/p>\n\n\n\n<p class=\"has-text-align-center\"><strong>Mandat for Teknisk beregningsutvalg for kommunal og fylkeskommunal \u00f8konomi<\/strong>:<br><br><strong>I<\/strong> <\/p>\n\n\n\n<p>Det blir oppnemnt eit berekningsutval til fagleg vurdering av data som gjeld \u00f8konomien i kommunane og fylkeskommunane. Utvalet skal leggje fram det best moglege bakgrunnsmaterialet, med sikte p\u00e5 \u00e5 kome fram til ei felles forst\u00e5ing av den \u00f8konomiske situasjonen i kommunesektoren.<\/p>\n\n\n\n<p>Bakgrunnsmaterialet b\u00f8r innehalde ei oversikt over dei tilh\u00f8ve utvalet meiner er viktige for vurderinga av \u00f8konomien i kommunar og fylkeskommunar, og ei vurdering av desse tilh\u00f8va, av utviklingstendensane og utsiktene for kommune\u00f8konomien framover. Vurderingane b\u00f8r gjelde b\u00e5de kommunane og fylkeskommunane sett under eitt og s\u00e5 langt r\u00e5d er og gjeva oversyn over variasjonane mellom dei ulike kommunar og fylkeskommunar. Det er ogs\u00e5 \u00f8nskeleg at utvalet viser niv\u00e5 og utvikling i den kommunale og fylkeskommunale tenesteytinga. Til konsultasjonsordninga mellom stat og kommune, og i forkant av regjeringa sine budsjettkonferansar, bes utvalet \u00e5rleg utarbeide eit notat om den \u00f8konomiske situasjonen i kommunesektoren, og eit notat om kommunesektoren sine utgifter fr\u00e5 den demografiske utviklinga. Elles er det opp til utvalet korleis dei \u00f8nsker \u00e5 leggje fram resultata fr\u00e5 arbeidet i utvalet.<\/p>\n\n\n\n<p>S\u00e5 langt utvalet finn det forsvarleg, kan det sj\u00f8lv ta opp s\u00e6rskilde problemstillingar.<\/p>\n\n\n\n<p>Utvalet kan arrangere opne fagseminar.<\/p>\n\n\n\n<p>Utgreiingane fr\u00e5 utvalet skal avgjevast til Kommunal- og distriktsdepartementet.<\/p>\n\n\n\n<p class=\"has-text-align-center\"><strong>II<\/strong> <\/p>\n\n\n\n<p>Utvalet skal vere breitt samansett med representantar fr\u00e5 b\u00e5de stat og kommunal sektor. Oppnemninga gjeld inntil vidare, men ikkje ut over 3 \u00e5r. Kommunal- og distriktsdepartementet har fullmakt til \u00e5 l\u00f8yse medlem fr\u00e5 vervet og til \u00e5 oppnemne nye medlem.<\/p>\n\n\n\n<p class=\"has-text-align-center\"><strong>III<\/strong> <\/p>\n\n\n\n<p>Kommunal- og distriktsdepartementet har fullmakt til \u00e5 gje n\u00e6rare retningsliner for arbeidet i utvalet innanfor rammene av mandatet.<\/p>\n\n\n\n<p class=\"has-text-align-center\"><strong>IV<\/strong> <\/p>\n\n\n\n<p>Kommunal- og distriktsdepartementet leiar sekretariatsarbeidet for utvalet.<\/p>\n","protected":false},"excerpt":{"rendered":"<p>Mandat for Teknisk beregningsutvalg for kommunal og fylkeskommunal \u00f8konomi: I Det blir oppnemnt eit berekningsutval til fagleg vurdering av data som gjeld \u00f8konomien i kommunane og fylkeskommunane. Utvalet skal leggje fram det best moglege bakgrunnsmaterialet, med sikte p\u00e5 \u00e5 kome fram til ei felles forst\u00e5ing av den \u00f8konomiske situasjonen i kommunesektoren. Bakgrunnsmaterialet b\u00f8r innehalde ei\u2026<\/p>\n","protected":false},"author":2877,"featured_media":0,"parent":0,"menu_order":0,"comment_status":"closed","ping_status":"closed","template":"","meta":{"dss_simple_post_excerpt":"","dss_show_featured_image":true,"footnotes":""},"class_list":["post-8","page","type-page","status-publish","hentry"],"language":"nb-NO","_links":{"self":[{"href":"https:\/\/teststeder.regjeringen.no\/tbu\/wp-json\/wp\/v2\/pages\/8","targetHints":{"allow":["GET"]}}],"collection":[{"href":"https:\/\/teststeder.regjeringen.no\/tbu\/wp-json\/wp\/v2\/pages"}],"about":[{"href":"https:\/\/teststeder.regjeringen.no\/tbu\/wp-json\/wp\/v2\/types\/page"}],"author":[{"embeddable":true,"href":"https:\/\/teststeder.regjeringen.no\/tbu\/wp-json\/wp\/v2\/users\/2877"}],"replies":[{"embeddable":true,"href":"https:\/\/teststeder.regjeringen.no\/tbu\/wp-json\/wp\/v2\/comments?post=8"}],"version-history":[{"count":2,"href":"https:\/\/teststeder.regjeringen.no\/tbu\/wp-json\/wp\/v2\/pages\/8\/revisions"}],"predecessor-version":[{"id":104,"href":"https:\/\/teststeder.regjeringen.no\/tbu\/wp-json\/wp\/v2\/pages\/8\/revisions\/104"}],"wp:attachment":[{"href":"https:\/\/teststeder.regjeringen.no\/tbu\/wp-json\/wp\/v2\/media?parent=8"}],"curies":[{"name":"wp","href":"https:\/\/api.w.org\/{rel}","templated":true}]}}