{"id":181,"date":"2025-04-22T13:26:41","date_gmt":"2025-04-22T11:26:41","guid":{"rendered":"https:\/\/nettsteder.regjeringen.no\/ufvb\/?page_id=181"},"modified":"2025-04-22T13:26:41","modified_gmt":"2025-04-22T11:26:41","slug":"radsgruppe","status":"publish","type":"page","link":"https:\/\/teststeder.regjeringen.no\/ufvb\/radsgruppe\/","title":{"rendered":"R\u00e5dsgruppe"},"content":{"rendered":"\n<p>F\u00f8dselstallsutvalget har oppnevnt en egen r\u00e5dsgruppe. R\u00e5dsgruppen skal ivareta barnefamiliers og unges vurderinger og perspektiver. M\u00e5lsetningen er at r\u00e5dsgruppen skal sikre bred medvirkning fra unge voksne i utvalgets arbeid.<\/p>\n\n\n\n<p>R\u00e5dsgruppen best\u00e5r av f\u00f8lgende personer:<\/p>\n\n\n\n<p>Kenneth T\u00f8mmermo Reitan, R\u00f8yrvik<\/p>\n\n\n\n<p>Sandra Butoyi, Oslo<\/p>\n\n\n\n<p>Vilde Coward, Oslo<\/p>\n\n\n\n<p>Andr\u00e8 Alm\u00e5s Christiansen, Oslo<\/p>\n\n\n\n<p>Marthe Bjerke-Enge, Brandbu<\/p>\n\n\n\n<p>Synne Berteussen-Sandberg, Nord-Odal<\/p>\n\n\n\n<p>Mari Johansen Aune, Malvik<\/p>\n\n\n\n<p>Utvalgsmedlemmene Erlend S\u00e6ther og Maiken K\u00f8ien Andersen leder m\u00f8tene og er bindeleddet mellom r\u00e5dsgruppen og utvalget.<\/p>\n\n\n\n<h2 class=\"wp-block-heading\">R\u00e5dsgruppens f\u00f8rste m\u00f8te 7. mars 2025<\/h2>\n\n\n\n<p>P\u00e5 R\u00e5dsgruppen hadde sitt f\u00f8rste m\u00f8te 7. mars. Statssekret\u00e6r Helge Fl\u00f8 Kvams\u00e5s snakket om bakgrunnen for f\u00f8dselstallsutvalget og forventninger til r\u00e5dsgruppen. Utvalgsleder Rannveig Hart og utvalgsmedlemmene Maiken K\u00f8ien Andersen og Erlend S\u00e6ther holdt innledninger om fallet i f\u00f8dselstall, studentenes situasjon og mulige \u00e5rsaker.<\/p>\n\n\n\n<p>P\u00e5 m\u00f8tet diskuterte r\u00e5dsgruppen:<\/p>\n\n\n\n<p>\u00c5rsaker til nedgang i f\u00f8dselstall for unge (i 20-\u00e5rene)<\/p>\n\n\n\n<p>Hva m\u00e5 v\u00e6re p\u00e5 plass i dag f\u00f8r man velger \u00e5 f\u00e5 barn?<\/p>\n\n\n\n<p>Mulige tiltak for \u00e5 legge til rette for at flere kan f\u00e5 barn<\/p>\n\n\n\n<figure class=\"wp-block-image size-large\"><img loading=\"lazy\" decoding=\"async\" width=\"1024\" height=\"768\" src=\"https:\/\/files.teststeder.regjeringen.no\/wpuploads01\/sites\/576\/2025\/03\/Radsgruppen-1024x768.jpg\" alt=\"\" class=\"wp-image-182\" srcset=\"https:\/\/files.teststeder.regjeringen.no\/wpuploads01\/sites\/576\/2025\/03\/Radsgruppen-1024x768.jpg 1024w, https:\/\/files.teststeder.regjeringen.no\/wpuploads01\/sites\/576\/2025\/03\/Radsgruppen-300x225.jpg 300w, https:\/\/files.teststeder.regjeringen.no\/wpuploads01\/sites\/576\/2025\/03\/Radsgruppen-768x576.jpg 768w, https:\/\/files.teststeder.regjeringen.no\/wpuploads01\/sites\/576\/2025\/03\/Radsgruppen-1536x1152.jpg 1536w, https:\/\/files.teststeder.regjeringen.no\/wpuploads01\/sites\/576\/2025\/03\/Radsgruppen-2048x1536.jpg 2048w\" sizes=\"auto, (max-width: 1024px) 100vw, 1024px\" \/><figcaption class=\"wp-element-caption\">Statssekret\u00e6r Helge Fl\u00f8 Kvams\u00e5s (i midten) m\u00f8tte r\u00e5dsgruppen p\u00e5 det f\u00f8rste m\u00f8tet. <br>Fv. Kenneth T\u00f8mmermo Reitan, Andre Alm\u00e5s Christiansen, Mari Johansen Aune, Vilde Coward, Kvams\u00e5s, utvalgsleder Rannveig Hart, utvalgsmedlemmene Erlend S\u00e6ther og Maiken K\u00f8ien Andersen og Sandra Butoyi. <\/figcaption><\/figure>\n","protected":false},"excerpt":{"rendered":"<p>F\u00f8dselstallsutvalget har oppnevnt en egen r\u00e5dsgruppe. R\u00e5dsgruppen skal ivareta barnefamiliers og unges vurderinger og perspektiver. M\u00e5lsetningen er at r\u00e5dsgruppen skal sikre bred medvirkning fra unge voksne i utvalgets arbeid. R\u00e5dsgruppen best\u00e5r av f\u00f8lgende personer: Kenneth T\u00f8mmermo Reitan, R\u00f8yrvik Sandra Butoyi, Oslo Vilde Coward, Oslo Andr\u00e8 Alm\u00e5s Christiansen, Oslo Marthe Bjerke-Enge, Brandbu Synne Berteussen-Sandberg, Nord-Odal Mari\u2026<\/p>\n","protected":false},"author":3406,"featured_media":0,"parent":0,"menu_order":0,"comment_status":"closed","ping_status":"closed","template":"","meta":{"dss_simple_post_excerpt":"","dss_show_featured_image":true,"footnotes":""},"class_list":["post-181","page","type-page","status-publish","hentry"],"language":"nb-NO","_links":{"self":[{"href":"https:\/\/teststeder.regjeringen.no\/ufvb\/wp-json\/wp\/v2\/pages\/181","targetHints":{"allow":["GET"]}}],"collection":[{"href":"https:\/\/teststeder.regjeringen.no\/ufvb\/wp-json\/wp\/v2\/pages"}],"about":[{"href":"https:\/\/teststeder.regjeringen.no\/ufvb\/wp-json\/wp\/v2\/types\/page"}],"author":[{"embeddable":true,"href":"https:\/\/teststeder.regjeringen.no\/ufvb\/wp-json\/wp\/v2\/users\/3406"}],"replies":[{"embeddable":true,"href":"https:\/\/teststeder.regjeringen.no\/ufvb\/wp-json\/wp\/v2\/comments?post=181"}],"version-history":[{"count":1,"href":"https:\/\/teststeder.regjeringen.no\/ufvb\/wp-json\/wp\/v2\/pages\/181\/revisions"}],"predecessor-version":[{"id":183,"href":"https:\/\/teststeder.regjeringen.no\/ufvb\/wp-json\/wp\/v2\/pages\/181\/revisions\/183"}],"wp:attachment":[{"href":"https:\/\/teststeder.regjeringen.no\/ufvb\/wp-json\/wp\/v2\/media?parent=181"}],"curies":[{"name":"wp","href":"https:\/\/api.w.org\/{rel}","templated":true}]}}