{"id":201,"date":"2025-04-24T10:01:33","date_gmt":"2025-04-24T08:01:33","guid":{"rendered":"https:\/\/nettsteder.regjeringen.no\/ufvb\/?page_id=201"},"modified":"2025-04-24T12:44:48","modified_gmt":"2025-04-24T10:44:48","slug":"delrapport","status":"publish","type":"page","link":"https:\/\/teststeder.regjeringen.no\/ufvb\/delrapport\/","title":{"rendered":"Delrapport"},"content":{"rendered":"\n<p>Utvalgsleder Rannveig Kaldager Hart overleverte torsdag 24. april utvalgets delleveranse til statsr\u00e5d til barne- og familieminister Lene V\u00e5gslid:<\/p>\n\n\n\n<p><a href=\"https:\/\/www.regjeringen.no\/no\/aktuelt\/overrekking-av-delrapport-fra-fodselstalsutvalet\/id3097838\/\">Overrekking av delrapport fr\u00e5 f\u00f8dselstalsutvalet &#8211; regjeringen.no<\/a><\/p>\n\n\n\n<p>Under f\u00f8lger utvalgets artikkel om delleveransen. <\/p>\n\n\n\n<p>Hele rapporten kan leses her:<\/p>\n\n\n\n<p><a href=\"https:\/\/www.regjeringen.no\/no\/dokumenter\/fallende-fodselstall-i-norge-utvikling-og-mulige-tiltak-for-unge-voksne\/id3097987\/\">Fallende f\u00f8dselstall i Norge: utvikling og mulige tiltak for unge voksne &#8211; regjeringen.no<\/a><\/p>\n\n\n\n<figure class=\"wp-block-image size-large is-resized\"><img loading=\"lazy\" decoding=\"async\" width=\"724\" height=\"1024\" src=\"https:\/\/files.teststeder.regjeringen.no\/wpuploads01\/sites\/576\/2025\/04\/Forside-724x1024.png\" alt=\"\" class=\"wp-image-208\" style=\"width:125px;height:auto\" srcset=\"https:\/\/files.teststeder.regjeringen.no\/wpuploads01\/sites\/576\/2025\/04\/Forside-724x1024.png 724w, https:\/\/files.teststeder.regjeringen.no\/wpuploads01\/sites\/576\/2025\/04\/Forside-212x300.png 212w, https:\/\/files.teststeder.regjeringen.no\/wpuploads01\/sites\/576\/2025\/04\/Forside-768x1086.png 768w, https:\/\/files.teststeder.regjeringen.no\/wpuploads01\/sites\/576\/2025\/04\/Forside-1086x1536.png 1086w, https:\/\/files.teststeder.regjeringen.no\/wpuploads01\/sites\/576\/2025\/04\/Forside-1448x2048.png 1448w, https:\/\/files.teststeder.regjeringen.no\/wpuploads01\/sites\/576\/2025\/04\/Forside.png 1600w\" sizes=\"auto, (max-width: 724px) 100vw, 724px\" \/><\/figure>\n\n\n\n<h3 class=\"wp-block-heading\">Statistikkhefte<\/h3>\n\n\n\n<p><a href=\"https:\/\/files.teststeder.regjeringen.no\/wpuploads01\/sites\/576\/2025\/04\/Vedlegg-statistikkhefte.pdf\">Statistikkhefte som det vises til i rapporten ligger her <\/a><\/p>\n\n\n\n<h1 class=\"wp-block-heading\">Fallende f\u00f8dselstall i Norge: utvikling og mulige tiltak for unge voksne &nbsp;<\/h1>\n\n\n\n<p><em>F\u00f8dselstallene har falt betydelig i Norge i l\u00f8pet av de siste 15 \u00e5rene. F\u00f8dselstallsutvalget har f\u00e5tt i oppdrag \u00e5 utrede \u00e5rsakene til nedgangen og konsekvenser av lave f\u00f8dselstall. I delrapporten er utvalget bedt om \u00e5 levere forslag til tiltak som kan \u00f8ke f\u00f8dselstallene. Analysen i delrapporten er rettet mot unge voksne. Unge voksne har v\u00e6rt den st\u00f8rste driveren av fallet i f\u00f8dselstallene i perioden. Flere og flere venter med \u00e5 f\u00e5 sitt f\u00f8rste barn til de kommer i 30-\u00e5rene. Utvalgets flertall foresl\u00e5r to \u00f8konomiske tiltak for \u00e5 snu trenden blant unge voksne: en ekstra barnetrygd for de under 30 \u00e5r og en \u00f8kning av st\u00f8tten til personer under 30 \u00e5r som f\u00e5r barn under utdanning. Utvalgets fullstendige utredning kommer i en NOU i februar 2026.<\/em><\/p>\n\n\n\n<h3 class=\"wp-block-heading\">Utsettelse og f\u00e6rre barn<\/h3>\n\n\n\n<p>I l\u00f8pet av de siste 15 \u00e5rene har f\u00f8dselstallene falt betydelig i store deler av verden. Samlet fruktbarhetstall i Norge har falt fra 1,98 barn per kvinne i 2009 til 1,44 barn per kvinne i 2024. M\u00e5lingen for 2023 p\u00e5 1,40 er det laveste niv\u00e5et som er m\u00e5lt i Norge. &nbsp;Sp\u00f8rreunders\u00f8kelser viser at et stort flertall av unge menn og kvinner i Norge ser for seg et liv med barn, og at de fleste ideelt sett \u00f8nsker \u00e5 f\u00e5 barna sine tidligere enn dagens gjennomsnittlige f\u00f8dealder i befolkningen. Det er store forskjeller mellom \u00f8nskede, planlagte og faktiske f\u00f8dselstall i Norge.<\/p>\n\n\n\n<p><strong>Tiltak: \u00d8kt \u00f8konomisk st\u00f8tte til unge<\/strong><\/p>\n\n\n\n<p>F\u00f8dselstallsutvalget skal utrede \u00e5rsaker og konsekvenser av fallet i f\u00f8dselstallene. I delrapporten er analysen rettet mot unge voksne, for \u00e5 svare p\u00e5 denne delen av mandatet. Dagens unge voksne starter sm\u00e5barnslivet seinere enn f\u00f8r, og i utvalgets delrapport dr\u00f8ftes \u00f8konomiske og helsemessige mekanismer som kan ha betydning for n\u00e5r folk velger \u00e5 f\u00e5 barn.<\/p>\n\n\n\n<p>Flere \u00f8konomiske hensyn, som det \u00e5 komme seg inn p\u00e5 boligmarkedet og f\u00e5 en jobb med stabil inntekt, kan gi insentiver til vente med \u00e5 f\u00e5 barn til seinere i livet. I tillegg kan familiepolitikken i seg selv gi \u00f8konomisk insentiv til sikre seg jobb f\u00f8r man f\u00e5r barn, p\u00e5 grunn av bedre kompensert permisjon. P\u00e5 den andre siden faller kvinnens evne til \u00e5 f\u00e5 barn fra om lag 35 \u00e5rs alder, slik at risikoen for \u00e5 ikke lykkes med \u00e5 f\u00e5 barn \u00f8ker med alder.<\/p>\n\n\n\n<p>Utvalgets litteraturgjennomgang tyder p\u00e5 at \u00f8konomiske insentiver og andre velferdsordninger \u00f8ker f\u00f8dselstallene. S\u00e6rlig p\u00e5virker slike insentiver n\u00e5r i<\/p>\n\n\n\n<p>livet man f\u00e5r barn. Utvalgets flertall foresl\u00e5r derfor to \u00f8konomiske tiltak for unge voksne som kan bidra til at flere f\u00e5r barn tidligere. Det f\u00f8rste tiltaket er en ekstra barnetrygd til foreldre under 30 \u00e5r. &nbsp;Det andre tiltaket er rettet mot personer som er under 30 \u00e5r og f\u00e5r barn under utdanning, og inneb\u00e6rer en \u00f8kning av foreldrestipendet p\u00e5 25&nbsp;000 kroner og en reduksjon av studiegjeld p\u00e5 25&nbsp;000 kroner. I tillegg foresl\u00e5r utvalget at det foretas en gjennomgang av dagens situasjon for tilrettelegging for personer under utdanning med barn.<\/p>\n\n\n\n<p><strong>\u00d8kt kunnskap om evnen til \u00e5 f\u00e5 barn<\/strong><\/p>\n\n\n\n<p>For de som \u00f8nsker flere barn, kan det \u00e5 f\u00e5 det f\u00f8rste barnet seint gj\u00f8re det vanskeligere \u00e5 f\u00e5 flere barn seinere. Forskning fra andre nordiske land viser at mange unge ikke er klar over hvor raskt fruktbarheten synker med alderen og mange tror at sjansen for \u00e5 lykkes med IVF er st\u00f8rre enn den faktisk er.<\/p>\n\n\n\n<p>Utvalget foresl\u00e5r derfor \u00e5 \u00f8ke kunnskapen om evnen til \u00e5 f\u00e5 barn og pregravid helse, og at forebygging av infertilitet skal inng\u00e5 som en del av folkehelsefeltet. I tillegg foresl\u00e5r utvalget at helsepersonell som er i kontakt med unge voksne b\u00f8r f\u00e5 mer kunnskap om pregravid helse og at kunnskapen om pregravid helse styrkes gjennom forskning.<\/p>\n\n\n\n<p><strong>S\u00e6rmerknad<\/strong><\/p>\n\n\n\n<p>Utvalgsmedlem Victoria Sparrman har en s\u00e6rmerknad om at utvalget burde foretatt en bred og grundig gjennomgang av hva som driver nedgangen i f\u00f8dselstallene f\u00f8r det kan tas stilling til hvilke tiltak som b\u00f8r anbefales for enkeltindivider og for utforming av politikk p\u00e5 omr\u00e5det. Medlemmet stiller seg p\u00e5 bakgrunn av dette ikke bak utvalgets forslag til \u00f8konomiske overf\u00f8ringer for personer under 30 \u00e5r i delleveransen.<\/p>\n","protected":false},"excerpt":{"rendered":"<p>Utvalgsleder Rannveig Kaldager Hart overleverte torsdag 24. april utvalgets delleveranse til statsr\u00e5d til barne- og familieminister Lene V\u00e5gslid: Overrekking av delrapport fr\u00e5 f\u00f8dselstalsutvalet &#8211; regjeringen.no Under f\u00f8lger utvalgets artikkel om delleveransen. Hele rapporten kan leses her: Fallende f\u00f8dselstall i Norge: utvikling og mulige tiltak for unge voksne &#8211; regjeringen.no Statistikkhefte Statistikkhefte som det vises til\u2026<\/p>\n","protected":false},"author":3406,"featured_media":0,"parent":0,"menu_order":0,"comment_status":"closed","ping_status":"closed","template":"","meta":{"dss_simple_post_excerpt":"","dss_show_featured_image":true,"footnotes":""},"class_list":["post-201","page","type-page","status-publish","hentry"],"language":"nb-NO","_links":{"self":[{"href":"https:\/\/teststeder.regjeringen.no\/ufvb\/wp-json\/wp\/v2\/pages\/201","targetHints":{"allow":["GET"]}}],"collection":[{"href":"https:\/\/teststeder.regjeringen.no\/ufvb\/wp-json\/wp\/v2\/pages"}],"about":[{"href":"https:\/\/teststeder.regjeringen.no\/ufvb\/wp-json\/wp\/v2\/types\/page"}],"author":[{"embeddable":true,"href":"https:\/\/teststeder.regjeringen.no\/ufvb\/wp-json\/wp\/v2\/users\/3406"}],"replies":[{"embeddable":true,"href":"https:\/\/teststeder.regjeringen.no\/ufvb\/wp-json\/wp\/v2\/comments?post=201"}],"version-history":[{"count":4,"href":"https:\/\/teststeder.regjeringen.no\/ufvb\/wp-json\/wp\/v2\/pages\/201\/revisions"}],"predecessor-version":[{"id":222,"href":"https:\/\/teststeder.regjeringen.no\/ufvb\/wp-json\/wp\/v2\/pages\/201\/revisions\/222"}],"wp:attachment":[{"href":"https:\/\/teststeder.regjeringen.no\/ufvb\/wp-json\/wp\/v2\/media?parent=201"}],"curies":[{"name":"wp","href":"https:\/\/api.w.org\/{rel}","templated":true}]}}