{"id":6,"date":"2024-09-11T13:23:30","date_gmt":"2024-09-11T11:23:30","guid":{"rendered":"https:\/\/nettsteder.regjeringen.no\/ufvb\/?page_id=6"},"modified":"2025-03-11T14:26:10","modified_gmt":"2025-03-11T13:26:10","slug":"om-utvalget","status":"publish","type":"page","link":"https:\/\/teststeder.regjeringen.no\/ufvb\/om-utvalget\/","title":{"rendered":"Om utvalget"},"content":{"rendered":"\n<p>Regjeringen oppnevnte 9. august 2024 et utvalg om f\u00f8dselstall og velferdsordninger for barnefamilier. Utvalget skal se p\u00e5 \u00e5rsaker til og konsekvenser av utvikling i tallet p\u00e5 f\u00f8dsler i Norge. Utvalget skal komme med anbefalinger av tiltak og virkemidler som, om mulig, kan bidra til \u00e5 snu nedgangen og st\u00f8tte opp om \u00f8kt f\u00f8dselstall i Norge. Utvalget skal vurdere effekter av tiltaket, i bredt. Fullstendig mandat for utvalget finnes <a href=\"https:\/\/teststeder.regjeringen.no\/ufvb\/mandat\">her<\/a>.<\/p>\n\n\n\n<p>Utvalget ledes av Rannveig Kaldager Hart og skal levere en NOU vinteren 2026, med en delleveranse innen april 2025. \u00d8vrige medlemmer i utvalget framkommer <a href=\"https:\/\/teststeder.regjeringen.no\/ufvb\/medlemmer\">her<\/a>.<\/p>\n\n\n\n<p>Utvalget skal sette ned en r\u00e5dsgruppe, i samr\u00e5d med barne- og familiedepartementet som s\u00e6rlig skal ivareta barnefamilier og unge sine vurderinger og perspektiv i arbeidet. <\/p>\n","protected":false},"excerpt":{"rendered":"<p>Regjeringen oppnevnte 9. august 2024 et utvalg om f\u00f8dselstall og velferdsordninger for barnefamilier. Utvalget skal se p\u00e5 \u00e5rsaker til og konsekvenser av utvikling i tallet p\u00e5 f\u00f8dsler i Norge. Utvalget skal komme med anbefalinger av tiltak og virkemidler som, om mulig, kan bidra til \u00e5 snu nedgangen og st\u00f8tte opp om \u00f8kt f\u00f8dselstall i Norge.\u2026<\/p>\n","protected":false},"author":2877,"featured_media":0,"parent":0,"menu_order":0,"comment_status":"closed","ping_status":"closed","template":"","meta":{"dss_simple_post_excerpt":"","dss_show_featured_image":true,"footnotes":""},"class_list":["post-6","page","type-page","status-publish","hentry"],"language":"nb-NO","_links":{"self":[{"href":"https:\/\/teststeder.regjeringen.no\/ufvb\/wp-json\/wp\/v2\/pages\/6","targetHints":{"allow":["GET"]}}],"collection":[{"href":"https:\/\/teststeder.regjeringen.no\/ufvb\/wp-json\/wp\/v2\/pages"}],"about":[{"href":"https:\/\/teststeder.regjeringen.no\/ufvb\/wp-json\/wp\/v2\/types\/page"}],"author":[{"embeddable":true,"href":"https:\/\/teststeder.regjeringen.no\/ufvb\/wp-json\/wp\/v2\/users\/2877"}],"replies":[{"embeddable":true,"href":"https:\/\/teststeder.regjeringen.no\/ufvb\/wp-json\/wp\/v2\/comments?post=6"}],"version-history":[{"count":3,"href":"https:\/\/teststeder.regjeringen.no\/ufvb\/wp-json\/wp\/v2\/pages\/6\/revisions"}],"predecessor-version":[{"id":185,"href":"https:\/\/teststeder.regjeringen.no\/ufvb\/wp-json\/wp\/v2\/pages\/6\/revisions\/185"}],"wp:attachment":[{"href":"https:\/\/teststeder.regjeringen.no\/ufvb\/wp-json\/wp\/v2\/media?parent=6"}],"curies":[{"name":"wp","href":"https:\/\/api.w.org\/{rel}","templated":true}]}}