{"id":9,"date":"2024-09-11T13:26:24","date_gmt":"2024-09-11T11:26:24","guid":{"rendered":"https:\/\/nettsteder.regjeringen.no\/ufvb\/?page_id=9"},"modified":"2024-09-13T13:13:00","modified_gmt":"2024-09-13T11:13:00","slug":"mandat","status":"publish","type":"page","link":"https:\/\/teststeder.regjeringen.no\/ufvb\/mandat\/","title":{"rendered":"Mandat  \u00a0"},"content":{"rendered":"\n<p><strong>Bakgrunnen for utvalet<\/strong><\/p>\n\n\n\n<p>Det samla fruktbarheitstalet<sup data-fn=\"d04fa5b0-d654-49a9-8769-4b6fad14c502\" class=\"fn\"><a href=\"#d04fa5b0-d654-49a9-8769-4b6fad14c502\" id=\"d04fa5b0-d654-49a9-8769-4b6fad14c502-link\">1<\/a><\/sup> i Noreg har falt fr\u00e5 1,98 barn per kvinne i 2009 til 1,40 barn per kvinne i 2023. M\u00e5linga for 2023 var det l\u00e5gaste m\u00e5lte niv\u00e5et i Noreg. Kvinnene ved slutten av sin fertile alder hadde i 2023 i gjennomsnitt f\u00e5tt 1,9 barn. Det er usikkert kva kohortfruktbarheita for dei yngre generasjonane vil bli, men trenden er nedg\u00e5ande. Dei l\u00e5ge f\u00f8dselstala er ikkje eit s\u00e6rnorsk fenomen. Det har vore ein nedgang i f\u00f8dselstala i ei rekke andre land. I dag har Noreg l\u00e5gare f\u00f8dselstal enn OECD-gjennomsnittet. Noreg er blant landa der f\u00f8dselstala har falle mest dei siste 10-15 \u00e5ra.<\/p>\n\n\n\n<p>\u00c5 f\u00e5 f\u00e6rre barn enn \u00f8nska, kan vere eit tap for den einskilde. Varig l\u00e5ge f\u00f8dselstal vil og p\u00e5verke samfunnet og f\u00f8re til samfunnsendringar p\u00e5 lenger sikt. Utviklinga i f\u00f8dselstal seier noko om samfunnsorganiseringa og ressursbruken i samfunnet, og kan p\u00e5 sikt svekkje den sosiale modellen og kontrakten mellom generasjonane. Regjeringa meiner det er naudsynt \u00e5 f\u00e5 meir kunnskap om \u00e5rsakene til utviklinga i f\u00f8dselstala og kva for faktiske konsekvensar det kan f\u00e5 for samfunnet. Utvalet skal ut i fr\u00e5 denne kunnskapen vurdere tiltak som kan auke f\u00f8dselstala og samstundes vere samfunns\u00f8konomisk effektive.<\/p>\n\n\n\n<p>Regjeringa vil derfor sette ned eit utval som skal sj\u00e5 p\u00e5 \u00e5rsaker til og konsekvensar av utviklinga i talet p\u00e5 f\u00f8dslar i Noreg. Utvalet skal kome med tilr\u00e5dingar om tiltak og verkemiddel som, om mogleg, kan bidra til \u00e5 snu nedgangen og st\u00f8tte opp om auka f\u00f8dselstal i Noreg. Utvalet skal vurdere effektar av tiltaka, i breitt.<\/p>\n\n\n\n<p>Utvalet skal levere ein NOU vinteren 2026, med ein delleveranse innan april 2025.<\/p>\n\n\n\n<p><strong>F\u00f8rem\u00e5let med utgreiinga<\/strong><\/p>\n\n\n\n<p>F\u00f8rem\u00e5let er \u00e5 greie ut sannsynlege og moglege \u00e5rsaker og skissere konsekvensar av nedgangen i f\u00f8dselstala, og vurdere breitt kva som kan vere verksame og effektive tiltak for \u00e5 snu utviklinga.<\/p>\n\n\n\n<p><strong>Relevante problemstillingar<\/strong><\/p>\n\n\n\n<p>\u00c5rsaker til og konsekvensar av l\u00e5ge f\u00f8dselstal<\/p>\n\n\n\n<p>Varig l\u00e5ge f\u00f8dselstal vil endre samfunnet vi lever i. Forskarar b\u00e5de nasjonalt og internasjonalt har sett p\u00e5 moglege \u00e5rsaker til nedgangen i f\u00f8dselstala utan \u00e5 finne ein klar forklaring p\u00e5 utviklinga. F\u00f8dselstalet i Noreg har falt, til tross for gode velferdsordningar for familiar, og betre ordningar no enn tidlegare, ogs\u00e5 i forhold til andre land. Folkehelseinstituttet<sup data-fn=\"66077471-f97e-47f6-9932-a9f167ed9305\" class=\"fn\"><a href=\"#66077471-f97e-47f6-9932-a9f167ed9305\" id=\"66077471-f97e-47f6-9932-a9f167ed9305-link\">2<\/a><\/sup> og OECD<sup data-fn=\"15858625-297c-4f6b-8d01-e6fc46cf25f5\" class=\"fn\"><a href=\"#15858625-297c-4f6b-8d01-e6fc46cf25f5\" id=\"15858625-297c-4f6b-8d01-e6fc46cf25f5-link\">3<\/a><\/sup> peiker p\u00e5 endringar i normer og haldningar i befolkninga som den viktigaste \u00e5rsaka til fallande f\u00f8dselstal.<\/p>\n\n\n\n<p>Det er \u00f8nskjeleg med eit samla, fagleg oppdatert kunnskapsgrunnlag om \u00e5rsaker til utviklinga i f\u00f8dselstala. Utvalet skal byggje vidare p\u00e5 eksisterande relevant internasjonal og nasjonal kunnskap og eventuelt identifisere behovet for ny kunnskap. Utvalet b\u00f8r sj\u00e5 nedgangen i f\u00f8dselstala i Noreg i samanheng med den liknande utviklinga i store deler av verda, og s\u00e6rleg Norden og Europa. Utvalet skal sj\u00e5 om det er einskilde grupper i samfunnet som har hatt ein s\u00e6rleg reduksjon i talet p\u00e5 barn, som ulike sosio\u00f8konomiske grupper, studentar eller unge vaksne, og eventuelt \u00e5rsaker til det.<\/p>\n\n\n\n<p>Utvalet skal vidare skissere kva for konsekvensar ulike f\u00f8dselstalsniv\u00e5 vil ha for samfunnet p\u00e5 sikt og for ulike deler av landet, herunder effektar for samfunnet utover dei samfunns\u00f8konomiske verknadene.<\/p>\n\n\n\n<p><strong>Verknader av offentleg politikk retta mot barnefamiliar og nye tiltak som kan p\u00e5verka val om \u00e5 f\u00e5 barn<\/strong><\/p>\n\n\n\n<p>Regjeringa er oppteken av at staten legg til rette for at den einskilde f\u00e5r dei barna dei \u00f8nskjer, og st\u00f8tter opp om foreldre slik at dei kan ta vare p\u00e5 barna dei f\u00e5r p\u00e5 ein god m\u00e5te. Norsk velferdspolitikk har ikkje tradisjon for politikk som aktivt fors\u00f8ker \u00e5 auke talet barnef\u00f8dslar. Samstundes blir det i dag nytta betydelege offentlege ressursar retta mot barnefamiliar. I s\u00e5 m\u00e5te legg velferdsstaten allereie til rette for at ein kan danne familie, og offentleg politikk kan p\u00e5verke avgjerda om og n\u00e5r ein f\u00e5r barn, og kor mange.<\/p>\n\n\n\n<p>Utvalet skal dr\u00f8fte kva staten aktivt kan gjere av tiltak for \u00e5 leggje betre til rette for fleire f\u00f8dde barn og f\u00f8resl\u00e5 tiltak som kan vere samfunns\u00f8konomisk effektive. For \u00e5 vurdere tiltak, m\u00e5 utvalet greie ut korleis politikk retta mot familiar verker i breitt i dag, kva politikken i dag oppn\u00e5r, og i kva grad og korleis politikken verker p\u00e5 f\u00f8dselstala. Dette m\u00e5 sj\u00e5ast i lys av resultata funne i samanlikninga med relevante land om utvikling og f\u00f8dselstal internasjonalt. Utvalet m\u00e5 s\u00e6rleg vurdere om einskilde ordningar er utforma slik at dei isolert gir insentiv til \u00e5 f\u00e5 f\u00e6rre barn eller utsetje \u00e5 f\u00e5 barn, og i s\u00e5 tilfelle vurdere endringar. M\u00e5let med norsk familiepolitikk har tradisjonelt vore \u00e5 yte gode levek\u00e5r til barn og familiar, medverke til likestilling, og leggje til rette for at foreldre kan ha barn samstundes som dei deltek i arbeidslivet. Utvalet m\u00e5 vere merksam p\u00e5 moglege m\u00e5lkonfliktar mellom tiltaka som blir f\u00f8resl\u00e5tt og politikken elles. Utvalet b\u00f8r ogs\u00e5 synleggjere der tiltaka vil verke ulikt for menn og kvinner. Utvalet b\u00f8r sj\u00e5 s\u00e6rleg p\u00e5 korleis samfunnet legg til rette for familiar med fleire barn.<\/p>\n\n\n\n<p>Utvalet skal b\u00e5de sj\u00e5 p\u00e5 den tradisjonelle familiepolitikken, men og p\u00e5 politikk som ikkje er retta direkte mot familiar, men som likevel p\u00e5verkar familiane. Utvalet skal gjere greie for verknadane av tiltaka utvalet f\u00f8resl\u00e5r, utover verknaden p\u00e5 f\u00f8dselstala. Tiltaka som utvalet f\u00f8resl\u00e5r m\u00e5 ta omsyn til samfunns\u00f8konomisk effektivitet. Utvalet skal ogs\u00e5 dr\u00f8fte korleis det offentlege b\u00f8r prioritere innsatsen retta mot barnefamiliar, gitt knappe offentlege ressursar.<\/p>\n\n\n\n<p><strong>Problemstillingar utvalet skal greie ut<\/strong><\/p>\n\n\n\n<p>Utvalet skal<\/p>\n\n\n\n<ul class=\"wp-block-list is-layout-flow wp-block-list-is-layout-flow\">\n<li>leggje fram eit fagleg oppdatert kunnskapsgrunnlag om \u00e5rsaker til nedgangen i f\u00f8dselstala.<\/li>\n\n\n\n<li>gjere greie for samanhengar og tiltak i land med s\u00e6rleg avvikande trendar (trendar som kan g\u00e5 begge vegar).<\/li>\n\n\n\n<li>identifisere vidare behov for forsking for \u00e5 tilstrekkeleg forst\u00e5 utviklinga i f\u00f8dselstal og kva som driver endringane.<\/li>\n\n\n\n<li>dr\u00f8fte og f\u00f8resl\u00e5 m\u00e5l for politikk som fremjar f\u00f8dslar.<\/li>\n\n\n\n<li>vurdere verknadane av offentleg politikk som r\u00e5kar barnefamiliar, ogs\u00e5 utover den tradisjonelle familiepolitikken, og vurdere korleis politikken p\u00e5verkar val om \u00e5 f\u00e5 barn.<\/li>\n\n\n\n<li>vurdere om dagens politikk svekker insentiva til \u00e5 f\u00e5 barn eller \u00e5 f\u00e5 fleire barn enn to, eller gir insentiv til \u00e5 utsetje det \u00e5 f\u00e5 barn.<\/li>\n\n\n\n<li>vurdere moglege og m\u00e5lretta tiltak.<\/li>\n\n\n\n<li>s\u00e6rleg vurdere om det er tiltak som b\u00f8r prioriterast for \u00e5 auke f\u00f8dselstala blant unge vaksne, t.d. under 30 \u00e5r.<\/li>\n\n\n\n<li>greie ut verknadene av tiltaka utvalet f\u00f8resl\u00e5r utover verknaden tiltaka har p\u00e5 f\u00f8dselstala.<\/li>\n\n\n\n<li>dr\u00f8fte korleis det offentlege b\u00f8r prioritere innsatsen retta mot barnefamiliar.<\/li>\n\n\n\n<li>sette ned ei r\u00e5dsgruppe i samr\u00e5d med departementet, som s\u00e6rleg skal vareta barnefamiliar og unge sine vurderingar og perspektiv i arbeidet.&nbsp;&nbsp;<\/li>\n<\/ul>\n\n\n\n<p><strong>Rammene for utvalet<\/strong><\/p>\n\n\n\n<p>Utvalet skal ta opp eventuelle sp\u00f8rsm\u00e5l om tolking eller avgrensing av mandatet med Barne- og familiedepartementet. Departementet kan supplere og endre mandatet ved behov. Departementet vil s\u00f8rgje for eit eige sekretariat for utvalet.<\/p>\n\n\n\n<p>Utvalet skal byggje vidare p\u00e5 eksisterande relevant internasjonal og nasjonal kunnskap. Utvalet skal i sitt arbeid samarbeide med og f\u00e5 innspel og synspunkt fr\u00e5 den representative r\u00e5dsgruppa.<\/p>\n\n\n\n<p>Utvalet skal gjennomf\u00f8re arbeidet i samsvar med utgreiingsinstruksen og rettleiaren for utvalsarbeid. Det skal ogs\u00e5 gjerast greie for \u00f8konomiske, administrative og juridiske konsekvensar av forslaga. Minst eit av forslaga til endring skal kunne bli realisert innan dei ressursrammene som f\u00f8religg i dag (provenyn\u00f8ytralt).<\/p>\n\n\n\n<p>Utvalet skal levere si utgreiing i form av ein NOU innan 18 m\u00e5nader fr\u00e5 oppstart. Utvalet skal levere ein delleveranse innan april 2025. Delleveransen m\u00e5 som eit minimum innehalde einskilde tiltak som kan auke f\u00f8dselstala og ei vurdering av kostnadane ved tiltaka, eventuelle m\u00e5lkonfliktar og i kva grad tiltaka f\u00f8resl\u00e5tt kan ha varig effekt.<\/p>\n\n\n\n<p><kbd><sup data-fn=\"43829cf4-27ad-46d5-b6ba-efd631be53fb\" class=\"fn\"><a href=\"#43829cf4-27ad-46d5-b6ba-efd631be53fb\" id=\"43829cf4-27ad-46d5-b6ba-efd631be53fb-link\">4<\/a><\/sup><\/kbd>\u00abSamlet fruktbarhetstall for et visst \u00e5r er det antall barn en gruppe kvinner i gjennomsnitt har f\u00e5tt n\u00e5r de er 45 \u00e5r hvis de ved hvert alderstrinn fra de er 15 til de er 45 f\u00e5r s\u00e5 mange barn som kvinner fikk p\u00e5 disse alderstrinnene det \u00e5ret.\u00bb, se Hart RK, Kravdal \u00d8. \u00abFallende fruktbarhet i Norge\u00bb. Rapport 2020. Oslo: Folkehelseinstituttet, 2020.<\/p>\n","protected":false},"excerpt":{"rendered":"<p>Bakgrunnen for utvalet Det samla fruktbarheitstalet i Noreg har falt fr\u00e5 1,98 barn per kvinne i 2009 til 1,40 barn per kvinne i 2023. M\u00e5linga for 2023 var det l\u00e5gaste m\u00e5lte niv\u00e5et i Noreg. Kvinnene ved slutten av sin fertile alder hadde i 2023 i gjennomsnitt f\u00e5tt 1,9 barn. Det er usikkert kva kohortfruktbarheita for\u2026<\/p>\n","protected":false},"author":2877,"featured_media":0,"parent":0,"menu_order":0,"comment_status":"closed","ping_status":"closed","template":"","meta":{"dss_simple_post_excerpt":"","dss_show_featured_image":true,"footnotes":"[]"},"class_list":["post-9","page","type-page","status-publish","hentry"],"language":"nb-NO","_links":{"self":[{"href":"https:\/\/teststeder.regjeringen.no\/ufvb\/wp-json\/wp\/v2\/pages\/9","targetHints":{"allow":["GET"]}}],"collection":[{"href":"https:\/\/teststeder.regjeringen.no\/ufvb\/wp-json\/wp\/v2\/pages"}],"about":[{"href":"https:\/\/teststeder.regjeringen.no\/ufvb\/wp-json\/wp\/v2\/types\/page"}],"author":[{"embeddable":true,"href":"https:\/\/teststeder.regjeringen.no\/ufvb\/wp-json\/wp\/v2\/users\/2877"}],"replies":[{"embeddable":true,"href":"https:\/\/teststeder.regjeringen.no\/ufvb\/wp-json\/wp\/v2\/comments?post=9"}],"version-history":[{"count":3,"href":"https:\/\/teststeder.regjeringen.no\/ufvb\/wp-json\/wp\/v2\/pages\/9\/revisions"}],"predecessor-version":[{"id":35,"href":"https:\/\/teststeder.regjeringen.no\/ufvb\/wp-json\/wp\/v2\/pages\/9\/revisions\/35"}],"wp:attachment":[{"href":"https:\/\/teststeder.regjeringen.no\/ufvb\/wp-json\/wp\/v2\/media?parent=9"}],"curies":[{"name":"wp","href":"https:\/\/api.w.org\/{rel}","templated":true}]}}