{"id":127,"date":"2018-06-06T14:25:21","date_gmt":"2018-06-06T12:25:21","guid":{"rendered":"https:\/\/nettsteder.regjeringen.no\/visum\/?page_id=127"},"modified":"2024-05-02T14:36:21","modified_gmt":"2024-05-02T12:36:21","slug":"amerikas-forente-stater-usa-united-states-of-america","status":"publish","type":"page","link":"https:\/\/teststeder.regjeringen.no\/visum\/land\/amerikas-forente-stater-usa-united-states-of-america\/","title":{"rendered":"Amerikas forente stater (USA, United States of America)"},"content":{"rendered":"<div id=\"module-0\" class=\"hogan-module hogan-module-text hogan-module-0 text-wrap\"><div class=\"hogan-module-inner clearfix\"><p><a class=\"button\" href=\"https:\/\/ceac.state.gov\/genniv\/\" target=\"_blank\" rel=\"noopener\">S\u00f8knadsportal (elektronisk)<\/a> \u00a0<a class=\"button\" href=\"https:\/\/no.usembassy.gov\/visas\/\" target=\"_blank\" rel=\"noopener\">Ambassadens nettside<\/a><\/p>\n<p><a class=\"button\" href=\"https:\/\/files.teststeder.regjeringen.no\/wpuploads01\/sites\/313\/2023\/06\/US-DS-160-Confirmation-page.pdf\" target=\"_blank\" rel=\"noopener\">Eksempel p\u00e5 DS-160 Confirmation page<\/a><\/p><\/div><\/div><div id=\"module-1\" class=\"hogan-module hogan-module-dss_sidebar hogan-module-1\"><div class=\"hogan-module-inner\"><div class=\"columns sidebar-columns\">\n\t<div class=\"column text-wrap\">\n\t\t<p><span style=\"color: #ff0000\"><strong>VENNLIGST VELG RETT VISUMTYPE (FORKLART NEDENFOR), OG LES HVA SOM ST\u00c5R UNDER &laquo;MERKNADER&raquo;<\/strong><\/span><\/p>\n<p>&nbsp;<\/p>\n<p>Representasjon: Oslo<\/p>\n<ul>\n<li>Visumkrav: Ja (for tjenestereiser for staten, uansett passtype). Det er et ufravikelig krav at det skal s\u00f8kes om visum i forkant f\u00f8r man reiser p\u00e5 et offisielt oppdrag. ESTA skal <em>ikke<\/em> benyttes n\u00e5r man skal p\u00e5 tjenestereise.<\/li>\n<li>Utestasjonerte skal ikke s\u00f8ke om visum ved feriereiser p\u00e5 offisielt pass, men registrere seg i ESTA.<\/li>\n<li>Hjemmebaserte tjenestemenn har ikke lov til \u00e5 reise p\u00e5 ferie med offisielt pass. De skal benytte ordin\u00e6re pass og registrere seg i ESTA.<\/li>\n<li><strong>Skal man tjenestegj\u00f8re i USA, og ha med seg ektefelle, m\u00e5 det fremlegges kopi av vigselsattest (ikke n\u00f8dvendig med &laquo;Rett kopi&raquo;). USA innvilger ikke visum til samboere. For medf\u00f8lgende barn m\u00e5 det vedlegges kopi av f\u00f8dselsattest.<\/strong><\/li>\n<li>Dersom du har et gammelt pass med visum som er i ferd med \u00e5 utg\u00e5\/nylig utg\u00e5tt, skal dette innleveres s\u00f8knaden sammen med nytt pass. Dersom du har gyldig visum i et utg\u00e5tt pass kan du reise med dette passet i tillegg til ditt nye, gyldige pass.<\/li>\n<\/ul>\n<p>Visum ved ankomst: Nei<\/p>\n<ul>\n<li>Online skjema (DS-160) fylles ut og p\u00e5 slutten av prosessen, etter at \u00abSign and submit\u00bb er trykket, skal \u00abDS-160 Confirmation page\u00bb skrives ut i 1 eks.<\/li>\n<li>Alle rubrikker i skjemaet m\u00e5 fylles ut, evt. med N\/A dersom ingenting passer.<\/li>\n<li>Skriv ned Application ID med en gang du starter s\u00f8knadsprosessen.<\/li>\n<li>Skriv ut &laquo;Confirmation Page&raquo; n\u00e5r s\u00f8knaden er ferdig utfylt. Leveres Diplomatseksjonen sammen med pass, kopi av pass og foto.<\/li>\n<\/ul>\n<h2>Visumtyper:<\/h2>\n<ul>\n<li><strong>A1<\/strong> \u2013 forbeholdt tjenestegj\u00f8rende diplomater ved utenriksstasjon i USA, ministre\/statsr\u00e5der og kongefamilien.<\/li>\n<li><strong>A2<\/strong> \u2013 for hjemmebaserte diplomater eller andre offentlige tjenestemenn p\u00e5 tjenestereise til USA for konferanser, m\u00f8ter p\u00e5 ambassade\/generalkonsulat eller med amerikanske myndigheter.<\/li>\n<li><strong>G1<\/strong> \u2013 for tjenestegj\u00f8rende diplomater ved FN-delegasjonen, ministre\/statsr\u00e5der som skal til FN og evt. medlemmer av kongefamilien som skal tale i FN.<\/li>\n<li><strong>G2<\/strong> &#8211; for hjemmebaserte diplomater eller andre offentlige tjenestemenn p\u00e5 tjenestereise til FN og andre internasjonale organisasjoner (ref. <a href=\"https:\/\/fam.state.gov\/fam\/09FAM\/09FAM040203.html\">https:\/\/fam.state.gov\/fam\/09FAM\/09FAM040203.html<\/a>, pkt <a name=\"M402_3_7_M\"><\/a>402.3-7(M))<\/li>\n<li>Dersom man b\u00e5de skal bes\u00f8ke amerikanske myndigheter <strong>og<\/strong> FN, s\u00e5 er det tilstrekkelig \u00e5 s\u00f8ke A-visum.<\/li>\n<li><strong>Transit<\/strong>t: Amerikanske myndigheter krever at det s\u00f8kes om <strong>C3<\/strong>-visum for transitt gjennom USA. C3 er et flerreisevisum som er gyldig i 60 m\u00e5neder. Reisende med offisielle pass trenger <em>ikke<\/em> \u00e5 avgi biometri ved ambassaden.<\/li>\n<\/ul>\n<h2>Bilder<\/h2>\n<ul>\n<li>1 digitalt passfoto i farger med hvit bakgrunn, ingen skygger og uten briller lastes opp i s\u00f8knaden. Fotoet m\u00e5 v\u00e6re kvadratisk (5 x 5 cm).<\/li>\n<li>1 foto festes til utskriften med binders (b\u00f8r v\u00e6re det samme som digitalt passfoto)<\/li>\n<li>Foto b\u00f8r tas hos profesjonell fotograf (<a href=\"https:\/\/goo.gl\/maps\/iorRoo4abRn\">Fotograf Sturlason i Stortingsgaten 22<\/a>)<\/li>\n<li>Husk \u00e5 f\u00e5 tilsendt en elektronisk versjon av foto p\u00e5 e-post, i tillegg til papirkopier<\/li>\n<li>Papirkopi\/utskrift\/skannet av foto er ikke akseptabelt<\/li>\n<li>Du kan <strong>ikke<\/strong> gjenbruke fotoet fra forrige visums\u00f8knad, foto skal ikke v\u00e6re mer enn 6 m\u00e5neder gammelt<\/li>\n<\/ul>\n<p>Behandlingstid ved ambassaden: 7 arbeidsdager<\/p>\t<\/div>\n\t<div class=\"column text-wrap\">\n\t\t<section class=\"widget_text widget custom_html-7 widget_custom_html\"><div class=\"textwidget custom-html-widget\"><a class=\"button\" href=\"https:\/\/ventus.enalog.se\/Booking\/Booking\/Index\/Utenriksdep\" target=\"_blank\" rel=\"noopener\">Bestill timeavtale<\/a><\/div><\/section><section class=\"widget_text widget custom_html-4 widget_custom_html\"><h3>Merknader<\/h3><div class=\"textwidget custom-html-widget\"><div class=\"highlight\">\r\n<ul>\r\n<li>\r\n<strong>Tjenestereise:<\/strong> Send e-post p\u00e5 engelsk til <a href=\"mailto:visum@mfa.no\">visum@mfa.no<\/a> med detaljert beskrivelse av form\u00e5let med reisen og tidspunkt for inn- og utreise. <font color=\"#FF0000\">Manglende informasjon f\u00f8rer til lengre saksbehandlingstid, og i verste fall blir s\u00f8knaden avsl\u00e5tt.<\/font><\/li>\r\n\t<br>\r\n<li>\r\n<strong>For tjenestegj\u00f8ring: <\/strong> Send e-post med stilling\/tittel, antatt ankomstdato, lengde p\u00e5 tjenestegj\u00f8ringen, samt fullt navn og stilling\/tittel p\u00e5 forgjenger til <a href=\"mailto:visum@mfa.no\">visum@mfa.no<\/a> <font color=\"#FF0000\"> Husk \u00e5 ta med papirkopi av vedlegg til arbeidsavtale ved forflytning.<\/font><\/li>\r\n\t<br>\r\n<li>\r\nPasset m\u00e5 v\u00e6re gyldig i minst 6 m\u00e5neder p\u00e5 hjemreisedato, og passfoto til visums\u00f8knad skal ikke v\u00e6re eldre enn 6 m\u00e5neder. <font color=\"#FF0000\">Passet skal leveres sammen med s\u00f8knaden.<\/font><\/li>\r\n<br>\r\n<li>\r\nTo ganger fargekopi av bildesiden i passet m\u00e5 leveres sammen med s\u00f8knaden. <\/li>\r\n\r\n\r\n\r\n<\/ul>\r\n<\/div><\/div><\/section><section class=\"widget_text widget custom_html-5 widget_custom_html\"><h3>Kontakt<\/h3><div class=\"textwidget custom-html-widget\">Maya Hagen<br \/><br \/>\r\n\r\nvisum@mfa.no<br \/>\r\n+47 23 95 04 37<br \/>\r\nKronprinsens gate 10 (<a href=\"https:\/\/goo.gl\/maps\/X1jyMxFasizCat6F7\">Google Maps<\/a>)\r\n<br \/><br \/>\r\n<strong>Ekspedisjonstider<\/strong>\r\nEKSPEDISJONSTIDER FOR VISUM FREMG\u00c5R I BESTILLINGSPORTALEN. \r\nDet er ikke lengre mulig med drop-in, det m\u00e5 forh\u00e5ndsbestilles avtale. \r\n<br \/><br \/>\r\nSamleoversikt for informasjon til Det diplomatiske korps i Norge<br \/>\r\n<a href=\"https:\/\/www.regjeringen.no\/en\/dep\/ud\/about_mfa\/diplomatic_relations\/id447053\/\">Diplomatic relations<\/a> (regjeringen.no). \r\nOversikt over kontaktinformasjon til alle ambassader i Oslo ligger p\u00e5 samme siden<br \/><br \/>\r\n\r\n<\/div><\/section><section class=\"widget_text widget custom_html-3 widget_custom_html\"><h3>Se ogs\u00e5<\/h3><div class=\"textwidget custom-html-widget\"><a class=\"button\" href=\"https:\/\/teststeder.regjeringen.no\/visum\/retningslinjer\/\">Retningslinjer<\/a>  <a class=\"button\" href=\"https:\/\/teststeder.regjeringen.no\/visum\/sjekkliste\/\">Sjekkliste<\/a> <a class=\"button\" href=\"https:\/\/teststeder.regjeringen.no\/visum\/land\/\">Land<\/a> <a class=\"button\" href=\"https:\/\/ventus.enalog.se\/Booking\/Booking\/Index\/Utenriksdep\">Bestill timeavtale<\/a><\/div><\/section>\t<\/div>\n<\/div>\n<\/div><\/div>\n<div class=\"module module-was-this-helpful\">\n\t<div class=\"text-wrap\">\n\t\t<h2>Var dette nyttig?<\/h2>\n\t\t<form id=\"dekode-wth-form\">\n\t\t\t<button id=\"dekode-wth-yes\" class=\"button\" name=\"dekode-wth-feedback\" type=\"submit\"\n\t\t\t\t\tvalue=\"1\">Ja<\/button>\n\t\t\t<button id=\"dekode-wth-no\" class=\"button\" name=\"dekode-wth-feedback\" type=\"submit\"\n\t\t\t\t\tvalue=\"0\">Nei<\/button>\n\t\t\t<input type=\"hidden\" name=\"post_id\" value=\"127\"\/>\n\t\t<\/form>\n\t<\/div>\n<\/div>\n","protected":false},"excerpt":{"rendered":"<p>S\u00f8knadsportal (elektronisk) \u00a0Ambassadens nettside Eksempel p\u00e5 DS-160 Confirmation page VENNLIGST VELG RETT VISUMTYPE (FORKLART NEDENFOR), OG LES HVA SOM ST\u00c5R &#8230;<\/p>\n","protected":false},"author":533,"featured_media":0,"parent":99,"menu_order":0,"comment_status":"closed","ping_status":"closed","template":"","meta":{"_acf_changed":false,"footnotes":""},"class_list":["post-127","page","type-page","status-publish","hentry"],"language":"nb-NO","acf":[],"_links":{"self":[{"href":"https:\/\/teststeder.regjeringen.no\/visum\/wp-json\/wp\/v2\/pages\/127","targetHints":{"allow":["GET"]}}],"collection":[{"href":"https:\/\/teststeder.regjeringen.no\/visum\/wp-json\/wp\/v2\/pages"}],"about":[{"href":"https:\/\/teststeder.regjeringen.no\/visum\/wp-json\/wp\/v2\/types\/page"}],"author":[{"embeddable":true,"href":"https:\/\/teststeder.regjeringen.no\/visum\/wp-json\/wp\/v2\/users\/533"}],"replies":[{"embeddable":true,"href":"https:\/\/teststeder.regjeringen.no\/visum\/wp-json\/wp\/v2\/comments?post=127"}],"version-history":[{"count":4,"href":"https:\/\/teststeder.regjeringen.no\/visum\/wp-json\/wp\/v2\/pages\/127\/revisions"}],"predecessor-version":[{"id":3007,"href":"https:\/\/teststeder.regjeringen.no\/visum\/wp-json\/wp\/v2\/pages\/127\/revisions\/3007"}],"up":[{"embeddable":true,"href":"https:\/\/teststeder.regjeringen.no\/visum\/wp-json\/wp\/v2\/pages\/99"}],"wp:attachment":[{"href":"https:\/\/teststeder.regjeringen.no\/visum\/wp-json\/wp\/v2\/media?parent=127"}],"curies":[{"name":"wp","href":"https:\/\/api.w.org\/{rel}","templated":true}]}}