{"id":13,"date":"2018-05-31T08:51:52","date_gmt":"2018-05-31T06:51:52","guid":{"rendered":"https:\/\/nettsteder.regjeringen.no\/visum\/?page_id=13"},"modified":"2018-09-26T10:29:02","modified_gmt":"2018-09-26T08:29:02","slug":"instruksjonsvideo","status":"publish","type":"page","link":"https:\/\/teststeder.regjeringen.no\/visum\/instruksjonsvideo\/","title":{"rendered":"Instruksjonsvideo"},"content":{"rendered":"<div id=\"module-0\" class=\"hogan-module hogan-module-embed hogan-module-0 text-wrap\"><div class=\"wp-caption size-large-pull\"><div class=\"size-large-pull video\"><div class=\"img-flow \" style=\"padding-bottom: 56.25%;\"><iframe title=\"Oppl\u00e6ringsvideo Visum\" src=\"https:\/\/video.regjeringen.no\/player23\/index.html?watch=6e2584a7fba153a7236df4fff4a55baf\" frameborder=\"0\" border=\"0\" scrolling=\"no\" mozallowfullscreen=\"1\" webkitallowfullscreen=\"1\" allowfullscreen=\"1\" allow=\"autoplay; fullscreen\"><\/iframe><\/div><\/div><\/div><\/div>\n<div class=\"module module-was-this-helpful\">\n\t<div class=\"text-wrap\">\n\t\t<h2>Var dette nyttig?<\/h2>\n\t\t<form id=\"dekode-wth-form\">\n\t\t\t<button id=\"dekode-wth-yes\" class=\"button\" name=\"dekode-wth-feedback\" type=\"submit\"\n\t\t\t\t\tvalue=\"1\">Ja<\/button>\n\t\t\t<button id=\"dekode-wth-no\" class=\"button\" name=\"dekode-wth-feedback\" type=\"submit\"\n\t\t\t\t\tvalue=\"0\">Nei<\/button>\n\t\t\t<input type=\"hidden\" name=\"post_id\" value=\"13\"\/>\n\t\t<\/form>\n\t<\/div>\n<\/div>\n","protected":false},"excerpt":{"rendered":"<p>Diplomatseksjonen har laget en instruksjonsvideo som gir svar hvordan du g\u00e5r frem for selv \u00e5 s\u00f8ke om visum til det &#8230;<\/p>\n","protected":false},"author":306,"featured_media":23,"parent":0,"menu_order":0,"comment_status":"closed","ping_status":"closed","template":"","meta":{"_acf_changed":false,"footnotes":""},"class_list":["post-13","page","type-page","status-publish","has-post-thumbnail","hentry"],"language":"nb-NO","acf":[],"_links":{"self":[{"href":"https:\/\/teststeder.regjeringen.no\/visum\/wp-json\/wp\/v2\/pages\/13","targetHints":{"allow":["GET"]}}],"collection":[{"href":"https:\/\/teststeder.regjeringen.no\/visum\/wp-json\/wp\/v2\/pages"}],"about":[{"href":"https:\/\/teststeder.regjeringen.no\/visum\/wp-json\/wp\/v2\/types\/page"}],"author":[{"embeddable":true,"href":"https:\/\/teststeder.regjeringen.no\/visum\/wp-json\/wp\/v2\/users\/306"}],"replies":[{"embeddable":true,"href":"https:\/\/teststeder.regjeringen.no\/visum\/wp-json\/wp\/v2\/comments?post=13"}],"version-history":[{"count":4,"href":"https:\/\/teststeder.regjeringen.no\/visum\/wp-json\/wp\/v2\/pages\/13\/revisions"}],"predecessor-version":[{"id":1721,"href":"https:\/\/teststeder.regjeringen.no\/visum\/wp-json\/wp\/v2\/pages\/13\/revisions\/1721"}],"wp:featuredmedia":[{"embeddable":true,"href":"https:\/\/teststeder.regjeringen.no\/visum\/wp-json\/wp\/v2\/media\/23"}],"wp:attachment":[{"href":"https:\/\/teststeder.regjeringen.no\/visum\/wp-json\/wp\/v2\/media?parent=13"}],"curies":[{"name":"wp","href":"https:\/\/api.w.org\/{rel}","templated":true}]}}