{"id":145,"date":"2018-06-06T14:55:24","date_gmt":"2018-06-06T12:55:24","guid":{"rendered":"https:\/\/nettsteder.regjeringen.no\/visum\/?page_id=145"},"modified":"2024-03-07T08:05:09","modified_gmt":"2024-03-07T07:05:09","slug":"irak","status":"publish","type":"page","link":"https:\/\/teststeder.regjeringen.no\/visum\/land\/irak\/","title":{"rendered":"Irak"},"content":{"rendered":"<div id=\"module-0\" class=\"hogan-module hogan-module-text hogan-module-0 text-wrap\"><div class=\"hogan-module-inner clearfix\"><p><a class=\"button\" href=\"https:\/\/files.teststeder.regjeringen.no\/wpuploads01\/blogs.dir\/313\/files\/2019\/05\/Visa_Application_Form_Iraq.pdf\" target=\"_blank\" rel=\"noopener\">S\u00f8knadsskjema (m\u00e5 fylles ut elektronisk)<\/a> <a class=\"button\" href=\"http:\/\/www.mofa.gov.iq\/visa\" target=\"_blank\" rel=\"noopener\">Iraks MOFA nettside (informasjon om krav til visum)<\/a> <a class=\"button\" href=\"https:\/\/mofa.gov.iq\/oslo\/?lang=en\" target=\"_blank\" rel=\"noopener\">Ambassadens nettside<\/a><\/p>\n<p><a class=\"button\" href=\"https:\/\/docs.google.com\/forms\/d\/e\/1FAIpQLSeWFwnHDNO2KMWLlXKVWxiqgCgMDKepyh60DNcHI1RLJPkHGA\/viewform\" target=\"_blank\" rel=\"noopener\">Elektronisk registreringsskjema (kun for milit\u00e6re)<\/a><br \/>\nSe mer informasjon om Elektronisk registreringsskjema lengre ned p\u00e5 siden.<\/p><\/div><\/div><div id=\"module-1\" class=\"hogan-module hogan-module-dss_sidebar hogan-module-1\"><div class=\"hogan-module-inner\"><div class=\"columns sidebar-columns\">\n\t<div class=\"column text-wrap\">\n\t\t<p>Representasjon: <strong>Oslo<\/strong><br \/>\nVisumkrav: <strong>Ja<\/strong><br \/>\nVisum ved ankomst: <strong>Nei (<\/strong>det er mulig \u00e5 f\u00e5 visum ved ankomst p\u00e5 flyplassen i Erbil. Gjelder kun for det kurdiske selvstyreomr\u00e5det KRI).<\/p>\n<ul>\n<li>Skjema <strong>m\u00e5<\/strong> fylles ut digitalt og skrives ut i 1 eksemplar<\/li>\n<li><strong>Bruk nettleseren Internet Explorer for \u00e5 \u00e5pne skjema og fylle ut. Ikke bruk Google Chrome eller Edge da disse ikke virker med dette skjemaet <\/strong>(UD-IKT ser p\u00e5 problemet)<strong>.<\/strong><\/li>\n<li>passfoto lastes inn i skjemaet f\u00f8r utskrift<\/li>\n<li>For \u00e5 fylle ut skjemaet digitalt <strong>m\u00e5 du ha Adobe Reader med Extended Language Support Pack<\/strong> installert. Dersom det kommer arabiske tegn n\u00e5r du taster inn tall, s\u00e5 marker hele feltet, h\u00f8yreklikk og velg: \u00abUse Digits: 0123456789\u00bb, fjern de arabiske tegnene og skriv inn tallet p\u00e5 nytt.<\/li>\n<li>Skjemaet kan ikke fylles ut for h\u00e5nd. Alle rubrikker i skjemaet m\u00e5 fylles ut, evt. med N\/A dersom ingenting passer.<\/li>\n<li>Antatt innreise og utreise M\u00c5 legges inn i rubrikken: \u00abExpected Time of residence in Iraq\u00bb.<\/li>\n<li>Ikke bruk forkortelser.<\/li>\n<li>Signatur p\u00e5f\u00f8res kun i siste felt.<\/li>\n<\/ul>\n<h2>Bilder<\/h2>\n<ul>\n<li>Digitalt passfoto i farger med hvit bakgrunn, 4 x 3 cm<\/li>\n<li>Bildet lastes opp i skjemaet, og ett fysisk passfoto festes med binders til skjemaet.<\/li>\n<li>Dersom det ikke lar seg gj\u00f8re \u00e5 laste inn passfoto, s\u00e5 skal ett passfoto limes p\u00e5 skjemaet og ett festes med binders.<\/li>\n<li><strong>Papirkopi\/utskrift\/skannet er ikke akseptabelt.<\/strong><\/li>\n<\/ul>\n<p>Behandlingstid ved ambassaden: ca. 2 uker, milit\u00e6re 40 arbeidsdager<\/p>\n<p>&nbsp;<\/p>\n<h2>Elektronisk registreringsskjema<\/h2>\n<ul>\n<li>Elektroniske registreringsskjemaet skal <strong>bare<\/strong> fylles ut av personell fra Forsvaret (sivilt og milit\u00e6rt) som skal p\u00e5 bes\u00f8k til Irak\/tjenestegj\u00f8re i Irak.<\/li>\n<li>Elektroniske registreringsskjemaet fylles ut i <strong>tillegg<\/strong> til vanlig papirs\u00f8knad med kopier av pass og selve passet. Dette er <strong>ikke<\/strong> en erstatning for papirs\u00f8knad, men et tillegg.<\/li>\n<li>Det f\u00f8rste feltet i registreringsskjemaet \u00abOptional\u00bb er ikke n\u00f8dvendig \u00e5 fylle ut.<\/li>\n<li>Feltet \u00abResidence in Iraq\u00bb fylles ut med informasjon om tjenestested. Normalt \u00abAl-Assad Airbase\u00bb eller \u00abBaghdad Diplomatic Support Center\u00bb.<\/li>\n<li>Feltet \u00abDuration of Stay\u00bb fylles ut med lengde p\u00e5 oppholdet, normalt \u00ab12 months\u00bb og \u00abMultiple entry visa\u00bb.<\/li>\n<\/ul>\t<\/div>\n\t<div class=\"column text-wrap\">\n\t\t<section class=\"widget_text widget custom_html-7 widget_custom_html\"><div class=\"textwidget custom-html-widget\"><a class=\"button\" href=\"https:\/\/ventus.enalog.se\/Booking\/Booking\/Index\/Utenriksdep\" target=\"_blank\" rel=\"noopener\">Bestill timeavtale<\/a><\/div><\/section><section class=\"widget_text widget custom_html-4 widget_custom_html\"><h3>Merknader<\/h3><div class=\"textwidget custom-html-widget\"><div class=\"highlight\">\r\n<ul>\r\n<li>\r\n<strong>Tjenestereise:<\/strong> Send e-post p\u00e5 engelsk til <a href=\"mailto:visum@mfa.no\">visum@mfa.no<\/a> med detaljert beskrivelse av form\u00e5let med reisen og tidspunkt for inn- og utreise. <font color=\"#FF0000\">Manglende informasjon f\u00f8rer til lengre saksbehandlingstid, og i verste fall blir s\u00f8knaden avsl\u00e5tt.<\/font><\/li>\r\n\t<br>\r\n<li>\r\n<strong>For tjenestegj\u00f8ring: <\/strong> Send e-post med stilling\/tittel, antatt ankomstdato, lengde p\u00e5 tjenestegj\u00f8ringen, samt fullt navn og stilling\/tittel p\u00e5 forgjenger til <a href=\"mailto:visum@mfa.no\">visum@mfa.no<\/a> <font color=\"#FF0000\"> Husk \u00e5 ta med papirkopi av vedlegg til arbeidsavtale ved forflytning.<\/font><\/li>\r\n\t<br>\r\n<li>\r\nPasset m\u00e5 v\u00e6re gyldig i minst 6 m\u00e5neder p\u00e5 hjemreisedato, og passfoto til visums\u00f8knad skal ikke v\u00e6re eldre enn 6 m\u00e5neder. <font color=\"#FF0000\">Passet skal leveres sammen med s\u00f8knaden.<\/font><\/li>\r\n<br>\r\n<li>\r\nTo ganger fargekopi av bildesiden i passet m\u00e5 leveres sammen med s\u00f8knaden. <\/li>\r\n\r\n\r\n\r\n<\/ul>\r\n<\/div><\/div><\/section><section class=\"widget_text widget custom_html-5 widget_custom_html\"><h3>Kontakt<\/h3><div class=\"textwidget custom-html-widget\">Maya Hagen<br \/><br \/>\r\n\r\nvisum@mfa.no<br \/>\r\n+47 23 95 04 37<br \/>\r\nKronprinsens gate 10 (<a href=\"https:\/\/goo.gl\/maps\/X1jyMxFasizCat6F7\">Google Maps<\/a>)\r\n<br \/><br \/>\r\n<strong>Ekspedisjonstider<\/strong>\r\nEKSPEDISJONSTIDER FOR VISUM FREMG\u00c5R I BESTILLINGSPORTALEN. \r\nDet er ikke lengre mulig med drop-in, det m\u00e5 forh\u00e5ndsbestilles avtale. \r\n<br \/><br \/>\r\nSamleoversikt for informasjon til Det diplomatiske korps i Norge<br \/>\r\n<a href=\"https:\/\/www.regjeringen.no\/en\/dep\/ud\/about_mfa\/diplomatic_relations\/id447053\/\">Diplomatic relations<\/a> (regjeringen.no). \r\nOversikt over kontaktinformasjon til alle ambassader i Oslo ligger p\u00e5 samme siden<br \/><br \/>\r\n\r\n<\/div><\/section><section class=\"widget_text widget custom_html-3 widget_custom_html\"><h3>Se ogs\u00e5<\/h3><div class=\"textwidget custom-html-widget\"><a class=\"button\" href=\"https:\/\/teststeder.regjeringen.no\/visum\/retningslinjer\/\">Retningslinjer<\/a>  <a class=\"button\" href=\"https:\/\/teststeder.regjeringen.no\/visum\/sjekkliste\/\">Sjekkliste<\/a> <a class=\"button\" href=\"https:\/\/teststeder.regjeringen.no\/visum\/land\/\">Land<\/a> <a class=\"button\" href=\"https:\/\/ventus.enalog.se\/Booking\/Booking\/Index\/Utenriksdep\">Bestill timeavtale<\/a><\/div><\/section>\t<\/div>\n<\/div>\n<\/div><\/div>\n<div class=\"module module-was-this-helpful\">\n\t<div class=\"text-wrap\">\n\t\t<h2>Var dette nyttig?<\/h2>\n\t\t<form id=\"dekode-wth-form\">\n\t\t\t<button id=\"dekode-wth-yes\" class=\"button\" name=\"dekode-wth-feedback\" type=\"submit\"\n\t\t\t\t\tvalue=\"1\">Ja<\/button>\n\t\t\t<button id=\"dekode-wth-no\" class=\"button\" name=\"dekode-wth-feedback\" type=\"submit\"\n\t\t\t\t\tvalue=\"0\">Nei<\/button>\n\t\t\t<input type=\"hidden\" name=\"post_id\" value=\"145\"\/>\n\t\t<\/form>\n\t<\/div>\n<\/div>\n","protected":false},"excerpt":{"rendered":"<p>S\u00f8knadsskjema (m\u00e5 fylles ut elektronisk) Iraks MOFA nettside (informasjon om krav til visum) Ambassadens nettside Elektronisk registreringsskjema (kun for milit\u00e6re) &#8230;<\/p>\n","protected":false},"author":533,"featured_media":0,"parent":99,"menu_order":0,"comment_status":"closed","ping_status":"closed","template":"","meta":{"_acf_changed":false,"footnotes":""},"class_list":["post-145","page","type-page","status-publish","hentry"],"language":"nb-NO","acf":[],"_links":{"self":[{"href":"https:\/\/teststeder.regjeringen.no\/visum\/wp-json\/wp\/v2\/pages\/145","targetHints":{"allow":["GET"]}}],"collection":[{"href":"https:\/\/teststeder.regjeringen.no\/visum\/wp-json\/wp\/v2\/pages"}],"about":[{"href":"https:\/\/teststeder.regjeringen.no\/visum\/wp-json\/wp\/v2\/types\/page"}],"author":[{"embeddable":true,"href":"https:\/\/teststeder.regjeringen.no\/visum\/wp-json\/wp\/v2\/users\/533"}],"replies":[{"embeddable":true,"href":"https:\/\/teststeder.regjeringen.no\/visum\/wp-json\/wp\/v2\/comments?post=145"}],"version-history":[{"count":4,"href":"https:\/\/teststeder.regjeringen.no\/visum\/wp-json\/wp\/v2\/pages\/145\/revisions"}],"predecessor-version":[{"id":2957,"href":"https:\/\/teststeder.regjeringen.no\/visum\/wp-json\/wp\/v2\/pages\/145\/revisions\/2957"}],"up":[{"embeddable":true,"href":"https:\/\/teststeder.regjeringen.no\/visum\/wp-json\/wp\/v2\/pages\/99"}],"wp:attachment":[{"href":"https:\/\/teststeder.regjeringen.no\/visum\/wp-json\/wp\/v2\/media?parent=145"}],"curies":[{"name":"wp","href":"https:\/\/api.w.org\/{rel}","templated":true}]}}