{"id":2199,"date":"2019-10-28T13:09:42","date_gmt":"2019-10-28T12:09:42","guid":{"rendered":"https:\/\/nettsteder.regjeringen.no\/visum\/?page_id=2199"},"modified":"2019-10-28T13:09:42","modified_gmt":"2019-10-28T12:09:42","slug":"foto-til-visum","status":"publish","type":"page","link":"https:\/\/teststeder.regjeringen.no\/visum\/foto-til-visum\/","title":{"rendered":"Foto til visum"},"content":{"rendered":"<div id=\"module-0\" class=\"hogan-module hogan-module-text hogan-module-0 text-wrap\"><div class=\"hogan-module-inner clearfix\"><p>Visumkontoret tar <strong>ikke<\/strong> foto til visums\u00f8knader. Vi kan heller ikke skrive ut digitale bilder som visums\u00f8ker selv m\u00e5tte ha. Det er visums\u00f8kers eget ansvar \u00e5 ordne med bilder til visums\u00f8knaden i forkant av avtale.<\/p>\n<p>Visumkontoret anbefaler at foto tas hos profesjonell fotograf. Den n\u00e6rmeste fotografen til Utenriksdepartementet er <a href=\"https:\/\/www.google.com\/maps\/place\/Sturlason+AS+Polyfoto+-+Oslo\/@59.9138409,10.7324976,17z\/data=!3m1!4b1!4m5!3m4!1s0x46416e7d8b8c210d:0x4f89bdb47ca88d5f!8m2!3d59.9138409!4d10.7346864\" target=\"_blank\" rel=\"noopener\">Fotograf Sturlason i Stortingsgaten 22<\/a> (klikk lenke for kart til fotograf og kontaktinformasjon).<\/p><\/div><\/div>\n<div class=\"module module-was-this-helpful\">\n\t<div class=\"text-wrap\">\n\t\t<h2>Var dette nyttig?<\/h2>\n\t\t<form id=\"dekode-wth-form\">\n\t\t\t<button id=\"dekode-wth-yes\" class=\"button\" name=\"dekode-wth-feedback\" type=\"submit\"\n\t\t\t\t\tvalue=\"1\">Ja<\/button>\n\t\t\t<button id=\"dekode-wth-no\" class=\"button\" name=\"dekode-wth-feedback\" type=\"submit\"\n\t\t\t\t\tvalue=\"0\">Nei<\/button>\n\t\t\t<input type=\"hidden\" name=\"post_id\" value=\"2199\"\/>\n\t\t<\/form>\n\t<\/div>\n<\/div>\n","protected":false},"excerpt":{"rendered":"<p>Visumkontoret tar ikke foto til visums\u00f8knader. Vi kan heller ikke skrive ut digitale bilder som visums\u00f8ker selv m\u00e5tte ha. Det &#8230;<\/p>\n","protected":false},"author":911,"featured_media":0,"parent":0,"menu_order":0,"comment_status":"closed","ping_status":"closed","template":"","meta":{"_acf_changed":false,"footnotes":""},"class_list":["post-2199","page","type-page","status-publish","hentry"],"language":"nb-NO","acf":[],"_links":{"self":[{"href":"https:\/\/teststeder.regjeringen.no\/visum\/wp-json\/wp\/v2\/pages\/2199","targetHints":{"allow":["GET"]}}],"collection":[{"href":"https:\/\/teststeder.regjeringen.no\/visum\/wp-json\/wp\/v2\/pages"}],"about":[{"href":"https:\/\/teststeder.regjeringen.no\/visum\/wp-json\/wp\/v2\/types\/page"}],"author":[{"embeddable":true,"href":"https:\/\/teststeder.regjeringen.no\/visum\/wp-json\/wp\/v2\/users\/911"}],"replies":[{"embeddable":true,"href":"https:\/\/teststeder.regjeringen.no\/visum\/wp-json\/wp\/v2\/comments?post=2199"}],"version-history":[{"count":7,"href":"https:\/\/teststeder.regjeringen.no\/visum\/wp-json\/wp\/v2\/pages\/2199\/revisions"}],"predecessor-version":[{"id":2213,"href":"https:\/\/teststeder.regjeringen.no\/visum\/wp-json\/wp\/v2\/pages\/2199\/revisions\/2213"}],"wp:attachment":[{"href":"https:\/\/teststeder.regjeringen.no\/visum\/wp-json\/wp\/v2\/media?parent=2199"}],"curies":[{"name":"wp","href":"https:\/\/api.w.org\/{rel}","templated":true}]}}