{"id":253,"date":"2018-07-16T10:42:02","date_gmt":"2018-07-16T08:42:02","guid":{"rendered":"https:\/\/nettsteder.regjeringen.no\/visum\/?page_id=253"},"modified":"2023-10-09T13:32:15","modified_gmt":"2023-10-09T11:32:15","slug":"australia","status":"publish","type":"page","link":"https:\/\/teststeder.regjeringen.no\/visum\/land\/australia\/","title":{"rendered":"Australia"},"content":{"rendered":"<div id=\"module-0\" class=\"hogan-module hogan-module-text hogan-module-0 text-wrap\"><div class=\"hogan-module-inner clearfix\"><p><a class=\"button\" href=\"https:\/\/immi.homeaffairs.gov.au\/visas\/getting-a-visa\/visa-listing\/evisitor-651\" target=\"_blank\" rel=\"noopener\">S\u00f8knadsportal (elektronisk) &#8211; for tjenestereise<\/a> <a class=\"button\" href=\"http:\/\/denmark.embassy.gov.au\/cpgn\/home.html\">Ambassaden nettside<\/a><\/p><\/div><\/div><div id=\"module-1\" class=\"hogan-module hogan-module-dss_sidebar hogan-module-1\"><div class=\"hogan-module-inner\"><div class=\"columns sidebar-columns\">\n\t<div class=\"column text-wrap\">\n\t\t<p>Representasjon: K\u00f8benhavn<br \/>\nVisumkrav: Ja (elektronisk s\u00f8knad for tjenestereise, note for tjenestegj\u00f8ring).\u00a0 <strong>Det er ikke mulig \u00e5 s\u00f8ke visum med de gamle r\u00f8de passene!<\/strong><\/p>\n<p>Visum ved ankomst: Nei<\/p>\n<p>For Diplomatseksjonen:<br \/>\nDiplomatseksjonen sender note via v\u00e5r ambassade i K\u00f8benhavn med diplomatens og familiens detaljer,\u00a0samt kopi av passene (pass skal ikke sendes). S\u00f8knadsskjema: Nei. Foto: Nei<\/p>\n<p>Behandlingstid ved ambassaden: Ukjent<\/p>\n<h2>Merknader:<\/h2>\n<p><strong>For\u00a0tjenestereiser\u00a0s\u00e5 kan man s\u00f8ke om et\u00a0<\/strong><a href=\"https:\/\/immi.homeaffairs.gov.au\/visas\/getting-a-visa\/visa-listing\/evisitor-651\" target=\"_blank\" rel=\"noopener\"><b>elektronisk visum (subclass 651)<\/b><\/a><strong>\u00a0ved \u00e5 f\u00f8lge lenken. S\u00f8knaden behandles gjerne i l\u00f8pet av noen timer. Dette er siste informasjon departementet har f\u00e5tt etter \u00e5 ha v\u00e6rt i kontakt med australsk immigrasjonsmyndigheter (28.9.2017)<\/strong><\/p>\n<ul>\n<li>For\u00a0tjenestegj\u00f8ring\u00a0ved ambassaden i Canberra innhentes visum ved Australias ambassade i K\u00f8benhavn.<\/li>\n<li>Ingen s\u00f8knadsskjemaer eller bilder, kun note verbale. Fargekopi av passet m\u00e5 vedlegges note verbale.<\/li>\n<li>For tjenestegj\u00f8ring m\u00e5 s\u00f8ker oppgi fullt navn, stilling\/tittel, antatt ankomstdato, lengde p\u00e5 tjenestegj\u00f8ringen, samt fullt navn og stilling\/tittel\/funksjon p\u00e5 forgjenger i noten.<\/li>\n<\/ul>\n<p>Spesielle retningslinjer for VIP-bes\u00f8k. Kontakt Australias ambassade i Berlin.<\/p>\n<p><a href=\"http:\/\/www.germany.embassy.gov.au\/beln\/Visas_and_Migration.html\" target=\"_new\">Ambassadens egne retningslinjer for s\u00f8knad om visum<\/a>. (Australias ambassade i Berlin)<\/p>\t<\/div>\n\t<div class=\"column text-wrap\">\n\t\t<section class=\"widget_text widget custom_html-7 widget_custom_html\"><div class=\"textwidget custom-html-widget\"><a class=\"button\" href=\"https:\/\/ventus.enalog.se\/Booking\/Booking\/Index\/Utenriksdep\" target=\"_blank\" rel=\"noopener\">Bestill timeavtale<\/a><\/div><\/section><section class=\"widget_text widget custom_html-4 widget_custom_html\"><h3>Merknader<\/h3><div class=\"textwidget custom-html-widget\"><div class=\"highlight\">\r\n<ul>\r\n<li>\r\n<strong>Tjenestereise:<\/strong> Send e-post p\u00e5 engelsk til <a href=\"mailto:visum@mfa.no\">visum@mfa.no<\/a> med detaljert beskrivelse av form\u00e5let med reisen og tidspunkt for inn- og utreise. <font color=\"#FF0000\">Manglende informasjon f\u00f8rer til lengre saksbehandlingstid, og i verste fall blir s\u00f8knaden avsl\u00e5tt.<\/font><\/li>\r\n\t<br>\r\n<li>\r\n<strong>For tjenestegj\u00f8ring: <\/strong> Send e-post med stilling\/tittel, antatt ankomstdato, lengde p\u00e5 tjenestegj\u00f8ringen, samt fullt navn og stilling\/tittel p\u00e5 forgjenger til <a href=\"mailto:visum@mfa.no\">visum@mfa.no<\/a> <font color=\"#FF0000\"> Husk \u00e5 ta med papirkopi av vedlegg til arbeidsavtale ved forflytning.<\/font><\/li>\r\n\t<br>\r\n<li>\r\nPasset m\u00e5 v\u00e6re gyldig i minst 6 m\u00e5neder p\u00e5 hjemreisedato, og passfoto til visums\u00f8knad skal ikke v\u00e6re eldre enn 6 m\u00e5neder. <font color=\"#FF0000\">Passet skal leveres sammen med s\u00f8knaden.<\/font><\/li>\r\n<br>\r\n<li>\r\nTo ganger fargekopi av bildesiden i passet m\u00e5 leveres sammen med s\u00f8knaden. <\/li>\r\n\r\n\r\n\r\n<\/ul>\r\n<\/div><\/div><\/section><section class=\"widget_text widget custom_html-5 widget_custom_html\"><h3>Kontakt<\/h3><div class=\"textwidget custom-html-widget\">Maya Hagen<br \/><br \/>\r\n\r\nvisum@mfa.no<br \/>\r\n+47 23 95 04 37<br \/>\r\nKronprinsens gate 10 (<a href=\"https:\/\/goo.gl\/maps\/X1jyMxFasizCat6F7\">Google Maps<\/a>)\r\n<br \/><br \/>\r\n<strong>Ekspedisjonstider<\/strong>\r\nEKSPEDISJONSTIDER FOR VISUM FREMG\u00c5R I BESTILLINGSPORTALEN. \r\nDet er ikke lengre mulig med drop-in, det m\u00e5 forh\u00e5ndsbestilles avtale. \r\n<br \/><br \/>\r\nSamleoversikt for informasjon til Det diplomatiske korps i Norge<br \/>\r\n<a href=\"https:\/\/www.regjeringen.no\/en\/dep\/ud\/about_mfa\/diplomatic_relations\/id447053\/\">Diplomatic relations<\/a> (regjeringen.no). \r\nOversikt over kontaktinformasjon til alle ambassader i Oslo ligger p\u00e5 samme siden<br \/><br \/>\r\n\r\n<\/div><\/section><section class=\"widget_text widget custom_html-3 widget_custom_html\"><h3>Se ogs\u00e5<\/h3><div class=\"textwidget custom-html-widget\"><a class=\"button\" href=\"https:\/\/teststeder.regjeringen.no\/visum\/retningslinjer\/\">Retningslinjer<\/a>  <a class=\"button\" href=\"https:\/\/teststeder.regjeringen.no\/visum\/sjekkliste\/\">Sjekkliste<\/a> <a class=\"button\" href=\"https:\/\/teststeder.regjeringen.no\/visum\/land\/\">Land<\/a> <a class=\"button\" href=\"https:\/\/ventus.enalog.se\/Booking\/Booking\/Index\/Utenriksdep\">Bestill timeavtale<\/a><\/div><\/section>\t<\/div>\n<\/div>\n<\/div><\/div>\n<div class=\"module module-was-this-helpful\">\n\t<div class=\"text-wrap\">\n\t\t<h2>Var dette nyttig?<\/h2>\n\t\t<form id=\"dekode-wth-form\">\n\t\t\t<button id=\"dekode-wth-yes\" class=\"button\" name=\"dekode-wth-feedback\" type=\"submit\"\n\t\t\t\t\tvalue=\"1\">Ja<\/button>\n\t\t\t<button id=\"dekode-wth-no\" class=\"button\" name=\"dekode-wth-feedback\" type=\"submit\"\n\t\t\t\t\tvalue=\"0\">Nei<\/button>\n\t\t\t<input type=\"hidden\" name=\"post_id\" value=\"253\"\/>\n\t\t<\/form>\n\t<\/div>\n<\/div>\n","protected":false},"excerpt":{"rendered":"<p>S\u00f8knadsportal (elektronisk) &#8211; for tjenestereise Ambassaden nettside Representasjon: K\u00f8benhavn Visumkrav: Ja (elektronisk s\u00f8knad for tjenestereise, note for tjenestegj\u00f8ring).\u00a0 Det er &#8230;<\/p>\n","protected":false},"author":533,"featured_media":0,"parent":99,"menu_order":0,"comment_status":"closed","ping_status":"closed","template":"","meta":{"_acf_changed":false,"footnotes":""},"class_list":["post-253","page","type-page","status-publish","hentry"],"language":"nb-NO","acf":[],"_links":{"self":[{"href":"https:\/\/teststeder.regjeringen.no\/visum\/wp-json\/wp\/v2\/pages\/253","targetHints":{"allow":["GET"]}}],"collection":[{"href":"https:\/\/teststeder.regjeringen.no\/visum\/wp-json\/wp\/v2\/pages"}],"about":[{"href":"https:\/\/teststeder.regjeringen.no\/visum\/wp-json\/wp\/v2\/types\/page"}],"author":[{"embeddable":true,"href":"https:\/\/teststeder.regjeringen.no\/visum\/wp-json\/wp\/v2\/users\/533"}],"replies":[{"embeddable":true,"href":"https:\/\/teststeder.regjeringen.no\/visum\/wp-json\/wp\/v2\/comments?post=253"}],"version-history":[{"count":3,"href":"https:\/\/teststeder.regjeringen.no\/visum\/wp-json\/wp\/v2\/pages\/253\/revisions"}],"predecessor-version":[{"id":2894,"href":"https:\/\/teststeder.regjeringen.no\/visum\/wp-json\/wp\/v2\/pages\/253\/revisions\/2894"}],"up":[{"embeddable":true,"href":"https:\/\/teststeder.regjeringen.no\/visum\/wp-json\/wp\/v2\/pages\/99"}],"wp:attachment":[{"href":"https:\/\/teststeder.regjeringen.no\/visum\/wp-json\/wp\/v2\/media?parent=253"}],"curies":[{"name":"wp","href":"https:\/\/api.w.org\/{rel}","templated":true}]}}