{"id":3,"date":"2018-05-31T08:40:46","date_gmt":"2018-05-31T06:40:46","guid":{"rendered":"https:\/\/nettsteder.regjeringen.no\/visum\/?page_id=2"},"modified":"2024-04-25T13:46:12","modified_gmt":"2024-04-25T11:46:12","slug":"forside","status":"publish","type":"page","link":"https:\/\/teststeder.regjeringen.no\/visum\/","title":{"rendered":"Ut p\u00e5 reise og trenger visum?"},"content":{"rendered":"<div id=\"module-0\" class=\"hogan-module hogan-module-simple_posts hogan-module-0\"><div class=\"hogan-module-inner container\">\t<ul class=\"list-items card-type-large\">\n\t\t\t\t\t<li class=\"list-item\">\n\t\t\t\t<a href=\"https:\/\/teststeder.regjeringen.no\/visum\/sjekkliste\/\">\n\t\t\t\t\t\t\t\t\t\t\t<div class=\"column\">\n\t\t\t\t\t\t\t<div class=\"featured-image\">\n\t\t\t\t\t\t\t\t<img loading=\"lazy\" decoding=\"async\" width=\"432\" height=\"288\" src=\"https:\/\/files.teststeder.regjeringen.no\/wpuploads01\/blogs.dir\/313\/files\/2019\/01\/sjekkliste-1000x600px-432x288.jpg\" class=\"attachment-medium-3-2 size-medium-3-2 wp-post-image\" alt=\"\" \/>\t\t\t\t\t\t\t<\/div>\n\t\t\t\t\t\t<\/div>\n\t\t\t\t\t\t\t\t\t\t<div class=\"column\">\n\t\t\t\t\t\t<h2 class=\"entry-title\">Sjekkliste visum<\/h2>\t\t\t\t\t\t<div class=\"entry-summary\"><p>Var dette nyttig? Ja Nei<\/p><\/div>\t\t\t\t\t\t\t\t\t\t\t<\/div>\n\t\t\t\t<\/a>\n\t\t\t<\/li>\n\t\t\t\t\t<li class=\"list-item\">\n\t\t\t\t<a href=\"https:\/\/teststeder.regjeringen.no\/visum\/instruksjonsvideo\/\">\n\t\t\t\t\t\t\t\t\t\t\t<div class=\"column\">\n\t\t\t\t\t\t\t<div class=\"featured-image\">\n\t\t\t\t\t\t\t\t<img loading=\"lazy\" decoding=\"async\" width=\"432\" height=\"288\" src=\"https:\/\/files.teststeder.regjeringen.no\/wpuploads01\/blogs.dir\/313\/files\/2018\/05\/video-tutorial-icon-432x288.jpg\" class=\"attachment-medium-3-2 size-medium-3-2 wp-post-image\" alt=\"\" \/>\t\t\t\t\t\t\t<\/div>\n\t\t\t\t\t\t<\/div>\n\t\t\t\t\t\t\t\t\t\t<div class=\"column\">\n\t\t\t\t\t\t<h2 class=\"entry-title\">Instruksjonsvideo<\/h2>\t\t\t\t\t\t<div class=\"entry-summary\"><p>Diplomatseksjonen har laget en instruksjonsvideo som gir svar hvordan du g\u00e5r frem for selv \u00e5 s\u00f8ke om visum til det ...<\/p><\/div>\t\t\t\t\t\t\t\t\t\t\t<\/div>\n\t\t\t\t<\/a>\n\t\t\t<\/li>\n\t\t\t<\/ul>\n<\/div><\/div><div id=\"module-1\" class=\"hogan-module hogan-module-dss_sidebar hogan-module-1\"><div class=\"hogan-module-inner\"><div class=\"columns sidebar-columns\">\n\t<div class=\"column text-wrap\">\n\t\t<h3>Hvordan s\u00f8ker jeg om visum?<\/h3>\n<p>Under menypunkt\u00a0<a href=\"https:\/\/teststeder.regjeringen.no\/visum\/land\/\">Land<\/a>\u00a0finner du s\u00f8knadsprosedyrer for alle land, lenker til s\u00f8knadsskjema\/-portal og landets ambassade. Benytt\u00a0<a href=\"https:\/\/teststeder.regjeringen.no\/visum\/sjekkliste\/\">Sjekklisten<\/a> s\u00e5 unng\u00e5r du \u00e5 levere s\u00f8knaden 2 ganger pga. manglende vedlegg. Les ogs\u00e5 hva som st\u00e5r under &laquo;Merkander.<\/p>\n<p>S\u00f8ker er selv ansvarlig for at s\u00f8knadskravene er oppfylt og at alle n\u00f8dvendige vedlegg f\u00f8lger s\u00f8knaden. Ufullstendige s\u00f8knader kan ikke leveres ambassade, og vil bli returnert s\u00f8ker for korrigering. Dette vil forsinke prosessen og kan f\u00f8re til at visum ikke blir utstedt innen planlagt avreise.<\/p>\n<p>N\u00e5r flere skal p\u00e5 samme reise, bes det om at \u00e9n person leverer alle s\u00f8knadene samlet til Diplomatseksjonen. Gjelder ogs\u00e5 i tilfeller der ikke alle reiser p\u00e5 samme dag.<\/p>\n<p>Diplomatseksjonen bist\u00e5r ikke med innhenting av visum til ferie- eller private reiser.<\/p>\n<h3>Hvem bist\u00e5r Utenriksdepartementet med \u00e5 s\u00f8ke om visum?<\/h3>\n<p>Utenriksdepartementet ved Diplomatseksjonen bist\u00e5r med innhenting av visum til medlemmer av offisielle delegasjoner fra Utenriksdepartementet, Statsministerens kontor, Stortinget og Det kongelige slott, som har offisielt pass. Reisende fra andre etater og departementer, m\u00e5 selv innhente visum med bistand fra egen arbeidsgiver.<\/p>\n<p>Se mer informasjon under \u00ab<a href=\"https:\/\/teststeder.regjeringen.no\/visum\/retningslinjer\/\">Retningslinjer<\/a>\u00bb<\/p>\n<h3>Hvor leveres visums\u00f8knader?<\/h3>\n<p>Ferdig utfylt og signert <strong>s\u00f8knadsskjema, n\u00f8dvendige vedlegg, 2 kopier av pass og passet<\/strong> leveres i Midtkvartalet i Utenriksdepartementet, Kronprinsens gate 10.<\/p>\n<h3>Diplomatseksjonen er ikke ansvarlig for innhold p\u00e5 eksterne lenker<\/h3>\n<p>Vi kan ikke garantere at all land-informasjon stemmer 100% til enhver tid, vi er avhengige av tilbakemeldinger fra v\u00e5re utenriksstasjoner og fra de reisende for \u00e5 kunne oppdatere informasjonen. Dersom du finner feil eller mangler p\u00e5 v\u00e5re sider send gjerne en tilbakemelding til\u00a0<a href=\"mailto:visum@mfa.no\">visum@mfa.no<\/a>, og vi oppdaterer v\u00e5re sider.<\/p>\t<\/div>\n\t<div class=\"column text-wrap\">\n\t\t<section class=\"widget_text widget custom_html-7 widget_custom_html\"><div class=\"textwidget custom-html-widget\"><a class=\"button\" href=\"https:\/\/ventus.enalog.se\/Booking\/Booking\/Index\/Utenriksdep\" target=\"_blank\" rel=\"noopener\">Bestill timeavtale<\/a><\/div><\/section><section class=\"widget_text widget custom_html-4 widget_custom_html\"><h3>Merknader<\/h3><div class=\"textwidget custom-html-widget\"><div class=\"highlight\">\r\n<ul>\r\n<li>\r\n<strong>Tjenestereise:<\/strong> Send e-post p\u00e5 engelsk til <a href=\"mailto:visum@mfa.no\">visum@mfa.no<\/a> med detaljert beskrivelse av form\u00e5let med reisen og tidspunkt for inn- og utreise. <font color=\"#FF0000\">Manglende informasjon f\u00f8rer til lengre saksbehandlingstid, og i verste fall blir s\u00f8knaden avsl\u00e5tt.<\/font><\/li>\r\n\t<br>\r\n<li>\r\n<strong>For tjenestegj\u00f8ring: <\/strong> Send e-post med stilling\/tittel, antatt ankomstdato, lengde p\u00e5 tjenestegj\u00f8ringen, samt fullt navn og stilling\/tittel p\u00e5 forgjenger til <a href=\"mailto:visum@mfa.no\">visum@mfa.no<\/a> <font color=\"#FF0000\"> Husk \u00e5 ta med papirkopi av vedlegg til arbeidsavtale ved forflytning.<\/font><\/li>\r\n\t<br>\r\n<li>\r\nPasset m\u00e5 v\u00e6re gyldig i minst 6 m\u00e5neder p\u00e5 hjemreisedato, og passfoto til visums\u00f8knad skal ikke v\u00e6re eldre enn 6 m\u00e5neder. <font color=\"#FF0000\">Passet skal leveres sammen med s\u00f8knaden.<\/font><\/li>\r\n<br>\r\n<li>\r\nTo ganger fargekopi av bildesiden i passet m\u00e5 leveres sammen med s\u00f8knaden. <\/li>\r\n\r\n\r\n\r\n<\/ul>\r\n<\/div><\/div><\/section><section class=\"widget_text widget custom_html-5 widget_custom_html\"><h3>Kontakt<\/h3><div class=\"textwidget custom-html-widget\">Maya Hagen<br \/><br \/>\r\n\r\nvisum@mfa.no<br \/>\r\n+47 23 95 04 37<br \/>\r\nKronprinsens gate 10 (<a href=\"https:\/\/goo.gl\/maps\/X1jyMxFasizCat6F7\">Google Maps<\/a>)\r\n<br \/><br \/>\r\n<strong>Ekspedisjonstider<\/strong>\r\nEKSPEDISJONSTIDER FOR VISUM FREMG\u00c5R I BESTILLINGSPORTALEN. \r\nDet er ikke lengre mulig med drop-in, det m\u00e5 forh\u00e5ndsbestilles avtale. \r\n<br \/><br \/>\r\nSamleoversikt for informasjon til Det diplomatiske korps i Norge<br \/>\r\n<a href=\"https:\/\/www.regjeringen.no\/en\/dep\/ud\/about_mfa\/diplomatic_relations\/id447053\/\">Diplomatic relations<\/a> (regjeringen.no). \r\nOversikt over kontaktinformasjon til alle ambassader i Oslo ligger p\u00e5 samme siden<br \/><br \/>\r\n\r\n<\/div><\/section><section class=\"widget_text widget custom_html-3 widget_custom_html\"><h3>Se ogs\u00e5<\/h3><div class=\"textwidget custom-html-widget\"><a class=\"button\" href=\"https:\/\/teststeder.regjeringen.no\/visum\/retningslinjer\/\">Retningslinjer<\/a>  <a class=\"button\" href=\"https:\/\/teststeder.regjeringen.no\/visum\/sjekkliste\/\">Sjekkliste<\/a> <a class=\"button\" href=\"https:\/\/teststeder.regjeringen.no\/visum\/land\/\">Land<\/a> <a class=\"button\" href=\"https:\/\/ventus.enalog.se\/Booking\/Booking\/Index\/Utenriksdep\">Bestill timeavtale<\/a><\/div><\/section>\t<\/div>\n<\/div>\n<\/div><\/div>\n<div class=\"module module-was-this-helpful\">\n\t<div class=\"text-wrap\">\n\t\t<h2>Var dette nyttig?<\/h2>\n\t\t<form id=\"dekode-wth-form\">\n\t\t\t<button id=\"dekode-wth-yes\" class=\"button\" name=\"dekode-wth-feedback\" type=\"submit\"\n\t\t\t\t\tvalue=\"1\">Ja<\/button>\n\t\t\t<button id=\"dekode-wth-no\" class=\"button\" name=\"dekode-wth-feedback\" type=\"submit\"\n\t\t\t\t\tvalue=\"0\">Nei<\/button>\n\t\t\t<input type=\"hidden\" name=\"post_id\" value=\"13\"\/>\n\t\t<\/form>\n\t<\/div>\n<\/div>\n","protected":false},"excerpt":{"rendered":"<p>Informasjonen p\u00e5 denne siden gjelder kun ansatte p\u00e5 tjenestereise for Utenriksdepartementet, Statsministerens kontor, Stortinget og det Kongelige slott, som reiser &#8230;<\/p>\n","protected":false},"author":306,"featured_media":0,"parent":0,"menu_order":0,"comment_status":"closed","ping_status":"closed","template":"","meta":{"_acf_changed":false,"footnotes":""},"class_list":["post-3","page","type-page","status-publish","hentry"],"language":"nb-NO","acf":[],"_links":{"self":[{"href":"https:\/\/teststeder.regjeringen.no\/visum\/wp-json\/wp\/v2\/pages\/3","targetHints":{"allow":["GET"]}}],"collection":[{"href":"https:\/\/teststeder.regjeringen.no\/visum\/wp-json\/wp\/v2\/pages"}],"about":[{"href":"https:\/\/teststeder.regjeringen.no\/visum\/wp-json\/wp\/v2\/types\/page"}],"author":[{"embeddable":true,"href":"https:\/\/teststeder.regjeringen.no\/visum\/wp-json\/wp\/v2\/users\/306"}],"replies":[{"embeddable":true,"href":"https:\/\/teststeder.regjeringen.no\/visum\/wp-json\/wp\/v2\/comments?post=3"}],"version-history":[{"count":5,"href":"https:\/\/teststeder.regjeringen.no\/visum\/wp-json\/wp\/v2\/pages\/3\/revisions"}],"predecessor-version":[{"id":2996,"href":"https:\/\/teststeder.regjeringen.no\/visum\/wp-json\/wp\/v2\/pages\/3\/revisions\/2996"}],"wp:attachment":[{"href":"https:\/\/teststeder.regjeringen.no\/visum\/wp-json\/wp\/v2\/media?parent=3"}],"curies":[{"name":"wp","href":"https:\/\/api.w.org\/{rel}","templated":true}]}}