{"id":329,"date":"2018-07-16T10:55:18","date_gmt":"2018-07-16T08:55:18","guid":{"rendered":"https:\/\/nettsteder.regjeringen.no\/visum\/?page_id=329"},"modified":"2023-09-25T12:03:20","modified_gmt":"2023-09-25T10:03:20","slug":"canada","status":"publish","type":"page","link":"https:\/\/teststeder.regjeringen.no\/visum\/land\/canada\/","title":{"rendered":"Canada"},"content":{"rendered":"<div id=\"module-0\" class=\"hogan-module hogan-module-text hogan-module-0 text-wrap\"><div class=\"hogan-module-inner clearfix\"><p><a class=\"button\" href=\"https:\/\/onlineservices-servicesenligne.cic.gc.ca\/eta\/\" target=\"_blank\" rel=\"noopener\">S\u00f8knadsskjema (eTA) (tjenestereise)<\/a> <a class=\"button\" href=\"http:\/\/www.canadainternational.gc.ca\/norway-norvege\/visa.aspx?lang=eng&amp;menu_id=1\">Ambassadens nettside<\/a> <a class=\"button\" href=\"https:\/\/www.youtube.com\/watch?v=JdJxvdBoWX0\" target=\"_blank\" rel=\"noopener\">Hvordan opprette GCKey (video)<\/a> <a class=\"button\" href=\"http:\/\/www.cic.gc.ca\/english\/information\/applications\/visa.asp\" target=\"_blank\" rel=\"noopener\">S\u00f8knadsportal (elektronisk) kun for de som skal tjenestegj\u00f8re<\/a> <a class=\"button\" href=\"https:\/\/files.teststeder.regjeringen.no\/wpuploads01\/sites\/313\/2023\/08\/TRV.docx\" target=\"_blank\" rel=\"noopener\">Brukerveiledning TRV<\/a><\/p><\/div><\/div><div id=\"module-1\" class=\"hogan-module hogan-module-dss_sidebar hogan-module-1\"><div class=\"hogan-module-inner\"><div class=\"columns sidebar-columns\">\n\t<div class=\"column text-wrap\">\n\t\t<p>Representasjon: Oslo<\/p>\n<p>Visumkrav: Nei (kun ved tjenestegj\u00f8ring), <strong>men den som skal p\u00e5 reise til Canada m\u00e5 registrere seg p\u00e5 den elektroniske l\u00f8sningen &laquo;Electronic Travel Authorization&raquo; (eTA), uansett type pass og form\u00e5l med bes\u00f8ket. Se lenke over &laquo;<em>S\u00f8knadsskjema (eTA) (tjenestereise)&raquo;<\/em><\/strong><\/p>\n<p>Visum ved ankomst: N\/A<\/p>\n<h4>Den som skal tjenestegj\u00f8re ved Norges ambassade i Ottawa m\u00e5 s\u00f8ke om innreisevisum i godt tid f\u00f8r planlagt tiltredelsesdato.<\/h4>\n<h4><\/h4>\n<p>&nbsp;<\/p>\n<p>Det f\u00f8rste som m\u00e5 gj\u00f8res er \u00e5 opprette en GCKey hos kanadiske myndigheter, som tilsvarer v\u00e5r norske MinID eller BankID. Den kan brukes p\u00e5 mange offentlige, kanadiske nettjenester og det vil sikkert bli behov for denne flere ganger i l\u00f8pet av tjenesten i Canada. Husk \u00e5 ta vare p\u00e5 brukernavn og passord til senere. Klikk lenke til Youtube video f\u00e5r \u00e5 se hvordan man oppretter GCKey.<\/p>\n<p>N\u00e5r du har f\u00e5tt opprettet GCKey kan du starte med selve online s\u00f8knaden for deg og eventuelle familiemedlemmer. Husk \u00e9n s\u00f8knad for hvert familiemedlem.<\/p>\n<ul>\n<li>I &laquo;brukerveieldning TRV&raquo; (se \u00f8verst p\u00e5 siden) finner du link til skjemaene som skal fylles ut.<\/li>\n<li>Diplomatisk note f\u00e5s fra visumkontoret <em><strong>f\u00f8r<\/strong> <\/em>man starter s\u00f8knadsprosessen. <strong>Diplomatseksjonen kan ikke bist\u00e5 med utfylling av s\u00f8knaden<\/strong><\/li>\n<\/ul>\n<p>PS. Canada har innf\u00f8rt opptak av biometri (foto og fingeravtrykk) i forbindelse med visums\u00f8knader. Dette gjelder <strong><em>ikke<\/em> <\/strong>for p\u00e5troppende diplomater med familie som skal jobbe i Canada.<\/p>\n<h2>Bilder<\/h2>\n<p><span style=\"font-family: Arial\">\u2022 Passfoto i farger lastes opp i den elektroniske s\u00f8knaden.<\/span><\/p>\n<p>Du kan sjekke behandlingstiden <a href=\"https:\/\/www.canada.ca\/en\/immigration-refugees-citizenship\/services\/application\/check-processing-times.html#europe\">her<\/a><\/p>\n<p>&nbsp;<\/p>\t<\/div>\n\t<div class=\"column text-wrap\">\n\t\t<section class=\"widget_text widget custom_html-7 widget_custom_html\"><div class=\"textwidget custom-html-widget\"><a class=\"button\" href=\"https:\/\/ventus.enalog.se\/Booking\/Booking\/Index\/Utenriksdep\" target=\"_blank\" rel=\"noopener\">Bestill timeavtale<\/a><\/div><\/section><section class=\"widget_text widget custom_html-4 widget_custom_html\"><h3>Merknader<\/h3><div class=\"textwidget custom-html-widget\"><div class=\"highlight\">\r\n<ul>\r\n<li>\r\n<strong>Tjenestereise:<\/strong> Send e-post p\u00e5 engelsk til <a href=\"mailto:visum@mfa.no\">visum@mfa.no<\/a> med detaljert beskrivelse av form\u00e5let med reisen og tidspunkt for inn- og utreise. <font color=\"#FF0000\">Manglende informasjon f\u00f8rer til lengre saksbehandlingstid, og i verste fall blir s\u00f8knaden avsl\u00e5tt.<\/font><\/li>\r\n\t<br>\r\n<li>\r\n<strong>For tjenestegj\u00f8ring: <\/strong> Send e-post med stilling\/tittel, antatt ankomstdato, lengde p\u00e5 tjenestegj\u00f8ringen, samt fullt navn og stilling\/tittel p\u00e5 forgjenger til <a href=\"mailto:visum@mfa.no\">visum@mfa.no<\/a> <font color=\"#FF0000\"> Husk \u00e5 ta med papirkopi av vedlegg til arbeidsavtale ved forflytning.<\/font><\/li>\r\n\t<br>\r\n<li>\r\nPasset m\u00e5 v\u00e6re gyldig i minst 6 m\u00e5neder p\u00e5 hjemreisedato, og passfoto til visums\u00f8knad skal ikke v\u00e6re eldre enn 6 m\u00e5neder. <font color=\"#FF0000\">Passet skal leveres sammen med s\u00f8knaden.<\/font><\/li>\r\n<br>\r\n<li>\r\nTo ganger fargekopi av bildesiden i passet m\u00e5 leveres sammen med s\u00f8knaden. <\/li>\r\n\r\n\r\n\r\n<\/ul>\r\n<\/div><\/div><\/section><section class=\"widget_text widget custom_html-5 widget_custom_html\"><h3>Kontakt<\/h3><div class=\"textwidget custom-html-widget\">Maya Hagen<br \/><br \/>\r\n\r\nvisum@mfa.no<br \/>\r\n+47 23 95 04 37<br \/>\r\nKronprinsens gate 10 (<a href=\"https:\/\/goo.gl\/maps\/X1jyMxFasizCat6F7\">Google Maps<\/a>)\r\n<br \/><br \/>\r\n<strong>Ekspedisjonstider<\/strong>\r\nEKSPEDISJONSTIDER FOR VISUM FREMG\u00c5R I BESTILLINGSPORTALEN. \r\nDet er ikke lengre mulig med drop-in, det m\u00e5 forh\u00e5ndsbestilles avtale. \r\n<br \/><br \/>\r\nSamleoversikt for informasjon til Det diplomatiske korps i Norge<br \/>\r\n<a href=\"https:\/\/www.regjeringen.no\/en\/dep\/ud\/about_mfa\/diplomatic_relations\/id447053\/\">Diplomatic relations<\/a> (regjeringen.no). \r\nOversikt over kontaktinformasjon til alle ambassader i Oslo ligger p\u00e5 samme siden<br \/><br \/>\r\n\r\n<\/div><\/section><section class=\"widget_text widget custom_html-3 widget_custom_html\"><h3>Se ogs\u00e5<\/h3><div class=\"textwidget custom-html-widget\"><a class=\"button\" href=\"https:\/\/teststeder.regjeringen.no\/visum\/retningslinjer\/\">Retningslinjer<\/a>  <a class=\"button\" href=\"https:\/\/teststeder.regjeringen.no\/visum\/sjekkliste\/\">Sjekkliste<\/a> <a class=\"button\" href=\"https:\/\/teststeder.regjeringen.no\/visum\/land\/\">Land<\/a> <a class=\"button\" href=\"https:\/\/ventus.enalog.se\/Booking\/Booking\/Index\/Utenriksdep\">Bestill timeavtale<\/a><\/div><\/section>\t<\/div>\n<\/div>\n<\/div><\/div>\n<div class=\"module module-was-this-helpful\">\n\t<div class=\"text-wrap\">\n\t\t<h2>Var dette nyttig?<\/h2>\n\t\t<form id=\"dekode-wth-form\">\n\t\t\t<button id=\"dekode-wth-yes\" class=\"button\" name=\"dekode-wth-feedback\" type=\"submit\"\n\t\t\t\t\tvalue=\"1\">Ja<\/button>\n\t\t\t<button id=\"dekode-wth-no\" class=\"button\" name=\"dekode-wth-feedback\" type=\"submit\"\n\t\t\t\t\tvalue=\"0\">Nei<\/button>\n\t\t\t<input type=\"hidden\" name=\"post_id\" value=\"329\"\/>\n\t\t<\/form>\n\t<\/div>\n<\/div>\n","protected":false},"excerpt":{"rendered":"<p>S\u00f8knadsskjema (eTA) (tjenestereise) Ambassadens nettside Hvordan opprette GCKey (video) S\u00f8knadsportal (elektronisk) kun for de som skal tjenestegj\u00f8re Brukerveiledning TRV Representasjon: &#8230;<\/p>\n","protected":false},"author":533,"featured_media":0,"parent":99,"menu_order":0,"comment_status":"closed","ping_status":"closed","template":"","meta":{"_acf_changed":false,"footnotes":""},"class_list":["post-329","page","type-page","status-publish","hentry"],"language":"nb-NO","acf":[],"_links":{"self":[{"href":"https:\/\/teststeder.regjeringen.no\/visum\/wp-json\/wp\/v2\/pages\/329","targetHints":{"allow":["GET"]}}],"collection":[{"href":"https:\/\/teststeder.regjeringen.no\/visum\/wp-json\/wp\/v2\/pages"}],"about":[{"href":"https:\/\/teststeder.regjeringen.no\/visum\/wp-json\/wp\/v2\/types\/page"}],"author":[{"embeddable":true,"href":"https:\/\/teststeder.regjeringen.no\/visum\/wp-json\/wp\/v2\/users\/533"}],"replies":[{"embeddable":true,"href":"https:\/\/teststeder.regjeringen.no\/visum\/wp-json\/wp\/v2\/comments?post=329"}],"version-history":[{"count":3,"href":"https:\/\/teststeder.regjeringen.no\/visum\/wp-json\/wp\/v2\/pages\/329\/revisions"}],"predecessor-version":[{"id":2888,"href":"https:\/\/teststeder.regjeringen.no\/visum\/wp-json\/wp\/v2\/pages\/329\/revisions\/2888"}],"up":[{"embeddable":true,"href":"https:\/\/teststeder.regjeringen.no\/visum\/wp-json\/wp\/v2\/pages\/99"}],"wp:attachment":[{"href":"https:\/\/teststeder.regjeringen.no\/visum\/wp-json\/wp\/v2\/media?parent=329"}],"curies":[{"name":"wp","href":"https:\/\/api.w.org\/{rel}","templated":true}]}}