{"id":35,"date":"2018-05-31T09:00:16","date_gmt":"2018-05-31T07:00:16","guid":{"rendered":"https:\/\/nettsteder.regjeringen.no\/visum\/?page_id=35"},"modified":"2023-02-14T10:33:06","modified_gmt":"2023-02-14T09:33:06","slug":"retningslinjer","status":"publish","type":"page","link":"https:\/\/teststeder.regjeringen.no\/visum\/retningslinjer\/","title":{"rendered":"Retningslinjer"},"content":{"rendered":"<div id=\"module-0\" class=\"hogan-module hogan-module-dss_sidebar hogan-module-0\"><div class=\"hogan-module-inner\"><div class=\"columns sidebar-columns\">\n\t<div class=\"column text-wrap\">\n\t\t<p><a href=\"https:\/\/files.teststeder.regjeringen.no\/wpuploads01\/blogs.dir\/313\/files\/2018\/07\/retningslinjer-for-bistand-med-visum.pdf\">Utskriftsvennlig versjon av retningslinjene<\/a><\/p>\n<p>Diplomatseksjonen vil bist\u00e5 med utarbeidelse av n\u00f8dvendige noter som f\u00f8lger den enkelte visums\u00f8knad.<\/p>\n<p>Normalt blir s\u00f8knader kj\u00f8rt ut fra departementet en gang for dagen (formiddag). S\u00f8kere m\u00e5 <em>selv<\/em> levere og hente pass p\u00e5 ambassadene i Oslo hvis det haster, og man ikke kan vente p\u00e5 regul\u00e6r utkj\u00f8ring. V\u00e6r derfor ute i god tid n\u00e5r du skal s\u00f8ke visum.<\/p>\n<h2>F\u00f8lgende retningslinjer gjelder:<\/h2>\n<ol>\n<li>Utenriksdepartementet ved Diplomatseksjonen bist\u00e5r med innhenting av visum til <u>tjenestereiser<\/u> for ansatte med offisielt pass (diplomatpass, spesialpass og tjenestepass) i Utenriksdepartementet, Statsministerens kontor, Stortinget og Det kongelige slott.<\/li>\n<li>Diplomatseksjonen bist\u00e5r med innhenting av visum til personell med offisielt pass som skal tjenestegj\u00f8re og tilmeldes ved norsk utenriksstasjon i utlandet, samt medf\u00f8lgende familie.<\/li>\n<li>Diplomatseksjonen bist\u00e5r med innhenting av visum til alle <u>medlemmer av offisielle delegasjoner<\/u> fra Utenriksdepartementet, Statsministerens kontor, Stortinget og Det kongelige slott med offisielt pass, med f\u00f8lgende begrensinger:\n<ol style=\"list-style-type: lower-alpha\">\n<li>Delegasjonsmedlemmer med <u>politipass<\/u> m\u00e5 selv bes\u00f8rge innhenting av visum.<\/li>\n<li><u>Journalister<\/u> og andre som reiser i tilknytning til offisielle delegasjonsreiser uten selv \u00e5 v\u00e6re en del av delegasjonen m\u00e5 selv bes\u00f8rge innhenting av visum.<\/li>\n<li><u>Fagseksjoner i UD<\/u> med ansvar for delegasjonsreiser skal koordinere og motta visums\u00f8knader fra delegasjonsmedlemmene, og levere disse samlet til Diplomat-seksjonen sammen med f\u00f8lgende info: avreisetidspunkt, bestemmelsessted, lengde p\u00e5 opphold samt informasjon om form\u00e5let med reisen.<\/li>\n<\/ol>\n<\/li>\n<li>Ansatte i og delegasjoner fra <u>andre departementer<\/u>, herunder offentlige etater, m\u00e5 selv bes\u00f8rge innhenting av visum.<\/li>\n<li>Diplomatseksjonen innhenter ikke visum til bruk ved <u>feriereiser<\/u>.<\/li>\n<li><u>Praktikanter<\/u> forutsettes \u00e5 skaffe visum og opphold p\u00e5 egen h\u00e5nd. Evt. bistand gis av den utenriksstasjon praktikanten skal virke ved.<\/li>\n<li><u>Lokalt ansatte:<\/u> F\u00f8r ansettelse av personer med annet statsborgerskap enn tjenestelandets, m\u00e5 utenriksstasjonen unders\u00f8ke om vedkommende har gyldig oppholds- og arbeidstillatelse i tjenestelandet. Dersom vedkommende ikke har slik tillatelse, kan stasjonen bist\u00e5 s\u00f8keren med n\u00f8dvendig dokumentasjon som kan f\u00e5 tillatelsen brakt i orden, jfr. kap. 2, pkt \u00abArbeids- og oppholdstillatelse\u00bb i \u00abH\u00e5ndbok om lokalt ansattes l\u00f8nns og arbeidsvilk\u00e5r\u00bb<\/li>\n<li>Dersom en fagseksjon \u00f8nsker \u00e5 bist\u00e5 andre reisende eller ved reiser i annet \u00f8yemed enn det som fremg\u00e5r i pkt 1.- 3. ovenfor, kan seksjonen selv bes\u00f8rge dette gjennom direkte kontakt med den gjeldende ambassade og\/eller i notes form.<\/li>\n<\/ol>\n<p>Reisende m\u00e5 selv p\u00e5regne \u00e5 ordne med visum dersom reisen skal foretas mindre enn 7 virkedager fra s\u00f8knadstidspunktet (10 virkedager dersom visum m\u00e5 innhentes fra ambassader som ikke er i Oslo)<\/p>\n<p>Maya Hagen (MK3110) bist\u00e5r med innhenting av visum.<\/p>\n<p>Vi ber deg lese disse artiklene: &laquo;<a href=\"https:\/\/teststeder.regjeringen.no\/visum\/hvem-er-visumsoker\/\">Hvem er visums\u00f8ker?<\/a>&raquo; og &laquo;<a href=\"https:\/\/teststeder.regjeringen.no\/visum\/sjekkliste\/\">Sjekkliste<\/a>&raquo; F\u00d8R du g\u00e5r i gang med \u00e5 s\u00f8ke.<\/p>\n<p>Beskrivelser av visumprosedyrer for hvert enkelt land finnes under &laquo;<a href=\"https:\/\/teststeder.regjeringen.no\/visum\/land\/\">Landoversikt<\/a>&laquo;.<\/p>\t<\/div>\n\t<div class=\"column text-wrap\">\n\t\t<section class=\"widget text-2 widget_text\"><h3>Kontakt<\/h3>\t\t\t<div class=\"textwidget\"><p><a class=\"button\" href=\"https:\/\/ventus.enalog.se\/Booking\/Booking\/Index\/Utenriksdep\" target=\"_blank\" rel=\"noopener\">Bestill timeavtale<\/a><\/p>\n<p>Maya Hagen<\/p>\n<p><a href=\"mailto:visum@mfa.no\">visum@mfa.no<\/a><br \/>\n+47 23 95 04 37<br \/>\nKronprinsens gate 10 (<a href=\"https:\/\/www.google.com\/maps\/dir\/59.9139418,10.7284554\/Legalisering+-+Seksjon+for+konsul%C3%A6re+saker,+Kronprinsens+gate,+Oslo\/@59.9138054,10.7279272,261a,35y,270h\/data=!3m1!1e3!4m9!4m8!1m0!1m5!1m1!1s0x46416e7fd7691d85:0x75e34f8fa951ed19!2m2!1d10.72745!2d59.9141851!3e2\" target=\"_blank\" rel=\"noopener\">Google Maps<\/a>)<\/p>\n<p><strong>Ekspedisjonstider<\/strong><br \/>\nEKSPEDISJONSTIDER FOR VISUM G\u00c5R FREM AV AVTALEBESTILLING.<\/p>\n<p>Det er ikke lengre mulig med drop-in. Det skal forh\u00e5ndsbestilles avtale.<\/p>\n<p><strong>Samleoversikt for informasjon til Det diplomatiske korps i Norge<\/strong><br \/>\n<a href=\"https:\/\/www.regjeringen.no\/en\/dep\/ud\/about_mfa\/diplomatic_relations\/id447053\/\">Diplomatic relations<\/a> (regjeringen.no)<\/p>\n<p><strong>Oversikt over kontaktinformasjon til alle ambassader i Oslo ligger p\u00e5 samme siden<\/strong><\/p>\n<p>&nbsp;<\/p>\n<\/div>\n\t\t<\/section>\t<\/div>\n<\/div>\n<\/div><\/div>\n<div class=\"module module-was-this-helpful\">\n\t<div class=\"text-wrap\">\n\t\t<h2>Var dette nyttig?<\/h2>\n\t\t<form id=\"dekode-wth-form\">\n\t\t\t<button id=\"dekode-wth-yes\" class=\"button\" name=\"dekode-wth-feedback\" type=\"submit\"\n\t\t\t\t\tvalue=\"1\">Ja<\/button>\n\t\t\t<button id=\"dekode-wth-no\" class=\"button\" name=\"dekode-wth-feedback\" type=\"submit\"\n\t\t\t\t\tvalue=\"0\">Nei<\/button>\n\t\t\t<input type=\"hidden\" name=\"post_id\" value=\"35\"\/>\n\t\t<\/form>\n\t<\/div>\n<\/div>\n","protected":false},"excerpt":{"rendered":"<p>Utskriftsvennlig versjon av retningslinjene Diplomatseksjonen vil bist\u00e5 med utarbeidelse av n\u00f8dvendige noter som f\u00f8lger den enkelte visums\u00f8knad. Normalt blir s\u00f8knader &#8230;<\/p>\n","protected":false},"author":306,"featured_media":0,"parent":0,"menu_order":0,"comment_status":"closed","ping_status":"closed","template":"","meta":{"_acf_changed":false,"footnotes":""},"class_list":["post-35","page","type-page","status-publish","hentry"],"language":"nb-NO","acf":[],"_links":{"self":[{"href":"https:\/\/teststeder.regjeringen.no\/visum\/wp-json\/wp\/v2\/pages\/35","targetHints":{"allow":["GET"]}}],"collection":[{"href":"https:\/\/teststeder.regjeringen.no\/visum\/wp-json\/wp\/v2\/pages"}],"about":[{"href":"https:\/\/teststeder.regjeringen.no\/visum\/wp-json\/wp\/v2\/types\/page"}],"author":[{"embeddable":true,"href":"https:\/\/teststeder.regjeringen.no\/visum\/wp-json\/wp\/v2\/users\/306"}],"replies":[{"embeddable":true,"href":"https:\/\/teststeder.regjeringen.no\/visum\/wp-json\/wp\/v2\/comments?post=35"}],"version-history":[{"count":3,"href":"https:\/\/teststeder.regjeringen.no\/visum\/wp-json\/wp\/v2\/pages\/35\/revisions"}],"predecessor-version":[{"id":2755,"href":"https:\/\/teststeder.regjeringen.no\/visum\/wp-json\/wp\/v2\/pages\/35\/revisions\/2755"}],"wp:attachment":[{"href":"https:\/\/teststeder.regjeringen.no\/visum\/wp-json\/wp\/v2\/media?parent=35"}],"curies":[{"name":"wp","href":"https:\/\/api.w.org\/{rel}","templated":true}]}}