{"id":415,"date":"2018-07-16T11:04:36","date_gmt":"2018-07-16T09:04:36","guid":{"rendered":"https:\/\/nettsteder.regjeringen.no\/visum\/?page_id=415"},"modified":"2024-07-18T08:56:33","modified_gmt":"2024-07-18T06:56:33","slug":"folkerepublikken-kina-kina","status":"publish","type":"page","link":"https:\/\/teststeder.regjeringen.no\/visum\/land\/folkerepublikken-kina-kina\/","title":{"rendered":"Folkerepublikken Kina (Kina)"},"content":{"rendered":"<div id=\"module-0\" class=\"hogan-module hogan-module-text hogan-module-0 text-wrap\"><div class=\"hogan-module-inner clearfix\"><p><a class=\"button\" href=\"https:\/\/lovdata.no\/dokument\/TRAKTAT\/traktat\/2017-08-14-13?q=Kina\" target=\"_blank\" rel=\"noopener\">Avtale mellom Norge og Kina om unntak fra visumplikten ved korttidsopphold for innehavere av diplomatpass<\/a><\/p>\n<p><a class=\"button\" href=\"http:\/\/cova.mfa.gov.cn\/qzCoCommonController.do?show&amp;pageId=index&amp;locale=en_US\" target=\"_blank\" rel=\"noopener\">S\u00f8knadsportal (elektronisk)\u00a0<\/a> <a class=\"button\" href=\"https:\/\/files.teststeder.regjeringen.no\/wpuploads01\/blogs.dir\/313\/files\/2018\/07\/china-appendix.pdf\" target=\"_blank\" rel=\"noopener\">Ekstra skjema for tjenestegj\u00f8ring\u00a0<\/a> <a class=\"button\" href=\"https:\/\/files.teststeder.regjeringen.no\/wpuploads01\/blogs.dir\/313\/files\/2018\/12\/Confirmation-of-Online-Visa-Application-China.pdf\" target=\"_blank\" rel=\"noopener\">Eksempel p\u00e5 Confirmation Page (denne siden m\u00e5 skrives ut og leveres inn sammen med s\u00f8knad)<\/a> <a class=\"button\" href=\"http:\/\/www.chinese-embassy.no\/eng\/lsfw_9\/qz\/t1071446.htm\" target=\"_blank\" rel=\"noopener\">Ambassadens nettside<\/a><\/p><\/div><\/div><div id=\"module-1\" class=\"hogan-module hogan-module-dss_sidebar hogan-module-1\"><div class=\"hogan-module-inner\"><div class=\"columns sidebar-columns\">\n\t<div class=\"column text-wrap\">\n\t\t<p>Representasjon: Oslo<\/p>\n<p>Visumkrav:<br \/>\n<strong>Nei<\/strong>\u00a0&#8211; tjenestereise med\u00a0<strong>diplomatpass<\/strong>\u00a0inntil 90 dager (se avtale lenket til ovenfor)<br \/>\n<strong>Ja<\/strong>\u00a0&#8211; for tjenestereise med tjenestepass.<br \/>\n<strong>Ja<\/strong> &#8211; for den som skal tjenestegj\u00f8re ved utenriksstasjon (ambassade eller konsulat) og anmeldes til kinesiske myndigheter &#8211; se forklaring lengre ned p\u00e5 siden.<\/p>\n<p>Visum ved ankomst: Nei<\/p>\n<p>Visums\u00f8knad ved tjenestegj\u00f8ring p\u00e5 utenriksstasjon<\/p>\n<ul>\n<li>Skjema fylles ut online og skrives ut i 1 eksemplar.<\/li>\n<li>Skriv ned Application ID med en gang du starter s\u00f8knadsprosessen.<\/li>\n<li>Alle rubrikker i skjemaet m\u00e5 fylles ut, evt. med N\/A dersom ingenting passer.<\/li>\n<li>Type visum som det hakes av for i skjema er <em>&laquo;Member of diplomatic missions, consular posts and international organizations and their accompanying family members&raquo;. <\/em>Det skal ikke velges type &laquo;Diplomatic visa&raquo;<\/li>\n<li>V\u00e6r obs p\u00e5 at utenlandske medf\u00f8lgende m\u00e5 levere to utskrifter.<\/li>\n<li>Ved tjenestegj\u00f8ring utfylles ogs\u00e5 ekstraskjema med informasjon om funksjon og forgjenger (se lenke ovenfor).<\/li>\n<li><strong>Husk at utskriften &laquo;Confirmation of Online Visa Application&raquo; m\u00e5 ligge ved utskriften av selve s\u00f8knadsskjemaet. Begge utskrifter er like viktige.<\/strong><\/li>\n<li>I tilfeller hvor medf\u00f8lgende ektefelle flytter senere enn den som skal tjenestegj\u00f8re ved stasjonen m\u00e5 det legges ved kopi av den tjenestegj\u00f8rendes diplomatkort<\/li>\n<\/ul>\n<p>For reise til Hong Kong og Macau, se under.<\/p>\n<h2>Bilder<\/h2>\n<ul>\n<li>1 digitalt passfoto i farger med hvit bakgrunn lastes opp i s\u00f8knaden (sjekk krav til foto beskrevet i s\u00f8knadsportalen).<\/li>\n<li>Foto b\u00f8r tas hos profesjonell fotograf (<a href=\"https:\/\/goo.gl\/maps\/Uc71Dy1yBkL2\" target=\"_blank\" rel=\"noopener\">Fotograf Sturlason i Stortingsgaten 22<\/a> er n\u00e6rmest til Utenriksdepartementet).<\/li>\n<li>1 foto festes til utskriften med binders<\/li>\n<li>Papirkopi\/utskrift\/skannet er ikke akseptabelt.<\/li>\n<\/ul>\n<p>For reise til Hong Kong trenger nordmenn ikke visum for bes\u00f8k inntil 90 dager, se\u00a0<a href=\"http:\/\/www.immd.gov.hk\/eng\/services\/visas\/visit-transit\/visit-visa-entry-permit.html\">informasjon<\/a>,\u00a0part II.<\/p>\n<p>For reise til Macau trenger nordmenn ikke visum for bes\u00f8k inntil 90 dager, se\u00a0<a href=\"http:\/\/www.fsm.gov.mo\/psp\/eng\/EDoN.html#EDoN_VII\">informasjon<\/a>, part VII.<\/p>\t<\/div>\n\t<div class=\"column text-wrap\">\n\t\t<section class=\"widget_text widget custom_html-7 widget_custom_html\"><div class=\"textwidget custom-html-widget\"><a class=\"button\" href=\"https:\/\/ventus.enalog.se\/Booking\/Booking\/Index\/Utenriksdep\" target=\"_blank\" rel=\"noopener\">Bestill timeavtale<\/a><\/div><\/section><section class=\"widget_text widget custom_html-4 widget_custom_html\"><h3>Merknader<\/h3><div class=\"textwidget custom-html-widget\"><div class=\"highlight\">\r\n<ul>\r\n<li>\r\n<strong>Tjenestereise:<\/strong> Send e-post p\u00e5 engelsk til <a href=\"mailto:visum@mfa.no\">visum@mfa.no<\/a> med detaljert beskrivelse av form\u00e5let med reisen og tidspunkt for inn- og utreise. <font color=\"#FF0000\">Manglende informasjon f\u00f8rer til lengre saksbehandlingstid, og i verste fall blir s\u00f8knaden avsl\u00e5tt.<\/font><\/li>\r\n\t<br>\r\n<li>\r\n<strong>For tjenestegj\u00f8ring: <\/strong> Send e-post med stilling\/tittel, antatt ankomstdato, lengde p\u00e5 tjenestegj\u00f8ringen, samt fullt navn og stilling\/tittel p\u00e5 forgjenger til <a href=\"mailto:visum@mfa.no\">visum@mfa.no<\/a> <font color=\"#FF0000\"> Husk \u00e5 ta med papirkopi av vedlegg til arbeidsavtale ved forflytning.<\/font><\/li>\r\n\t<br>\r\n<li>\r\nPasset m\u00e5 v\u00e6re gyldig i minst 6 m\u00e5neder p\u00e5 hjemreisedato, og passfoto til visums\u00f8knad skal ikke v\u00e6re eldre enn 6 m\u00e5neder. <font color=\"#FF0000\">Passet skal leveres sammen med s\u00f8knaden.<\/font><\/li>\r\n<br>\r\n<li>\r\nTo ganger fargekopi av bildesiden i passet m\u00e5 leveres sammen med s\u00f8knaden. <\/li>\r\n\r\n\r\n\r\n<\/ul>\r\n<\/div><\/div><\/section><section class=\"widget_text widget custom_html-5 widget_custom_html\"><h3>Kontakt<\/h3><div class=\"textwidget custom-html-widget\">Maya Hagen<br \/><br \/>\r\n\r\nvisum@mfa.no<br \/>\r\n+47 23 95 04 37<br \/>\r\nKronprinsens gate 10 (<a href=\"https:\/\/goo.gl\/maps\/X1jyMxFasizCat6F7\">Google Maps<\/a>)\r\n<br \/><br \/>\r\n<strong>Ekspedisjonstider<\/strong>\r\nEKSPEDISJONSTIDER FOR VISUM FREMG\u00c5R I BESTILLINGSPORTALEN. \r\nDet er ikke lengre mulig med drop-in, det m\u00e5 forh\u00e5ndsbestilles avtale. \r\n<br \/><br \/>\r\nSamleoversikt for informasjon til Det diplomatiske korps i Norge<br \/>\r\n<a href=\"https:\/\/www.regjeringen.no\/en\/dep\/ud\/about_mfa\/diplomatic_relations\/id447053\/\">Diplomatic relations<\/a> (regjeringen.no). \r\nOversikt over kontaktinformasjon til alle ambassader i Oslo ligger p\u00e5 samme siden<br \/><br \/>\r\n\r\n<\/div><\/section><section class=\"widget_text widget custom_html-3 widget_custom_html\"><h3>Se ogs\u00e5<\/h3><div class=\"textwidget custom-html-widget\"><a class=\"button\" href=\"https:\/\/teststeder.regjeringen.no\/visum\/retningslinjer\/\">Retningslinjer<\/a>  <a class=\"button\" href=\"https:\/\/teststeder.regjeringen.no\/visum\/sjekkliste\/\">Sjekkliste<\/a> <a class=\"button\" href=\"https:\/\/teststeder.regjeringen.no\/visum\/land\/\">Land<\/a> <a class=\"button\" href=\"https:\/\/ventus.enalog.se\/Booking\/Booking\/Index\/Utenriksdep\">Bestill timeavtale<\/a><\/div><\/section>\t<\/div>\n<\/div>\n<\/div><\/div>\n<div class=\"module module-was-this-helpful\">\n\t<div class=\"text-wrap\">\n\t\t<h2>Var dette nyttig?<\/h2>\n\t\t<form id=\"dekode-wth-form\">\n\t\t\t<button id=\"dekode-wth-yes\" class=\"button\" name=\"dekode-wth-feedback\" type=\"submit\"\n\t\t\t\t\tvalue=\"1\">Ja<\/button>\n\t\t\t<button id=\"dekode-wth-no\" class=\"button\" name=\"dekode-wth-feedback\" type=\"submit\"\n\t\t\t\t\tvalue=\"0\">Nei<\/button>\n\t\t\t<input type=\"hidden\" name=\"post_id\" value=\"415\"\/>\n\t\t<\/form>\n\t<\/div>\n<\/div>\n","protected":false},"excerpt":{"rendered":"<p>Avtale mellom Norge og Kina om unntak fra visumplikten ved korttidsopphold for innehavere av diplomatpass S\u00f8knadsportal (elektronisk)\u00a0 Ekstra skjema for &#8230;<\/p>\n","protected":false},"author":533,"featured_media":0,"parent":99,"menu_order":0,"comment_status":"closed","ping_status":"closed","template":"","meta":{"_acf_changed":false,"footnotes":""},"class_list":["post-415","page","type-page","status-publish","hentry"],"language":"nb-NO","acf":[],"_links":{"self":[{"href":"https:\/\/teststeder.regjeringen.no\/visum\/wp-json\/wp\/v2\/pages\/415","targetHints":{"allow":["GET"]}}],"collection":[{"href":"https:\/\/teststeder.regjeringen.no\/visum\/wp-json\/wp\/v2\/pages"}],"about":[{"href":"https:\/\/teststeder.regjeringen.no\/visum\/wp-json\/wp\/v2\/types\/page"}],"author":[{"embeddable":true,"href":"https:\/\/teststeder.regjeringen.no\/visum\/wp-json\/wp\/v2\/users\/533"}],"replies":[{"embeddable":true,"href":"https:\/\/teststeder.regjeringen.no\/visum\/wp-json\/wp\/v2\/comments?post=415"}],"version-history":[{"count":4,"href":"https:\/\/teststeder.regjeringen.no\/visum\/wp-json\/wp\/v2\/pages\/415\/revisions"}],"predecessor-version":[{"id":3026,"href":"https:\/\/teststeder.regjeringen.no\/visum\/wp-json\/wp\/v2\/pages\/415\/revisions\/3026"}],"up":[{"embeddable":true,"href":"https:\/\/teststeder.regjeringen.no\/visum\/wp-json\/wp\/v2\/pages\/99"}],"wp:attachment":[{"href":"https:\/\/teststeder.regjeringen.no\/visum\/wp-json\/wp\/v2\/media?parent=415"}],"curies":[{"name":"wp","href":"https:\/\/api.w.org\/{rel}","templated":true}]}}