{"id":435,"date":"2018-07-16T11:06:25","date_gmt":"2018-07-16T09:06:25","guid":{"rendered":"https:\/\/nettsteder.regjeringen.no\/visum\/?page_id=435"},"modified":"2023-05-10T10:16:13","modified_gmt":"2023-05-10T08:16:13","slug":"georgia","status":"publish","type":"page","link":"https:\/\/teststeder.regjeringen.no\/visum\/land\/georgia\/","title":{"rendered":"Georgia"},"content":{"rendered":"<div id=\"module-0\" class=\"hogan-module hogan-module-text hogan-module-0 text-wrap\"><div class=\"hogan-module-inner clearfix\"><p><a class=\"button\" href=\"https:\/\/norway.mfa.gov.ge\/en\/consular-portal\" target=\"_blank\" rel=\"noopener\">Ambassadens nettside<\/a> <a class=\"button\" href=\"https:\/\/lovdata.no\/dokument\/TRAKTAT\/traktat\/2015-09-04-18?q=Georgia\" target=\"_blank\" rel=\"noopener\">Avtale mellom Norge og Georgia om lettelser i utstedelsen av visa<\/a><br \/>\n<a class=\"button\" href=\"https:\/\/www.geoconsul.gov.ge\/en\/register\/visit\" target=\"_blank\" rel=\"noopener\">S\u00f8knad (elektronisk) (kun for den som skal tjenestegj\u00f8re ved ambassaden)<\/a><br \/>\n<a class=\"button\" href=\"https:\/\/www.geoconsul.gov.ge\/HtmlPage\/Html\/View?id=782&amp;lang=Eng\">Informasjon om hvordan s\u00f8ke elektronisk visum<\/a><\/p><\/div><\/div><div id=\"module-1\" class=\"hogan-module hogan-module-dss_sidebar hogan-module-1\"><div class=\"hogan-module-inner\"><div class=\"columns sidebar-columns\">\n\t<div class=\"column text-wrap\">\n\t\t<p>Representasjon: Oslo<br \/>\nVisumkrav: <strong>Nei<\/strong> &#8211; <strong>ikke for den som skal p\u00e5 bes\u00f8k.<\/strong> Alle norske statsborgere er fritatt for visumplikt ved reiser til Georgia av inntil ett \u00e5rs varighet eller ved transitt gjennom Georgias territorium. <a href=\"https:\/\/lovdata.no\/dokument\/TRAKTAT\/traktat\/2015-09-04-18?q=Georgia\">Se avtale<\/a>.<\/p>\n<p>Visumkrav ved tjenestegj\u00f8ring: <strong>JA<\/strong> &#8211; se informasjon nedenfor.<br \/>\nVisum ved ankomst: N\/A<\/p>\n<p>&nbsp;<\/p>\n<p>Tjenestemenn og deres familie som skal tjenestegj\u00f8re ved den norske ambassaden i Tbilisi m\u00e5 s\u00f8ke om innreisevisum i god tid f\u00f8r planlagt innreise. Dette gj\u00f8res via en elektronisk s\u00f8knadsportal. S\u00f8ker laster selv opp alle vedlegg (foto, kopier av pass og note verbale). Kontakt Diplomatseksjonen p\u00e5 visum@mfa.no for \u00e5 f\u00e5 tilsendt note om tjenestegj\u00f8ring <em>f\u00f8r<\/em> man starter s\u00f8knadsprosessen. Se under &laquo;Merknader&raquo; (til h\u00f8yre p\u00e5 denne siden) om hva som trengs av informasjon i e-posten til Diplomatseksjonen.<\/p>\n<p>Her f\u00f8lger informasjon fra den georgiske ambassaden om fremgangsm\u00e5te<\/p>\n<ul>\n<li>The applications should be submitted online through this link: (se bl\u00e5 knapp over)<\/li>\n<li>Each diplomat and each family member needs a separate application. If there are minors applying, then one of the parents could apply for them;<\/li>\n<li>Photos are required only in online format and they should correspond <a href=\"https:\/\/videos.mfa.gov.ge\/geoconsul\/ka\/photos.pdf\">ICAO standards<\/a>;<\/li>\n<li>Document proving <a href=\"https:\/\/www.geoconsul.gov.ge\/HtmlPage\/Html\/View?id=467&amp;lang=Eng\">purpose of travel<\/a> must be submitted, so yes, it could be a note verbale from the Royal Ministry of Foreign Affairs, stating the purpose of travel and also, if a diplomat is travelling with family, the note should contain information about family members as well;<\/li>\n<li>Flight details would be filled out in the above-mentioned online application and there is also a short question regarding the communicable diseases. In case of visas for family members, birth and marriage certificates should be submitted. It is possible to obtain birth and marriage certificates that are bi\/quadrilingual and these documents do not need translation.<\/li>\n<\/ul>\n<p>Etter at s\u00f8knaden er sendt elektronisk s\u00e5 skrives skjema ut og leveres sammen med originalt pass til Diplomatseksjonen. Husk \u00e5 bestille avtale.<\/p>\n<p>Diplomatseksjonen vil forest\u00e5 med levering og henting av pass p\u00e5 den georgiske ambassaden<\/p>\n<p>&nbsp;<\/p>\n<p>&nbsp;<\/p>\t<\/div>\n\t<div class=\"column text-wrap\">\n\t\t<section class=\"widget_text widget custom_html-7 widget_custom_html\"><div class=\"textwidget custom-html-widget\"><a class=\"button\" href=\"https:\/\/ventus.enalog.se\/Booking\/Booking\/Index\/Utenriksdep\" target=\"_blank\" rel=\"noopener\">Bestill timeavtale<\/a><\/div><\/section><section class=\"widget_text widget custom_html-4 widget_custom_html\"><h3>Merknader<\/h3><div class=\"textwidget custom-html-widget\"><div class=\"highlight\">\r\n<ul>\r\n<li>\r\n<strong>Tjenestereise:<\/strong> Send e-post p\u00e5 engelsk til <a href=\"mailto:visum@mfa.no\">visum@mfa.no<\/a> med detaljert beskrivelse av form\u00e5let med reisen og tidspunkt for inn- og utreise. <font color=\"#FF0000\">Manglende informasjon f\u00f8rer til lengre saksbehandlingstid, og i verste fall blir s\u00f8knaden avsl\u00e5tt.<\/font><\/li>\r\n\t<br>\r\n<li>\r\n<strong>For tjenestegj\u00f8ring: <\/strong> Send e-post med stilling\/tittel, antatt ankomstdato, lengde p\u00e5 tjenestegj\u00f8ringen, samt fullt navn og stilling\/tittel p\u00e5 forgjenger til <a href=\"mailto:visum@mfa.no\">visum@mfa.no<\/a> <font color=\"#FF0000\"> Husk \u00e5 ta med papirkopi av vedlegg til arbeidsavtale ved forflytning.<\/font><\/li>\r\n\t<br>\r\n<li>\r\nPasset m\u00e5 v\u00e6re gyldig i minst 6 m\u00e5neder p\u00e5 hjemreisedato, og passfoto til visums\u00f8knad skal ikke v\u00e6re eldre enn 6 m\u00e5neder. <font color=\"#FF0000\">Passet skal leveres sammen med s\u00f8knaden.<\/font><\/li>\r\n<br>\r\n<li>\r\nTo ganger fargekopi av bildesiden i passet m\u00e5 leveres sammen med s\u00f8knaden. <\/li>\r\n\r\n\r\n\r\n<\/ul>\r\n<\/div><\/div><\/section><section class=\"widget_text widget custom_html-5 widget_custom_html\"><h3>Kontakt<\/h3><div class=\"textwidget custom-html-widget\">Maya Hagen<br \/><br \/>\r\n\r\nvisum@mfa.no<br \/>\r\n+47 23 95 04 37<br \/>\r\nKronprinsens gate 10 (<a href=\"https:\/\/goo.gl\/maps\/X1jyMxFasizCat6F7\">Google Maps<\/a>)\r\n<br \/><br \/>\r\n<strong>Ekspedisjonstider<\/strong>\r\nEKSPEDISJONSTIDER FOR VISUM FREMG\u00c5R I BESTILLINGSPORTALEN. \r\nDet er ikke lengre mulig med drop-in, det m\u00e5 forh\u00e5ndsbestilles avtale. \r\n<br \/><br \/>\r\nSamleoversikt for informasjon til Det diplomatiske korps i Norge<br \/>\r\n<a href=\"https:\/\/www.regjeringen.no\/en\/dep\/ud\/about_mfa\/diplomatic_relations\/id447053\/\">Diplomatic relations<\/a> (regjeringen.no). \r\nOversikt over kontaktinformasjon til alle ambassader i Oslo ligger p\u00e5 samme siden<br \/><br \/>\r\n\r\n<\/div><\/section><section class=\"widget_text widget custom_html-3 widget_custom_html\"><h3>Se ogs\u00e5<\/h3><div class=\"textwidget custom-html-widget\"><a class=\"button\" href=\"https:\/\/teststeder.regjeringen.no\/visum\/retningslinjer\/\">Retningslinjer<\/a>  <a class=\"button\" href=\"https:\/\/teststeder.regjeringen.no\/visum\/sjekkliste\/\">Sjekkliste<\/a> <a class=\"button\" href=\"https:\/\/teststeder.regjeringen.no\/visum\/land\/\">Land<\/a> <a class=\"button\" href=\"https:\/\/ventus.enalog.se\/Booking\/Booking\/Index\/Utenriksdep\">Bestill timeavtale<\/a><\/div><\/section>\t<\/div>\n<\/div>\n<\/div><\/div>\n<div class=\"module module-was-this-helpful\">\n\t<div class=\"text-wrap\">\n\t\t<h2>Var dette nyttig?<\/h2>\n\t\t<form id=\"dekode-wth-form\">\n\t\t\t<button id=\"dekode-wth-yes\" class=\"button\" name=\"dekode-wth-feedback\" type=\"submit\"\n\t\t\t\t\tvalue=\"1\">Ja<\/button>\n\t\t\t<button id=\"dekode-wth-no\" class=\"button\" name=\"dekode-wth-feedback\" type=\"submit\"\n\t\t\t\t\tvalue=\"0\">Nei<\/button>\n\t\t\t<input type=\"hidden\" name=\"post_id\" value=\"435\"\/>\n\t\t<\/form>\n\t<\/div>\n<\/div>\n","protected":false},"excerpt":{"rendered":"<p>Ambassadens nettside Avtale mellom Norge og Georgia om lettelser i utstedelsen av visa S\u00f8knad (elektronisk) (kun for den som skal &#8230;<\/p>\n","protected":false},"author":533,"featured_media":0,"parent":99,"menu_order":0,"comment_status":"closed","ping_status":"closed","template":"","meta":{"_acf_changed":false,"footnotes":""},"class_list":["post-435","page","type-page","status-publish","hentry"],"language":"nb-NO","acf":[],"_links":{"self":[{"href":"https:\/\/teststeder.regjeringen.no\/visum\/wp-json\/wp\/v2\/pages\/435","targetHints":{"allow":["GET"]}}],"collection":[{"href":"https:\/\/teststeder.regjeringen.no\/visum\/wp-json\/wp\/v2\/pages"}],"about":[{"href":"https:\/\/teststeder.regjeringen.no\/visum\/wp-json\/wp\/v2\/types\/page"}],"author":[{"embeddable":true,"href":"https:\/\/teststeder.regjeringen.no\/visum\/wp-json\/wp\/v2\/users\/533"}],"replies":[{"embeddable":true,"href":"https:\/\/teststeder.regjeringen.no\/visum\/wp-json\/wp\/v2\/comments?post=435"}],"version-history":[{"count":4,"href":"https:\/\/teststeder.regjeringen.no\/visum\/wp-json\/wp\/v2\/pages\/435\/revisions"}],"predecessor-version":[{"id":2804,"href":"https:\/\/teststeder.regjeringen.no\/visum\/wp-json\/wp\/v2\/pages\/435\/revisions\/2804"}],"up":[{"embeddable":true,"href":"https:\/\/teststeder.regjeringen.no\/visum\/wp-json\/wp\/v2\/pages\/99"}],"wp:attachment":[{"href":"https:\/\/teststeder.regjeringen.no\/visum\/wp-json\/wp\/v2\/media?parent=435"}],"curies":[{"name":"wp","href":"https:\/\/api.w.org\/{rel}","templated":true}]}}