{"id":475,"date":"2018-07-16T11:10:12","date_gmt":"2018-07-16T09:10:12","guid":{"rendered":"https:\/\/nettsteder.regjeringen.no\/visum\/?page_id=475"},"modified":"2024-06-03T10:02:39","modified_gmt":"2024-06-03T08:02:39","slug":"india","status":"publish","type":"page","link":"https:\/\/teststeder.regjeringen.no\/visum\/land\/india\/","title":{"rendered":"India"},"content":{"rendered":"<div id=\"module-0\" class=\"hogan-module hogan-module-text hogan-module-0 text-wrap\"><div class=\"hogan-module-inner clearfix\"><p><a class=\"button\" href=\"https:\/\/lovdata.no\/dokument\/TRAKTAT\/traktat\/2014-10-14-18\" target=\"_blank\" rel=\"noopener\">Avtale mellom Norge og India om fritak for visumplikt for innehavere av diplomatpass<\/a> <a class=\"button\" href=\"https:\/\/indianvisaonline.gov.in\/evisa\/tvoa.html\" target=\"_blank\" rel=\"noopener\">S\u00f8knadsskjema (elektronisk)<\/a> <a class=\"button\" href=\"https:\/\/indianvisaonline.gov.in\/visa\/index.html\" target=\"_blank\" rel=\"noopener\">Informasjon om hvordan s\u00f8ke visum<\/a><\/p><\/div><\/div><div id=\"module-1\" class=\"hogan-module hogan-module-dss_sidebar hogan-module-1\"><div class=\"hogan-module-inner\"><div class=\"columns sidebar-columns\">\n\t<div class=\"column text-wrap\">\n\t\t<p>Representasjon: Oslo<\/p>\n<p>Visumkrav for tjenestereiser:<\/p>\n<ul>\n<li>Nei: Ikke for <strong>diplomatpass<\/strong>, se avtale lenket til ovenfor.<\/li>\n<li>Ja:\u00a0 For den som reiser med<em> tjeneste- og spesialpass<\/em> m\u00e5 det s\u00f8kes om visum (se s\u00f8knadsskjema lengre opp p\u00e5 siden).<\/li>\n<\/ul>\n<p><strong>For tjenestegj\u00f8ring m\u00e5 det s\u00f8kes om visum (se s\u00f8knadsskjema lengre opp p\u00e5 siden).<\/strong><\/p>\n<p>Enkelte opplever at denne feilmelding dukker opp n\u00e5r man klikker p\u00e5 knappen &laquo;S\u00f8knadsskjema (elektronisk)&raquo;<\/p>\n<p><figure id=\"attachment_2417\" style=\"max-width: 1555px;\" class=\"wp-caption alignnone size-full\"><img loading=\"lazy\" decoding=\"async\" class=\"alignnone  wp-image-2417\" src=\"https:\/\/files.teststeder.regjeringen.no\/wpuploads01\/blogs.dir\/313\/files\/2020\/11\/Indian-Visa-Online.png\" alt=\"\" width=\"1555\" height=\"527\" srcset=\"https:\/\/files.teststeder.regjeringen.no\/wpuploads01\/blogs.dir\/313\/files\/2020\/11\/Indian-Visa-Online.png 1555w, https:\/\/files.teststeder.regjeringen.no\/wpuploads01\/blogs.dir\/313\/files\/2020\/11\/Indian-Visa-Online-300x102.png 300w, https:\/\/files.teststeder.regjeringen.no\/wpuploads01\/blogs.dir\/313\/files\/2020\/11\/Indian-Visa-Online-1024x347.png 1024w, https:\/\/files.teststeder.regjeringen.no\/wpuploads01\/blogs.dir\/313\/files\/2020\/11\/Indian-Visa-Online-768x260.png 768w, https:\/\/files.teststeder.regjeringen.no\/wpuploads01\/blogs.dir\/313\/files\/2020\/11\/Indian-Visa-Online-1536x521.png 1536w, https:\/\/files.teststeder.regjeringen.no\/wpuploads01\/blogs.dir\/313\/files\/2020\/11\/Indian-Visa-Online-1130x383.png 1130w, https:\/\/files.teststeder.regjeringen.no\/wpuploads01\/blogs.dir\/313\/files\/2020\/11\/Indian-Visa-Online-400x136.png 400w, https:\/\/files.teststeder.regjeringen.no\/wpuploads01\/blogs.dir\/313\/files\/2020\/11\/Indian-Visa-Online-800x271.png 800w\" sizes=\"auto, (max-width: 1555px) 100vw, 1555px\" \/><\/figure>Klikk s\u00e5 p\u00e5 knappen &laquo;Home Page&raquo; og denne siden vil \u00e5pne seg.<\/p>\n<p><figure id=\"attachment_2415\" style=\"max-width: 1872px;\" class=\"wp-caption alignnone size-full\"><img loading=\"lazy\" decoding=\"async\" class=\"alignnone  wp-image-2415\" src=\"https:\/\/files.teststeder.regjeringen.no\/wpuploads01\/blogs.dir\/313\/files\/2020\/11\/Paper-Visa-Application-India.png\" alt=\"\" width=\"1872\" height=\"839\" srcset=\"https:\/\/files.teststeder.regjeringen.no\/wpuploads01\/blogs.dir\/313\/files\/2020\/11\/Paper-Visa-Application-India.png 1872w, https:\/\/files.teststeder.regjeringen.no\/wpuploads01\/blogs.dir\/313\/files\/2020\/11\/Paper-Visa-Application-India-300x134.png 300w, https:\/\/files.teststeder.regjeringen.no\/wpuploads01\/blogs.dir\/313\/files\/2020\/11\/Paper-Visa-Application-India-1024x459.png 1024w, https:\/\/files.teststeder.regjeringen.no\/wpuploads01\/blogs.dir\/313\/files\/2020\/11\/Paper-Visa-Application-India-768x344.png 768w, https:\/\/files.teststeder.regjeringen.no\/wpuploads01\/blogs.dir\/313\/files\/2020\/11\/Paper-Visa-Application-India-1536x688.png 1536w, https:\/\/files.teststeder.regjeringen.no\/wpuploads01\/blogs.dir\/313\/files\/2020\/11\/Paper-Visa-Application-India-1130x506.png 1130w, https:\/\/files.teststeder.regjeringen.no\/wpuploads01\/blogs.dir\/313\/files\/2020\/11\/Paper-Visa-Application-India-400x179.png 400w, https:\/\/files.teststeder.regjeringen.no\/wpuploads01\/blogs.dir\/313\/files\/2020\/11\/Paper-Visa-Application-India-800x359.png 800w\" sizes=\"auto, (max-width: 1872px) 100vw, 1872px\" \/><\/figure>Her klikker man p\u00e5 ikonet nede i venstre hj\u00f8rne, merket med r\u00f8d ramme. S\u00e5 vil det elektroniske s\u00f8knadsskjema komme frem.<\/p>\n<figure id=\"attachment_2419\" style=\"max-width: 1522px;\" class=\"wp-caption alignnone size-full\"><img loading=\"lazy\" decoding=\"async\" class=\"alignnone  wp-image-2419\" src=\"https:\/\/files.teststeder.regjeringen.no\/wpuploads01\/blogs.dir\/313\/files\/2020\/11\/Online-Visa-Application-India.png\" alt=\"\" width=\"1522\" height=\"811\" srcset=\"https:\/\/files.teststeder.regjeringen.no\/wpuploads01\/blogs.dir\/313\/files\/2020\/11\/Online-Visa-Application-India.png 1522w, https:\/\/files.teststeder.regjeringen.no\/wpuploads01\/blogs.dir\/313\/files\/2020\/11\/Online-Visa-Application-India-300x160.png 300w, https:\/\/files.teststeder.regjeringen.no\/wpuploads01\/blogs.dir\/313\/files\/2020\/11\/Online-Visa-Application-India-1024x546.png 1024w, https:\/\/files.teststeder.regjeringen.no\/wpuploads01\/blogs.dir\/313\/files\/2020\/11\/Online-Visa-Application-India-768x409.png 768w, https:\/\/files.teststeder.regjeringen.no\/wpuploads01\/blogs.dir\/313\/files\/2020\/11\/Online-Visa-Application-India-1130x602.png 1130w, https:\/\/files.teststeder.regjeringen.no\/wpuploads01\/blogs.dir\/313\/files\/2020\/11\/Online-Visa-Application-India-400x213.png 400w, https:\/\/files.teststeder.regjeringen.no\/wpuploads01\/blogs.dir\/313\/files\/2020\/11\/Online-Visa-Application-India-800x426.png 800w\" sizes=\"auto, (max-width: 1522px) 100vw, 1522px\" \/><\/figure>\n<ul>\n<li>Skjemafylles ut online.<\/li>\n<li>Alle rubrikker i skjemaet m\u00e5 fylles ut, evt. med N\/A dersom ingenting passer.<\/li>\n<li>Original utskrift i PDF format med strekkode leveres Diplomatseksjonen.Noter deg &laquo;Temporary Application ID&raquo; i tilfelle du blir avbrutt.<\/li>\n<li>Signer utskrift p\u00e5 to steder med sort penn, under feltet for foto p\u00e5 f\u00f8rste side og nederst p\u00e5 andre side.<\/li>\n<\/ul>\n<h2>Bilder<\/h2>\n<ul>\n<li>1 passfoto i farger med hvit bakgrunn. 5 x 5cm.<\/li>\n<li><strong>Passfoto skal limes p\u00e5 skjemaet<\/strong><\/li>\n<li>Papirkopi\/utskrift\/skannet er ikke akseptabelt.<\/li>\n<\/ul>\n<p>Behandlingstid ved ambassaden: ca. 4 uker<\/p>\t<\/div>\n\t<div class=\"column text-wrap\">\n\t\t<section class=\"widget_text widget custom_html-7 widget_custom_html\"><div class=\"textwidget custom-html-widget\"><a class=\"button\" href=\"https:\/\/ventus.enalog.se\/Booking\/Booking\/Index\/Utenriksdep\" target=\"_blank\" rel=\"noopener\">Bestill timeavtale<\/a><\/div><\/section><section class=\"widget_text widget custom_html-4 widget_custom_html\"><h3>Merknader<\/h3><div class=\"textwidget custom-html-widget\"><div class=\"highlight\">\r\n<ul>\r\n<li>\r\n<strong>Tjenestereise:<\/strong> Send e-post p\u00e5 engelsk til <a href=\"mailto:visum@mfa.no\">visum@mfa.no<\/a> med detaljert beskrivelse av form\u00e5let med reisen og tidspunkt for inn- og utreise. <font color=\"#FF0000\">Manglende informasjon f\u00f8rer til lengre saksbehandlingstid, og i verste fall blir s\u00f8knaden avsl\u00e5tt.<\/font><\/li>\r\n\t<br>\r\n<li>\r\n<strong>For tjenestegj\u00f8ring: <\/strong> Send e-post med stilling\/tittel, antatt ankomstdato, lengde p\u00e5 tjenestegj\u00f8ringen, samt fullt navn og stilling\/tittel p\u00e5 forgjenger til <a href=\"mailto:visum@mfa.no\">visum@mfa.no<\/a> <font color=\"#FF0000\"> Husk \u00e5 ta med papirkopi av vedlegg til arbeidsavtale ved forflytning.<\/font><\/li>\r\n\t<br>\r\n<li>\r\nPasset m\u00e5 v\u00e6re gyldig i minst 6 m\u00e5neder p\u00e5 hjemreisedato, og passfoto til visums\u00f8knad skal ikke v\u00e6re eldre enn 6 m\u00e5neder. <font color=\"#FF0000\">Passet skal leveres sammen med s\u00f8knaden.<\/font><\/li>\r\n<br>\r\n<li>\r\nTo ganger fargekopi av bildesiden i passet m\u00e5 leveres sammen med s\u00f8knaden. <\/li>\r\n\r\n\r\n\r\n<\/ul>\r\n<\/div><\/div><\/section><section class=\"widget_text widget custom_html-5 widget_custom_html\"><h3>Kontakt<\/h3><div class=\"textwidget custom-html-widget\">Maya Hagen<br \/><br \/>\r\n\r\nvisum@mfa.no<br \/>\r\n+47 23 95 04 37<br \/>\r\nKronprinsens gate 10 (<a href=\"https:\/\/goo.gl\/maps\/X1jyMxFasizCat6F7\">Google Maps<\/a>)\r\n<br \/><br \/>\r\n<strong>Ekspedisjonstider<\/strong>\r\nEKSPEDISJONSTIDER FOR VISUM FREMG\u00c5R I BESTILLINGSPORTALEN. \r\nDet er ikke lengre mulig med drop-in, det m\u00e5 forh\u00e5ndsbestilles avtale. \r\n<br \/><br \/>\r\nSamleoversikt for informasjon til Det diplomatiske korps i Norge<br \/>\r\n<a href=\"https:\/\/www.regjeringen.no\/en\/dep\/ud\/about_mfa\/diplomatic_relations\/id447053\/\">Diplomatic relations<\/a> (regjeringen.no). \r\nOversikt over kontaktinformasjon til alle ambassader i Oslo ligger p\u00e5 samme siden<br \/><br \/>\r\n\r\n<\/div><\/section><section class=\"widget_text widget custom_html-3 widget_custom_html\"><h3>Se ogs\u00e5<\/h3><div class=\"textwidget custom-html-widget\"><a class=\"button\" href=\"https:\/\/teststeder.regjeringen.no\/visum\/retningslinjer\/\">Retningslinjer<\/a>  <a class=\"button\" href=\"https:\/\/teststeder.regjeringen.no\/visum\/sjekkliste\/\">Sjekkliste<\/a> <a class=\"button\" href=\"https:\/\/teststeder.regjeringen.no\/visum\/land\/\">Land<\/a> <a class=\"button\" href=\"https:\/\/ventus.enalog.se\/Booking\/Booking\/Index\/Utenriksdep\">Bestill timeavtale<\/a><\/div><\/section>\t<\/div>\n<\/div>\n<\/div><\/div>\n<div class=\"module module-was-this-helpful\">\n\t<div class=\"text-wrap\">\n\t\t<h2>Var dette nyttig?<\/h2>\n\t\t<form id=\"dekode-wth-form\">\n\t\t\t<button id=\"dekode-wth-yes\" class=\"button\" name=\"dekode-wth-feedback\" type=\"submit\"\n\t\t\t\t\tvalue=\"1\">Ja<\/button>\n\t\t\t<button id=\"dekode-wth-no\" class=\"button\" name=\"dekode-wth-feedback\" type=\"submit\"\n\t\t\t\t\tvalue=\"0\">Nei<\/button>\n\t\t\t<input type=\"hidden\" name=\"post_id\" value=\"475\"\/>\n\t\t<\/form>\n\t<\/div>\n<\/div>\n","protected":false},"excerpt":{"rendered":"<p>Avtale mellom Norge og India om fritak for visumplikt for innehavere av diplomatpass S\u00f8knadsskjema (elektronisk) Informasjon om hvordan s\u00f8ke visum &#8230;<\/p>\n","protected":false},"author":533,"featured_media":0,"parent":99,"menu_order":0,"comment_status":"closed","ping_status":"closed","template":"","meta":{"_acf_changed":false,"footnotes":""},"class_list":["post-475","page","type-page","status-publish","hentry"],"language":"nb-NO","acf":[],"_links":{"self":[{"href":"https:\/\/teststeder.regjeringen.no\/visum\/wp-json\/wp\/v2\/pages\/475","targetHints":{"allow":["GET"]}}],"collection":[{"href":"https:\/\/teststeder.regjeringen.no\/visum\/wp-json\/wp\/v2\/pages"}],"about":[{"href":"https:\/\/teststeder.regjeringen.no\/visum\/wp-json\/wp\/v2\/types\/page"}],"author":[{"embeddable":true,"href":"https:\/\/teststeder.regjeringen.no\/visum\/wp-json\/wp\/v2\/users\/533"}],"replies":[{"embeddable":true,"href":"https:\/\/teststeder.regjeringen.no\/visum\/wp-json\/wp\/v2\/comments?post=475"}],"version-history":[{"count":4,"href":"https:\/\/teststeder.regjeringen.no\/visum\/wp-json\/wp\/v2\/pages\/475\/revisions"}],"predecessor-version":[{"id":3014,"href":"https:\/\/teststeder.regjeringen.no\/visum\/wp-json\/wp\/v2\/pages\/475\/revisions\/3014"}],"up":[{"embeddable":true,"href":"https:\/\/teststeder.regjeringen.no\/visum\/wp-json\/wp\/v2\/pages\/99"}],"wp:attachment":[{"href":"https:\/\/teststeder.regjeringen.no\/visum\/wp-json\/wp\/v2\/media?parent=475"}],"curies":[{"name":"wp","href":"https:\/\/api.w.org\/{rel}","templated":true}]}}