{"id":487,"date":"2018-07-16T11:11:23","date_gmt":"2018-07-16T09:11:23","guid":{"rendered":"https:\/\/nettsteder.regjeringen.no\/visum\/?page_id=487"},"modified":"2023-06-14T07:41:57","modified_gmt":"2023-06-14T05:41:57","slug":"iran","status":"publish","type":"page","link":"https:\/\/teststeder.regjeringen.no\/visum\/land\/iran\/","title":{"rendered":"Iran"},"content":{"rendered":"<div id=\"module-0\" class=\"hogan-module hogan-module-text hogan-module-0 text-wrap\"><div class=\"hogan-module-inner clearfix\"><p><a class=\"button\" href=\"https:\/\/evisatraveller.mfa.ir\/en\/request\/apply\/\">S\u00f8knadsportal (elektronisk &#8211; m\u00e5 benyttes)<\/a> \u00a0<a class=\"button\" href=\"https:\/\/oslo.mfa.ir\/\">Ambassadens nettside<\/a><\/p><\/div><\/div><div id=\"module-1\" class=\"hogan-module hogan-module-dss_sidebar hogan-module-1\"><div class=\"hogan-module-inner\"><div class=\"columns sidebar-columns\">\n\t<div class=\"column text-wrap\">\n\t\t<p>Representasjon: Oslo<br \/>\nVisumkrav: Ja<br \/>\nVisum ved ankomst: Nei<\/p>\n<ul>\n<li>Skjema\u00a0<strong><em>m\u00e5\u00a0<\/em><\/strong>fylles ut elektronisk, og skrives ut i 2 eksemplarer av &laquo;Visa Application Submission Notice&raquo;.<\/li>\n<li>Alle rubrikker i skjemaet m\u00e5 fylles ut, evt. med N\/A dersom ingenting passer.<\/li>\n<li>Diplomatseksjonen m\u00e5 skrive f\u00f8lgenote\u00a0<strong><em>f\u00f8r<\/em><\/strong>\u00a0du begynner utfyllingen av det elektroniske skjemaet.<\/li>\n<li>Kopi av noten i pdf-format skal lastes opp som et av vedleggene i s\u00f8knaden. Dersom det ikke fungerer med pdf, bruk Snipping Tool for \u00e5 lage en JPEG-versjon<\/li>\n<li>Begge s\u00f8knadene m\u00e5 underskrives med\u00a0<strong>sort<\/strong>\u00a0penn!<\/li>\n<li>Du m\u00e5 fargeskanne b\u00e5de bilde og passkopi f\u00f8r du starter. Dette m\u00e5 lastes opp p\u00e5 nettsiden i JPEG-format. Les krav til passfoto\u00a0<a href=\"https:\/\/evisatraveller.mfa.ir\/en\/request\/digital_image_requirement\/?title_name=photo\" target=\"_blank\" rel=\"noopener\">her<\/a>. Les krav til passkopi\u00a0<a href=\"https:\/\/evisatraveller.mfa.ir\/en\/request\/digital_image_requirement\/?title_name=passport\" target=\"_blank\" rel=\"noopener\">her<\/a>.<\/li>\n<li>Velg diplomatpass<\/li>\n<li>Bruk v\u00e5r ambassade i Teheran som kontakt, b\u00e5de p\u00e5 adresse og telefon (se deres hjemmeside for info\u00a0<a href=\"https:\/\/www.norway.no\/en\/iran\/\" target=\"_blank\" rel=\"noopener\">https:\/\/www.norway.no\/en\/iran\/<\/a>)<\/li>\n<\/ul>\n<h2>Bilder<\/h2>\n<ul>\n<li>2 passfoto (ett til hvert skjema) i farger med hvit bakgrunn. 3 x 4cm.<\/li>\n<li>Dette er i tillegg til passfoto lastet opp i skjemaet elektronisk. B\u00f8r v\u00e6re samme foto.<\/li>\n<li>Ett passfoto skal limes p\u00e5 hvert skjema, \u00f8verst til h\u00f8yre.<\/li>\n<li>Papirkopi\/utskrift\/skannet er ikke akseptabelt.<\/li>\n<\/ul>\n<p>Behandlingstid ved ambassaden: <strong>Opp til 6 uker, s\u00e5 husk \u00e5 planlegge i god tid i forveien.<\/strong><\/p>\t<\/div>\n\t<div class=\"column text-wrap\">\n\t\t<section class=\"widget_text widget custom_html-7 widget_custom_html\"><div class=\"textwidget custom-html-widget\"><a class=\"button\" href=\"https:\/\/ventus.enalog.se\/Booking\/Booking\/Index\/Utenriksdep\" target=\"_blank\" rel=\"noopener\">Bestill timeavtale<\/a><\/div><\/section><section class=\"widget_text widget custom_html-4 widget_custom_html\"><h3>Merknader<\/h3><div class=\"textwidget custom-html-widget\"><div class=\"highlight\">\r\n<ul>\r\n<li>\r\n<strong>Tjenestereise:<\/strong> Send e-post p\u00e5 engelsk til <a href=\"mailto:visum@mfa.no\">visum@mfa.no<\/a> med detaljert beskrivelse av form\u00e5let med reisen og tidspunkt for inn- og utreise. <font color=\"#FF0000\">Manglende informasjon f\u00f8rer til lengre saksbehandlingstid, og i verste fall blir s\u00f8knaden avsl\u00e5tt.<\/font><\/li>\r\n\t<br>\r\n<li>\r\n<strong>For tjenestegj\u00f8ring: <\/strong> Send e-post med stilling\/tittel, antatt ankomstdato, lengde p\u00e5 tjenestegj\u00f8ringen, samt fullt navn og stilling\/tittel p\u00e5 forgjenger til <a href=\"mailto:visum@mfa.no\">visum@mfa.no<\/a> <font color=\"#FF0000\"> Husk \u00e5 ta med papirkopi av vedlegg til arbeidsavtale ved forflytning.<\/font><\/li>\r\n\t<br>\r\n<li>\r\nPasset m\u00e5 v\u00e6re gyldig i minst 6 m\u00e5neder p\u00e5 hjemreisedato, og passfoto til visums\u00f8knad skal ikke v\u00e6re eldre enn 6 m\u00e5neder. <font color=\"#FF0000\">Passet skal leveres sammen med s\u00f8knaden.<\/font><\/li>\r\n<br>\r\n<li>\r\nTo ganger fargekopi av bildesiden i passet m\u00e5 leveres sammen med s\u00f8knaden. <\/li>\r\n\r\n\r\n\r\n<\/ul>\r\n<\/div><\/div><\/section><section class=\"widget_text widget custom_html-5 widget_custom_html\"><h3>Kontakt<\/h3><div class=\"textwidget custom-html-widget\">Maya Hagen<br \/><br \/>\r\n\r\nvisum@mfa.no<br \/>\r\n+47 23 95 04 37<br \/>\r\nKronprinsens gate 10 (<a href=\"https:\/\/goo.gl\/maps\/X1jyMxFasizCat6F7\">Google Maps<\/a>)\r\n<br \/><br \/>\r\n<strong>Ekspedisjonstider<\/strong>\r\nEKSPEDISJONSTIDER FOR VISUM FREMG\u00c5R I BESTILLINGSPORTALEN. \r\nDet er ikke lengre mulig med drop-in, det m\u00e5 forh\u00e5ndsbestilles avtale. \r\n<br \/><br \/>\r\nSamleoversikt for informasjon til Det diplomatiske korps i Norge<br \/>\r\n<a href=\"https:\/\/www.regjeringen.no\/en\/dep\/ud\/about_mfa\/diplomatic_relations\/id447053\/\">Diplomatic relations<\/a> (regjeringen.no). \r\nOversikt over kontaktinformasjon til alle ambassader i Oslo ligger p\u00e5 samme siden<br \/><br \/>\r\n\r\n<\/div><\/section><section class=\"widget_text widget custom_html-3 widget_custom_html\"><h3>Se ogs\u00e5<\/h3><div class=\"textwidget custom-html-widget\"><a class=\"button\" href=\"https:\/\/teststeder.regjeringen.no\/visum\/retningslinjer\/\">Retningslinjer<\/a>  <a class=\"button\" href=\"https:\/\/teststeder.regjeringen.no\/visum\/sjekkliste\/\">Sjekkliste<\/a> <a class=\"button\" href=\"https:\/\/teststeder.regjeringen.no\/visum\/land\/\">Land<\/a> <a class=\"button\" href=\"https:\/\/ventus.enalog.se\/Booking\/Booking\/Index\/Utenriksdep\">Bestill timeavtale<\/a><\/div><\/section>\t<\/div>\n<\/div>\n<\/div><\/div>\n<div class=\"module module-was-this-helpful\">\n\t<div class=\"text-wrap\">\n\t\t<h2>Var dette nyttig?<\/h2>\n\t\t<form id=\"dekode-wth-form\">\n\t\t\t<button id=\"dekode-wth-yes\" class=\"button\" name=\"dekode-wth-feedback\" type=\"submit\"\n\t\t\t\t\tvalue=\"1\">Ja<\/button>\n\t\t\t<button id=\"dekode-wth-no\" class=\"button\" name=\"dekode-wth-feedback\" type=\"submit\"\n\t\t\t\t\tvalue=\"0\">Nei<\/button>\n\t\t\t<input type=\"hidden\" name=\"post_id\" value=\"487\"\/>\n\t\t<\/form>\n\t<\/div>\n<\/div>\n","protected":false},"excerpt":{"rendered":"<p>S\u00f8knadsportal (elektronisk &#8211; m\u00e5 benyttes) \u00a0Ambassadens nettside Representasjon: Oslo Visumkrav: Ja Visum ved ankomst: Nei Skjema\u00a0m\u00e5\u00a0fylles ut elektronisk, og skrives &#8230;<\/p>\n","protected":false},"author":533,"featured_media":0,"parent":99,"menu_order":0,"comment_status":"closed","ping_status":"closed","template":"","meta":{"_acf_changed":false,"footnotes":""},"class_list":["post-487","page","type-page","status-publish","hentry"],"language":"nb-NO","acf":[],"_links":{"self":[{"href":"https:\/\/teststeder.regjeringen.no\/visum\/wp-json\/wp\/v2\/pages\/487","targetHints":{"allow":["GET"]}}],"collection":[{"href":"https:\/\/teststeder.regjeringen.no\/visum\/wp-json\/wp\/v2\/pages"}],"about":[{"href":"https:\/\/teststeder.regjeringen.no\/visum\/wp-json\/wp\/v2\/types\/page"}],"author":[{"embeddable":true,"href":"https:\/\/teststeder.regjeringen.no\/visum\/wp-json\/wp\/v2\/users\/533"}],"replies":[{"embeddable":true,"href":"https:\/\/teststeder.regjeringen.no\/visum\/wp-json\/wp\/v2\/comments?post=487"}],"version-history":[{"count":4,"href":"https:\/\/teststeder.regjeringen.no\/visum\/wp-json\/wp\/v2\/pages\/487\/revisions"}],"predecessor-version":[{"id":2840,"href":"https:\/\/teststeder.regjeringen.no\/visum\/wp-json\/wp\/v2\/pages\/487\/revisions\/2840"}],"up":[{"embeddable":true,"href":"https:\/\/teststeder.regjeringen.no\/visum\/wp-json\/wp\/v2\/pages\/99"}],"wp:attachment":[{"href":"https:\/\/teststeder.regjeringen.no\/visum\/wp-json\/wp\/v2\/media?parent=487"}],"curies":[{"name":"wp","href":"https:\/\/api.w.org\/{rel}","templated":true}]}}