{"id":635,"date":"2018-07-16T12:18:17","date_gmt":"2018-07-16T10:18:17","guid":{"rendered":"https:\/\/nettsteder.regjeringen.no\/visum\/?page_id=635"},"modified":"2019-02-13T17:07:59","modified_gmt":"2019-02-13T16:07:59","slug":"maldivene","status":"publish","type":"page","link":"https:\/\/teststeder.regjeringen.no\/visum\/land\/maldivene\/","title":{"rendered":"Maldivene"},"content":{"rendered":"<div id=\"module-0\" class=\"hogan-module hogan-module-text hogan-module-0 text-wrap\"><div class=\"hogan-module-inner clearfix\"><p><a class=\"button\" href=\"https:\/\/maldivesembassy.uk\/index.php\/maldives\/maldives-visa-and-passport-information\" target=\"_blank\" rel=\"noopener\">H\u00f8ykommisjonens nettside<\/a><\/p><\/div><\/div><div id=\"module-1\" class=\"hogan-module hogan-module-dss_sidebar hogan-module-1\"><div class=\"hogan-module-inner\"><div class=\"columns sidebar-columns\">\n\t<div class=\"column text-wrap\">\n\t\t<p>Representasjon: London (ambassaden kan ikke utstede visum)<br \/>\nVisumkrav: Ja<br \/>\nVisum ved ankomst: Ja (inntil 30 dagers opphold)<\/p>\n<p>Det er ingen informasjon om innreise med offisielle pass og visum p\u00e5 ambassadens hjemmeside eller p\u00e5 maldiviske immigrasjonsmyndighters hjemmeside (kun informasjon om diplomatisk visum for diplomater som kommer til Maldivene for \u00e5 tjenestegj\u00f8re ved ambassade).<\/p>\t<\/div>\n\t<div class=\"column text-wrap\">\n\t\t<section class=\"widget_text widget custom_html-7 widget_custom_html\"><div class=\"textwidget custom-html-widget\"><a class=\"button\" href=\"https:\/\/ventus.enalog.se\/Booking\/Booking\/Index\/Utenriksdep\" target=\"_blank\" rel=\"noopener\">Bestill timeavtale<\/a><\/div><\/section><section class=\"widget_text widget custom_html-4 widget_custom_html\"><h3>Merknader<\/h3><div class=\"textwidget custom-html-widget\"><div class=\"highlight\">\r\n<ul>\r\n<li>\r\n<strong>Tjenestereise:<\/strong> Send e-post p\u00e5 engelsk til <a href=\"mailto:visum@mfa.no\">visum@mfa.no<\/a> med detaljert beskrivelse av form\u00e5let med reisen og tidspunkt for inn- og utreise. <font color=\"#FF0000\">Manglende informasjon f\u00f8rer til lengre saksbehandlingstid, og i verste fall blir s\u00f8knaden avsl\u00e5tt.<\/font><\/li>\r\n\t<br>\r\n<li>\r\n<strong>For tjenestegj\u00f8ring: <\/strong> Send e-post med stilling\/tittel, antatt ankomstdato, lengde p\u00e5 tjenestegj\u00f8ringen, samt fullt navn og stilling\/tittel p\u00e5 forgjenger til <a href=\"mailto:visum@mfa.no\">visum@mfa.no<\/a> <font color=\"#FF0000\"> Husk \u00e5 ta med papirkopi av vedlegg til arbeidsavtale ved forflytning.<\/font><\/li>\r\n\t<br>\r\n<li>\r\nPasset m\u00e5 v\u00e6re gyldig i minst 6 m\u00e5neder p\u00e5 hjemreisedato, og passfoto til visums\u00f8knad skal ikke v\u00e6re eldre enn 6 m\u00e5neder. <font color=\"#FF0000\">Passet skal leveres sammen med s\u00f8knaden.<\/font><\/li>\r\n<br>\r\n<li>\r\nTo ganger fargekopi av bildesiden i passet m\u00e5 leveres sammen med s\u00f8knaden. <\/li>\r\n\r\n\r\n\r\n<\/ul>\r\n<\/div><\/div><\/section><section class=\"widget_text widget custom_html-5 widget_custom_html\"><h3>Kontakt<\/h3><div class=\"textwidget custom-html-widget\">Maya Hagen<br \/><br \/>\r\n\r\nvisum@mfa.no<br \/>\r\n+47 23 95 04 37<br \/>\r\nKronprinsens gate 10 (<a href=\"https:\/\/goo.gl\/maps\/X1jyMxFasizCat6F7\">Google Maps<\/a>)\r\n<br \/><br \/>\r\n<strong>Ekspedisjonstider<\/strong>\r\nEKSPEDISJONSTIDER FOR VISUM FREMG\u00c5R I BESTILLINGSPORTALEN. \r\nDet er ikke lengre mulig med drop-in, det m\u00e5 forh\u00e5ndsbestilles avtale. \r\n<br \/><br \/>\r\nSamleoversikt for informasjon til Det diplomatiske korps i Norge<br \/>\r\n<a href=\"https:\/\/www.regjeringen.no\/en\/dep\/ud\/about_mfa\/diplomatic_relations\/id447053\/\">Diplomatic relations<\/a> (regjeringen.no). \r\nOversikt over kontaktinformasjon til alle ambassader i Oslo ligger p\u00e5 samme siden<br \/><br \/>\r\n\r\n<\/div><\/section><section class=\"widget_text widget custom_html-3 widget_custom_html\"><h3>Se ogs\u00e5<\/h3><div class=\"textwidget custom-html-widget\"><a class=\"button\" href=\"https:\/\/teststeder.regjeringen.no\/visum\/retningslinjer\/\">Retningslinjer<\/a>  <a class=\"button\" href=\"https:\/\/teststeder.regjeringen.no\/visum\/sjekkliste\/\">Sjekkliste<\/a> <a class=\"button\" href=\"https:\/\/teststeder.regjeringen.no\/visum\/land\/\">Land<\/a> <a class=\"button\" href=\"https:\/\/ventus.enalog.se\/Booking\/Booking\/Index\/Utenriksdep\">Bestill timeavtale<\/a><\/div><\/section>\t<\/div>\n<\/div>\n<\/div><\/div>\n<div class=\"module module-was-this-helpful\">\n\t<div class=\"text-wrap\">\n\t\t<h2>Var dette nyttig?<\/h2>\n\t\t<form id=\"dekode-wth-form\">\n\t\t\t<button id=\"dekode-wth-yes\" class=\"button\" name=\"dekode-wth-feedback\" type=\"submit\"\n\t\t\t\t\tvalue=\"1\">Ja<\/button>\n\t\t\t<button id=\"dekode-wth-no\" class=\"button\" name=\"dekode-wth-feedback\" type=\"submit\"\n\t\t\t\t\tvalue=\"0\">Nei<\/button>\n\t\t\t<input type=\"hidden\" name=\"post_id\" value=\"635\"\/>\n\t\t<\/form>\n\t<\/div>\n<\/div>\n","protected":false},"excerpt":{"rendered":"<p>H\u00f8ykommisjonens nettside Representasjon: London (ambassaden kan ikke utstede visum) Visumkrav: Ja Visum ved ankomst: Ja (inntil 30 dagers opphold) Det &#8230;<\/p>\n","protected":false},"author":533,"featured_media":0,"parent":99,"menu_order":0,"comment_status":"closed","ping_status":"closed","template":"","meta":{"_acf_changed":false,"footnotes":""},"class_list":["post-635","page","type-page","status-publish","hentry"],"language":"nb-NO","acf":[],"_links":{"self":[{"href":"https:\/\/teststeder.regjeringen.no\/visum\/wp-json\/wp\/v2\/pages\/635","targetHints":{"allow":["GET"]}}],"collection":[{"href":"https:\/\/teststeder.regjeringen.no\/visum\/wp-json\/wp\/v2\/pages"}],"about":[{"href":"https:\/\/teststeder.regjeringen.no\/visum\/wp-json\/wp\/v2\/types\/page"}],"author":[{"embeddable":true,"href":"https:\/\/teststeder.regjeringen.no\/visum\/wp-json\/wp\/v2\/users\/533"}],"replies":[{"embeddable":true,"href":"https:\/\/teststeder.regjeringen.no\/visum\/wp-json\/wp\/v2\/comments?post=635"}],"version-history":[{"count":3,"href":"https:\/\/teststeder.regjeringen.no\/visum\/wp-json\/wp\/v2\/pages\/635\/revisions"}],"predecessor-version":[{"id":1993,"href":"https:\/\/teststeder.regjeringen.no\/visum\/wp-json\/wp\/v2\/pages\/635\/revisions\/1993"}],"up":[{"embeddable":true,"href":"https:\/\/teststeder.regjeringen.no\/visum\/wp-json\/wp\/v2\/pages\/99"}],"wp:attachment":[{"href":"https:\/\/teststeder.regjeringen.no\/visum\/wp-json\/wp\/v2\/media?parent=635"}],"curies":[{"name":"wp","href":"https:\/\/api.w.org\/{rel}","templated":true}]}}