{"id":727,"date":"2018-07-16T12:46:17","date_gmt":"2018-07-16T10:46:17","guid":{"rendered":"https:\/\/nettsteder.regjeringen.no\/visum\/?page_id=727"},"modified":"2022-05-10T08:18:37","modified_gmt":"2022-05-10T06:18:37","slug":"pakistan","status":"publish","type":"page","link":"https:\/\/teststeder.regjeringen.no\/visum\/land\/pakistan\/","title":{"rendered":"Pakistan"},"content":{"rendered":"<div id=\"module-0\" class=\"hogan-module hogan-module-text hogan-module-0 text-wrap\"><div class=\"hogan-module-inner clearfix\"><p><a class=\"button\" href=\"https:\/\/visa.nadra.gov.pk\/visa-abolition-list\/\" target=\"_blank\" rel=\"noopener\">Informasjon om visumfrihet for de som reiser med diplomat- og tjenestepass<\/a> <a class=\"button\" href=\"http:\/\/www.pakistanembassy.no\/\" target=\"_blank\" rel=\"noopener\">Ambassadens nettside<\/a><\/p><\/div><\/div><div id=\"module-1\" class=\"hogan-module hogan-module-dss_sidebar hogan-module-1\"><div class=\"hogan-module-inner\"><div class=\"columns sidebar-columns\">\n\t<div class=\"column text-wrap\">\n\t\t<p>Representasjon: Oslo<br \/>\nVisumkrav: Nei (inntil 90 dager for diplomatpass og offisielle pass)<br \/>\n<strong>Det er ikke n\u00f8dvendig med innreisevisum ved tjenestegj\u00f8ring<\/strong>.<br \/>\nVisum ved ankomst: Nei<\/p>\n<p>&nbsp;<\/p>\n<p>Det er kommet ny informasjon fra pakistanske myndigheter (via v\u00e5r ambassade i Islamabad) om at alle diplomater som skal tjenestegj\u00f8re ved v\u00e5r ambassade i Islamabad m\u00e5 fylle ut et eget registreringsskjema (se lenket til nedenfor). Det skal ogs\u00e5 v\u00e6re et skjema for hvert av familiemedlemmene som f\u00f8lger tjenestemannen.<\/p>\n<p>Disse skjemaene m\u00e5 sendes til den norske ambassade i Islamabad minst seks uker f\u00f8r ankomst, helst enda tidligere. Dette vil starte opp prosessen med \u00e5 bli tilmeldt.<\/p>\n<p><em>Hverken den pakistanske ambassaden i Oslo eller Diplomatseksjonen i Utenriksdepartementet er\u00a0 involvert i prosessen med disse tilmeldingsskjemaene.\u00a0<\/em><\/p>\n<p>&laquo;You are requested to kindly find attached \u2018<strong>Arrival Notification Form<\/strong>\u2019. It is to be typed (not hand written).<\/p>\n<p><a class=\"button\" href=\"https:\/\/files.teststeder.regjeringen.no\/wpuploads01\/blogs.dir\/313\/files\/2019\/06\/Arrival-Notification-Form-Pakistan.docx\" target=\"_blank\" rel=\"noopener\">Arrival Notification Form &#8211; Pakistan<\/a><\/p>\n<p>Kindly fill it in, scan and send back to the Embassy well in time. The Embassy must send this form to the Pakistani MFA, <strong>six weeks<\/strong> prior to the arrival of the diplomats and their dependents (spouse and children).<\/p>\n<p>&nbsp;<\/p>\n<p>Once you are in Pakistan, within a week, you will fill in accreditation card form (diplomatic card). The Embassy will also send a note verbale informing MFA of your arrival.<\/p>\n<p>The Embassy will give you the accreditation card form and the guidelines to fill it in, once you reach Pakistan.<\/p>\n<p>It will take approx. 4 weeks to get accreditation. Once it is ready, the embassy will be informed.<\/p>\n<p>Authorized person from the Embassy will visit the MFA on designated days\/time, will take along diplomatic passport. Accreditation card will be given to the authorized person and a registration stamp will be stamped in the passport.<\/p>\n<p>&nbsp;<\/p>\n<p>Accreditation card and the registration stamp on the passport will work as visa to Pakistan and would be required to enter and exit the country.<\/p>\n<p>Accreditation card will be valid for 2 years. Afterwards, it is extendable on yearly basis.<\/p>\n<p>Accreditation cards will also be issued to the accompanying family members. (Member of family means spouse and children).<\/p>\n<p>&nbsp;<\/p>\n<p>All efforts must be made to lodge application of the family who plan to accompany with the Principal person (diplomat).&raquo;<\/p>\n<p>&nbsp;<\/p>\t<\/div>\n\t<div class=\"column text-wrap\">\n\t\t<section class=\"widget_text widget custom_html-7 widget_custom_html\"><div class=\"textwidget custom-html-widget\"><a class=\"button\" href=\"https:\/\/ventus.enalog.se\/Booking\/Booking\/Index\/Utenriksdep\" target=\"_blank\" rel=\"noopener\">Bestill timeavtale<\/a><\/div><\/section><section class=\"widget_text widget custom_html-4 widget_custom_html\"><h3>Merknader<\/h3><div class=\"textwidget custom-html-widget\"><div class=\"highlight\">\r\n<ul>\r\n<li>\r\n<strong>Tjenestereise:<\/strong> Send e-post p\u00e5 engelsk til <a href=\"mailto:visum@mfa.no\">visum@mfa.no<\/a> med detaljert beskrivelse av form\u00e5let med reisen og tidspunkt for inn- og utreise. <font color=\"#FF0000\">Manglende informasjon f\u00f8rer til lengre saksbehandlingstid, og i verste fall blir s\u00f8knaden avsl\u00e5tt.<\/font><\/li>\r\n\t<br>\r\n<li>\r\n<strong>For tjenestegj\u00f8ring: <\/strong> Send e-post med stilling\/tittel, antatt ankomstdato, lengde p\u00e5 tjenestegj\u00f8ringen, samt fullt navn og stilling\/tittel p\u00e5 forgjenger til <a href=\"mailto:visum@mfa.no\">visum@mfa.no<\/a> <font color=\"#FF0000\"> Husk \u00e5 ta med papirkopi av vedlegg til arbeidsavtale ved forflytning.<\/font><\/li>\r\n\t<br>\r\n<li>\r\nPasset m\u00e5 v\u00e6re gyldig i minst 6 m\u00e5neder p\u00e5 hjemreisedato, og passfoto til visums\u00f8knad skal ikke v\u00e6re eldre enn 6 m\u00e5neder. <font color=\"#FF0000\">Passet skal leveres sammen med s\u00f8knaden.<\/font><\/li>\r\n<br>\r\n<li>\r\nTo ganger fargekopi av bildesiden i passet m\u00e5 leveres sammen med s\u00f8knaden. <\/li>\r\n\r\n\r\n\r\n<\/ul>\r\n<\/div><\/div><\/section><section class=\"widget_text widget custom_html-5 widget_custom_html\"><h3>Kontakt<\/h3><div class=\"textwidget custom-html-widget\">Maya Hagen<br \/><br \/>\r\n\r\nvisum@mfa.no<br \/>\r\n+47 23 95 04 37<br \/>\r\nKronprinsens gate 10 (<a href=\"https:\/\/goo.gl\/maps\/X1jyMxFasizCat6F7\">Google Maps<\/a>)\r\n<br \/><br \/>\r\n<strong>Ekspedisjonstider<\/strong>\r\nEKSPEDISJONSTIDER FOR VISUM FREMG\u00c5R I BESTILLINGSPORTALEN. \r\nDet er ikke lengre mulig med drop-in, det m\u00e5 forh\u00e5ndsbestilles avtale. \r\n<br \/><br \/>\r\nSamleoversikt for informasjon til Det diplomatiske korps i Norge<br \/>\r\n<a href=\"https:\/\/www.regjeringen.no\/en\/dep\/ud\/about_mfa\/diplomatic_relations\/id447053\/\">Diplomatic relations<\/a> (regjeringen.no). \r\nOversikt over kontaktinformasjon til alle ambassader i Oslo ligger p\u00e5 samme siden<br \/><br \/>\r\n\r\n<\/div><\/section><section class=\"widget_text widget custom_html-3 widget_custom_html\"><h3>Se ogs\u00e5<\/h3><div class=\"textwidget custom-html-widget\"><a class=\"button\" href=\"https:\/\/teststeder.regjeringen.no\/visum\/retningslinjer\/\">Retningslinjer<\/a>  <a class=\"button\" href=\"https:\/\/teststeder.regjeringen.no\/visum\/sjekkliste\/\">Sjekkliste<\/a> <a class=\"button\" href=\"https:\/\/teststeder.regjeringen.no\/visum\/land\/\">Land<\/a> <a class=\"button\" href=\"https:\/\/ventus.enalog.se\/Booking\/Booking\/Index\/Utenriksdep\">Bestill timeavtale<\/a><\/div><\/section>\t<\/div>\n<\/div>\n<\/div><\/div>\n<div class=\"module module-was-this-helpful\">\n\t<div class=\"text-wrap\">\n\t\t<h2>Var dette nyttig?<\/h2>\n\t\t<form id=\"dekode-wth-form\">\n\t\t\t<button id=\"dekode-wth-yes\" class=\"button\" name=\"dekode-wth-feedback\" type=\"submit\"\n\t\t\t\t\tvalue=\"1\">Ja<\/button>\n\t\t\t<button id=\"dekode-wth-no\" class=\"button\" name=\"dekode-wth-feedback\" type=\"submit\"\n\t\t\t\t\tvalue=\"0\">Nei<\/button>\n\t\t\t<input type=\"hidden\" name=\"post_id\" value=\"727\"\/>\n\t\t<\/form>\n\t<\/div>\n<\/div>\n","protected":false},"excerpt":{"rendered":"<p>Informasjon om visumfrihet for de som reiser med diplomat- og tjenestepass Ambassadens nettside Representasjon: Oslo Visumkrav: Nei (inntil 90 dager &#8230;<\/p>\n","protected":false},"author":533,"featured_media":0,"parent":99,"menu_order":0,"comment_status":"closed","ping_status":"closed","template":"","meta":{"_acf_changed":false,"footnotes":""},"class_list":["post-727","page","type-page","status-publish","hentry"],"language":"nb-NO","acf":[],"_links":{"self":[{"href":"https:\/\/teststeder.regjeringen.no\/visum\/wp-json\/wp\/v2\/pages\/727","targetHints":{"allow":["GET"]}}],"collection":[{"href":"https:\/\/teststeder.regjeringen.no\/visum\/wp-json\/wp\/v2\/pages"}],"about":[{"href":"https:\/\/teststeder.regjeringen.no\/visum\/wp-json\/wp\/v2\/types\/page"}],"author":[{"embeddable":true,"href":"https:\/\/teststeder.regjeringen.no\/visum\/wp-json\/wp\/v2\/users\/533"}],"replies":[{"embeddable":true,"href":"https:\/\/teststeder.regjeringen.no\/visum\/wp-json\/wp\/v2\/comments?post=727"}],"version-history":[{"count":4,"href":"https:\/\/teststeder.regjeringen.no\/visum\/wp-json\/wp\/v2\/pages\/727\/revisions"}],"predecessor-version":[{"id":2626,"href":"https:\/\/teststeder.regjeringen.no\/visum\/wp-json\/wp\/v2\/pages\/727\/revisions\/2626"}],"up":[{"embeddable":true,"href":"https:\/\/teststeder.regjeringen.no\/visum\/wp-json\/wp\/v2\/pages\/99"}],"wp:attachment":[{"href":"https:\/\/teststeder.regjeringen.no\/visum\/wp-json\/wp\/v2\/media?parent=727"}],"curies":[{"name":"wp","href":"https:\/\/api.w.org\/{rel}","templated":true}]}}