{"id":783,"date":"2018-07-16T12:51:05","date_gmt":"2018-07-16T10:51:05","guid":{"rendered":"https:\/\/nettsteder.regjeringen.no\/visum\/?page_id=783"},"modified":"2018-09-28T14:35:12","modified_gmt":"2018-09-28T12:35:12","slug":"rwanda","status":"publish","type":"page","link":"https:\/\/teststeder.regjeringen.no\/visum\/land\/rwanda\/","title":{"rendered":"Rwanda"},"content":{"rendered":"<div id=\"module-0\" class=\"hogan-module hogan-module-text hogan-module-0 text-wrap\"><div class=\"hogan-module-inner clearfix\"><p><a class=\"button\" href=\"...https:\/\/www.migration.gov.rw\/fileadmin\/templates\/PDF_files\/permits\/visa_permit_application_form_pdf.pdf\" target=\"_blank\" rel=\"noopener\">S\u00f8knadsskjema<\/a> <a class=\"button\" href=\"https:\/\/rwandaembassy.se\/visa-and-consular-matters\/visa-application\/\" target=\"_blank\" rel=\"noopener\">Ambassadens nettside<\/a><\/p><\/div><\/div><div id=\"module-1\" class=\"hogan-module hogan-module-dss_sidebar hogan-module-1\"><div class=\"hogan-module-inner\"><div class=\"columns sidebar-columns\">\n\t<div class=\"column text-wrap\">\n\t\t<p>Representasjon: Stockholm<br \/>\nVisumkrav: Ja<br \/>\nVisum ved ankomst: <strong>JA<\/strong><\/p>\n<p>Rwandas ambassade i Stockholm har lagt ut f\u00f8lgende informasjon p\u00e5 sin hjemmeside<\/p>\n<p>Effective\u00a0<strong>January 1, 2018<\/strong>, citizens of\u00a0<strong>ALL Countries<\/strong>\u00a0in the world can receive v<strong>isas on arrival<\/strong>\u00a0at any entry point in Rwanda. Note that holders of Alien passports\/Travel documents ( Fr\u00e4mingspass in Swedish) will still need to apply for a visa before traveling to Rwanda). Only Single entry visas can be issued on arrival. East African Visas still have to be applied for in advance either online or through the Embassy.<\/p>\n<p>Dette tilsier at det ikke er behov \u00e5 s\u00f8ke visum p\u00e5 forh\u00e5nd, og at man kan ordne visum p\u00e5 flyplassen etter ankomst. Det anbefales at man ordner visum selv etter ankomst.<\/p>\n<p>&nbsp;<\/p>\n<p>Innformasjonen nedenfor blir st\u00e5ende inntil videre, men man kan se bort fra disse kravene for visum.<\/p>\n<ul>\n<li>Skjema fylles ut i 1 eks.<\/li>\n<li>Alle rubrikker i skjemaet m\u00e5 fylles ut, evt. med N\/A dersom ingenting passer.<\/li>\n<\/ul>\n<h2>Bilder<\/h2>\n<ul>\n<li>1 passfoto i farger med hvit bakgrunn.<\/li>\n<li><strong>Passfoto skal limes p\u00e5 skjemaet.<\/strong><\/li>\n<li>Papirkopi\/utskrift\/skannet er ikke akseptabelt.<\/li>\n<\/ul>\n<p>Behandlingstid ved ambassaden: ca. 2 uker<br \/>\nI tillegg til behandlingstiden nevnt over, m\u00e5 det legges til ca. to dager i postgang hver vei for visumutstedende ambassader som befinner seg utenfor Norge.<\/p>\t<\/div>\n\t<div class=\"column text-wrap\">\n\t\t<section class=\"widget_text widget custom_html-7 widget_custom_html\"><div class=\"textwidget custom-html-widget\"><a class=\"button\" href=\"https:\/\/ventus.enalog.se\/Booking\/Booking\/Index\/Utenriksdep\" target=\"_blank\" rel=\"noopener\">Bestill timeavtale<\/a><\/div><\/section><section class=\"widget_text widget custom_html-4 widget_custom_html\"><h3>Merknader<\/h3><div class=\"textwidget custom-html-widget\"><div class=\"highlight\">\r\n<ul>\r\n<li>\r\n<strong>Tjenestereise:<\/strong> Send e-post p\u00e5 engelsk til <a href=\"mailto:visum@mfa.no\">visum@mfa.no<\/a> med detaljert beskrivelse av form\u00e5let med reisen og tidspunkt for inn- og utreise. <font color=\"#FF0000\">Manglende informasjon f\u00f8rer til lengre saksbehandlingstid, og i verste fall blir s\u00f8knaden avsl\u00e5tt.<\/font><\/li>\r\n\t<br>\r\n<li>\r\n<strong>For tjenestegj\u00f8ring: <\/strong> Send e-post med stilling\/tittel, antatt ankomstdato, lengde p\u00e5 tjenestegj\u00f8ringen, samt fullt navn og stilling\/tittel p\u00e5 forgjenger til <a href=\"mailto:visum@mfa.no\">visum@mfa.no<\/a> <font color=\"#FF0000\"> Husk \u00e5 ta med papirkopi av vedlegg til arbeidsavtale ved forflytning.<\/font><\/li>\r\n\t<br>\r\n<li>\r\nPasset m\u00e5 v\u00e6re gyldig i minst 6 m\u00e5neder p\u00e5 hjemreisedato, og passfoto til visums\u00f8knad skal ikke v\u00e6re eldre enn 6 m\u00e5neder. <font color=\"#FF0000\">Passet skal leveres sammen med s\u00f8knaden.<\/font><\/li>\r\n<br>\r\n<li>\r\nTo ganger fargekopi av bildesiden i passet m\u00e5 leveres sammen med s\u00f8knaden. <\/li>\r\n\r\n\r\n\r\n<\/ul>\r\n<\/div><\/div><\/section><section class=\"widget_text widget custom_html-5 widget_custom_html\"><h3>Kontakt<\/h3><div class=\"textwidget custom-html-widget\">Maya Hagen<br \/><br \/>\r\n\r\nvisum@mfa.no<br \/>\r\n+47 23 95 04 37<br \/>\r\nKronprinsens gate 10 (<a href=\"https:\/\/goo.gl\/maps\/X1jyMxFasizCat6F7\">Google Maps<\/a>)\r\n<br \/><br \/>\r\n<strong>Ekspedisjonstider<\/strong>\r\nEKSPEDISJONSTIDER FOR VISUM FREMG\u00c5R I BESTILLINGSPORTALEN. \r\nDet er ikke lengre mulig med drop-in, det m\u00e5 forh\u00e5ndsbestilles avtale. \r\n<br \/><br \/>\r\nSamleoversikt for informasjon til Det diplomatiske korps i Norge<br \/>\r\n<a href=\"https:\/\/www.regjeringen.no\/en\/dep\/ud\/about_mfa\/diplomatic_relations\/id447053\/\">Diplomatic relations<\/a> (regjeringen.no). \r\nOversikt over kontaktinformasjon til alle ambassader i Oslo ligger p\u00e5 samme siden<br \/><br \/>\r\n\r\n<\/div><\/section><section class=\"widget_text widget custom_html-3 widget_custom_html\"><h3>Se ogs\u00e5<\/h3><div class=\"textwidget custom-html-widget\"><a class=\"button\" href=\"https:\/\/teststeder.regjeringen.no\/visum\/retningslinjer\/\">Retningslinjer<\/a>  <a class=\"button\" href=\"https:\/\/teststeder.regjeringen.no\/visum\/sjekkliste\/\">Sjekkliste<\/a> <a class=\"button\" href=\"https:\/\/teststeder.regjeringen.no\/visum\/land\/\">Land<\/a> <a class=\"button\" href=\"https:\/\/ventus.enalog.se\/Booking\/Booking\/Index\/Utenriksdep\">Bestill timeavtale<\/a><\/div><\/section>\t<\/div>\n<\/div>\n<\/div><\/div>\n<div class=\"module module-was-this-helpful\">\n\t<div class=\"text-wrap\">\n\t\t<h2>Var dette nyttig?<\/h2>\n\t\t<form id=\"dekode-wth-form\">\n\t\t\t<button id=\"dekode-wth-yes\" class=\"button\" name=\"dekode-wth-feedback\" type=\"submit\"\n\t\t\t\t\tvalue=\"1\">Ja<\/button>\n\t\t\t<button id=\"dekode-wth-no\" class=\"button\" name=\"dekode-wth-feedback\" type=\"submit\"\n\t\t\t\t\tvalue=\"0\">Nei<\/button>\n\t\t\t<input type=\"hidden\" name=\"post_id\" value=\"783\"\/>\n\t\t<\/form>\n\t<\/div>\n<\/div>\n","protected":false},"excerpt":{"rendered":"<p>S\u00f8knadsskjema Ambassadens nettside Representasjon: Stockholm Visumkrav: Ja Visum ved ankomst: JA Rwandas ambassade i Stockholm har lagt ut f\u00f8lgende informasjon &#8230;<\/p>\n","protected":false},"author":533,"featured_media":0,"parent":99,"menu_order":0,"comment_status":"closed","ping_status":"closed","template":"","meta":{"_acf_changed":false,"footnotes":""},"class_list":["post-783","page","type-page","status-publish","hentry"],"language":"nb-NO","acf":[],"_links":{"self":[{"href":"https:\/\/teststeder.regjeringen.no\/visum\/wp-json\/wp\/v2\/pages\/783","targetHints":{"allow":["GET"]}}],"collection":[{"href":"https:\/\/teststeder.regjeringen.no\/visum\/wp-json\/wp\/v2\/pages"}],"about":[{"href":"https:\/\/teststeder.regjeringen.no\/visum\/wp-json\/wp\/v2\/types\/page"}],"author":[{"embeddable":true,"href":"https:\/\/teststeder.regjeringen.no\/visum\/wp-json\/wp\/v2\/users\/533"}],"replies":[{"embeddable":true,"href":"https:\/\/teststeder.regjeringen.no\/visum\/wp-json\/wp\/v2\/comments?post=783"}],"version-history":[{"count":5,"href":"https:\/\/teststeder.regjeringen.no\/visum\/wp-json\/wp\/v2\/pages\/783\/revisions"}],"predecessor-version":[{"id":1779,"href":"https:\/\/teststeder.regjeringen.no\/visum\/wp-json\/wp\/v2\/pages\/783\/revisions\/1779"}],"up":[{"embeddable":true,"href":"https:\/\/teststeder.regjeringen.no\/visum\/wp-json\/wp\/v2\/pages\/99"}],"wp:attachment":[{"href":"https:\/\/teststeder.regjeringen.no\/visum\/wp-json\/wp\/v2\/media?parent=783"}],"curies":[{"name":"wp","href":"https:\/\/api.w.org\/{rel}","templated":true}]}}