{"id":93,"date":"2018-06-06T13:58:57","date_gmt":"2018-06-06T11:58:57","guid":{"rendered":"https:\/\/nettsteder.regjeringen.no\/visum\/?page_id=93"},"modified":"2024-04-24T14:07:19","modified_gmt":"2024-04-24T12:07:19","slug":"hvem-er-visumsoker","status":"publish","type":"page","link":"https:\/\/teststeder.regjeringen.no\/visum\/hvem-er-visumsoker\/","title":{"rendered":"Hvem er visums\u00f8ker?"},"content":{"rendered":"<div id=\"module-0\" class=\"hogan-module hogan-module-dss_sidebar hogan-module-0\"><div class=\"hogan-module-inner\"><div class=\"columns sidebar-columns\">\n\t<div class=\"column text-wrap\">\n\t\t<p>Det er s\u00f8keren som er ansvarlig for at s\u00f8knadskravene er fulgt; at skjemaer er komplett utfylt (husk underskrift!), bilder er festet til s\u00f8knadsskjemaet som anvist, pass er gyldig, evt. vaksiner eller annet er dokumentert og at s\u00f8knaden er samkj\u00f8rt med evt. andre reisende. S\u00f8knadsskjemaene er stort sett lenket til eksterne nettsider (Utenriksdepartementet ved Diplomatseksjonen er ikke ansvarlig for innhold p\u00e5 eksterne lenker eller at lenkene endres).<\/p>\n<h2>Tidkrevende<\/h2>\n<p>Innhenting av visum er en tidkrevende prosess som krever n\u00f8yaktighet hos alle involverte, spesielt den som faktisk skal ut \u00e5 reise. \u00c5 innhente visum involverer deg (som reisende), dine n\u00e6re kolleger, kolleger i andre fagseksjoner, andre offentlige etater, Diplomatseksjonen, Biltjenesten, DHL, v\u00e5re ambassader rundt i Europa og visumutstedende ambassade\/konsulat. Det sier seg selv at alt m\u00e5 v\u00e6re p\u00e5 plass for at dette skal g\u00e5 i orden. En reise best\u00e5r ofte av flere personer enn bare deg selv, det er viktig at alle visums\u00f8knader koordineres slik at alle som skal p\u00e5 samme tur, s\u00f8ker om visum samtidig (selv om man ikke reiser samme dag eller p\u00e5 samme fly). Alle er ansvarlige for at dette koordineres.<\/p>\n<h2>N\u00f8yaktighet<\/h2>\n<p>S\u00f8knader som leveres Diplomatseksjonen uten \u00e5 v\u00e6re 100% komplett, returneres s\u00f8ker for korrigering. Dette vil forsinke prosessen og kan f\u00f8re til at visum ikke blir utstedt innen planlagt avreise. Diplomatseksjonen kan ikke bist\u00e5 med utfylling av skjemaer og har ikke kapasitet til \u00e5 korrigere\/komplettere skjemaer p\u00e5 vegne av den reisende.<\/p>\n<h2>Sikkerhetskopi<\/h2>\n<p>Ta alltid en kopi av s\u00f8knadsdokumentene, som du beholder til visum er utstedt.<\/p>\n<h2>Skal du til flere land rett etter hverandre?<\/h2>\n<p>Dersom du skal reise til mange land rett etter hverandre og visum m\u00e5 innhentes til flere av disse, kan det v\u00e6re lurt \u00e5 ha mer enn ett pass.<\/p>\n<p><strong>Dersom du trenger passet til andre reiser f\u00f8r du reiser til det landet du har s\u00f8kt om visum til, m\u00e5 du informere Diplomatseksjonen om det i god tid. Det er for sent \u00e5 nevne dette dagen f\u00f8r du trenger passet.<\/strong><b><\/b><\/p>\n<p><strong>S\u00f8rg for \u00e5 ha kopi av alle passene dine p\u00e5 kontoret eller p\u00e5 forv\u00e6relset. Du m\u00e5 selv ha oversikt over hvilket pass som er benyttet i de forskjellige visums\u00f8knadene. Diplomatseksjonen har ikke oversikt over passdetaljer p\u00e5 pass som er sendt med visums\u00f8knader.<\/strong><\/p>\t<\/div>\n\t<div class=\"column text-wrap\">\n\t\t<section class=\"widget text-2 widget_text\"><h3>Kontakt<\/h3>\t\t\t<div class=\"textwidget\"><p><a class=\"button\" href=\"https:\/\/ventus.enalog.se\/Booking\/Booking\/Index\/Utenriksdep\" target=\"_blank\" rel=\"noopener\">Bestill timeavtale<\/a><\/p>\n<p>Maya Hagen<\/p>\n<p><a href=\"mailto:visum@mfa.no\">visum@mfa.no<\/a><br \/>\n+47 23 95 04 37<br \/>\nKronprinsens gate 10 (<a href=\"https:\/\/www.google.com\/maps\/dir\/59.9139418,10.7284554\/Legalisering+-+Seksjon+for+konsul%C3%A6re+saker,+Kronprinsens+gate,+Oslo\/@59.9138054,10.7279272,261a,35y,270h\/data=!3m1!1e3!4m9!4m8!1m0!1m5!1m1!1s0x46416e7fd7691d85:0x75e34f8fa951ed19!2m2!1d10.72745!2d59.9141851!3e2\" target=\"_blank\" rel=\"noopener\">Google Maps<\/a>)<\/p>\n<p><strong>Ekspedisjonstider<\/strong><br \/>\nEKSPEDISJONSTIDER FOR VISUM G\u00c5R FREM AV AVTALEBESTILLING.<\/p>\n<p>Det er ikke lengre mulig med drop-in. Det skal forh\u00e5ndsbestilles avtale.<\/p>\n<p><strong>Samleoversikt for informasjon til Det diplomatiske korps i Norge<\/strong><br \/>\n<a href=\"https:\/\/www.regjeringen.no\/en\/dep\/ud\/about_mfa\/diplomatic_relations\/id447053\/\">Diplomatic relations<\/a> (regjeringen.no)<\/p>\n<p><strong>Oversikt over kontaktinformasjon til alle ambassader i Oslo ligger p\u00e5 samme siden<\/strong><\/p>\n<p>&nbsp;<\/p>\n<\/div>\n\t\t<\/section>\t<\/div>\n<\/div>\n<\/div><\/div>\n<div class=\"module module-was-this-helpful\">\n\t<div class=\"text-wrap\">\n\t\t<h2>Var dette nyttig?<\/h2>\n\t\t<form id=\"dekode-wth-form\">\n\t\t\t<button id=\"dekode-wth-yes\" class=\"button\" name=\"dekode-wth-feedback\" type=\"submit\"\n\t\t\t\t\tvalue=\"1\">Ja<\/button>\n\t\t\t<button id=\"dekode-wth-no\" class=\"button\" name=\"dekode-wth-feedback\" type=\"submit\"\n\t\t\t\t\tvalue=\"0\">Nei<\/button>\n\t\t\t<input type=\"hidden\" name=\"post_id\" value=\"93\"\/>\n\t\t<\/form>\n\t<\/div>\n<\/div>\n","protected":false},"excerpt":{"rendered":"<p>Det er du som s\u00f8ker om visum, og ikke Diplomatseksjonen. Diplomatseksjonen bist\u00e5r med noten, levering av s\u00f8knaden til ambassade og &#8230;<\/p>\n","protected":false},"author":533,"featured_media":0,"parent":0,"menu_order":0,"comment_status":"closed","ping_status":"closed","template":"","meta":{"_acf_changed":false,"footnotes":""},"class_list":["post-93","page","type-page","status-publish","hentry"],"language":"nb-NO","acf":[],"_links":{"self":[{"href":"https:\/\/teststeder.regjeringen.no\/visum\/wp-json\/wp\/v2\/pages\/93","targetHints":{"allow":["GET"]}}],"collection":[{"href":"https:\/\/teststeder.regjeringen.no\/visum\/wp-json\/wp\/v2\/pages"}],"about":[{"href":"https:\/\/teststeder.regjeringen.no\/visum\/wp-json\/wp\/v2\/types\/page"}],"author":[{"embeddable":true,"href":"https:\/\/teststeder.regjeringen.no\/visum\/wp-json\/wp\/v2\/users\/533"}],"replies":[{"embeddable":true,"href":"https:\/\/teststeder.regjeringen.no\/visum\/wp-json\/wp\/v2\/comments?post=93"}],"version-history":[{"count":3,"href":"https:\/\/teststeder.regjeringen.no\/visum\/wp-json\/wp\/v2\/pages\/93\/revisions"}],"predecessor-version":[{"id":2976,"href":"https:\/\/teststeder.regjeringen.no\/visum\/wp-json\/wp\/v2\/pages\/93\/revisions\/2976"}],"wp:attachment":[{"href":"https:\/\/teststeder.regjeringen.no\/visum\/wp-json\/wp\/v2\/media?parent=93"}],"curies":[{"name":"wp","href":"https:\/\/api.w.org\/{rel}","templated":true}]}}