{"id":20,"date":"2023-03-20T14:53:16","date_gmt":"2023-03-20T13:53:16","guid":{"rendered":"https:\/\/nettsteder.regjeringen.no\/voldtektsutvalget\/?page_id=20"},"modified":"2024-01-11T10:05:02","modified_gmt":"2024-01-11T09:05:02","slug":"mandat","status":"publish","type":"page","link":"https:\/\/teststeder.regjeringen.no\/voldtektsutvalget\/mandat\/","title":{"rendered":"Mandat"},"content":{"rendered":"\n<p>M\u00e5let med utredningen er \u00e5 styrke arbeidet for \u00e5 forebygge og bekjempe voldtekt og bidra til at utsatte f\u00e5r et tilpasset og helhetlig tilbud om bistand og oppf\u00f8lging. Utredningen skal ha et gjennomg\u00e5ende kj\u00f8nnsperspektiv.<\/p>\n\n\n\n<p>Utvalget skal f\u00f8lge kravene i utredningsinstruksen, herunder f\u00e5 frem hva som er problemet og alternative tiltak i tr\u00e5d med de f\u00f8ringer som f\u00f8lger av det videre mandat.<\/p>\n\n\n\n<p>Utvalget skal:<\/p>\n\n\n\n<ul class=\"wp-block-list is-layout-flow wp-block-list-is-layout-flow\">\n<li>Dr\u00f8fte \u00e5rsakene til voldtekt<\/li>\n\n\n\n<li>Dr\u00f8fte \u00e5rsaken(e) til at f\u00e5 anmelder voldtekt, og foresl\u00e5 tiltak for at flere anmelder, s\u00e6rlig grupper som i liten grad opps\u00f8ker hjelp (personer med ulike typer funksjonshemminger, menn, ungdom og personer med minoritetsbakgrunn)<\/li>\n\n\n\n<li>Dr\u00f8fte \u00e5rsaken(e) til at antallet saker om seksuallovbrudd har \u00f8kt<\/li>\n\n\n\n<li>Vurdere politi og p\u00e5talemyndighetens h\u00e5ndtering av voldtektssaker, herunder saksbehandlingstider, henleggelser, oppklaringsprosent mv.<\/li>\n\n\n\n<li>Vurdere det forebyggende arbeidet mot voldtekt av barn, ungdom og voksne og foresl\u00e5 tiltak for \u00e5 styrke den forebyggende innsatsen. Tiltakene skal ha et mangfoldsperspektiv.<\/li>\n\n\n\n<li>Vurdere tiltak for \u00e5 forebygge at unge beg\u00e5r overgrep mot andre barn og unge<\/li>\n\n\n\n<li>Vurdere det akutte og det mer langsiktige helse- og omsorgstilbudet til voldtektsutsatte barn og voksne og foresl\u00e5 tiltak for \u00e5 styrke tilbudet, herunder tiltak for \u00e5 \u00f8ke kompetansen om vold i et mangfoldsperspektiv hos ansatte.<\/li>\n\n\n\n<li>Utvalget skal vurdere behov for ny kunnskap<\/li>\n\n\n\n<li>Utvalget skal nedsette en referansegruppe med medlemmer fra brukergrupper, frivillige organisasjoner og personer med minoritets og urfolks bakgrunn.<\/li>\n<\/ul>\n\n\n\n<p><a href=\"https:\/\/teststeder.regjeringen.no\/voldtektsutvalget\/mandat\/\">Vis side<\/a><\/p>\n\n\n\n<p>Utvalget skal legge vekt p\u00e5 tidligere og p\u00e5g\u00e5ende arbeider med relevans for problemstillingen, herunder;<\/p>\n\n\n\n<ul class=\"wp-block-list is-layout-flow wp-block-list-is-layout-flow\">\n<li>Nasjonalt Kunnskapssenter om vold og traumatisk stress (NKVTS) landsomfattende omfangsunders\u00f8kelse om vold og overgrep\/voldtekt som ferdigstilles ved \u00e5rsskiftet 2022\/2023<\/li>\n\n\n\n<li>Statusgjennomgang av handlingsplanen mot voldtekt (2019-2022) som skal gjennomf\u00f8res v\u00e5ren 2023.<\/li>\n\n\n\n<li>Det p\u00e5g\u00e5ende arbeidet med en opptrappingsplan mot vold og overgrep mot barn og vold i n\u00e6re relasjoner. Regjeringen tar sikte p\u00e5 \u00e5 legge frem opptrappingsplanen h\u00f8sten 2023.<\/li>\n\n\n\n<li>Nasjonale kvalitetsunders\u00f8kelser for saksomr\u00e5det voldtekt gjennomf\u00f8rt p\u00e5 oppdrag fra Riksadvokaten<\/li>\n\n\n\n<li>Evalueringen av sentrene mot incest og seksuelle overgrep (NOVA rapport 16\/17)<\/li>\n\n\n\n<li>Straffelovr\u00e5dets gjennomgang av straffelovens bestemmelser om seksuelle krenkelser (NOU 2022: 21&nbsp;<em>Strafferettslig vern av den seksuelle selvbestemmelsesretten<\/em>)<\/li>\n\n\n\n<li>Annen relevant forskning p\u00e5 omr\u00e5det<\/li>\n<\/ul>\n\n\n\n<h2 class=\"wp-block-heading\">\u00d8konomiske og administrative konsekvenser<\/h2>\n\n\n\n<p>Utvalget skal vurdere hvordan tiltak kan gjennomf\u00f8res innenfor dagens ressursbruk i sektoren, og vurdere de \u00f8konomiske og administrative, og andre vesentlige konsekvenser p\u00e5 kort og lang sikt, i samsvar med utredningsinstruksen.<\/p>\n\n\n\n<h2 class=\"wp-block-heading\">Tidsavgrensning og rapport<\/h2>\n\n\n\n<p>Utvalget skal levere en NOU innen medio mars 2024.<\/p>\n\n\n\n<p>Rapporten vil oppsummere utvalgets funn og skal inneholde anbefalinger om innretning p\u00e5 det forebyggende arbeidet samt hvordan h\u00e5ndteringen av voldtekt i straffesakskjeden og i helse.- og omsorgssektoren kan forbedres. Utvalget kan ogs\u00e5 fremme andre relevante tiltak dersom det vurderes \u00e5 v\u00e6re hensiktsmessig.<\/p>\n","protected":false},"excerpt":{"rendered":"<p>M\u00e5let med utredningen er \u00e5 styrke arbeidet for \u00e5 forebygge og bekjempe voldtekt og bidra til at utsatte f\u00e5r et tilpasset og helhetlig tilbud om bistand og oppf\u00f8lging. Utredningen skal ha et gjennomg\u00e5ende kj\u00f8nnsperspektiv. Utvalget skal f\u00f8lge kravene i utredningsinstruksen, herunder f\u00e5 frem hva som er problemet og alternative tiltak i tr\u00e5d med de f\u00f8ringer\u2026<\/p>\n","protected":false},"author":2877,"featured_media":0,"parent":0,"menu_order":0,"comment_status":"closed","ping_status":"closed","template":"","meta":{"dss_simple_post_excerpt":"","dss_show_featured_image":true,"footnotes":""},"class_list":["post-20","page","type-page","status-publish","hentry"],"language":"nb-NO","_links":{"self":[{"href":"https:\/\/teststeder.regjeringen.no\/voldtektsutvalget\/wp-json\/wp\/v2\/pages\/20","targetHints":{"allow":["GET"]}}],"collection":[{"href":"https:\/\/teststeder.regjeringen.no\/voldtektsutvalget\/wp-json\/wp\/v2\/pages"}],"about":[{"href":"https:\/\/teststeder.regjeringen.no\/voldtektsutvalget\/wp-json\/wp\/v2\/types\/page"}],"author":[{"embeddable":true,"href":"https:\/\/teststeder.regjeringen.no\/voldtektsutvalget\/wp-json\/wp\/v2\/users\/2877"}],"replies":[{"embeddable":true,"href":"https:\/\/teststeder.regjeringen.no\/voldtektsutvalget\/wp-json\/wp\/v2\/comments?post=20"}],"version-history":[{"count":3,"href":"https:\/\/teststeder.regjeringen.no\/voldtektsutvalget\/wp-json\/wp\/v2\/pages\/20\/revisions"}],"predecessor-version":[{"id":298,"href":"https:\/\/teststeder.regjeringen.no\/voldtektsutvalget\/wp-json\/wp\/v2\/pages\/20\/revisions\/298"}],"wp:attachment":[{"href":"https:\/\/teststeder.regjeringen.no\/voldtektsutvalget\/wp-json\/wp\/v2\/media?parent=20"}],"curies":[{"name":"wp","href":"https:\/\/api.w.org\/{rel}","templated":true}]}}