{"id":24,"date":"2023-03-20T14:53:40","date_gmt":"2023-03-20T13:53:40","guid":{"rendered":"https:\/\/nettsteder.regjeringen.no\/voldtektsutvalget\/?page_id=24"},"modified":"2023-08-14T15:02:45","modified_gmt":"2023-08-14T13:02:45","slug":"medlemmer","status":"publish","type":"page","link":"https:\/\/teststeder.regjeringen.no\/voldtektsutvalget\/medlemmer\/","title":{"rendered":"Medlemmer"},"content":{"rendered":"<ul class=\"wp-block-dss-people\">\n<li class=\"wp-block-dss-person\">\t<div class=\"dss-person-image\">\n\t\t<figure>\n\t\t\t<img loading=\"lazy\" decoding=\"async\" width=\"188\" height=\"250\" src=\"https:\/\/files.teststeder.regjeringen.no\/wpuploads01\/sites\/536\/2023\/04\/IMG_2684-scaled.jpg\" class=\"attachment-250x250 size-250x250\" alt=\"\" srcset=\"https:\/\/files.teststeder.regjeringen.no\/wpuploads01\/sites\/536\/2023\/04\/IMG_2684-scaled.jpg 1920w, https:\/\/files.teststeder.regjeringen.no\/wpuploads01\/sites\/536\/2023\/04\/IMG_2684-225x300.jpg 225w, https:\/\/files.teststeder.regjeringen.no\/wpuploads01\/sites\/536\/2023\/04\/IMG_2684-768x1024.jpg 768w, https:\/\/files.teststeder.regjeringen.no\/wpuploads01\/sites\/536\/2023\/04\/IMG_2684-1152x1536.jpg 1152w, https:\/\/files.teststeder.regjeringen.no\/wpuploads01\/sites\/536\/2023\/04\/IMG_2684-1536x2048.jpg 1536w\" sizes=\"auto, (max-width: 188px) 100vw, 188px\" \/>\t\t<\/figure>\n\t<\/div>\n\t<div class=\"dss-person-content\">\n\t\t<h3 class=\"dss-person-name\">Ole Henrik Augestad (utvalgsleder)<\/h3><p class=\"dss-person-position\">Kommuneoverlege i Sandefjord kommune, og medisinsk ansvarlig ved Overgrepsmottaket i Vestfold<\/p><p class=\"dss-person-content\">Ole Henrik Augestad er spesialist i samfunnsmedisin og i arbeidsmedisin. Han har v\u00e6rt kommuneoverlege i Sandefjord siden 2003, og har f\u00f8r det erfaring fra forebyggende arbeidsmedisin, allmennmedisin og sykehus. Han har ogs\u00e5 i mange \u00e5r deltatt i ordin\u00e6r kommunal legevakt. \u00a0<br><br>Augestad var med p\u00e5 \u00e5 etablere Overgrepsmottaket i Vestfold i 2005, og har siden da v\u00e6rt medisinsk ansvarlig og rettsmedisinsk sakkyndig ved mottaket i deltidsstilling. Overgrepsmottaket i Vestfold har fra starten hatt en sykepleieledet modell, der spesialutdannete sykepleiere har hatt hovedansvaret for mottak, unders\u00f8kelse og oppf\u00f8lging av overgrepsutsatte, og der sykepleierne har veiledet leger i den delen av unders\u00f8kelsen der legene har deltatt. Dette har v\u00e6rt med \u00a0utgangspunkt i internasjonale sykepleiefaglige modeller som <em>forensic nursing<\/em> og <em>SANE (Sexual Assault Nurse Examiner)<\/em>. Denne modellen har Overgrepsmottaket utviklet gjennom flere \u00e5rs internasjonal aktivitet og faglig kontakt.<br><br>Augestad har siden 2011 v\u00e6rt valgt inn som fylkestingsrepresentant for Arbeiderpartiet, f\u00f8rst i Vestfold fylkesting i to valgperioder, og i siste periode i Vestfold og Telemark fylkesting. Han tar ikke gjenvalg ved fylkestingsvalget h\u00f8sten 2023.<\/p>\t<\/div>\n\t<\/li>\n\n<li class=\"wp-block-dss-person\">\t<div class=\"dss-person-image\">\n\t\t<figure>\n\t\t\t<img loading=\"lazy\" decoding=\"async\" width=\"166\" height=\"250\" src=\"https:\/\/files.teststeder.regjeringen.no\/wpuploads01\/sites\/536\/2023\/04\/rhennum-presse-scaled.jpg\" class=\"attachment-250x250 size-250x250\" alt=\"\" srcset=\"https:\/\/files.teststeder.regjeringen.no\/wpuploads01\/sites\/536\/2023\/04\/rhennum-presse-scaled.jpg 1695w, https:\/\/files.teststeder.regjeringen.no\/wpuploads01\/sites\/536\/2023\/04\/rhennum-presse-199x300.jpg 199w, https:\/\/files.teststeder.regjeringen.no\/wpuploads01\/sites\/536\/2023\/04\/rhennum-presse-678x1024.jpg 678w, https:\/\/files.teststeder.regjeringen.no\/wpuploads01\/sites\/536\/2023\/04\/rhennum-presse-768x1160.jpg 768w, https:\/\/files.teststeder.regjeringen.no\/wpuploads01\/sites\/536\/2023\/04\/rhennum-presse-1017x1536.jpg 1017w, https:\/\/files.teststeder.regjeringen.no\/wpuploads01\/sites\/536\/2023\/04\/rhennum-presse-1356x2048.jpg 1356w\" sizes=\"auto, (max-width: 166px) 100vw, 166px\" \/>\t\t<\/figure>\n\t<\/div>\n\t<div class=\"dss-person-content\">\n\t\t<h3 class=\"dss-person-name\">Ragnhild Helene Hennum<\/h3><p class=\"dss-person-position\">Dekan, det juridiske fakultet, Universitetet i Oslo<\/p><p class=\"dss-person-content\">Ragnhild Hennum er f\u00f8dt i 1967. Hun ble cand. jur i 1991 ved Universitetet i Oslo, og tok graden dr. philos samme sted i 1999. Hun var i perioden 1992-2003 tilknyttet Institutt for kriminologi og rettssosiologi i ulike typer stillinger: Forsker, doktorgradsstipendiat, post.doc. stipendiat og universitetslektor. Fra 2004 har Hennum v\u00e6rt ansatt som f\u00f8rsteamanuensis ved Institutt for offentlig rett fra 2008 professor samme sted.<br><br>Hennum var i perioden 2009-2017 viserektor og prorektor ved Universitetet i Oslo. I perioden 2020-2024 er hun dekan ved juridisk fakultet. Hun leder Komit\u00e9 for kj\u00f8nnsbalanse og mangfold i forskning (Kif-komiteen) perioden 2022-2025. Hun har flere sittet i flere offentlige utvalg blant annet det forrige voldtektsutvalget (NOU 2008:4: Fra ord til handling).<\/p>\t<\/div>\n\t<\/li>\n\n<li class=\"wp-block-dss-person\">\t<div class=\"dss-person-image\">\n\t\t<figure>\n\t\t\t<img loading=\"lazy\" decoding=\"async\" width=\"250\" height=\"167\" src=\"https:\/\/files.teststeder.regjeringen.no\/wpuploads01\/sites\/536\/2023\/04\/2022_Politiet_frifoto-8894-scaled.jpg\" class=\"attachment-250x250 size-250x250\" alt=\"\" srcset=\"https:\/\/files.teststeder.regjeringen.no\/wpuploads01\/sites\/536\/2023\/04\/2022_Politiet_frifoto-8894-scaled.jpg 2560w, https:\/\/files.teststeder.regjeringen.no\/wpuploads01\/sites\/536\/2023\/04\/2022_Politiet_frifoto-8894-300x200.jpg 300w, https:\/\/files.teststeder.regjeringen.no\/wpuploads01\/sites\/536\/2023\/04\/2022_Politiet_frifoto-8894-1024x683.jpg 1024w, https:\/\/files.teststeder.regjeringen.no\/wpuploads01\/sites\/536\/2023\/04\/2022_Politiet_frifoto-8894-768x512.jpg 768w, https:\/\/files.teststeder.regjeringen.no\/wpuploads01\/sites\/536\/2023\/04\/2022_Politiet_frifoto-8894-1536x1024.jpg 1536w, https:\/\/files.teststeder.regjeringen.no\/wpuploads01\/sites\/536\/2023\/04\/2022_Politiet_frifoto-8894-2048x1365.jpg 2048w\" sizes=\"auto, (max-width: 250px) 100vw, 250px\" \/>\t\t<\/figure>\n\t<\/div>\n\t<div class=\"dss-person-content\">\n\t\t<h3 class=\"dss-person-name\">St\u00e5le Luther<\/h3><p class=\"dss-person-position\">Politiinspekt\u00f8r, Troms politidistrikt<\/p><p class=\"dss-person-content\">St\u00e5le Luther har lang erfaring fra etterforskningsfeltet, og tilh\u00f8rte det f\u00f8rste kullet med familievoldskoordinatorer som ble utdannet ved Politih\u00f8gskolen i 2002. Han har hatt en rekke ledende oppgaver knyttet til vold og sedelighetsetterforskning, tverretatlig samarbeid, samt forebygging blant barn og unge. Luther bidro til \u00e5 etablere og lede Statens barnehus Troms\u00f8 fra 2009 og frem til 2017. Etter dette gikk han tilbake til politiet som leder for enhet for forebygging, etterretning og etterforskning.<br><br>Luther var medlem av Barnevoldsutvalget som i 2017 gav ut rapporten Svikt og svik NOU (2017:12). Han fikk i 2022 Samarbeidsprisen fra Januarkonferansen i Troms\u00f8, for bidrag til det tverrfaglige samarbeidet rundt alvorlig vold og overgrep i n\u00e6re relasjoner.<\/p>\t<\/div>\n\t<\/li>\n\n<li class=\"wp-block-dss-person\">\t<div class=\"dss-person-image\">\n\t\t<figure>\n\t\t\t<img loading=\"lazy\" decoding=\"async\" width=\"200\" height=\"250\" src=\"https:\/\/files.teststeder.regjeringen.no\/wpuploads01\/sites\/536\/2023\/04\/Sandoy_Unni_II-002.jpg\" class=\"attachment-250x250 size-250x250\" alt=\"\" srcset=\"https:\/\/files.teststeder.regjeringen.no\/wpuploads01\/sites\/536\/2023\/04\/Sandoy_Unni_II-002.jpg 1890w, https:\/\/files.teststeder.regjeringen.no\/wpuploads01\/sites\/536\/2023\/04\/Sandoy_Unni_II-002-240x300.jpg 240w, https:\/\/files.teststeder.regjeringen.no\/wpuploads01\/sites\/536\/2023\/04\/Sandoy_Unni_II-002-819x1024.jpg 819w, https:\/\/files.teststeder.regjeringen.no\/wpuploads01\/sites\/536\/2023\/04\/Sandoy_Unni_II-002-768x960.jpg 768w, https:\/\/files.teststeder.regjeringen.no\/wpuploads01\/sites\/536\/2023\/04\/Sandoy_Unni_II-002-1229x1536.jpg 1229w, https:\/\/files.teststeder.regjeringen.no\/wpuploads01\/sites\/536\/2023\/04\/Sandoy_Unni_II-002-1639x2048.jpg 1639w\" sizes=\"auto, (max-width: 200px) 100vw, 200px\" \/>\t\t<\/figure>\n\t<\/div>\n\t<div class=\"dss-person-content\">\n\t\t<h3 class=\"dss-person-name\">Unni Sand\u00f8y<\/h3><p class=\"dss-person-position\">F\u00f8rstestatsadvokat\/embetsleder, Den h\u00f8yere p\u00e5talemyndighet, Tr\u00f8ndelag statsadvokatembeter<\/p><p class=\"dss-person-content\">Unni Sand\u00f8y er f\u00f8dt i 1968. Hun studerte juss ved Universitet i Bergen og ble cand.jur v\u00e5ren 1995. I perioden 1995 til 2000 var hun advokatfullmektig, advokat og i perioder daglig leder i Codex Advokat AS, med et avbrudd i 1997\/98 hvor hun var dommerfullmektig i Fosen tingrett. I perioden 2000 til 2008 var hun ansatt som advokat i Advokatfirmaet Schj\u00f8dt AS i Trondheim, med hovedansvar for firmaets kommunale klienter, herunder s\u00e6rlig innenfor barnevern. Dette ansvaret f\u00f8rte henne over til Fylkesnemnda i Tr\u00f8ndelag, hvor hun var nemndsleder i perioden 2008 til 2010. Etter en kort konstitusjon i Tr\u00f8ndelag tingrett v\u00e5ren 2010 ble hun utnevnt som statsadvokat ved Tr\u00f8ndelag statsadvokatembeter i mai 2010 og tiltr\u00e5dte denne stillingen i august 2010. <br><br>I 2022 ble hun utnevnt til f\u00f8rstestatsadvokat og embetsleder ved embetet. Som statsadvokat har hun lang erfaring med \u00e5 p\u00e5taleavgj\u00f8re og aktorere voldtektssaker og hun har ogs\u00e5 hovedansvaret for fagledelsen av politiets arbeid innenfor saksfeltet.<\/p>\t<\/div>\n\t<\/li>\n\n<li class=\"wp-block-dss-person\">\t<div class=\"dss-person-image\">\n\t\t<figure>\n\t\t\t<img loading=\"lazy\" decoding=\"async\" width=\"250\" height=\"167\" src=\"https:\/\/files.teststeder.regjeringen.no\/wpuploads01\/sites\/536\/2023\/04\/Carolina-Overlien.-22-NKVTS-Kristoffer-Sandven-scaled-1.jpg\" class=\"attachment-250x250 size-250x250\" alt=\"\" srcset=\"https:\/\/files.teststeder.regjeringen.no\/wpuploads01\/sites\/536\/2023\/04\/Carolina-Overlien.-22-NKVTS-Kristoffer-Sandven-scaled-1.jpg 2560w, https:\/\/files.teststeder.regjeringen.no\/wpuploads01\/sites\/536\/2023\/04\/Carolina-Overlien.-22-NKVTS-Kristoffer-Sandven-scaled-1-300x200.jpg 300w, https:\/\/files.teststeder.regjeringen.no\/wpuploads01\/sites\/536\/2023\/04\/Carolina-Overlien.-22-NKVTS-Kristoffer-Sandven-scaled-1-1024x683.jpg 1024w, https:\/\/files.teststeder.regjeringen.no\/wpuploads01\/sites\/536\/2023\/04\/Carolina-Overlien.-22-NKVTS-Kristoffer-Sandven-scaled-1-768x512.jpg 768w, https:\/\/files.teststeder.regjeringen.no\/wpuploads01\/sites\/536\/2023\/04\/Carolina-Overlien.-22-NKVTS-Kristoffer-Sandven-scaled-1-1536x1024.jpg 1536w, https:\/\/files.teststeder.regjeringen.no\/wpuploads01\/sites\/536\/2023\/04\/Carolina-Overlien.-22-NKVTS-Kristoffer-Sandven-scaled-1-2048x1366.jpg 2048w\" sizes=\"auto, (max-width: 250px) 100vw, 250px\" \/>\t\t<\/figure>\n\t<\/div>\n\t<div class=\"dss-person-content\">\n\t\t<h3 class=\"dss-person-name\">Carolina \u00d8verlien<\/h3><p class=\"dss-person-position\">Forsker I, Nasjonalt kunnskapssenter om vold og traumatisk stress (NKVTS) og professor i socialt arbete, Stockholm universitet<\/p><p class=\"dss-person-content\">Carolina \u00d8verlien har forsket i mange \u00e5r p\u00e5 vold i n\u00e6re relasjoner, med s\u00e6rlig fokus p\u00e5 barn som opplever vold i hjemmet, samt kj\u00e6restevold. Hun har de siste par \u00e5rene v\u00e6rt prosjektleder ved NKVTS for en forskningsstudie som omhandler seksuell vold i unges n\u00e6re relasjoner, og en studie ved Stockholms universitet som omhandler st\u00f8tte til voldsutsatte ungdom. Hun har publisert et stort antall vitenskapelige artikler, nasjonalt og internasjonalt, og har skrevet flere b\u00f8ker. Hun var ogs\u00e5 en av initiativtakerne til European Conference on Domestic Violence (ECDV), konferanse som annet hvert \u00e5r samler praktikere, forskere og beslutningstakere fra hele Europa. \u00d8verlien har v\u00e6rt medlem av de svenske utvalgene som utarbeidet rapportene En uppv\u00e4xt fri fr\u00e5n v\u00e5ld (2022:70) og Vanv\u00e5rd i social barnav\u00e5rd (2011: 61).<\/p>\t<\/div>\n\t<\/li>\n\n<li class=\"wp-block-dss-person\">\t<div class=\"dss-person-image\">\n\t\t<figure>\n\t\t\t<img loading=\"lazy\" decoding=\"async\" width=\"240\" height=\"250\" src=\"https:\/\/files.teststeder.regjeringen.no\/wpuploads01\/sites\/536\/2023\/04\/Skjermbilde.png\" class=\"attachment-250x250 size-250x250\" alt=\"\" srcset=\"https:\/\/files.teststeder.regjeringen.no\/wpuploads01\/sites\/536\/2023\/04\/Skjermbilde.png 352w, https:\/\/files.teststeder.regjeringen.no\/wpuploads01\/sites\/536\/2023\/04\/Skjermbilde-288x300.png 288w\" sizes=\"auto, (max-width: 240px) 100vw, 240px\" \/>\t\t<\/figure>\n\t<\/div>\n\t<div class=\"dss-person-content\">\n\t\t<h3 class=\"dss-person-name\">Referansegruppa<\/h3><p class=\"dss-person-content\">Voldtektsutvalget har nedsatt en referansegruppe med medlemmer fra brukergrupper, frivillige organisasjoner og personer med minoritets- og urfolksbakgrunn.<br><br>F\u00f8lgende personer er oppnevnt som medlemmer av referansegruppa:<br><br>&#8211; Khansa Ali, MiRA-Senteret <br>&#8211; Rannveig Kvifte Andresen, DIXI<br>&#8211; Aina Madel\u00e9n Nordsletta Aslaksen, Sametingets ungdomspolitiske utvalg (SUPU)<br>&#8211; Eli Beenfeldt, Norske Kvinners Sanitetsforening<br>&#8211; Geir Borgen, Dinutvei.no<br>&#8211; Ane Fossum, Krisesentersekretariatet<br>&#8211; Sebastian Haas, Skeiv Verden<br>&#8211; Lilja Skljarova Hansen, Finnmark politidistrikt <br>&#8211; Ina Hauk, Foreningen for kj\u00f8nns- og seksualitetsmangfold (FRI)<br>&#8211; Thea Austgulen,  Juridisk r\u00e5dgivning for kvinner (JURK)<br>&#8211; Patricia Kaatee, Amnesty International Norge<br>&#8211; Linda Noor, Minotenk<br>&#8211; Lene Sivertsen, Smiso Troms<br>&#8211; Mali Storb\u00e6kken, Reform &#8211; ressurssenter for menn<br>&#8211; Ingrid Thunem, Unge Funksjonshemmede<br>&#8211; Ingvild Hestad Torkelsen, Nok. Norge<br>&#8211; Thea-Caroline Zwahlen, Seksualpolitisk Nettverk for Ungdom (SNU)<br><br><br><br><br><br><br><br><br><\/p>\t<\/div>\n\t<\/li>\n<\/ul>","protected":false},"excerpt":{"rendered":"","protected":false},"author":2877,"featured_media":0,"parent":0,"menu_order":0,"comment_status":"closed","ping_status":"closed","template":"","meta":{"dss_simple_post_excerpt":"","dss_show_featured_image":true,"footnotes":""},"class_list":["post-24","page","type-page","status-publish","hentry"],"language":"nb-NO","_links":{"self":[{"href":"https:\/\/teststeder.regjeringen.no\/voldtektsutvalget\/wp-json\/wp\/v2\/pages\/24","targetHints":{"allow":["GET"]}}],"collection":[{"href":"https:\/\/teststeder.regjeringen.no\/voldtektsutvalget\/wp-json\/wp\/v2\/pages"}],"about":[{"href":"https:\/\/teststeder.regjeringen.no\/voldtektsutvalget\/wp-json\/wp\/v2\/types\/page"}],"author":[{"embeddable":true,"href":"https:\/\/teststeder.regjeringen.no\/voldtektsutvalget\/wp-json\/wp\/v2\/users\/2877"}],"replies":[{"embeddable":true,"href":"https:\/\/teststeder.regjeringen.no\/voldtektsutvalget\/wp-json\/wp\/v2\/comments?post=24"}],"version-history":[{"count":3,"href":"https:\/\/teststeder.regjeringen.no\/voldtektsutvalget\/wp-json\/wp\/v2\/pages\/24\/revisions"}],"predecessor-version":[{"id":244,"href":"https:\/\/teststeder.regjeringen.no\/voldtektsutvalget\/wp-json\/wp\/v2\/pages\/24\/revisions\/244"}],"wp:attachment":[{"href":"https:\/\/teststeder.regjeringen.no\/voldtektsutvalget\/wp-json\/wp\/v2\/media?parent=24"}],"curies":[{"name":"wp","href":"https:\/\/api.w.org\/{rel}","templated":true}]}}