{"id":27,"date":"2023-03-20T14:54:20","date_gmt":"2023-03-20T13:54:20","guid":{"rendered":"https:\/\/nettsteder.regjeringen.no\/voldtektsutvalget\/?page_id=27"},"modified":"2024-02-09T14:31:12","modified_gmt":"2024-02-09T13:31:12","slug":"members","status":"publish","type":"page","link":"https:\/\/teststeder.regjeringen.no\/voldtektsutvalget\/en\/members\/","title":{"rendered":"Members"},"content":{"rendered":"<ul class=\"wp-block-dss-people\">\n<li class=\"wp-block-dss-person\">\t<div class=\"dss-person-image\">\n\t\t<figure>\n\t\t\t<img decoding=\"async\" src=\"https:\/\/teststeder.regjeringen.no\/content\/plugins\/nettsteder-gutenberg-setup\/build\/block-library\/people\/person\/placeholder.jpg\" alt=\"\" \/>\t\t<\/figure>\n\t<\/div>\n\t<div class=\"dss-person-content\">\n\t\t<h3 class=\"dss-person-name\">Ole Henrik Augestad (Chair)<\/h3><p class=\"dss-person-position\">Chief medical officer in Sandefjord municipality, and medical officer at the Sexual Assault Centre in Vestfold<\/p><p class=\"dss-person-content\">Ole Henrik Augestad, specialist in community medicine and occupational medicine. He has been chief medical officer in Sandefjord since 2003, and has prior experience from preventive occupational medicine, general practice and hospitals. He has also participated in ordinary municipal emergency primary health care services for many years.  \n\nAugestad helped establish the Sexual Assault Centre in Vestfold in 2005, and has since then been medically responsible and forensic expert at the reception centre in a part-time position. From the outset, the sexual assault reception centre in Vestfold County has had a nursing-led model, where specially trained nurses have had the main responsibility for the reception, examination and follow-up of victims of sexual assault, and where the nurses have supervised doctors in the part of the study in which the doctors have participated. This has been based on international nursing models such as forensic nursing and SANE (Sexual Assault Nurse Examiner). The Sexual Assault Reception Centre has developed this model through several years of international activity and professional contact.\n\nSince 2011, Augestad has been elected as a county council representative for the Labour Party, first in Vestfold County council for two election periods, and in the last period in Vestfold og Telemark County council. He will not seek re-election in the fall 2023 county election.\n<\/p>\t<\/div>\n\t<\/li>\n\n<li class=\"wp-block-dss-person\">\t<div class=\"dss-person-image\">\n\t\t<figure>\n\t\t\t<img decoding=\"async\" src=\"https:\/\/teststeder.regjeringen.no\/content\/plugins\/nettsteder-gutenberg-setup\/build\/block-library\/people\/person\/placeholder.jpg\" alt=\"\" \/>\t\t<\/figure>\n\t<\/div>\n\t<div class=\"dss-person-content\">\n\t\t<h3 class=\"dss-person-name\">Ragnhild Helene Hennum<\/h3><p class=\"dss-person-position\">Professor and Dean, Faculty of Law, University of Oslo<\/p><p class=\"dss-person-content\">Ragnhild Hennum graduated cand. jur in 1991 at the University of Oslo, and received the degree dr. philos at the same institution in 1999. In the period 1992-2003 she was affiliated with the Department of Criminology and Sociology of Law in various types of positions: researcher, doctoral research fellow, post.doc. PhD candidate and assistant professor. Since 2004, Hennum has been employed as an associate professor at the Department of Public and International Law, and as a professor since 2008 at the same institution. \n\nFrom 2009 to 2017, Hennum was Vice-Rector and Pro-Rector at the University of Oslo. In the period 2020-2024, she is Dean of the Faculty of Law. She chairs the Committee for Gender Balance and Diversity in Research (the KIF Committee) from 2022 to 2025. She has served on several public committees, including the previous rape committee (NOU 2008:4: Fra ord til handling).\n<\/p>\t<\/div>\n\t<\/li>\n\n<li class=\"wp-block-dss-person\">\t<div class=\"dss-person-image\">\n\t\t<figure>\n\t\t\t<img decoding=\"async\" src=\"https:\/\/teststeder.regjeringen.no\/content\/plugins\/nettsteder-gutenberg-setup\/build\/block-library\/people\/person\/placeholder.jpg\" alt=\"\" \/>\t\t<\/figure>\n\t<\/div>\n\t<div class=\"dss-person-content\">\n\t\t<h3 class=\"dss-person-name\">St\u00e5le Luther<\/h3><p class=\"dss-person-position\">Police Inspector, Troms Police District <\/p><p class=\"dss-person-content\">St\u00e5le Luther has extensive experience from investigations, and was part of the first cohort of domestic violence coordinators who graduated from the Norwegian Police University College in 2002. He has had a number of leading tasks related to violence and sexual offences, interagency cooperation, and prevention among children and young people. Luther helped establish and lead the Barnehus in Troms\u00f8 from 2009 until 2017. After this, he returned to the police as head of the Prevention, Intelligence and Investigation Unit in Troms Police District. Luther was a member of the Child Violence Committee, which in 2017 published the report NOU (2017:12) Svikt og svik. In 2022, he received the Cooperation Award from the January Conference in Troms\u00f8, for contributions to the interdisciplinary cooperation on serious violence and abuse in close relationships.<\/p>\t<\/div>\n\t<\/li>\n\n<li class=\"wp-block-dss-person\">\t<div class=\"dss-person-image\">\n\t\t<figure>\n\t\t\t<img decoding=\"async\" src=\"https:\/\/teststeder.regjeringen.no\/content\/plugins\/nettsteder-gutenberg-setup\/build\/block-library\/people\/person\/placeholder.jpg\" alt=\"\" \/>\t\t<\/figure>\n\t<\/div>\n\t<div class=\"dss-person-content\">\n\t\t<h3 class=\"dss-person-name\">Unni Sand\u00f8y<\/h3><p class=\"dss-person-position\">Chief Public Prosecutor, Higher Prosecuting Authority, Tr\u00f8ndelag Public Prosecutor&#039;s Office<\/p><p class=\"dss-person-content\">Unni Sand\u00f8y studied law at the University of Bergen and graduated cand.jur in the spring of 1995. In the period 1995 to 2000 she was an associate lawyer and at times general manager of Codex Advokat AS, with a break in 1997\/98 where she was a deputy judge in Fosen District Court. From 2000 to 2008 she was employed as a lawyer in Advokatfirmaet Schj\u00f8dt AS in Trondheim, with main responsibility for the firm&#8217;s municipal clients, particularly within child welfare. This responsibility led her to the Tr\u00f8ndelag County Board, where she chaired the board from 2008 to 2010. After a short stay in Tr\u00f8ndelag District Court in the spring of 2010, she was appointed public prosecutor at the Tr\u00f8ndelag public prosecutor&#8217;s office in May 2010 and took up this position in August 2010. \n\nIn 2022, she was appointed Head of the Public Prosecutor\u2019s Office in Tr\u00f8ndelag. As a public prosecutor, she has extensive experience in prosecuting and prosecuting rape cases.\n<\/p>\t<\/div>\n\t<\/li>\n\n<li class=\"wp-block-dss-person\">\t<div class=\"dss-person-image\">\n\t\t<figure>\n\t\t\t<img decoding=\"async\" src=\"https:\/\/teststeder.regjeringen.no\/content\/plugins\/nettsteder-gutenberg-setup\/build\/block-library\/people\/person\/placeholder.jpg\" alt=\"\" \/>\t\t<\/figure>\n\t<\/div>\n\t<div class=\"dss-person-content\">\n\t\t<h3 class=\"dss-person-name\">Carolina \u00d8verlien<\/h3><p class=\"dss-person-position\">Research Professor, Norwegian Centre for Violence and Traumatic Stress Studies (NKVTS) and Professor of Social Work, Stockholm University<\/p><p class=\"dss-person-content\">Carolina \u00d8verlien has conducted research on domestic violence for many years, with a particular focus on children who experience domestic violence, as well as intimate partner violence. For the past couple of years, she has been project manager at NKVTS for a research study on sexual violence in young people&#8217;s close relationships, and a study at Stockholm University that deals with support for youth exposed to violence. She has published a large number of scientific articles, nationally and internationally, and has written several books. She was also one of the initiators of the European Conference on Domestic Violence (ECDV), a biennial conference that brings together practitioners, researchers and policymakers from all over Europe. \u00d8verlien has been a member of the Swedish committees that prepared the reports En uppv\u00e4xt fri fr\u00e5n v\u00e5ld (2022:70) and Vanv\u00e5rd i social barnav\u00e5rd (2011: 61).<\/p>\t<\/div>\n\t<\/li>\n<\/ul>\n\n\n<h2 class=\"wp-block-heading\">The Committee&#8217;s Reference Group<\/h2>\n\n\n\n<p>The Committee has appointed a reference group with members from user groups, voluntary organisations and people with minority and indigenous backgrounds.<br><br>The following persons have been appointed as members of the reference group:<br><br>\u2013 Khansa Ali, MiRA-Senteret<br>\u2013 Rannveig Kvifte Andresen, DIXI<br>\u2013 Aina Madel\u00e9n Nordsletta Aslaksen, Sametingets ungdomspolitiske utvalg (SUPU)<br>\u2013 Eli Beenfeldt, Norske Kvinners Sanitetsforening<br>\u2013 Geir Borgen, Dinutvei.no<br>\u2013 Ane Fossum, Krisesentersekretariatet<br>\u2013 Sebastian Haas, Skeiv Verden<br>\u2013 Lilja Skljarova Hansen, Finnmark politidistrikt<br>\u2013 Ina Hauk, Foreningen for kj\u00f8nns- og seksualitetsmangfold (FRI)<br>\u2013 Thea Austgulen, Juridisk r\u00e5dgivning for kvinner (JURK)<br>\u2013 Patricia Kaatee, Amnesty International Norge<br>\u2013 Linda Noor, Minotenk<br>\u2013 Lene Sivertsen, Smiso Troms<br>\u2013 Mali Storb\u00e6kken, Reform \u2013 ressurssenter for menn<br>\u2013 Ingrid Thunem, Unge Funksjonshemmede<br>\u2013 Ingvild Hestad Torkelsen, Nok. Norge<br>\u2013 Thea-Caroline Zwahlen, Seksualpolitisk Nettverk for Ungdom (SNU)<\/p>\n","protected":false},"excerpt":{"rendered":"<p>The Committee&#8217;s Reference Group The Committee has appointed a reference group with members from user groups, voluntary organisations and people with minority and indigenous backgrounds. The following persons have been appointed as members of the reference group: \u2013 Khansa Ali, MiRA-Senteret\u2013 Rannveig Kvifte Andresen, DIXI\u2013 Aina Madel\u00e9n Nordsletta Aslaksen, Sametingets ungdomspolitiske utvalg (SUPU)\u2013 Eli Beenfeldt,\u2026<\/p>\n","protected":false},"author":2877,"featured_media":0,"parent":0,"menu_order":0,"comment_status":"closed","ping_status":"closed","template":"","meta":{"dss_simple_post_excerpt":"","dss_show_featured_image":true,"footnotes":""},"class_list":["post-27","page","type-page","status-publish","hentry"],"language":"en-GB","_links":{"self":[{"href":"https:\/\/teststeder.regjeringen.no\/voldtektsutvalget\/wp-json\/wp\/v2\/pages\/27","targetHints":{"allow":["GET"]}}],"collection":[{"href":"https:\/\/teststeder.regjeringen.no\/voldtektsutvalget\/wp-json\/wp\/v2\/pages"}],"about":[{"href":"https:\/\/teststeder.regjeringen.no\/voldtektsutvalget\/wp-json\/wp\/v2\/types\/page"}],"author":[{"embeddable":true,"href":"https:\/\/teststeder.regjeringen.no\/voldtektsutvalget\/wp-json\/wp\/v2\/users\/2877"}],"replies":[{"embeddable":true,"href":"https:\/\/teststeder.regjeringen.no\/voldtektsutvalget\/wp-json\/wp\/v2\/comments?post=27"}],"version-history":[{"count":2,"href":"https:\/\/teststeder.regjeringen.no\/voldtektsutvalget\/wp-json\/wp\/v2\/pages\/27\/revisions"}],"predecessor-version":[{"id":317,"href":"https:\/\/teststeder.regjeringen.no\/voldtektsutvalget\/wp-json\/wp\/v2\/pages\/27\/revisions\/317"}],"wp:attachment":[{"href":"https:\/\/teststeder.regjeringen.no\/voldtektsutvalget\/wp-json\/wp\/v2\/media?parent=27"}],"curies":[{"name":"wp","href":"https:\/\/api.w.org\/{rel}","templated":true}]}}