{"id":9,"date":"2023-03-20T14:46:19","date_gmt":"2023-03-20T13:46:19","guid":{"rendered":"https:\/\/nettsteder.regjeringen.no\/voldtektsutvalget\/?page_id=9"},"modified":"2024-03-11T14:15:22","modified_gmt":"2024-03-11T13:15:22","slug":"om-utvalget","status":"publish","type":"page","link":"https:\/\/teststeder.regjeringen.no\/voldtektsutvalget\/","title":{"rendered":"Om utvalget"},"content":{"rendered":"\n<p>Regjeringen satte i februar 2023 ned et utvalg som skal utrede problemstillinger knyttet til forebygging og straffeforf\u00f8lgning av voldtekt. Utvalget skal ogs\u00e5 utrede hvordan personer utsatt for overgrep blir ivaretatt, b\u00e5de i hjelpeapparatet og gjennom en eventuell straffesak. Utvalget skal levere sin NOU 8. mars 2024. <\/p>\n\n\n\n<h2 class=\"wp-block-heading\">Bakgrunn<\/h2>\n\n\n\n<p>I et representantforslag fra stortingsrepresentantene Kirsti Bergst\u00f8, Kathy Lie, Marian Hussein og Andreas Sjalg Unneland ble det fremmet forslag om \u00e5 nedsette en voldtektskommisjon for \u00e5 styrke kampen mot voldtekt jf. Dok. 8:134 S (2021-2022), Innst. 307 S (2021-2022), anmodningsvedtak 585.<\/p>\n\n\n\n<p>Forslagstillerne viste til at det er 14 \u00e5r siden det ble foretatt en gjennomgang av voldtektsfeltet i Norge (NOU 2008: 4 \u00abFra ord til handling\u00bb) og at det er behov for \u00e5 utvikle nye tiltak som kan forhindre voldtekt, sikre rettsikkerhet for ofre, bedre straffeforf\u00f8lgningen av gjerningspersoner samt evaluere og vurdere de tiltak man allerede har.<\/p>\n\n\n\n<h2 class=\"wp-block-heading\">Siste nytt<\/h2>\n\n\n\n<p><strong>Utvalget har levert sin utreding<\/strong><\/p>\n\n\n\n<p>Utvalget leverte sin utredning &laquo;Voldtekt &#8211; et ul\u00f8st samfunnsproblem&raquo; til Justis- og beredskapsministeren 8. mars. Opptak fra pressekonferansen er tilgjengelig <a href=\"https:\/\/www.regjeringen.no\/no\/aktuelt\/presseinvitasjon-mehl-mottek-rapport-fra-valdtektsutvalet-pa-kvinnedagen\/id3028650\/\" data-type=\"link\" data-id=\"https:\/\/www.regjeringen.no\/no\/aktuelt\/presseinvitasjon-mehl-mottek-rapport-fra-valdtektsutvalet-pa-kvinnedagen\/id3028650\/\">her<\/a> og Utvalgets NOU er tilgjengelig <a href=\"https:\/\/www.regjeringen.no\/no\/dokumenter\/nou-2024-4\/id3028553\/\" data-type=\"link\" data-id=\"https:\/\/www.regjeringen.no\/no\/dokumenter\/nou-2024-4\/id3028553\/\">her<\/a>.<\/p>\n\n\n\n<figure class=\"wp-block-image size-large is-resized\"><img loading=\"lazy\" decoding=\"async\" width=\"1024\" height=\"683\" src=\"https:\/\/files.teststeder.regjeringen.no\/wpuploads01\/sites\/536\/2024\/03\/Mehl-voldtektsutvalget-overlevering-1024x683.jpg\" alt=\"\" class=\"wp-image-328\" style=\"aspect-ratio:1.499267935578331;width:373px;height:auto\" srcset=\"https:\/\/files.teststeder.regjeringen.no\/wpuploads01\/sites\/536\/2024\/03\/Mehl-voldtektsutvalget-overlevering-1024x683.jpg 1024w, https:\/\/files.teststeder.regjeringen.no\/wpuploads01\/sites\/536\/2024\/03\/Mehl-voldtektsutvalget-overlevering-300x200.jpg 300w, https:\/\/files.teststeder.regjeringen.no\/wpuploads01\/sites\/536\/2024\/03\/Mehl-voldtektsutvalget-overlevering-768x512.jpg 768w, https:\/\/files.teststeder.regjeringen.no\/wpuploads01\/sites\/536\/2024\/03\/Mehl-voldtektsutvalget-overlevering-1536x1024.jpg 1536w, https:\/\/files.teststeder.regjeringen.no\/wpuploads01\/sites\/536\/2024\/03\/Mehl-voldtektsutvalget-overlevering-2048x1365.jpg 2048w\" sizes=\"auto, (max-width: 1024px) 100vw, 1024px\" \/><\/figure>\n\n\n\n<p>Bilde: Justis- og beredskapsdepartementet <\/p>\n\n\n\n<p><strong>Utvalget leverer sin utredning 8. mars<\/strong><\/p>\n\n\n\n<p>Utvalget leverer sin utredning til Justis- og beredskapsministeren fredag 8. mars kl. 12:30. Pressekonferansen kan f\u00f8lges p\u00e5 nett <a href=\"https:\/\/www.regjeringen.no\/no\/aktuelt\/presseinvitasjon-mehl-mottek-rapport-fra-valdtektsutvalet-pa-kvinnedagen\/id3028650\/\" data-type=\"link\" data-id=\"https:\/\/www.regjeringen.no\/no\/aktuelt\/presseinvitasjon-mehl-mottek-rapport-fra-valdtektsutvalet-pa-kvinnedagen\/id3028650\/\">her<\/a>. <\/p>\n\n\n\n<p><strong>Utvalget inviterer til lanseringsseminar 8. mars<\/strong><\/p>\n\n\n\n<p>Voldtektsutvalget inviterer til lanseringsseminar 8. mars kl. 15-17 p\u00e5 juridisk fakultet ved UiO. Informasjon om arrangementet finnes <a href=\"https:\/\/www.jus.uio.no\/om\/aktuelt\/arrangementer\/2024\/seminar-voldtektsutvalget.html\" data-type=\"link\" data-id=\"https:\/\/www.jus.uio.no\/om\/aktuelt\/arrangementer\/2024\/seminar-voldtektsutvalget.html\">her<\/a>.<\/p>\n\n\n\n<p><\/p>\n\n\n\n<p><\/p>\n","protected":false},"excerpt":{"rendered":"<p>Regjeringen satte i februar 2023 ned et utvalg som skal utrede problemstillinger knyttet til forebygging og straffeforf\u00f8lgning av voldtekt. Utvalget skal ogs\u00e5 utrede hvordan personer utsatt for overgrep blir ivaretatt, b\u00e5de i hjelpeapparatet og gjennom en eventuell straffesak. Utvalget skal levere sin NOU 8. mars 2024. Bakgrunn I et representantforslag fra stortingsrepresentantene Kirsti Bergst\u00f8, Kathy\u2026<\/p>\n","protected":false},"author":2877,"featured_media":0,"parent":0,"menu_order":0,"comment_status":"closed","ping_status":"closed","template":"","meta":{"dss_simple_post_excerpt":"","dss_show_featured_image":true,"footnotes":""},"class_list":["post-9","page","type-page","status-publish","hentry"],"language":"nb-NO","_links":{"self":[{"href":"https:\/\/teststeder.regjeringen.no\/voldtektsutvalget\/wp-json\/wp\/v2\/pages\/9","targetHints":{"allow":["GET"]}}],"collection":[{"href":"https:\/\/teststeder.regjeringen.no\/voldtektsutvalget\/wp-json\/wp\/v2\/pages"}],"about":[{"href":"https:\/\/teststeder.regjeringen.no\/voldtektsutvalget\/wp-json\/wp\/v2\/types\/page"}],"author":[{"embeddable":true,"href":"https:\/\/teststeder.regjeringen.no\/voldtektsutvalget\/wp-json\/wp\/v2\/users\/2877"}],"replies":[{"embeddable":true,"href":"https:\/\/teststeder.regjeringen.no\/voldtektsutvalget\/wp-json\/wp\/v2\/comments?post=9"}],"version-history":[{"count":3,"href":"https:\/\/teststeder.regjeringen.no\/voldtektsutvalget\/wp-json\/wp\/v2\/pages\/9\/revisions"}],"predecessor-version":[{"id":334,"href":"https:\/\/teststeder.regjeringen.no\/voldtektsutvalget\/wp-json\/wp\/v2\/pages\/9\/revisions\/334"}],"wp:attachment":[{"href":"https:\/\/teststeder.regjeringen.no\/voldtektsutvalget\/wp-json\/wp\/v2\/media?parent=9"}],"curies":[{"name":"wp","href":"https:\/\/api.w.org\/{rel}","templated":true}]}}